{"id":1036,"date":"2020-06-24T13:03:02","date_gmt":"2020-06-24T11:03:02","guid":{"rendered":"https:\/\/edubeliso.eu\/sk\/?page_id=1036"},"modified":"2021-01-21T12:30:08","modified_gmt":"2021-01-21T11:30:08","slug":"word-level-2","status":"publish","type":"page","link":"https:\/\/edubeliso.eu\/sk\/office\/word\/word-level-2\/","title":{"rendered":"Word level 2 &#8211; mierne pokro\u010dil\u00fd"},"content":{"rendered":"\n<p>Tento kurz je priamym nasledovn\u00edkom kurzu Word level 1 \u2013 za\u010diato\u010dn\u00edk. Kurz rozv\u00edja u\u017e existuj\u00face sk\u00fasenosti v&nbsp;programe MS Word a&nbsp;to najm\u00e4 v&nbsp;oblasti form\u00e1tovania textov a&nbsp;vyu\u017e\u00edvania \u0161t\u00fdlov. Kurz trv\u00e1 dva dni, v&nbsp;ktor\u00fdch sa \u00fa\u010dastn\u00edci dozvedia ako zefekt\u00edvni\u0165 svoju pr\u00e1cu a&nbsp;vyh\u00fdba\u0165 sa \u010dast\u00fdm chyb\u00e1m pri edit\u00e1cii textu. Je odpor\u00fa\u010dan\u00e9 aby \u00fa\u010dastn\u00edk mal predo\u0161l\u00e9 sk\u00fasenosti s&nbsp;programom MS Word, pr\u00edpadne s in\u00fdm textov\u00fdm editorom. Kurz m\u00e1 mierne tempo preberania pl\u00e1novan\u00e9ho u\u010diva s mno\u017estvom priestoru na ot\u00e1zky.<\/p>\n\n\n\n\n\n<h2 class=\"wp-block-heading\">Term\u00edny<\/h2>\n\n\n\n<p>Ak ste nena\u0161li term\u00edn, ktor\u00fd v\u00e1m vyhovuje, nev\u00e1hajte n\u00e1s kontaktova\u0165. Viac inform\u00e1ci\u00ed <a href=\"https:\/\/edubeliso.eu\/sk\/we-adjust-to-your-need\/\">n\u00e1jdete tu<\/a>.<\/p>\n\n\n\n<h2 class=\"wp-block-heading\">Osnovy<\/h2>\n\n\n\n<h3 class=\"hlavny-bod-osnova\">Opakovanie z\u00e1kladn\u00fdch techn\u00edk<\/h3>\n<ul><li>\u00daprava textu a z\u00e1kladn\u00e9 form\u00e1tovanie<\/li>\n<li>Odr\u00e1\u017eky a \u010d\u00edslovanie<\/li>\n<li>Pr\u00e1ca s odsekmi<\/li><\/ul>\n\n\n\n<h3 class=\"hlavny-bod-osnova\">Form\u00e1tovanie p\u00edsma a odseky<\/h3>\n<ul><li>Zmena form\u00e1tu p\u00edsma<\/li>\n<li>Farba p\u00edsma a \u0161t\u00fdl pod\u010diarknutia<\/li>\n<li>Efekty p\u00edsma &#8211; pre\u010diarknutie, kapitit\u00e1lky, v\u0161etky p\u00edsmen\u00e1 ve\u013ek\u00e9, horn\u00fd a doln\u00fd index<\/li>\n<li>Form\u00e1tovanie odsekov &#8211; zarovnanie, zar\u00e1\u017eky, riadkovanie<\/li>\n<li>Zar\u00e1\u017eka prv\u00e9ho riadku<\/li>\n<li>Tabul\u00e1tor a zar\u00e1\u017eky tabul\u00e1tora (odsadenie textu vo vodorovnom smere)<\/li><\/ul>\n\n\n\n<h3 class=\"hlavny-bod-osnova\">Tvorba zoznamov<\/h3>\n<ul><li>Odr\u00e1\u017eky a \u010d\u00edslovanie<\/li>\n<li>Viac\u00farov\u0148ov\u00fd zoznam<\/li>\n<li>Definovanie nov\u00fdch odr\u00e1\u017eok, \u010d\u00edslovan\u00ed a zoznamov<\/li><\/ul>\n\n\n\n<h3 class=\"hlavny-bod-osnova\">\u0160t\u00fdly<\/h3>\n<ul><li>Vysvetlenie pou\u017eitia \u0161t\u00fdlov<\/li>\n<li>Tvorba vlasnt\u00e9ho \u0161t\u00fdlu<\/li>\n<li>\u0160tyly nadpisov a navig\u00e1cia v nadpisoch<\/li><\/ul>\n\n\n\n<h3 class=\"hlavny-bod-osnova\">Pr\u00e1ca s textom a navig\u00e1cia v dokumente<\/h3>\n<ul><li>R\u00f4zne sp\u00f4soby ozna\u010dovania textu a navig\u00e1cia v texte<\/li>\n<li>Kop\u00edrovanie textu a mo\u017enosti prilepenia<\/li>\n<li>H\u013eadanie v dokumente a funkcia nahradi\u0165<\/li>\n<li>Rozlo\u017eenie textu na st\u013apce a zlom st\u013apca, zlom strany<\/li><\/ul>\n\n\n\n<h3 class=\"hlavny-bod-osnova\">Nastavenia strany a exportu (tla\u010de)<\/h3>\n<ul><li>Nastavenia strany &#8211; ve\u013ekos\u0165 papiera, okraje strany, orient\u00e1cia<\/li>\n<li>Hlavi\u010dka a p\u00e4ta dokumentu<\/li>\n<li>\u010c\u00edslovanie str\u00e1n<\/li>\n<li>Pokro\u010dil\u00e9 nastavenia tla\u010de<\/li>\n<li>Export dokumentu do r\u00f4znych form\u00e1tov PDF, ODT, RTF<\/li>\n<li>Vodotla\u010d<\/li><\/ul>\n\n\n\n<h3 class=\"hlavny-bod-osnova\">Nastavenie zobrazenia a jazykovej korekt\u00fary<\/h3>\n<ul><li>Kontrola pravopisu, v\u00fdber jazyka kontroly<\/li>\n<li>Nastavenia zobrazenia<\/li>\n<li>Re\u017eim \u010d\u00edtania<\/li>\n<li>Prav\u00edtko a naviga\u010dn\u00e9 tabla<\/li>\n<li>Lupa a nastavenie okna<\/li><\/ul>\n\n\n\n<h3 class=\"hlavny-bod-osnova\">Pr\u00e1ca s objektami a prep\u00e1janie<\/h3>\n<ul><li>Pokro\u010dilej\u0161ia pr\u00e1ca s obr\u00e1zkami (zoskupovanie, zarovnanie viacer\u00fdch objektov, ukotvenie)<\/li>\n<li>Pr\u00e1ca s tabu\u013ekami \u2013 tvorba tabuliek a vkladanie tabuliek z in\u00fdch zdrojov (Excel)<\/li>\n<li>Tvorba automatick\u00e9ho obsahu<\/li>\n<li><span class=\"su-tooltip\" data-close=\"no\" data-behavior=\"hover\" data-my=\"bottom center\" data-at=\"top center\" data-classes=\"su-qtip qtip-bootstrap su-qtip-size-default qtip-rounded\" data-title=\"\" title=\"Prepojenie (hypertextov\u00fd odkaz) je tla\u010didlo, ktor\u00e9 n\u00e1s presmeruje na po\u017eadovan\u00fa str\u00e1nku alebo s\u00fabor.\">Vkladanie prepojenia [i]<\/span><\/li>\n<\/ul>\n\n\n<div class=\"su-spoiler su-spoiler-style-fancy su-spoiler-icon-chevron roz-pole-kurz no-dis su-spoiler-closed\" data-anchor=\"ukazka-tvorby\" data-scroll-offset=\"0\" data-anchor-in-url=\"no\"><div class=\"su-spoiler-title\" tabindex=\"0\" role=\"button\"><span class=\"su-spoiler-icon\"><\/span>Uk\u00e1\u017eka tvorby na \u0161kolen\u00ed<\/div><div class=\"su-spoiler-content su-u-clearfix su-u-trim\">\nBla, bla, bla<br \/>\n<\/div><\/div>\n\n\n\n<span id=\"course-info\"><\/span>\n\n\n<div class=\"su-tabs su-tabs-style-default su-tabs-mobile-stack tab-info text-blok\" data-active=\"1\" data-scroll-offset=\"0\" data-anchor-in-url=\"no\"><div class=\"su-tabs-nav\"><span class=\"\" data-anchor=\"informacie-o-skoleni\" data-url=\"\" data-target=\"self\" tabindex=\"0\" role=\"button\"><strong>Inform\u00e1cie o \u0161kolen\u00ed<\/strong><\/span><span class=\"\" data-anchor=\"vstupne-vedomosti\" data-url=\"#course-info\" data-target=\"self\" tabindex=\"0\" role=\"button\"><strong>Podporovan\u00e9 verzie programu<\/strong><\/span><span class=\"\" data-anchor=\"preberane-funkcie\" data-url=\"#course-info\" data-target=\"self\" tabindex=\"0\" role=\"button\"><strong>Odpor\u00fa\u010dan\u00e9 kurzy<\/strong><\/span><span class=\"\" data-anchor=\"vseobecne-informacie\" data-url=\"#course-info\" data-target=\"self\" tabindex=\"0\" role=\"button\"><strong>V\u0161eobecn\u00e9 inform\u00e1cie<\/strong><\/span><\/div><div class=\"su-tabs-panes\"><div class=\"su-tabs-pane su-u-clearfix su-u-trim\" data-title=\"&lt;strong&gt;Inform\u00e1cie o \u0161kolen\u00ed&lt;\/strong&gt;\">\n<strong>Cena:<\/strong> 90,00 \u20ac<br \/>\n<strong>D\u013a\u017eka trvania kurzu:<\/strong> 2 dni<br \/>\n<strong>Celkov\u00fd po\u010det hod\u00edn:<\/strong> 10 hod\u00edn (5 hod. prv\u00fd de\u0148 a 5 hod. druh\u00fd de\u0148)<br \/>\n<strong>Odpor\u00fa\u010dan\u00e9 minim\u00e1lne vstupn\u00e9 vedomosti:<\/strong> Z\u00e1kladn\u00e9 ovl\u00e1danie po\u010d\u00edta\u010da, pr\u00e1ca s prie\u010dinkami a s\u00fabormi. Predo\u0161l\u00e9 sk\u00fasenosti na \u00farovni absolvovania kurzu Word level 1 \u2013 za\u010diato\u010dn\u00edk.<br \/>\n<\/div>\n<div class=\"su-tabs-pane su-u-clearfix su-u-trim\" data-title=\"&lt;strong&gt;Podporovan\u00e9 verzie programu&lt;\/strong&gt;\">\nWord level 2 bude prezentovan\u00fd na verzii Microsoft 365. Vhodn\u00e9 verzie s\u00fa aj Office 365, MS Office 2019, MS Office 2016, MS Office 2013. Vo verzi\u00e1ch MS Office 2007 a 2010 sa pri pr\u00e1ci m\u00f4\u017eu vyskytova\u0165 rozdiely v porovnan\u00ed s aktu\u00e1lnej\u0161\u00edmi verziami.<br \/>\n<a href=\"https:\/\/edubeliso.eu\/sk\/difference-betwen-microsoft-365-and-office-2019\/\" target=\"_blank\" rel=\"noopener noreferrer\">Rozdiel medzi Microsoft 365 a Office 2019<\/a><br \/>\n<\/div>\n<div class=\"su-tabs-pane su-u-clearfix su-u-trim\" data-title=\"&lt;strong&gt;Odpor\u00fa\u010dan\u00e9 kurzy&lt;\/strong&gt;\">\n<strong>Pred kurzom:<\/strong><br \/>\n\u017diadne<br \/>\n<strong>Po kurze:<\/strong><br \/>\nWord level 3 &#8211; mierne pokro\u010dil\u00fd<br \/>\n<\/div>\n<div class=\"su-tabs-pane su-u-clearfix su-u-trim\" data-title=\"&lt;strong&gt;V\u0161eobecn\u00e9 inform\u00e1cie&lt;\/strong&gt;\">\n<div data-post-id='2426' class='insert-page insert-page-2426 '>\n<p>Pred samotn\u00fdm kurzom odpor\u00fa\u010dame prezrie\u0165 nasleduj\u00face \u010dl\u00e1nky:<br><a href=\"https:\/\/edubeliso.eu\/sk\/how-does-an-online-course-look-like\/\" target=\"_blank\" aria-label=\"undefined (otv\u00e1ra sa na novej karte)\" rel=\"noreferrer noopener\">Ako vyzer\u00e1 online kurz?<\/a><br><a href=\"https:\/\/edubeliso.eu\/sk\/how-to-join-an-online-course\/\" target=\"_blank\" aria-label=\"undefined (otv\u00e1ra sa na novej karte)\" rel=\"noreferrer noopener\">Ako sa pripoji\u0165 na online kurz?<\/a><\/p>\n<\/div>\n<\/div><\/div><\/div>\n\n\n\n<div class=\"wp-block-buttons is-layout-flex wp-block-buttons-is-layout-flex\">\n<div class=\"wp-block-button pdf-down-butt no-dis\"><a class=\"wp-block-button__link\">Inform\u00e1cie o kurze na stiahnutie v PDF<\/a><\/div>\n<\/div>\n\n\n\n<hr class=\"wp-block-separator\"\/>\n\n\n\n<h2 class=\"wp-block-heading\">Va\u0161e recenzie<\/h2>\n\n\n<div class=\"glsr glsr-default\" id=\"glsr_b002e34d\" data-from='block' data-shortcode='site_reviews' data-assigned_posts='1036' data-display='50' data-hide='[&quot;title&quot;]'><div class=\"glsr-reviews-wrap\">\n    <div class=\"glsr-reviews\">\n        <div class=\"glsr-review\" data-type=\"local\" id=\"review-3036\" data-assigned='{\"assigned_posts\":[1036],\"assigned_terms\":[30]}'>\n    \n    <div class=\"glsr-review-rating\"><div class=\"glsr-star-rating glsr-stars\" data-rating=\"5\" data-reviews=\"0\">\n    <span class=\"screen-reader-text\">Rated <strong>5<\/strong> out of 5<\/span>\n    <span class=\"glsr-star glsr-star-full\" aria-hidden=\"true\"><\/span><span class=\"glsr-star glsr-star-full\" aria-hidden=\"true\"><\/span><span class=\"glsr-star glsr-star-full\" aria-hidden=\"true\"><\/span><span class=\"glsr-star glsr-star-full\" aria-hidden=\"true\"><\/span><span class=\"glsr-star glsr-star-full\" aria-hidden=\"true\"><\/span>\n<\/div><\/div> <div class=\"glsr-review-date\"><span class=\"glsr-tag-value\">11. apr\u00edla 2025<\/span><\/div>\n    <div class=\"glsr-review-assigned_links\"><span class=\"glsr-tag-value\">Review of <a href=\"https:\/\/edubeliso.eu\/sk\/office\/word\/word-level-2\/\">Word level 2 &#8211; mierne pokro\u010dil\u00fd<\/a><\/span><\/div>\n    <div class=\"glsr-review-content\"><div class=\"glsr-tag-value\" data-expanded='false'><p class=\"glsr-hidden-text\" data-show-less='Show less' data-show-more='Show more' data-trigger='expand'>\u0160kolenie bolo veden\u00e9 ve\u013emi odborne, no napriek tomu \u013eudsky. V\u00fdklad bol zrozumite\u013en\u00fd a mali sme dostatok priestoru si v\u0161etky nau\u010den\u00e9 veci aj priamo vysk\u00fa\u0161a\u0165. \u0160kolenie prebiehalo v malej skupinke \u013eud\u00ed, tak\u017ee bol dostato\u010dn\u00fd priestor na ot\u00e1zky bez zdr\u017eovania samotn\u00e9ho v\u00fdkladu. \u0160kolenie mi uk\u00e1zalo ako \u010dastokr\u00e1t komplikovane pou\u017e\u00edvame programy, ktor\u00e9 by n\u00e1m mali pr\u00e1cu naopak u\u013eah\u010dova\u0165<span class=\"glsr-hidden\">. Ur\u010dite odpor\u00fa\u010dam ka\u017ed\u00e9mu kto pri pr\u00e1ci pou\u017e\u00edva Word, alebo si chce roz\u0161\u00edri\u0165 vedomosti o \u0148om.<\/span><\/p><\/div><\/div>\n     <div class=\"glsr-review-author\"><span class=\"glsr-tag-value\">Dana<\/span><\/div> \n    \n<\/div>\n<div class=\"glsr-review\" data-type=\"local\" id=\"review-3037\" data-assigned='{\"assigned_posts\":[1036],\"assigned_terms\":[30]}'>\n    \n    <div class=\"glsr-review-rating\"><div class=\"glsr-star-rating glsr-stars\" data-rating=\"5\" data-reviews=\"0\">\n    <span class=\"screen-reader-text\">Rated <strong>5<\/strong> out of 5<\/span>\n    <span class=\"glsr-star glsr-star-full\" aria-hidden=\"true\"><\/span><span class=\"glsr-star glsr-star-full\" aria-hidden=\"true\"><\/span><span class=\"glsr-star glsr-star-full\" aria-hidden=\"true\"><\/span><span class=\"glsr-star glsr-star-full\" aria-hidden=\"true\"><\/span><span class=\"glsr-star glsr-star-full\" aria-hidden=\"true\"><\/span>\n<\/div><\/div> <div class=\"glsr-review-date\"><span class=\"glsr-tag-value\">11. apr\u00edla 2025<\/span><\/div>\n    <div class=\"glsr-review-assigned_links\"><span class=\"glsr-tag-value\">Review of <a href=\"https:\/\/edubeliso.eu\/sk\/office\/word\/word-level-2\/\">Word level 2 &#8211; mierne pokro\u010dil\u00fd<\/a><\/span><\/div>\n    <div class=\"glsr-review-content\"><div class=\"glsr-tag-value\" data-expanded='false'><p class=\"glsr-hidden-text\" data-show-less='Show less' data-show-more='Show more' data-trigger='expand'>Absolvovala som \u0161kolenie na MS Word, ktor\u00e9 dopadlo nad moje o\u010dak\u00e1vania. Pr\u00edstup lektora bol ve\u013emi \u013eudsk\u00fd, v\u00fdklad bol odborn\u00fd a z\u00e1rove\u0148 zrozumite\u013en\u00fd, dostali sme priestor si v\u0161etky veci aj priamo vysk\u00fa\u0161a\u0165. Ka\u017ed\u00e1 ot\u00e1zka, ktor\u00e1 na \u0161kolen\u00ed odznela bola zodpovedan\u00e1 a priamo aj uk\u00e1zan\u00e1. Dostali sme aj p\u00e1r tipov a r\u00e1d navy\u0161e. Po skon\u010den\u00ed \u0161kolenia n\u00e1m<span class=\"glsr-hidden\"> bola zaslan\u00e1 pr\u00edru\u010dka, ktor\u00e1 je ve\u013emi dobre a pochopite\u013ene spracovan\u00e1. Je vidno, \u017ee p\u00e1n \u0161kolite\u013e rob\u00ed svoju pr\u00e1cu r\u00e1d a bav\u00ed ho to. M\u00f4\u017eem len odpor\u00fa\u010da\u0165 :).<\/span><\/p><\/div><\/div>\n     <div class=\"glsr-review-author\"><span class=\"glsr-tag-value\">Edit<\/span><\/div> \n    \n<\/div>\n<div class=\"glsr-review\" data-type=\"local\" id=\"review-3034\" data-assigned='{\"assigned_posts\":[1036],\"assigned_terms\":[30]}'>\n    \n    <div class=\"glsr-review-rating\"><div class=\"glsr-star-rating glsr-stars\" data-rating=\"5\" data-reviews=\"0\">\n    <span class=\"screen-reader-text\">Rated <strong>5<\/strong> out of 5<\/span>\n    <span class=\"glsr-star glsr-star-full\" aria-hidden=\"true\"><\/span><span class=\"glsr-star glsr-star-full\" aria-hidden=\"true\"><\/span><span class=\"glsr-star glsr-star-full\" aria-hidden=\"true\"><\/span><span class=\"glsr-star glsr-star-full\" aria-hidden=\"true\"><\/span><span class=\"glsr-star glsr-star-full\" aria-hidden=\"true\"><\/span>\n<\/div><\/div> <div class=\"glsr-review-date\"><span class=\"glsr-tag-value\">30. novembra 2024<\/span><\/div>\n    <div class=\"glsr-review-assigned_links\"><span class=\"glsr-tag-value\">Review of <a href=\"https:\/\/edubeliso.eu\/sk\/office\/word\/word-level-2\/\">Word level 2 &#8211; mierne pokro\u010dil\u00fd<\/a><\/span><\/div>\n    <div class=\"glsr-review-content\"><div class=\"glsr-tag-value\" data-expanded='false'><p class=\"glsr-hidden-text\" data-show-less='Show less' data-show-more='Show more' data-trigger='expand'>Absolvovala som u p. Beli\u010dku \u0161kolenie Efekt\u00edvna pr\u00e1ca v MS Word vo firme SEPS. Mus\u00edm oceni\u0165 jeho ve\u013emi ochotn\u00fd a trpezliv\u00fd pr\u00edstup k n\u00e1m ku klientom. Mus\u00edm poveda\u0165, \u017ee patr\u00ed medzi \u0161kolite\u013eov, ktor\u00ed svoju pr\u00e1cu vykon\u00e1vaj\u00fa radi a zodpovedne, \u010do sa odzrkadlilo aj na \u0161kolen\u00ed. Z toho vypl\u00fdva aj to, \u017ee i pr\u00edru\u010dku, ktor\u00fa n\u00e1sledne<span class=\"glsr-hidden\"> po \u0161kolen\u00ed zaslal je vyhotoven\u00e1 na 1*.<\/span><\/p>\n<p class=\"glsr-hidden\">Ve\u013ea som sa toho dozvedela, \u010do ur\u010dite vyu\u017eijem vo svojej pr\u00e1ci.<\/p>\n<p class=\"glsr-hidden\">\u010eakujem ve\u013emi pekne a prajem n\u00e1m klientom, aby bolo tak\u00fdchto \u0161kolite\u013eov \u010do najviac s tak\u00fdmto pr\u00edstupom k pr\u00e1ci. \ud83d\ude0a<\/p><\/div><\/div>\n     <div class=\"glsr-review-author\"><span class=\"glsr-tag-value\">Dana<\/span><\/div> \n    \n<\/div>\n<div class=\"glsr-review\" data-type=\"local\" id=\"review-1877\" data-assigned='{\"assigned_posts\":[1036],\"assigned_terms\":[30]}'>\n    \n    <div class=\"glsr-review-rating\"><div class=\"glsr-star-rating glsr-stars\" data-rating=\"5\" data-reviews=\"0\">\n    <span class=\"screen-reader-text\">Rated <strong>5<\/strong> out of 5<\/span>\n    <span class=\"glsr-star glsr-star-full\" aria-hidden=\"true\"><\/span><span class=\"glsr-star glsr-star-full\" aria-hidden=\"true\"><\/span><span class=\"glsr-star glsr-star-full\" aria-hidden=\"true\"><\/span><span class=\"glsr-star glsr-star-full\" aria-hidden=\"true\"><\/span><span class=\"glsr-star glsr-star-full\" aria-hidden=\"true\"><\/span>\n<\/div><\/div> <div class=\"glsr-review-date\"><span class=\"glsr-tag-value\">20. j\u00fala 2020<\/span><\/div>\n    <div class=\"glsr-review-assigned_links\"><span class=\"glsr-tag-value\">Review of <a href=\"https:\/\/edubeliso.eu\/sk\/office\/word\/word-level-2\/\">Word level 2 &#8211; mierne pokro\u010dil\u00fd<\/a><\/span><\/div>\n    <div class=\"glsr-review-content\"><div class=\"glsr-tag-value\" data-expanded='false'><p>Naozaj pou\u010dn\u00e9 \u0161kolenie, ani som netu\u0161il ko\u013eko funkci\u00ed ma MS word.<\/p><\/div><\/div>\n     <div class=\"glsr-review-author\"><span class=\"glsr-tag-value\">Franti\u0161ek Podivinsk\u00fd<\/span><\/div> \n    \n<\/div>\n<div class=\"glsr-review\" data-type=\"local\" id=\"review-1876\" data-assigned='{\"assigned_posts\":[1036],\"assigned_terms\":[30]}'>\n    \n    <div class=\"glsr-review-rating\"><div class=\"glsr-star-rating glsr-stars\" data-rating=\"5\" data-reviews=\"0\">\n    <span class=\"screen-reader-text\">Rated <strong>5<\/strong> out of 5<\/span>\n    <span class=\"glsr-star glsr-star-full\" aria-hidden=\"true\"><\/span><span class=\"glsr-star glsr-star-full\" aria-hidden=\"true\"><\/span><span class=\"glsr-star glsr-star-full\" aria-hidden=\"true\"><\/span><span class=\"glsr-star glsr-star-full\" aria-hidden=\"true\"><\/span><span class=\"glsr-star glsr-star-full\" aria-hidden=\"true\"><\/span>\n<\/div><\/div> <div class=\"glsr-review-date\"><span class=\"glsr-tag-value\">20. j\u00fala 2020<\/span><\/div>\n    <div class=\"glsr-review-assigned_links\"><span class=\"glsr-tag-value\">Review of <a href=\"https:\/\/edubeliso.eu\/sk\/office\/word\/word-level-2\/\">Word level 2 &#8211; mierne pokro\u010dil\u00fd<\/a><\/span><\/div>\n    <div class=\"glsr-review-content\"><div class=\"glsr-tag-value\" data-expanded='false'><p>\u0160kolenie bolo praktick\u00e9 a interakt\u00edvne<\/p><\/div><\/div>\n     <div class=\"glsr-review-author\"><span class=\"glsr-tag-value\">Marcela Kulcsarova<\/span><\/div> \n    \n<\/div>\n<div class=\"glsr-review\" data-type=\"local\" id=\"review-1765\" data-assigned='{\"assigned_posts\":[1036],\"assigned_terms\":[30]}'>\n    \n    <div class=\"glsr-review-rating\"><div class=\"glsr-star-rating glsr-stars\" data-rating=\"5\" data-reviews=\"0\">\n    <span class=\"screen-reader-text\">Rated <strong>5<\/strong> out of 5<\/span>\n    <span class=\"glsr-star glsr-star-full\" aria-hidden=\"true\"><\/span><span class=\"glsr-star glsr-star-full\" aria-hidden=\"true\"><\/span><span class=\"glsr-star glsr-star-full\" aria-hidden=\"true\"><\/span><span class=\"glsr-star glsr-star-full\" aria-hidden=\"true\"><\/span><span class=\"glsr-star glsr-star-full\" aria-hidden=\"true\"><\/span>\n<\/div><\/div> <div class=\"glsr-review-date\"><span class=\"glsr-tag-value\">17. j\u00fala 2020<\/span><\/div>\n    <div class=\"glsr-review-assigned_links\"><span class=\"glsr-tag-value\">Review of <a href=\"https:\/\/edubeliso.eu\/sk\/office\/word\/word-level-2\/\">Word level 2 &#8211; mierne pokro\u010dil\u00fd<\/a><\/span><\/div>\n    <div class=\"glsr-review-content\"><div class=\"glsr-tag-value\" data-expanded='false'><p>Kurz bol veden\u00fd ve\u013emi odborne a zrozumite\u013ene. Aj napriek \u010dasu, \u017ee to bolo iba jeden de\u0148 som spokojn\u00e1.<\/p><\/div><\/div>\n     <div class=\"glsr-review-author\"><span class=\"glsr-tag-value\">Andrea P.<\/span><\/div> \n    \n<\/div>\n<div class=\"glsr-review\" data-type=\"local\" id=\"review-1764\" data-assigned='{\"assigned_posts\":[1036],\"assigned_terms\":[30]}'>\n    \n    <div class=\"glsr-review-rating\"><div class=\"glsr-star-rating glsr-stars\" data-rating=\"5\" data-reviews=\"0\">\n    <span class=\"screen-reader-text\">Rated <strong>5<\/strong> out of 5<\/span>\n    <span class=\"glsr-star glsr-star-full\" aria-hidden=\"true\"><\/span><span class=\"glsr-star glsr-star-full\" aria-hidden=\"true\"><\/span><span class=\"glsr-star glsr-star-full\" aria-hidden=\"true\"><\/span><span class=\"glsr-star glsr-star-full\" aria-hidden=\"true\"><\/span><span class=\"glsr-star glsr-star-full\" aria-hidden=\"true\"><\/span>\n<\/div><\/div> <div class=\"glsr-review-date\"><span class=\"glsr-tag-value\">17. j\u00fala 2020<\/span><\/div>\n    <div class=\"glsr-review-assigned_links\"><span class=\"glsr-tag-value\">Review of <a href=\"https:\/\/edubeliso.eu\/sk\/office\/word\/word-level-2\/\">Word level 2 &#8211; mierne pokro\u010dil\u00fd<\/a><\/span><\/div>\n    <div class=\"glsr-review-content\"><div class=\"glsr-tag-value\" data-expanded='false'><p>Pre m\u0148a osobne v\u00fdborn\u00e9 \u0161kolenie, po\u010das ktor\u00e9ho som sa nau\u010dil mnoho nov\u00fdch funkci\u00ed MS Word, ktor\u00e9 vyu\u017eijem nielen v pracovnom, ale aj v be\u017enom \u017eivote.<\/p><\/div><\/div>\n     <div class=\"glsr-review-author\"><span class=\"glsr-tag-value\">J\u00e1n Kalaba<\/span><\/div> \n    \n<\/div>\n    <\/div>\n    \n<\/div><\/div>","protected":false},"excerpt":{"rendered":"<p>Tento kurz je priamym nasledovn\u00edkom kurzu Word level 1 \u2013 za\u010diato\u010dn\u00edk. Kurz rozv\u00edja u\u017e existuj\u00face sk\u00fasenosti v&nbsp;programe MS Word a&nbsp;to &hellip; <\/p>\n","protected":false},"author":2,"featured_media":0,"parent":619,"menu_order":0,"comment_status":"closed","ping_status":"closed","template":"","meta":{"_glsr_average":5,"_glsr_ranking":4.1176470588235,"_glsr_reviews":7,"footnotes":""},"class_list":["post-1036","page","type-page","status-publish","hentry"],"yoast_head":"<!-- This site is optimized with the Yoast SEO plugin v15.4 - https:\/\/yoast.com\/wordpress\/plugins\/seo\/ -->\n<title>EduBeliso - Kurz Word level 2 - mierne pokro\u010dil\u00fd<\/title>\n<meta name=\"description\" content=\"Kurz rozv\u00edja u\u017e existuj\u00face sk\u00fasenosti v programe Word a to najm\u00e4 v oblasti form\u00e1tovania textov, vyu\u017e\u00edvania \u0161t\u00fdlov a zefekt\u00edv\u0148ovania svojej pr\u00e1ce.\" \/>\n<meta name=\"robots\" content=\"index, follow, max-snippet:-1, max-image-preview:large, max-video-preview:-1\" \/>\n<link rel=\"canonical\" href=\"https:\/\/edubeliso.eu\/sk\/office\/word\/word-level-2\/\" \/>\n<meta property=\"og:locale\" content=\"sk_SK\" \/>\n<meta property=\"og:type\" content=\"article\" \/>\n<meta property=\"og:title\" content=\"EduBeliso - Kurz Word level 2 - mierne pokro\u010dil\u00fd\" \/>\n<meta property=\"og:description\" content=\"Kurz rozv\u00edja u\u017e existuj\u00face sk\u00fasenosti v programe Word a to najm\u00e4 v oblasti form\u00e1tovania textov, vyu\u017e\u00edvania \u0161t\u00fdlov a zefekt\u00edv\u0148ovania svojej pr\u00e1ce.\" \/>\n<meta property=\"og:url\" content=\"https:\/\/edubeliso.eu\/sk\/office\/word\/word-level-2\/\" \/>\n<meta property=\"og:site_name\" content=\"EduBeliso\" \/>\n<meta property=\"article:modified_time\" content=\"2021-01-21T11:30:08+00:00\" \/>\n<meta name=\"twitter:card\" content=\"summary_large_image\" \/>\n<meta name=\"twitter:label1\" content=\"Autor:\">\n\t<meta name=\"twitter:data1\" content=\"Peter Beli\u010dka\">\n\t<meta name=\"twitter:label2\" content=\"Est. reading time\">\n\t<meta name=\"twitter:data2\" content=\"3 min\u00faty\">\n<script type=\"application\/ld+json\" class=\"yoast-schema-graph\">{\"@context\":\"https:\/\/schema.org\",\"@graph\":[{\"@type\":\"WebSite\",\"@id\":\"https:\/\/edubeliso.eu\/sk\/#website\",\"url\":\"https:\/\/edubeliso.eu\/sk\/\",\"name\":\"EduBeliso\",\"description\":\"\",\"potentialAction\":[{\"@type\":\"SearchAction\",\"target\":\"https:\/\/edubeliso.eu\/sk\/?s={search_term_string}\",\"query-input\":\"required name=search_term_string\"}],\"inLanguage\":\"sk-SK\"},{\"@type\":\"WebPage\",\"@id\":\"https:\/\/edubeliso.eu\/sk\/office\/word\/word-level-2\/#webpage\",\"url\":\"https:\/\/edubeliso.eu\/sk\/office\/word\/word-level-2\/\",\"name\":\"EduBeliso - Kurz Word level 2 - mierne pokro\\u010dil\\u00fd\",\"isPartOf\":{\"@id\":\"https:\/\/edubeliso.eu\/sk\/#website\"},\"datePublished\":\"2020-06-24T11:03:02+00:00\",\"dateModified\":\"2021-01-21T11:30:08+00:00\",\"description\":\"Kurz rozv\\u00edja u\\u017e existuj\\u00face sk\\u00fasenosti v programe Word a to najm\\u00e4 v oblasti form\\u00e1tovania textov, vyu\\u017e\\u00edvania \\u0161t\\u00fdlov a zefekt\\u00edv\\u0148ovania svojej pr\\u00e1ce.\",\"inLanguage\":\"sk-SK\",\"potentialAction\":[{\"@type\":\"ReadAction\",\"target\":[\"https:\/\/edubeliso.eu\/sk\/office\/word\/word-level-2\/\"]}]}]}<\/script>\n<!-- \/ Yoast SEO plugin. -->","_links":{"self":[{"href":"https:\/\/edubeliso.eu\/sk\/wp-json\/wp\/v2\/pages\/1036","targetHints":{"allow":["GET"]}}],"collection":[{"href":"https:\/\/edubeliso.eu\/sk\/wp-json\/wp\/v2\/pages"}],"about":[{"href":"https:\/\/edubeliso.eu\/sk\/wp-json\/wp\/v2\/types\/page"}],"author":[{"embeddable":true,"href":"https:\/\/edubeliso.eu\/sk\/wp-json\/wp\/v2\/users\/2"}],"replies":[{"embeddable":true,"href":"https:\/\/edubeliso.eu\/sk\/wp-json\/wp\/v2\/comments?post=1036"}],"version-history":[{"count":40,"href":"https:\/\/edubeliso.eu\/sk\/wp-json\/wp\/v2\/pages\/1036\/revisions"}],"predecessor-version":[{"id":2607,"href":"https:\/\/edubeliso.eu\/sk\/wp-json\/wp\/v2\/pages\/1036\/revisions\/2607"}],"up":[{"embeddable":true,"href":"https:\/\/edubeliso.eu\/sk\/wp-json\/wp\/v2\/pages\/619"}],"wp:attachment":[{"href":"https:\/\/edubeliso.eu\/sk\/wp-json\/wp\/v2\/media?parent=1036"}],"curies":[{"name":"wp","href":"https:\/\/api.w.org\/{rel}","templated":true}]}}