{"id":1044,"date":"2020-06-25T14:06:38","date_gmt":"2020-06-25T12:06:38","guid":{"rendered":"https:\/\/edubeliso.eu\/sk\/?page_id=1044"},"modified":"2020-08-02T19:17:23","modified_gmt":"2020-08-02T17:17:23","slug":"word-level-3","status":"publish","type":"page","link":"https:\/\/edubeliso.eu\/sk\/office\/word\/word-level-3\/","title":{"rendered":"Word level 3 &#8211; pokro\u010dil\u00fd"},"content":{"rendered":"\n<p>Tento kurz je priamym nasledovn\u00edkom kurzu Word level 2 \u2013 mierne pokro\u010dil\u00fd. Kurz je zameran\u00fd na u\u017e\u00edvate\u013eov, ktor\u00ed pravidelne pracuj\u00fa s programom MS Word a maj\u00fa predo\u0161l\u00e9 sk\u00fasenosti s t\u00fdmto programom. Na kurze sa vysvet\u013euj\u00fa mnoh\u00e9 postupy, ktor\u00e9 automatizuj\u00fa a zefekt\u00edv\u0148uj\u00fa pr\u00e1cu. S\u00fa to napr\u00edklad rev\u00edzia dokumentu, \u0161abl\u00f3ny, sekcie alebo hromadn\u00e1 kore\u0161pondencia. Kurz je v\u00fdbornou pr\u00edpravou na pr\u00e1cu v kolekt\u00edvoch a na pr\u00e1cu s ve\u013ek\u00fdm mno\u017estvom dokumentov.<\/p>\n\n\n\n<h2 class=\"wp-block-heading\">Term\u00edny<\/h2>\n\n\n\n\n\n<p>Ak ste nena\u0161li term\u00edn, ktor\u00fd v\u00e1m vyhovuje, nev\u00e1hajte n\u00e1s kontaktova\u0165. Viac inform\u00e1ci\u00ed <a href=\"https:\/\/edubeliso.eu\/sk\/we-adjust-to-your-need\/\">n\u00e1jdete tu<\/a>.<\/p>\n\n\n\n<h2 class=\"wp-block-heading\">Osnovy<\/h2>\n\n\n\n<h3 class=\"hlavny-bod-osnova\">Opakovanie z\u00e1kladn\u00fdch techn\u00edk<\/h3>\n<ul><li>Form\u00e1tovanie textov a odsekov<\/li>\n<li>Odr\u00e1\u017eky a \u010d\u00edslovanie<\/li>\n<li>Pr\u00e1ca s odsekmi<\/li><\/ul>\n\n\n\n<h3 class=\"hlavny-bod-osnova\">\u0160t\u00fdly<\/h3>\n<ul><li>Pou\u017e\u00edvanie \u0161t\u00fdlov<\/li>\n<li>Tvorba vlastn\u00fdch \u0161t\u00fdlov<\/li>\n<li>\u00daprava form\u00e1tu \u0161t\u00fdlu &#8211; p\u00edsmo, odsek, tabul\u00e1tory, \u010d\u00edslovanie, kl\u00e1vesov\u00e1 skratka<\/li>\n<li>Nastavenie nasleduj\u00faceho \u0161t\u00fdlu<\/li><\/ul>\n\n\n\n<h3 class=\"hlavny-bod-osnova\">Pr\u00e1ca so sekciami (kapitolami)<\/h3>\n<ul><li>Rozdelenie dokumentu na jednotliv\u00e9 sekcie<\/li>\n<li>R\u00f4zne hlavi\u010dky a p\u00e4ty pre jednotliv\u00e9 sekcie (\u010d\u00edslovanie str\u00e1n od ur\u010ditej strany)<\/li>\n<\/ul>\n\n\n\n<h3 class=\"hlavny-bod-osnova\">Referencie v dokumente (odkazy)<\/h3>\n<ul><li>Tvorba automatick\u00e9ho a vlastn\u00e9ho obsahu<\/li>\n<li>Pozn\u00e1mky a vysvetlivky pod \u010diarou<\/li>\n<li>Vkladanie popisov objektov (obr\u00e1zky, grafy, tabu\u013eky a pod.)<\/li>\n<li>Vkladanie zoznamu objektov (obr\u00e1zky, grafy, tabu\u013eky a pod.)<\/li>\n\n<li><span class=\"su-tooltip\" data-close=\"no\" data-behavior=\"hover\" data-my=\"bottom center\" data-at=\"top center\" data-classes=\"su-qtip qtip-bootstrap su-qtip-size-default qtip-rounded\" data-title=\"\" title=\"Prepojenie (hypertextov\u00fd odkaz) je tla\u010didlo, ktor\u00e9 n\u00e1s presmeruje na po\u017eadovan\u00fa str\u00e1nku alebo s\u00fabor.\">Vkladanie prepojenia [i]<\/span><\/li>\n\n<li><span class=\"su-tooltip\" data-close=\"no\" data-behavior=\"hover\" data-my=\"bottom center\" data-at=\"top center\" data-classes=\"su-qtip qtip-bootstrap su-qtip-size-default qtip-rounded\" data-title=\"\" title=\"Kr\u00ed\u017eov\u00fd odkaz je tla\u010didlo, ktor\u00e9 n\u00e1s presmeruje na in\u00fa \u010das\u0165 dokumentu.\">Tvorba kr\u00ed\u017eov\u00fdch odkazov [i]<\/span><\/li>\n\n\n<\/ul>\n\n\n\n<h3 class=\"hlavny-bod-osnova\">Rev\u00edzia dokumentu (kontrola dokumentu)<\/h3>\n<ul><li>Zobrazenie a pou\u017eitie skryt\u00fdch form\u00e1tovac\u00edch symbolov<\/li>\n<li>Jazykov\u00e1 koret\u00fara<\/li>\n<li>Po\u010det slov a znakov<\/li>\n<li>Vkladanie koment\u00e1rov<\/li>\n<li><span class=\"su-tooltip\" data-close=\"no\" data-behavior=\"hover\" data-my=\"bottom center\" data-at=\"top center\" data-classes=\"su-qtip qtip-bootstrap su-qtip-size-default qtip-rounded\" data-title=\"\" title=\"Sledovanie zmien sl\u00fa\u017ei najm\u00e4 na pr\u00e1cu v kolekt\u00edvoch. Pokia\u013e niekto vykon\u00e1 zmeny v dokumente, viem ich \u013eahko sledova\u0165 a prija\u0165 alebo zamietnu\u0165.\">Sledovanie zmien [i]<\/span><\/li>\n<li><span class=\"su-tooltip\" data-close=\"no\" data-behavior=\"hover\" data-my=\"bottom center\" data-at=\"top center\" data-classes=\"su-qtip qtip-bootstrap su-qtip-size-default qtip-rounded\" data-title=\"\" title=\"Zabezpe\u010denn\u00edm sa rozumie najm\u00e4 nastavenie hesla a obmedzenie ur\u010dit\u00fdch \u00faprav pre in\u00fdch pou\u017e\u00edvate\u013eov.\">Zabezpe\u010denie dokumentu [i]<\/span><\/li><\/ul>\n\n\n\n<h3 class=\"hlavny-bod-osnova\">\u0160abl\u00f3ny a ovl\u00e1dacie prvky<\/h3>\n<ul><li>Pou\u017e\u00edvanie predefinova\u00fdch \u0161abl\u00f3n<\/li>\n<li>Tvorba vlastnej \u0161abl\u00f3ny<\/li>\n<li>Vkladanie a pou\u017e\u00edvanie ovl\u00e1dac\u00edch (formul\u00e1rov\u00fdch) prvkov<\/li>\n<\/ul>\n\n\n\n<span class=\"su-tooltip\" data-close=\"no\" data-behavior=\"hover\" data-my=\"bottom center\" data-at=\"top center\" data-classes=\"su-qtip qtip-bootstrap su-qtip-size-default qtip-rounded\" data-title=\"\" title=\"Vhodn\u00e1 najm\u00e4 ke\u010f tvor\u00edte mno\u017estvo rovnak\u00fdch dokumentov, v ktor\u00fdch sa men\u00ed napr\u00edklad iba meno.\"><h3 class=\"hlavny-bod-osnova\">Hromadn\u00e1 kore\u0161pondencia [i]<\/h3><\/span>\n<ul><li>Pou\u017eitie sprievodcu<\/li>\n<li>V\u00fdber pr\u00edjemcov<\/li>\n<li>Nastavenie pol\u00ed &#8211; blok pre adresu, riadok s pozdravom a in\u00e9<\/li>\n<li>Nastavenia pravidiel<\/li>\n<li>Tvorba hromadn\u00fdch e-mailov\u00fdch spr\u00e1v<\/li>\n<li>Tvorba hromadn\u00fdch listov<\/li>\n<\/ul>\n\n\n\n<span id=\"course-info\"><\/span>\n\n\n<div class=\"su-tabs su-tabs-style-default su-tabs-mobile-stack tab-info text-blok\" data-active=\"1\" data-scroll-offset=\"0\" data-anchor-in-url=\"no\"><div class=\"su-tabs-nav\"><span class=\"\" data-anchor=\"informacie-o-skoleni\" data-url=\"\" data-target=\"self\" tabindex=\"0\" role=\"button\"><strong>Inform\u00e1cie o \u0161kolen\u00ed<\/strong><\/span><span class=\"\" data-anchor=\"vstupne-vedomosti\" data-url=\"#course-info\" data-target=\"self\" tabindex=\"0\" role=\"button\"><strong>Podporovan\u00e9 verzie programu<\/strong><\/span><span class=\"\" data-anchor=\"preberane-funkcie\" data-url=\"#course-info\" data-target=\"self\" tabindex=\"0\" role=\"button\"><strong>Odpor\u00fa\u010dan\u00e9 kurzy<\/strong><\/span><span class=\"\" data-anchor=\"vseobecne-informacie\" data-url=\"#course-info\" data-target=\"self\" tabindex=\"0\" role=\"button\"><strong>V\u0161eobecn\u00e9 inform\u00e1cie<\/strong><\/span><\/div><div class=\"su-tabs-panes\"><div class=\"su-tabs-pane su-u-clearfix su-u-trim\" data-title=\"&lt;strong&gt;Inform\u00e1cie o \u0161kolen\u00ed&lt;\/strong&gt;\">\n<strong>Cena:<\/strong> 95,00 \u20ac<br \/>\n<strong>D\u013a\u017eka trvania kurzu:<\/strong> 2 dni<br \/>\n<strong>Celkov\u00fd po\u010det hod\u00edn:<\/strong> 10 hod (5 hod. prv\u00fd de\u0148 a 5 hod. druh\u00fd de\u0148)<br \/>\n<strong>Odpor\u00fa\u010dan\u00e9 minim\u00e1lne vstupn\u00e9 vedomosti:<\/strong> Z\u00e1kladn\u00e9 ovl\u00e1danie po\u010d\u00edta\u010da, pr\u00e1ca s prie\u010dinkami a s\u00fabormi. Predo\u0161l\u00e9 sk\u00fasenosti na \u00farovni absolvovania kurzu Word level 2 &#8211; mierne pokro\u010dil\u00fd.<br \/>\n<\/div>\n<div class=\"su-tabs-pane su-u-clearfix su-u-trim\" data-title=\"&lt;strong&gt;Podporovan\u00e9 verzie programu&lt;\/strong&gt;\">\nWord level 3 bude prezentovan\u00fd na verzii Microsoft 365. Vhodn\u00e9 verzie s\u00fa aj Office 365, MS Office 2019, MS Office 2016, MS Office 2013. Vo verzi\u00e1ch MS Office 2007 a 2010 sa pri pr\u00e1ci m\u00f4\u017eu vyskytova\u0165 rozdiely v porovnan\u00ed s aktu\u00e1lnej\u0161\u00edmi verziami.<br \/>\n<a href=\"https:\/\/edubeliso.eu\/sk\/difference-betwen-microsoft-365-and-office-2019\/\" target=\"_blank\" rel=\"noopener noreferrer\">Rozdiel medzi Microsoft 365 a Office 2019<\/a><br \/>\n<\/div>\n<div class=\"su-tabs-pane su-u-clearfix su-u-trim\" data-title=\"&lt;strong&gt;Odpor\u00fa\u010dan\u00e9 kurzy&lt;\/strong&gt;\">\n<strong>Pred kurzom:<\/strong><br \/>\nWord level 2 &#8211; mierne pokro\u010dil\u00fd<br \/>\n<strong>Po kurze:<\/strong><br \/>\nSharePoint u\u017e\u00edvate\u013e<br \/>\n<\/div>\n<div class=\"su-tabs-pane su-u-clearfix su-u-trim\" data-title=\"&lt;strong&gt;V\u0161eobecn\u00e9 inform\u00e1cie&lt;\/strong&gt;\">\n<div data-post-id='2426' class='insert-page insert-page-2426 '>\n<p>Pred samotn\u00fdm kurzom odpor\u00fa\u010dame prezrie\u0165 nasleduj\u00face \u010dl\u00e1nky:<br><a href=\"https:\/\/edubeliso.eu\/sk\/how-does-an-online-course-look-like\/\" target=\"_blank\" aria-label=\"undefined (otv\u00e1ra sa na novej karte)\" rel=\"noreferrer noopener\">Ako vyzer\u00e1 online kurz?<\/a><br><a href=\"https:\/\/edubeliso.eu\/sk\/how-to-join-an-online-course\/\" target=\"_blank\" aria-label=\"undefined (otv\u00e1ra sa na novej karte)\" rel=\"noreferrer noopener\">Ako sa pripoji\u0165 na online kurz?<\/a><\/p>\n<\/div>\n<\/div><\/div><\/div>\n\n\n\n<div class=\"wp-block-buttons is-layout-flex wp-block-buttons-is-layout-flex\">\n<div class=\"wp-block-button pdf-down-butt no-dis\"><a class=\"wp-block-button__link\">Inform\u00e1cie o kurze na stiahnutie v PDF<\/a><\/div>\n<\/div>\n\n\n\n<p><\/p>\n","protected":false},"excerpt":{"rendered":"<p>Tento kurz je priamym nasledovn\u00edkom kurzu Word level 2 \u2013 mierne pokro\u010dil\u00fd. Kurz je zameran\u00fd na u\u017e\u00edvate\u013eov, ktor\u00ed pravidelne pracuj\u00fa &hellip; <\/p>\n","protected":false},"author":2,"featured_media":0,"parent":619,"menu_order":0,"comment_status":"closed","ping_status":"closed","template":"","meta":{"_glsr_average":0,"_glsr_ranking":0,"_glsr_reviews":0,"footnotes":""},"class_list":["post-1044","page","type-page","status-publish","hentry"],"yoast_head":"<!-- This site is optimized with the Yoast SEO plugin v15.4 - https:\/\/yoast.com\/wordpress\/plugins\/seo\/ -->\n<title>EduBeliso - Kurz Word level 3 - pokro\u010dil\u00fd<\/title>\n<meta name=\"description\" content=\"Kurz obsahuje mnoh\u00e9 postupy, ktor\u00e9 automatizuj\u00fa a zefekt\u00edv\u0148uj\u00fa pr\u00e1cu. S\u00fa to napr\u00edklad rev\u00edzia dokumentu, \u0161abl\u00f3ny, sekcie alebo hromadn\u00e1 kore\u0161pondencia.\" \/>\n<meta name=\"robots\" content=\"index, follow, max-snippet:-1, max-image-preview:large, max-video-preview:-1\" \/>\n<link rel=\"canonical\" href=\"https:\/\/edubeliso.eu\/sk\/office\/word\/word-level-3\/\" \/>\n<meta property=\"og:locale\" content=\"sk_SK\" \/>\n<meta property=\"og:type\" content=\"article\" \/>\n<meta property=\"og:title\" content=\"EduBeliso - Kurz Word level 3 - pokro\u010dil\u00fd\" \/>\n<meta property=\"og:description\" content=\"Kurz obsahuje mnoh\u00e9 postupy, ktor\u00e9 automatizuj\u00fa a zefekt\u00edv\u0148uj\u00fa pr\u00e1cu. S\u00fa to napr\u00edklad rev\u00edzia dokumentu, \u0161abl\u00f3ny, sekcie alebo hromadn\u00e1 kore\u0161pondencia.\" \/>\n<meta property=\"og:url\" content=\"https:\/\/edubeliso.eu\/sk\/office\/word\/word-level-3\/\" \/>\n<meta property=\"og:site_name\" content=\"EduBeliso\" \/>\n<meta property=\"article:modified_time\" content=\"2020-08-02T17:17:23+00:00\" \/>\n<meta name=\"twitter:card\" content=\"summary_large_image\" \/>\n<meta name=\"twitter:label1\" content=\"Autor:\">\n\t<meta name=\"twitter:data1\" content=\"Peter Beli\u010dka\">\n\t<meta name=\"twitter:label2\" content=\"Est. reading time\">\n\t<meta name=\"twitter:data2\" content=\"3 min\u00faty\">\n<script type=\"application\/ld+json\" class=\"yoast-schema-graph\">{\"@context\":\"https:\/\/schema.org\",\"@graph\":[{\"@type\":\"WebSite\",\"@id\":\"https:\/\/edubeliso.eu\/sk\/#website\",\"url\":\"https:\/\/edubeliso.eu\/sk\/\",\"name\":\"EduBeliso\",\"description\":\"\",\"potentialAction\":[{\"@type\":\"SearchAction\",\"target\":\"https:\/\/edubeliso.eu\/sk\/?s={search_term_string}\",\"query-input\":\"required name=search_term_string\"}],\"inLanguage\":\"sk-SK\"},{\"@type\":\"WebPage\",\"@id\":\"https:\/\/edubeliso.eu\/sk\/office\/word\/word-level-3\/#webpage\",\"url\":\"https:\/\/edubeliso.eu\/sk\/office\/word\/word-level-3\/\",\"name\":\"EduBeliso - Kurz Word level 3 - pokro\\u010dil\\u00fd\",\"isPartOf\":{\"@id\":\"https:\/\/edubeliso.eu\/sk\/#website\"},\"datePublished\":\"2020-06-25T12:06:38+00:00\",\"dateModified\":\"2020-08-02T17:17:23+00:00\",\"description\":\"Kurz obsahuje mnoh\\u00e9 postupy, ktor\\u00e9 automatizuj\\u00fa a zefekt\\u00edv\\u0148uj\\u00fa pr\\u00e1cu. S\\u00fa to napr\\u00edklad rev\\u00edzia dokumentu, \\u0161abl\\u00f3ny, sekcie alebo hromadn\\u00e1 kore\\u0161pondencia.\",\"inLanguage\":\"sk-SK\",\"potentialAction\":[{\"@type\":\"ReadAction\",\"target\":[\"https:\/\/edubeliso.eu\/sk\/office\/word\/word-level-3\/\"]}]}]}<\/script>\n<!-- \/ Yoast SEO plugin. -->","_links":{"self":[{"href":"https:\/\/edubeliso.eu\/sk\/wp-json\/wp\/v2\/pages\/1044","targetHints":{"allow":["GET"]}}],"collection":[{"href":"https:\/\/edubeliso.eu\/sk\/wp-json\/wp\/v2\/pages"}],"about":[{"href":"https:\/\/edubeliso.eu\/sk\/wp-json\/wp\/v2\/types\/page"}],"author":[{"embeddable":true,"href":"https:\/\/edubeliso.eu\/sk\/wp-json\/wp\/v2\/users\/2"}],"replies":[{"embeddable":true,"href":"https:\/\/edubeliso.eu\/sk\/wp-json\/wp\/v2\/comments?post=1044"}],"version-history":[{"count":59,"href":"https:\/\/edubeliso.eu\/sk\/wp-json\/wp\/v2\/pages\/1044\/revisions"}],"predecessor-version":[{"id":2459,"href":"https:\/\/edubeliso.eu\/sk\/wp-json\/wp\/v2\/pages\/1044\/revisions\/2459"}],"up":[{"embeddable":true,"href":"https:\/\/edubeliso.eu\/sk\/wp-json\/wp\/v2\/pages\/619"}],"wp:attachment":[{"href":"https:\/\/edubeliso.eu\/sk\/wp-json\/wp\/v2\/media?parent=1044"}],"curies":[{"name":"wp","href":"https:\/\/api.w.org\/{rel}","templated":true}]}}