{"id":1095,"date":"2020-06-25T17:39:14","date_gmt":"2020-06-25T15:39:14","guid":{"rendered":"https:\/\/edubeliso.eu\/sk\/?page_id=1095"},"modified":"2022-12-05T14:27:46","modified_gmt":"2022-12-05T13:27:46","slug":"powerpoint-level-1","status":"publish","type":"page","link":"https:\/\/edubeliso.eu\/sk\/office\/powerpoint\/powerpoint-level-1\/","title":{"rendered":"PowerPoint level 1 &#8211; za\u010diato\u010dn\u00edk"},"content":{"rendered":"\n<p>Tento kurz je orientovan\u00fd na z\u00e1ujemcov, ktor\u00ed sa chc\u00fa nau\u010di\u0165 tvori\u0165 prezent\u00e1cie v programe PowerPoint, ktor\u00fd sa stal neodmyslite\u013enou s\u00fa\u010das\u0165ou ka\u017edej kancel\u00e1rie a dom\u00e1cnosti. Obsahom kurzu je najm\u00e4 vysvetlenie tvorby prezent\u00e1cie, prid\u00e1vanie obr\u00e1zkov do prezent\u00e1cie, grafick\u00fd n\u00e1vrh prezent\u00e1cie.  Kurz trv\u00e1 jeden de\u0148 a m\u00e1 pomal\u0161ie tempo v\u00fdu\u010dby. Predpoklad\u00e1 sa, \u017ee \u00fa\u010dastn\u00edci tohto kurzu nemaj\u00fa predo\u0161l\u00e9 sk\u00fasenosti s programom PowerPoint.<\/p>\n\n\n\n\n\n<p>Ak ste nena\u0161li term\u00edn, ktor\u00fd v\u00e1m vyhovuje, nev\u00e1hajte n\u00e1s kontaktova\u0165. Viac inform\u00e1ci\u00ed <a href=\"https:\/\/edubeliso.eu\/sk\/we-adjust-to-your-need\/\">n\u00e1jdete tu<\/a>.<\/p>\n\n\n\n<h2 class=\"wp-block-heading\">Osnovy<\/h2>\n\n\n\n<h3 style=\"margin-bottom: 0px;\">MS PowerPoint a jeho postavenie v MS Office<\/h3>\n<ul><li>V\u00fdhody pou\u017e\u00edvania programu PowerPoint oproti alternat\u00edvnym programom<\/li>\n<li>V\u00fdznam \u010fal\u0161\u00edch aplik\u00e1ci\u00ed MS Office<\/li><\/ul>\n\n\n\n<h3 style=\"margin-bottom: 0px;\">Obozn\u00e1menie s prostred\u00edm MS PowerPoint<\/h3>\n<ul><li>Panel n\u00e1strojov (Ribbon) &#8211; predstavenie z\u00e1lo\u017eiek, rozdelenie pr\u00edkazov do skup\u00edn<\/li>\n<li>Sn\u00edmka &#8211; z\u00e1kladn\u00e9 pracovn\u00e9 prostredie<\/li>\n<li>Panel sn\u00edmok<\/li><\/ul>\n\n\n\n<h3 style=\"margin-bottom: 0px;\">Tvorba vlastn\u00e9ho obsahu<\/h3>\n<ul><li>Prid\u00e1vanie, odstra\u0148ovanie a duplikovanie sn\u00edmok<\/li>\n<li>Usporiadanie sn\u00edmok a r\u00f4zne sp\u00f4soby zobrazenia\/n\u00e1h\u013eadu na prezent\u00e1ciu<\/li>\n<li>V\u00fdber rozlo\u017eenia sn\u00edmky a zmena na in\u00e9 rozlo\u017eenie<\/li>\n<li>Vkladanie obr\u00e1zkov, ikon a tvarov<\/li>\n<li>Form\u00e1tovanie r\u00f4znych typov objektov<\/li>\n<li>Vkladanie textov\u00fdch pol\u00ed<\/li>\n<li>Tvorba odr\u00e1\u017eok a \u010d\u00edslovan\u00ed<\/li><\/ul>\n\n\n\n<h3 style=\"margin-bottom: 0px;\">Dizajn prezent\u00e1cie<\/h3>\n<ul><li>Panel n\u00e1vrh\u00e1r<\/li>\n<li>Zmena pozadia sn\u00edmky<\/li>\n<li>Zmena mot\u00edvu prezent\u00e1cie<\/li>\n<li>V\u00fdber viariantov mot\u00edvov<\/li>\n<li>Form\u00e1tovanie textov &#8211; v\u00fdber typu, farby a ve\u013ekosti p\u00edsma<\/li>\n<li><span class=\"su-tooltip\" data-close=\"no\" data-behavior=\"hover\" data-my=\"bottom center\" data-at=\"top center\" data-classes=\"su-qtip qtip-bootstrap su-qtip-size-default qtip-rounded\" data-title=\"\" title=\"S\u00fa to grafick\u00e9 prvky, ktor\u00e9 umo\u017e\u0148uj\u00fa zobrazova\u0165 r\u00f4zne postupnosti, hierarchie, cykly a r\u00f4zne in\u00e9.\">Grafick\u00e9 prvky SmartArt [i]<\/span><\/li>\n<li>Prechody sn\u00edmok<\/li>\n<li><span class=\"su-tooltip\" data-close=\"no\" data-behavior=\"hover\" data-my=\"bottom center\" data-at=\"top center\" data-classes=\"su-qtip qtip-bootstrap su-qtip-size-default qtip-rounded\" data-title=\"\" title=\"Anim\u00e1icie umo\u017e\u0148uj\u00fa r\u00f4znym objektom, (ako s\u00fa napr\u00edklad texty alebo obr\u00e1zky) aby sa na \u017eelanie zobrazili, zv\u00fdraznili alebo napr\u00edklad zmizli.\">Jednoduch\u00e9 anim\u00e1cie [i]<\/span><\/li>\n<li>Sp\u00f4soby spustenia a \u010dasovanie prechodov a anim\u00e1ci\u00ed<\/li>\n<\/ul>\n\n\n\n<h3 style=\"margin-bottom: 0px;\">V\u00fdstup prezent\u00e1cie<\/h3>\n<ul><li>Prezentovanie prezent\u00e1cie<\/li>\n<li>Ukladanie a na\u010d\u00edtanie prezent\u00e1cie<\/li>\n<li>Tla\u010d prezent\u00e1cie<\/li>\n<\/ul>\n\n\n<div class=\"su-spoiler su-spoiler-style-fancy su-spoiler-icon-chevron roz-pole-kurz no-dis su-spoiler-closed\" data-anchor=\"ukazka-tvorby\" data-scroll-offset=\"0\" data-anchor-in-url=\"no\"><div class=\"su-spoiler-title\" tabindex=\"0\" role=\"button\"><span class=\"su-spoiler-icon\"><\/span>Uk\u00e1\u017eka tvorby na \u0161kolen\u00ed<\/div><div class=\"su-spoiler-content su-u-clearfix su-u-trim\">\nOspravedl\u0148ujeme sa, na obsahu akur\u00e1t pracujeme<br \/>\nPre viac inform\u00e1ci\u00ed n\u00e1s nev\u00e1hajte kontaktova\u0165<br \/>\n<\/div><\/div>\n\n\n\n<span id=\"course-info\"><\/span>\n\n\n<div class=\"su-tabs su-tabs-style-default su-tabs-mobile-stack tab-info text-blok\" data-active=\"1\" data-scroll-offset=\"0\" data-anchor-in-url=\"no\"><div class=\"su-tabs-nav\"><span class=\"\" data-anchor=\"informacie-o-skoleni\" data-url=\"\" data-target=\"self\" tabindex=\"0\" role=\"button\"><strong>Inform\u00e1cie o \u0161kolen\u00ed<\/strong><\/span><span class=\"\" data-anchor=\"vstupne-vedomosti\" data-url=\"#course-info\" data-target=\"self\" tabindex=\"0\" role=\"button\"><strong>Podporovan\u00e9 verzie programu<\/strong><\/span><span class=\"\" data-anchor=\"preberane-funkcie\" data-url=\"#course-info\" data-target=\"self\" tabindex=\"0\" role=\"button\"><strong>Odpor\u00fa\u010dan\u00e9 kurzy<\/strong><\/span><span class=\"\" data-anchor=\"vseobecne-informacie\" data-url=\"#course-info\" data-target=\"self\" tabindex=\"0\" role=\"button\"><strong>V\u0161eobecn\u00e9 inform\u00e1cie<\/strong><\/span><\/div><div class=\"su-tabs-panes\"><div class=\"su-tabs-pane su-u-clearfix su-u-trim\" data-title=\"&lt;strong&gt;Inform\u00e1cie o \u0161kolen\u00ed&lt;\/strong&gt;\">\n<strong>Cena:<\/strong> 80,00 \u20ac<br \/>\n<strong>D\u013a\u017eka trvania kurzu:<\/strong> 1 de\u0148<br \/>\n<strong>Celkov\u00fd po\u010det hod\u00edn:<\/strong> 5 hod\u00edn<br \/>\n<strong>Odpor\u00fa\u010dan\u00e9 minim\u00e1lne vstupn\u00e9 vedomosti:<\/strong> Z\u00e1kladn\u00e9 ovl\u00e1danie po\u010d\u00edta\u010da, pr\u00e1ca s prie\u010dinkami a s\u00fabormi.<br \/>\n<\/div>\n<div class=\"su-tabs-pane su-u-clearfix su-u-trim\" data-title=\"&lt;strong&gt;Podporovan\u00e9 verzie programu&lt;\/strong&gt;\">\nPowerPoint level 1 bude prezentovan\u00fd na verzii Microsoft 365. Vhodn\u00e9 verzie s\u00fa aj Office 365, MS Office 2019, MS Office 2016, MS Office 2013. Vo verzi\u00e1ch MS Office 2007 a 2010 sa m\u00f4\u017eu vyskytova\u0165 niektor\u00e9 rozdiely v porovnan\u00ed s nov\u0161\u00edmi, ako napr\u00edklad ch\u00fdbaj\u00face rozdelenie sn\u00edmok na sekcie. V pr\u00edpade star\u0161\u00edch verzi\u00ed odpor\u00fa\u010dame na t\u00fato skuto\u010dnos\u0165 upozorni\u0165 vopred.<br \/>\n<a href=\"https:\/\/edubeliso.eu\/sk\/difference-betwen-microsoft-365-and-office-2019\/\" target=\"_blank\" rel=\"noopener noreferrer\">Rozdiel medzi Microsoft 365 a Office 2019<\/a><br \/>\n<\/div>\n<div class=\"su-tabs-pane su-u-clearfix su-u-trim\" data-title=\"&lt;strong&gt;Odpor\u00fa\u010dan\u00e9 kurzy&lt;\/strong&gt;\">\n<strong>Pred kurzom:<\/strong><br \/>\n\u017diadne<br \/>\n<strong>Po kurze:<\/strong><br \/>\nPowerPoint level 2<br \/>\n<\/div>\n<div class=\"su-tabs-pane su-u-clearfix su-u-trim\" data-title=\"&lt;strong&gt;V\u0161eobecn\u00e9 inform\u00e1cie&lt;\/strong&gt;\">\n<div data-post-id='2426' class='insert-page insert-page-2426 '>\n<p>Pred samotn\u00fdm kurzom odpor\u00fa\u010dame prezrie\u0165 nasleduj\u00face \u010dl\u00e1nky:<br><a href=\"https:\/\/edubeliso.eu\/sk\/how-does-an-online-course-look-like\/\" target=\"_blank\" aria-label=\"undefined (otv\u00e1ra sa na novej karte)\" rel=\"noreferrer noopener\">Ako vyzer\u00e1 online kurz?<\/a><br><a href=\"https:\/\/edubeliso.eu\/sk\/how-to-join-an-online-course\/\" target=\"_blank\" aria-label=\"undefined (otv\u00e1ra sa na novej karte)\" rel=\"noreferrer noopener\">Ako sa pripoji\u0165 na online kurz?<\/a><\/p>\n<\/div>\n<\/div><\/div><\/div>\n\n\n\n<div class=\"wp-block-buttons is-layout-flex wp-block-buttons-is-layout-flex\">\n<div class=\"wp-block-button pdf-down-butt no-dis\"><a class=\"wp-block-button__link\">Inform\u00e1cie o kurze na stiahnutie v PDF<\/a><\/div>\n<\/div>\n\n\n\n<p><\/p>\n","protected":false},"excerpt":{"rendered":"<p>Tento kurz je orientovan\u00fd na z\u00e1ujemcov, ktor\u00ed sa chc\u00fa nau\u010di\u0165 tvori\u0165 prezent\u00e1cie v programe PowerPoint, ktor\u00fd sa stal neodmyslite\u013enou s\u00fa\u010das\u0165ou &hellip; <\/p>\n","protected":false},"author":2,"featured_media":0,"parent":698,"menu_order":0,"comment_status":"closed","ping_status":"closed","template":"","meta":{"_glsr_average":0,"_glsr_ranking":0,"_glsr_reviews":0,"footnotes":""},"class_list":["post-1095","page","type-page","status-publish","hentry"],"yoast_head":"<!-- This site is optimized with the Yoast SEO plugin v15.4 - https:\/\/yoast.com\/wordpress\/plugins\/seo\/ -->\n<title>EduBeliso - Kurz PowerPoint level 1 - za\u010diato\u010dn\u00edk<\/title>\n<meta name=\"description\" content=\"Obsahom kurzu je najm\u00e4 vysvetlenie tvorby prezent\u00e1cie, prid\u00e1vanie obr\u00e1zkov do prezent\u00e1cie, grafick\u00fd n\u00e1vrh prezent\u00e1cie.\" \/>\n<meta name=\"robots\" content=\"index, follow, max-snippet:-1, max-image-preview:large, max-video-preview:-1\" \/>\n<link rel=\"canonical\" href=\"https:\/\/edubeliso.eu\/sk\/office\/powerpoint\/powerpoint-level-1\/\" \/>\n<meta property=\"og:locale\" content=\"sk_SK\" \/>\n<meta property=\"og:type\" content=\"article\" \/>\n<meta property=\"og:title\" content=\"EduBeliso - Kurz PowerPoint level 1 - za\u010diato\u010dn\u00edk\" \/>\n<meta property=\"og:description\" content=\"Obsahom kurzu je najm\u00e4 vysvetlenie tvorby prezent\u00e1cie, prid\u00e1vanie obr\u00e1zkov do prezent\u00e1cie, grafick\u00fd n\u00e1vrh prezent\u00e1cie.\" \/>\n<meta property=\"og:url\" content=\"https:\/\/edubeliso.eu\/sk\/office\/powerpoint\/powerpoint-level-1\/\" \/>\n<meta property=\"og:site_name\" content=\"EduBeliso\" \/>\n<meta property=\"article:modified_time\" content=\"2022-12-05T13:27:46+00:00\" \/>\n<meta name=\"twitter:card\" content=\"summary_large_image\" \/>\n<meta name=\"twitter:label1\" content=\"Autor:\">\n\t<meta name=\"twitter:data1\" content=\"Peter Beli\u010dka\">\n\t<meta name=\"twitter:label2\" content=\"Est. reading time\">\n\t<meta name=\"twitter:data2\" content=\"2 min\u00faty\">\n<script type=\"application\/ld+json\" class=\"yoast-schema-graph\">{\"@context\":\"https:\/\/schema.org\",\"@graph\":[{\"@type\":\"WebSite\",\"@id\":\"https:\/\/edubeliso.eu\/sk\/#website\",\"url\":\"https:\/\/edubeliso.eu\/sk\/\",\"name\":\"EduBeliso\",\"description\":\"\",\"potentialAction\":[{\"@type\":\"SearchAction\",\"target\":\"https:\/\/edubeliso.eu\/sk\/?s={search_term_string}\",\"query-input\":\"required name=search_term_string\"}],\"inLanguage\":\"sk-SK\"},{\"@type\":\"WebPage\",\"@id\":\"https:\/\/edubeliso.eu\/sk\/office\/powerpoint\/powerpoint-level-1\/#webpage\",\"url\":\"https:\/\/edubeliso.eu\/sk\/office\/powerpoint\/powerpoint-level-1\/\",\"name\":\"EduBeliso - Kurz PowerPoint level 1 - za\\u010diato\\u010dn\\u00edk\",\"isPartOf\":{\"@id\":\"https:\/\/edubeliso.eu\/sk\/#website\"},\"datePublished\":\"2020-06-25T15:39:14+00:00\",\"dateModified\":\"2022-12-05T13:27:46+00:00\",\"description\":\"Obsahom kurzu je najm\\u00e4 vysvetlenie tvorby prezent\\u00e1cie, prid\\u00e1vanie obr\\u00e1zkov do prezent\\u00e1cie, grafick\\u00fd n\\u00e1vrh prezent\\u00e1cie.\",\"inLanguage\":\"sk-SK\",\"potentialAction\":[{\"@type\":\"ReadAction\",\"target\":[\"https:\/\/edubeliso.eu\/sk\/office\/powerpoint\/powerpoint-level-1\/\"]}]}]}<\/script>\n<!-- \/ Yoast SEO plugin. -->","_links":{"self":[{"href":"https:\/\/edubeliso.eu\/sk\/wp-json\/wp\/v2\/pages\/1095","targetHints":{"allow":["GET"]}}],"collection":[{"href":"https:\/\/edubeliso.eu\/sk\/wp-json\/wp\/v2\/pages"}],"about":[{"href":"https:\/\/edubeliso.eu\/sk\/wp-json\/wp\/v2\/types\/page"}],"author":[{"embeddable":true,"href":"https:\/\/edubeliso.eu\/sk\/wp-json\/wp\/v2\/users\/2"}],"replies":[{"embeddable":true,"href":"https:\/\/edubeliso.eu\/sk\/wp-json\/wp\/v2\/comments?post=1095"}],"version-history":[{"count":25,"href":"https:\/\/edubeliso.eu\/sk\/wp-json\/wp\/v2\/pages\/1095\/revisions"}],"predecessor-version":[{"id":2787,"href":"https:\/\/edubeliso.eu\/sk\/wp-json\/wp\/v2\/pages\/1095\/revisions\/2787"}],"up":[{"embeddable":true,"href":"https:\/\/edubeliso.eu\/sk\/wp-json\/wp\/v2\/pages\/698"}],"wp:attachment":[{"href":"https:\/\/edubeliso.eu\/sk\/wp-json\/wp\/v2\/media?parent=1095"}],"curies":[{"name":"wp","href":"https:\/\/api.w.org\/{rel}","templated":true}]}}