{"id":1124,"date":"2020-06-27T14:36:51","date_gmt":"2020-06-27T12:36:51","guid":{"rendered":"https:\/\/edubeliso.eu\/sk\/?page_id=1124"},"modified":"2023-02-20T12:43:49","modified_gmt":"2023-02-20T11:43:49","slug":"powerpoint-level-2","status":"publish","type":"page","link":"https:\/\/edubeliso.eu\/sk\/office\/powerpoint\/powerpoint-level-2\/","title":{"rendered":"PowerPoint level 2 &#8211; pokro\u010dil\u00fd"},"content":{"rendered":"\n<p>Tento kurz je priamym nasledovn\u00edkom kurzu PowerPoint level 1 &#8211; za\u010diato\u010dn\u00edk. Je vhodn\u00fd pre \u013eud\u00ed, ktor\u00ed prezentuj\u00fa pred ak\u00fdmko\u013evek publikom a chc\u00fa zabezpe\u010di\u0165 profesion\u00e1lny vzh\u013ead ich prezent\u00e1ci\u00ed. Jeho priebeh je venovan\u00fd pou\u017e\u00edvaniu pokro\u010dil\u00fdch n\u00e1strojov programu MS PowerPoint a to najm\u00e4 s tvorbou sn\u00edmiek a z\u00e1kladnou \u00fapravou sn\u00edmiek. Na kurze sa venujeme pou\u017e\u00edvaniu objektov, anim\u00e1ci\u00e1m, \u010dasovaniu sn\u00edmiek a samotn\u00e9mu prezentovaniu. Je predpokladan\u00e9, \u017ee \u00fa\u010dastn\u00edci tohto kurzu maj\u00fa predo\u0161l\u00e9 z\u00e1kladn\u00e9 sk\u00fasenosti s programom MS PowerPoint.<\/p>\n\n\n\n<h2 class=\"wp-block-heading\">Term\u00edny<\/h2>\n\n\n\n\n\n<p>Ak ste nena\u0161li term\u00edn, ktor\u00fd v\u00e1m vyhovuje, nev\u00e1hajte n\u00e1s kontaktova\u0165. Viac inform\u00e1ci\u00ed <a href=\"https:\/\/edubeliso.eu\/sk\/we-adjust-to-your-need\/\">n\u00e1jdete tu<\/a>.<\/p>\n\n\n\n<h2 class=\"wp-block-heading\">Osnovy<\/h2>\n\n\n\n<h3 style=\"margin-bottom: 0px;\">Opakovanie z\u00e1kladn\u00fdch techn\u00edk<\/h3>\n<ul><li>Vytvorenie sn\u00edmky, duplikovanie sn\u00edmky, odstra\u0148ovanie sn\u00edmky<\/li>\n<li>Form\u00e1tovanie textu &#8211; zmena typu, ve\u013ekosti a farby p\u00edsma<\/li><\/ul>\n\n\n\n<h3 style=\"margin-bottom: 0px;\">Tvorba obsahu<\/h3>\n<ul><li>Rady a nep\u00edsan\u00e9 pravidl\u00e1 tvorby prezent\u00e1ci\u00ed<\/li>\n<li>Pr\u00e1ca s rozlo\u017een\u00edm sn\u00edmky<\/li>\n<li>Pr\u00e1ca s textom a vytv\u00e1ranie vlastn\u00fdch textov\u00fdch pol\u00ed<\/li>\n<li>Viac\u00farov\u0148ov\u00e9 odr\u00e1\u017eky a \u010d\u00edslovanie<\/li>\n<\/ul>\n\n\n\n<h3 style=\"margin-bottom: 0px;\">Pr\u00e1ca s objektami<\/h3>\n<ul><li>Pr\u00e1ca s obr\u00e1zkami: vkladanie, \u00faprava, orez\u00e1vanie, komprimovanie, vizu\u00e1lne efekty<\/li>\n<li>Pr\u00e1ca s tvarmi: vkladanie, \u00faprava, forom\u00e1tovanie<\/li>\n<li>Usporiadanie, zoskupenie a umiestnenie objektov<\/li>\n<li>Pr\u00e1ca s grafmi a tabu\u013ekami, vkladanie tabu\u013ekov\u00e9ho h\u00e1rku Excelu<\/li>\n<li>Pr\u00e1ca so SmartArt prvkami<\/li>\n<\/ul>\n\n\n\n<h3 style=\"margin-bottom: 0px;\">Anim\u00e1cie a prechody<\/h3>\n<ul><li>Nastavenie efektu prechodu z jednej sn\u00edmky na druh\u00fa<\/li>\n<li>Nastavenie trvania prechodu<\/li>\n<li>Nastavenie \u010dasovania prechodu na \u010fal\u0161iu sn\u00edmku<\/li>\n<li>Animovanie objektov<\/li>\n<li>Typy anim\u00e1ci\u00ed: \u00favodn\u00e9, zv\u00fdraz\u0148ovacie, z\u00e1vere\u010dn\u00e9 a pohybov\u00e9<\/li>\n<li>Zmena anim\u00e1cie a pridanie anim\u00e1cie<\/li>\n<li>Tabla anim\u00e1ci\u00ed: postupnos\u0165 anim\u00e1ci\u00ed, \u010dasovanie a sp\u00f4sob spustenia anim\u00e1ci\u00ed<\/li>\n<li>Nastavenie efektu anim\u00e1cie<\/li>\n<li>Kombinovanie anim\u00e1ci\u00ed<\/li>\n<\/ul>\n\n\n\n<h3 style=\"margin-bottom: 0px;\">Prezentovanie prezent\u00e1cie<\/h3>\n<ul><li>Pou\u017e\u00edvanie pom\u00f4cok pri prezentovan\u00ed: pero, zv\u00fdraz\u0148ova\u010d, laserov\u00fd ukazovate\u013e<\/li>\n<li>Nastavenie vlastn\u00fdch prezent\u00e1ci\u00ed<\/li>\n<li>Kl\u00e1vesov\u00e9 skratky vhodn\u00e9 pri prezentovan\u00ed<\/li>\n<\/ul>\n\n\n\n<h3 style=\"margin-bottom: 0px;\">Nastavenie prezent\u00e1cie<\/h3>\n<ul><li>Ve\u013ekos\u0165 sn\u00edmky a pomer str\u00e1n sn\u00edmky<\/li>\n<li>Typ prezent\u00e1cie<\/li>\n<li>Cyklick\u00e9 opakovanie prezent\u00e1ci\u00ed a prezentovanie bez anim\u00e1ci\u00ed<\/li>\n<li>\u010casovanie prezent\u00e1cie<\/li>\n<li>Nastavenie zobrazenia pre prezentuj\u00faceho<\/li>\n<li>Prid\u00e1vanie koment\u00e1rov<\/li>\n<\/ul>\n\n\n<div class=\"su-spoiler su-spoiler-style-fancy su-spoiler-icon-chevron roz-pole-kurz no-dis su-spoiler-closed\" data-anchor=\"ukazka-tvorby\" data-scroll-offset=\"0\" data-anchor-in-url=\"no\"><div class=\"su-spoiler-title\" tabindex=\"0\" role=\"button\"><span class=\"su-spoiler-icon\"><\/span>Uk\u00e1\u017eka tvorby na \u0161kolen\u00ed<\/div><div class=\"su-spoiler-content su-u-clearfix su-u-trim\">\nBla, bla, bla<br \/>\n<\/div><\/div>\n\n\n\n<span id=\"course-info\"><\/span>\n\n\n<div class=\"su-tabs su-tabs-style-default su-tabs-mobile-stack tab-info text-blok\" data-active=\"1\" data-scroll-offset=\"0\" data-anchor-in-url=\"no\"><div class=\"su-tabs-nav\"><span class=\"\" data-anchor=\"informacie-o-skoleni\" data-url=\"\" data-target=\"self\" tabindex=\"0\" role=\"button\"><strong>Inform\u00e1cie o \u0161kolen\u00ed<\/strong><\/span><span class=\"\" data-anchor=\"vstupne-vedomosti\" data-url=\"#course-info\" data-target=\"self\" tabindex=\"0\" role=\"button\"><strong>Podporovan\u00e9 verzie programu<\/strong><\/span><span class=\"\" data-anchor=\"preberane-funkcie\" data-url=\"#course-info\" data-target=\"self\" tabindex=\"0\" role=\"button\"><strong>Odpor\u00fa\u010dan\u00e9 kurzy<\/strong><\/span><span class=\"\" data-anchor=\"vseobecne-informacie\" data-url=\"#course-info\" data-target=\"self\" tabindex=\"0\" role=\"button\"><strong>V\u0161eobecn\u00e9 inform\u00e1cie<\/strong><\/span><\/div><div class=\"su-tabs-panes\"><div class=\"su-tabs-pane su-u-clearfix su-u-trim\" data-title=\"&lt;strong&gt;Inform\u00e1cie o \u0161kolen\u00ed&lt;\/strong&gt;\">\n<strong>Cena:<\/strong> 95,00 \u20ac<br \/>\n<strong>D\u013a\u017eka trvania kurzu:<\/strong> 1 de\u0148<br \/>\n<strong>Celkov\u00fd po\u010det hod\u00edn:<\/strong> 5 hod\u00edn<br \/>\n<strong>Odpor\u00fa\u010dan\u00e9 minim\u00e1lne vstupn\u00e9 vedomosti:<\/strong> Z\u00e1kladn\u00e9 ovl\u00e1danie po\u010d\u00edta\u010da, pr\u00e1ca s prie\u010dinkami a s\u00fabormi. Z\u00e1kladn\u00e9 sk\u00fasenosti s programom PowerPoint (tvorba sn\u00edmiek, tvorba obsahu a z\u00e1kladn\u00e1 orient\u00e1cia v prostred\u00ed PowerPoint)<br \/>\n<\/div>\n<div class=\"su-tabs-pane su-u-clearfix su-u-trim\" data-title=\"&lt;strong&gt;Podporovan\u00e9 verzie programu&lt;\/strong&gt;\">\nPowerPoint level 2 bude prezentovan\u00fd na verzii Microsoft 365. Vhodn\u00e9 verzie s\u00fa aj Office 365, MS Office 2019, MS Office 2016, MS Office 2013. Vo verzi\u00e1ch MS Office 2007 a 2010 sa m\u00f4\u017eu vyskytova\u0165 niektor\u00e9 rozdiely v porovnan\u00ed s nov\u0161\u00edmi, ako napr\u00edklad ch\u00fdbaj\u00face rozdelenie sn\u00edmok na sekcie. V pr\u00edpade star\u0161\u00edch verzi\u00ed odpor\u00fa\u010dame na t\u00fato skuto\u010dnos\u0165 upozorni\u0165 vopred.<br \/>\n<a href=\"https:\/\/edubeliso.eu\/sk\/difference-betwen-microsoft-365-and-office-2019\/\" target=\"_blank\" rel=\"noopener noreferrer\">Rozdiel medzi Microsoft 365 a Office 2019<\/a><br \/>\n<\/div>\n<div class=\"su-tabs-pane su-u-clearfix su-u-trim\" data-title=\"&lt;strong&gt;Odpor\u00fa\u010dan\u00e9 kurzy&lt;\/strong&gt;\">\n<strong>Pred kurzom:<\/strong><br \/>\nPowerPoint level 1 &#8211; za\u010diato\u010dn\u00edk<br \/>\n<strong>Po kurze:<\/strong><br \/>\nExcel Grafy<br \/>\n<\/div>\n<div class=\"su-tabs-pane su-u-clearfix su-u-trim\" data-title=\"&lt;strong&gt;V\u0161eobecn\u00e9 inform\u00e1cie&lt;\/strong&gt;\">\n<div data-post-id='2426' class='insert-page insert-page-2426 '>\n<p>Pred samotn\u00fdm kurzom odpor\u00fa\u010dame prezrie\u0165 nasleduj\u00face \u010dl\u00e1nky:<br><a href=\"https:\/\/edubeliso.eu\/sk\/how-does-an-online-course-look-like\/\" target=\"_blank\" aria-label=\"undefined (otv\u00e1ra sa na novej karte)\" rel=\"noreferrer noopener\">Ako vyzer\u00e1 online kurz?<\/a><br><a href=\"https:\/\/edubeliso.eu\/sk\/how-to-join-an-online-course\/\" target=\"_blank\" aria-label=\"undefined (otv\u00e1ra sa na novej karte)\" rel=\"noreferrer noopener\">Ako sa pripoji\u0165 na online kurz?<\/a><\/p>\n<\/div>\n<\/div><\/div><\/div>\n\n\n\n<div class=\"wp-block-buttons is-layout-flex wp-block-buttons-is-layout-flex\">\n<div class=\"wp-block-button pdf-down-butt no-dis\"><a class=\"wp-block-button__link\">Inform\u00e1cie o kurze na stiahnutie v PDF<\/a><\/div>\n<\/div>\n\n\n<div class=\"glsr glsr-default\" id=\"glsr_ea75b854\" data-from='block' data-shortcode='site_reviews' data-assigned_posts='1124' data-hide='[&quot;title&quot;]'><div class=\"glsr-reviews-wrap\">\n    <div class=\"glsr-reviews\">\n        <div class=\"glsr-review\" data-type=\"local\" id=\"review-2810\" data-assigned='{\"assigned_posts\":[1124],\"assigned_terms\":[50]}'>\n    \n    <div class=\"glsr-review-rating\"><div class=\"glsr-star-rating glsr-stars\" data-rating=\"4\" data-reviews=\"0\">\n    <span class=\"screen-reader-text\">Rated <strong>4<\/strong> out of 5<\/span>\n    <span class=\"glsr-star glsr-star-full\" aria-hidden=\"true\"><\/span><span class=\"glsr-star glsr-star-full\" aria-hidden=\"true\"><\/span><span class=\"glsr-star glsr-star-full\" aria-hidden=\"true\"><\/span><span class=\"glsr-star glsr-star-full\" aria-hidden=\"true\"><\/span><span class=\"glsr-star glsr-star-empty\" aria-hidden=\"true\"><\/span>\n<\/div><\/div> <div class=\"glsr-review-date\"><span class=\"glsr-tag-value\">12. marca 2023<\/span><\/div>\n    <div class=\"glsr-review-assigned_links\"><span class=\"glsr-tag-value\">Review of <a href=\"https:\/\/edubeliso.eu\/sk\/office\/powerpoint\/powerpoint-level-2\/\">PowerPoint level 2 &#8211; pokro\u010dil\u00fd<\/a><\/span><\/div>\n    <div class=\"glsr-review-content\"><div class=\"glsr-tag-value\" data-expanded='false'><p>skolenie prebehlo velmi dobre v prospech veci, na ktore sme sa zamerali v ramci tvorby power pointovych prezentacii<\/p><\/div><\/div>\n     <div class=\"glsr-review-author\"><span class=\"glsr-tag-value\">Viktor Bojsa<\/span><\/div> \n    \n<\/div>\n<div class=\"glsr-review\" data-type=\"local\" id=\"review-2802\" data-assigned='{\"assigned_posts\":[1124],\"assigned_terms\":[50]}'>\n    \n    <div class=\"glsr-review-rating\"><div class=\"glsr-star-rating glsr-stars\" data-rating=\"5\" data-reviews=\"0\">\n    <span class=\"screen-reader-text\">Rated <strong>5<\/strong> out of 5<\/span>\n    <span class=\"glsr-star glsr-star-full\" aria-hidden=\"true\"><\/span><span class=\"glsr-star glsr-star-full\" aria-hidden=\"true\"><\/span><span class=\"glsr-star glsr-star-full\" aria-hidden=\"true\"><\/span><span class=\"glsr-star glsr-star-full\" aria-hidden=\"true\"><\/span><span class=\"glsr-star glsr-star-full\" aria-hidden=\"true\"><\/span>\n<\/div><\/div> <div class=\"glsr-review-date\"><span class=\"glsr-tag-value\">20. febru\u00e1ra 2023<\/span><\/div>\n    <div class=\"glsr-review-assigned_links\"><span class=\"glsr-tag-value\">Review of <a href=\"https:\/\/edubeliso.eu\/sk\/office\/powerpoint\/powerpoint-level-2\/\">PowerPoint level 2 &#8211; pokro\u010dil\u00fd<\/a><\/span><\/div>\n    <div class=\"glsr-review-content\"><div class=\"glsr-tag-value\" data-expanded='false'><p>vyborny skoleitel, ktori vie zaujat a pomoct ako zefektivnit pracu s PPT<\/p><\/div><\/div>\n     <div class=\"glsr-review-author\"><span class=\"glsr-tag-value\">Ivana<\/span><\/div> \n    \n<\/div>\n<div class=\"glsr-review\" data-type=\"local\" id=\"review-2801\" data-assigned='{\"assigned_posts\":[1124],\"assigned_terms\":[50]}'>\n    \n    <div class=\"glsr-review-rating\"><div class=\"glsr-star-rating glsr-stars\" data-rating=\"5\" data-reviews=\"0\">\n    <span class=\"screen-reader-text\">Rated <strong>5<\/strong> out of 5<\/span>\n    <span class=\"glsr-star glsr-star-full\" aria-hidden=\"true\"><\/span><span class=\"glsr-star glsr-star-full\" aria-hidden=\"true\"><\/span><span class=\"glsr-star glsr-star-full\" aria-hidden=\"true\"><\/span><span class=\"glsr-star glsr-star-full\" aria-hidden=\"true\"><\/span><span class=\"glsr-star glsr-star-full\" aria-hidden=\"true\"><\/span>\n<\/div><\/div> <div class=\"glsr-review-date\"><span class=\"glsr-tag-value\">20. febru\u00e1ra 2023<\/span><\/div>\n    <div class=\"glsr-review-assigned_links\"><span class=\"glsr-tag-value\">Review of <a href=\"https:\/\/edubeliso.eu\/sk\/office\/powerpoint\/powerpoint-level-2\/\">PowerPoint level 2 &#8211; pokro\u010dil\u00fd<\/a><\/span><\/div>\n    <div class=\"glsr-review-content\"><div class=\"glsr-tag-value\" data-expanded='false'><p>\u0160kolenie od Pe\u0165a Beli\u010d\u00e1ka bolo ve\u013emi fajn. \u0160kolite\u013e pohodov\u00fd a \u00fastretov\u00fd. Rie\u0161il t\u00e9my, ktor\u00e9 sme potrebovali, \u0161kolenie \u0161it\u00e9 na mieru. Promptne reagoval aj na konkr\u00e9tne veci priamo na \u0161kolen\u00ed, pod\u013ea potrieb \u00fa\u010dastn\u00edkov. \u0160kolenie hodnot\u00edm ako ve\u013emi dobr\u00e9.<\/p><\/div><\/div>\n     <div class=\"glsr-review-author\"><span class=\"glsr-tag-value\">Gabi Hricov\u00e1<\/span><\/div> \n    \n<\/div>\n<div class=\"glsr-review\" data-type=\"local\" id=\"review-2800\" data-assigned='{\"assigned_posts\":[1124],\"assigned_terms\":[50]}'>\n    \n    <div class=\"glsr-review-rating\"><div class=\"glsr-star-rating glsr-stars\" data-rating=\"5\" data-reviews=\"0\">\n    <span class=\"screen-reader-text\">Rated <strong>5<\/strong> out of 5<\/span>\n    <span class=\"glsr-star glsr-star-full\" aria-hidden=\"true\"><\/span><span class=\"glsr-star glsr-star-full\" aria-hidden=\"true\"><\/span><span class=\"glsr-star glsr-star-full\" aria-hidden=\"true\"><\/span><span class=\"glsr-star glsr-star-full\" aria-hidden=\"true\"><\/span><span class=\"glsr-star glsr-star-full\" aria-hidden=\"true\"><\/span>\n<\/div><\/div> <div class=\"glsr-review-date\"><span class=\"glsr-tag-value\">20. febru\u00e1ra 2023<\/span><\/div>\n    <div class=\"glsr-review-assigned_links\"><span class=\"glsr-tag-value\">Review of <a href=\"https:\/\/edubeliso.eu\/sk\/office\/powerpoint\/powerpoint-level-2\/\">PowerPoint level 2 &#8211; pokro\u010dil\u00fd<\/a><\/span><\/div>\n    <div class=\"glsr-review-content\"><div class=\"glsr-tag-value\" data-expanded='false'><p>Skvele skolenie, s obrovsk\u00fdm pr\u00ednosom pre pracu s Powerpointom. Netu\u0161il som \u017ee powerpoint ma tolko funkcii,ktor\u00e9 doka\u017eu urobi\u0165 prezent\u00e1ciu atrakt\u00edvnou a profesionalnou. Osobitne odce\u0148ujem pr\u00edstup \u0161kolite\u013ea, ktor\u00fd prisp\u00f4sobil obsah \u0161kolenia potreb\u00e1m marketingov\u00e9ho teamu.<\/p><\/div><\/div>\n     <div class=\"glsr-review-author\"><span class=\"glsr-tag-value\">Milan Privara (Viatris Slovakia s.r.o.)<\/span><\/div> \n    \n<\/div>\n    <\/div>\n    \n<\/div><\/div>","protected":false},"excerpt":{"rendered":"<p>Tento kurz je priamym nasledovn\u00edkom kurzu PowerPoint level 1 &#8211; za\u010diato\u010dn\u00edk. Je vhodn\u00fd pre \u013eud\u00ed, ktor\u00ed prezentuj\u00fa pred ak\u00fdmko\u013evek publikom &hellip; <\/p>\n","protected":false},"author":2,"featured_media":0,"parent":698,"menu_order":0,"comment_status":"closed","ping_status":"closed","template":"","meta":{"_glsr_average":4.8,"_glsr_ranking":3.8714285714286,"_glsr_reviews":4,"footnotes":""},"class_list":["post-1124","page","type-page","status-publish","hentry"],"yoast_head":"<!-- This site is optimized with the Yoast SEO plugin v15.4 - https:\/\/yoast.com\/wordpress\/plugins\/seo\/ -->\n<title>EduBeliso - Kurz PowerPoint level 2 - pokro\u010dil\u00fd<\/title>\n<meta name=\"description\" content=\"Priebeh kurzu je venovan\u00fd pou\u017e\u00edvaniu pokro\u010dil\u00fdch n\u00e1strojov programu PowerPoint a to najm\u00e4 pou\u017e\u00edvaniu objektov, anim\u00e1ci\u00ed, prechodov, \u010dasovania a \u010fal\u0161\u00edch.\" \/>\n<meta name=\"robots\" content=\"index, follow, max-snippet:-1, max-image-preview:large, max-video-preview:-1\" \/>\n<link rel=\"canonical\" href=\"https:\/\/edubeliso.eu\/sk\/office\/powerpoint\/powerpoint-level-2\/\" \/>\n<meta property=\"og:locale\" content=\"sk_SK\" \/>\n<meta property=\"og:type\" content=\"article\" \/>\n<meta property=\"og:title\" content=\"EduBeliso - Kurz PowerPoint level 2 - pokro\u010dil\u00fd\" \/>\n<meta property=\"og:description\" content=\"Priebeh kurzu je venovan\u00fd pou\u017e\u00edvaniu pokro\u010dil\u00fdch n\u00e1strojov programu PowerPoint a to najm\u00e4 pou\u017e\u00edvaniu objektov, anim\u00e1ci\u00ed, prechodov, \u010dasovania a \u010fal\u0161\u00edch.\" \/>\n<meta property=\"og:url\" content=\"https:\/\/edubeliso.eu\/sk\/office\/powerpoint\/powerpoint-level-2\/\" \/>\n<meta property=\"og:site_name\" content=\"EduBeliso\" \/>\n<meta property=\"article:modified_time\" content=\"2023-02-20T11:43:49+00:00\" \/>\n<meta name=\"twitter:card\" content=\"summary_large_image\" \/>\n<meta name=\"twitter:label1\" content=\"Autor:\">\n\t<meta name=\"twitter:data1\" content=\"Peter Beli\u010dka\">\n\t<meta name=\"twitter:label2\" content=\"Est. reading time\">\n\t<meta name=\"twitter:data2\" content=\"3 min\u00faty\">\n<script type=\"application\/ld+json\" class=\"yoast-schema-graph\">{\"@context\":\"https:\/\/schema.org\",\"@graph\":[{\"@type\":\"WebSite\",\"@id\":\"https:\/\/edubeliso.eu\/sk\/#website\",\"url\":\"https:\/\/edubeliso.eu\/sk\/\",\"name\":\"EduBeliso\",\"description\":\"\",\"potentialAction\":[{\"@type\":\"SearchAction\",\"target\":\"https:\/\/edubeliso.eu\/sk\/?s={search_term_string}\",\"query-input\":\"required name=search_term_string\"}],\"inLanguage\":\"sk-SK\"},{\"@type\":\"WebPage\",\"@id\":\"https:\/\/edubeliso.eu\/sk\/office\/powerpoint\/powerpoint-level-2\/#webpage\",\"url\":\"https:\/\/edubeliso.eu\/sk\/office\/powerpoint\/powerpoint-level-2\/\",\"name\":\"EduBeliso - Kurz PowerPoint level 2 - pokro\\u010dil\\u00fd\",\"isPartOf\":{\"@id\":\"https:\/\/edubeliso.eu\/sk\/#website\"},\"datePublished\":\"2020-06-27T12:36:51+00:00\",\"dateModified\":\"2023-02-20T11:43:49+00:00\",\"description\":\"Priebeh kurzu je venovan\\u00fd pou\\u017e\\u00edvaniu pokro\\u010dil\\u00fdch n\\u00e1strojov programu PowerPoint a to najm\\u00e4 pou\\u017e\\u00edvaniu objektov, anim\\u00e1ci\\u00ed, prechodov, \\u010dasovania a \\u010fal\\u0161\\u00edch.\",\"inLanguage\":\"sk-SK\",\"potentialAction\":[{\"@type\":\"ReadAction\",\"target\":[\"https:\/\/edubeliso.eu\/sk\/office\/powerpoint\/powerpoint-level-2\/\"]}]}]}<\/script>\n<!-- \/ Yoast SEO plugin. -->","_links":{"self":[{"href":"https:\/\/edubeliso.eu\/sk\/wp-json\/wp\/v2\/pages\/1124","targetHints":{"allow":["GET"]}}],"collection":[{"href":"https:\/\/edubeliso.eu\/sk\/wp-json\/wp\/v2\/pages"}],"about":[{"href":"https:\/\/edubeliso.eu\/sk\/wp-json\/wp\/v2\/types\/page"}],"author":[{"embeddable":true,"href":"https:\/\/edubeliso.eu\/sk\/wp-json\/wp\/v2\/users\/2"}],"replies":[{"embeddable":true,"href":"https:\/\/edubeliso.eu\/sk\/wp-json\/wp\/v2\/comments?post=1124"}],"version-history":[{"count":20,"href":"https:\/\/edubeliso.eu\/sk\/wp-json\/wp\/v2\/pages\/1124\/revisions"}],"predecessor-version":[{"id":2807,"href":"https:\/\/edubeliso.eu\/sk\/wp-json\/wp\/v2\/pages\/1124\/revisions\/2807"}],"up":[{"embeddable":true,"href":"https:\/\/edubeliso.eu\/sk\/wp-json\/wp\/v2\/pages\/698"}],"wp:attachment":[{"href":"https:\/\/edubeliso.eu\/sk\/wp-json\/wp\/v2\/media?parent=1124"}],"curies":[{"name":"wp","href":"https:\/\/api.w.org\/{rel}","templated":true}]}}