{"id":1171,"date":"2020-07-16T23:22:00","date_gmt":"2020-07-16T21:22:00","guid":{"rendered":"https:\/\/edubeliso.eu\/sk\/?page_id=1171"},"modified":"2023-05-01T12:26:48","modified_gmt":"2023-05-01T10:26:48","slug":"contact","status":"publish","type":"page","link":"https:\/\/edubeliso.eu\/sk\/contact\/","title":{"rendered":"Kontakt"},"content":{"rendered":"\n<div class=\"wpcf7 no-js\" id=\"wpcf7-f2217-o1\" lang=\"sk-SK\" dir=\"ltr\">\n<div class=\"screen-reader-response\"><p role=\"status\" aria-live=\"polite\" aria-atomic=\"true\"><\/p> <ul><\/ul><\/div>\n<form action=\"\/sk\/wp-json\/wp\/v2\/pages\/1171#wpcf7-f2217-o1\" method=\"post\" class=\"wpcf7-form init\" aria-label=\"Contact form\" novalidate=\"novalidate\" data-status=\"init\">\n<div style=\"display: none;\">\n<input type=\"hidden\" name=\"_wpcf7\" value=\"2217\" \/>\n<input type=\"hidden\" name=\"_wpcf7_version\" value=\"5.7.4\" \/>\n<input type=\"hidden\" name=\"_wpcf7_locale\" value=\"sk_SK\" \/>\n<input type=\"hidden\" name=\"_wpcf7_unit_tag\" value=\"wpcf7-f2217-o1\" \/>\n<input type=\"hidden\" name=\"_wpcf7_container_post\" value=\"0\" \/>\n<input type=\"hidden\" name=\"_wpcf7_posted_data_hash\" value=\"\" \/>\n<input type=\"hidden\" name=\"lang\" value=\"sk\" \/>\n<\/div>\n<p><label> Va\u0161e meno<br \/>\n<span class=\"wpcf7-form-control-wrap\" data-name=\"your-name\"><input size=\"32\" class=\"wpcf7-form-control wpcf7-text\" aria-invalid=\"false\" value=\"\" type=\"text\" name=\"your-name\" \/><\/span> <\/label>\n<\/p>\n<p><label> V\u00e1\u0161 email (povinn\u00e9)<br \/>\n<span class=\"wpcf7-form-control-wrap\" data-name=\"your-email\"><input size=\"32\" class=\"wpcf7-form-control wpcf7-text wpcf7-email wpcf7-validates-as-required wpcf7-validates-as-email\" aria-required=\"true\" aria-invalid=\"false\" value=\"\" type=\"email\" name=\"your-email\" \/><\/span> <\/label>\n<\/p>\n<p><label> Predmet<br \/>\n<span class=\"wpcf7-form-control-wrap\" data-name=\"your-subject\"><input size=\"32\" class=\"wpcf7-form-control wpcf7-text\" aria-invalid=\"false\" value=\"\" type=\"text\" name=\"your-subject\" \/><\/span> <\/label>\n<\/p>\n<p><label> Va\u0161a spr\u00e1va<br \/>\n<span class=\"wpcf7-form-control-wrap\" data-name=\"your-message\"><textarea cols=\"40\" rows=\"10\" class=\"wpcf7-form-control wpcf7-textarea\" aria-invalid=\"false\" name=\"your-message\"><\/textarea><\/span> <\/label>\n<\/p>\n<p><input class=\"wpcf7-form-control has-spinner wpcf7-submit\" type=\"submit\" value=\"Odosla\u0165\" \/>\n<\/p><div class=\"wpcf7-response-output\" aria-hidden=\"true\"><\/div>\n<\/form>\n<\/div>\n\n\n\n\n<hr class=\"wp-block-separator has-css-opacity\"\/>\n\n\n\n<p>Telef\u00f3n: <a href=\"tel:+421904042919\">+421 904 042 919<\/a><br>Email: <a href=\"mailto:edubeliso@edubeliso.eu\">edubeliso@edubeliso.eu<\/a><br>Facebook: <a href=\"https:\/\/www.facebook.com\/EduBeliso\" target=\"_blank\" aria-label=\"undefined (otv\u00e1ra sa na novej karte)\" rel=\"noreferrer noopener\">@EduBeliso<\/a><br>LinkedIn: <a href=\"https:\/\/www.linkedin.com\/company\/edubeliso\" target=\"_blank\" aria-label=\"undefined (otv\u00e1ra sa na novej karte)\" rel=\"noreferrer noopener\">@EduBeliso<\/a><\/p>\n\n\n\n<p>Bankov\u00fd \u00fa\u010det (Slovensk\u00e1 sporite\u013e\u0148a):<br>SK04 0900 0000 0051 7143 0868<\/p>\n\n\n\n<p>Prev\u00e1dzkovate\u013e:<br>Ing. Peter Beli\u010dka &#8211; EduBeliso<br>I\u010cO: 53 148 487<br>DI\u010c: 1084599087<\/p>\n","protected":false},"excerpt":{"rendered":"<p>Telef\u00f3n: +421 904 042 919Email: edubeliso@edubeliso.euFacebook: @EduBelisoLinkedIn: @EduBeliso Bankov\u00fd \u00fa\u010det (Slovensk\u00e1 sporite\u013e\u0148a):SK04 0900 0000 0051 7143 0868 Prev\u00e1dzkovate\u013e:Ing. Peter Beli\u010dka &hellip; <\/p>\n","protected":false},"author":2,"featured_media":0,"parent":0,"menu_order":0,"comment_status":"closed","ping_status":"closed","template":"","meta":{"_glsr_average":0,"_glsr_ranking":0,"_glsr_reviews":0,"footnotes":""},"class_list":["post-1171","page","type-page","status-publish","hentry"],"yoast_head":"<!-- This site is optimized with the Yoast SEO plugin v15.4 - https:\/\/yoast.com\/wordpress\/plugins\/seo\/ -->\n<title>EduBeliso - Kontakt<\/title>\n<meta name=\"description\" content=\"Nev\u00e1hajte n\u00e1s kontaktova\u0165, konakt na EduBeliso n\u00e1jdete na nasleduj\u00facej str\u00e1nke.\" \/>\n<meta name=\"robots\" content=\"index, follow, max-snippet:-1, max-image-preview:large, max-video-preview:-1\" \/>\n<link rel=\"canonical\" href=\"https:\/\/edubeliso.eu\/sk\/contact\/\" \/>\n<meta property=\"og:locale\" content=\"sk_SK\" \/>\n<meta property=\"og:type\" content=\"article\" \/>\n<meta property=\"og:title\" content=\"Kontakt\" \/>\n<meta property=\"og:description\" content=\"Nev\u00e1hajte n\u00e1s kontaktova\u0165, konakt na EduBeliso n\u00e1jdete na nasleduj\u00facej str\u00e1nke.\" \/>\n<meta property=\"og:url\" content=\"https:\/\/edubeliso.eu\/sk\/contact\/\" \/>\n<meta property=\"og:site_name\" content=\"EduBeliso\" \/>\n<meta property=\"article:modified_time\" content=\"2023-05-01T10:26:48+00:00\" \/>\n<meta name=\"twitter:card\" content=\"summary_large_image\" \/>\n<meta name=\"twitter:label1\" content=\"Autor:\">\n\t<meta name=\"twitter:data1\" content=\"Peter Beli\u010dka\">\n\t<meta name=\"twitter:label2\" content=\"Est. reading time\">\n\t<meta name=\"twitter:data2\" content=\"0 min\u00fat\">\n<script type=\"application\/ld+json\" class=\"yoast-schema-graph\">{\"@context\":\"https:\/\/schema.org\",\"@graph\":[{\"@type\":\"WebSite\",\"@id\":\"https:\/\/edubeliso.eu\/sk\/#website\",\"url\":\"https:\/\/edubeliso.eu\/sk\/\",\"name\":\"EduBeliso\",\"description\":\"\",\"potentialAction\":[{\"@type\":\"SearchAction\",\"target\":\"https:\/\/edubeliso.eu\/sk\/?s={search_term_string}\",\"query-input\":\"required name=search_term_string\"}],\"inLanguage\":\"sk-SK\"},{\"@type\":\"WebPage\",\"@id\":\"https:\/\/edubeliso.eu\/sk\/contact\/#webpage\",\"url\":\"https:\/\/edubeliso.eu\/sk\/contact\/\",\"name\":\"EduBeliso - [:sk]Kontakt[:en]Contact[:]\",\"isPartOf\":{\"@id\":\"https:\/\/edubeliso.eu\/sk\/#website\"},\"datePublished\":\"2020-07-16T21:22:00+00:00\",\"dateModified\":\"2023-05-01T10:26:48+00:00\",\"description\":\"Nev\\u00e1hajte n\\u00e1s kontaktova\\u0165, konakt na EduBeliso n\\u00e1jdete na nasleduj\\u00facej str\\u00e1nke.\",\"inLanguage\":\"sk-SK\",\"potentialAction\":[{\"@type\":\"ReadAction\",\"target\":[\"https:\/\/edubeliso.eu\/sk\/contact\/\"]}]}]}<\/script>\n<!-- \/ Yoast SEO plugin. -->","_links":{"self":[{"href":"https:\/\/edubeliso.eu\/sk\/wp-json\/wp\/v2\/pages\/1171","targetHints":{"allow":["GET"]}}],"collection":[{"href":"https:\/\/edubeliso.eu\/sk\/wp-json\/wp\/v2\/pages"}],"about":[{"href":"https:\/\/edubeliso.eu\/sk\/wp-json\/wp\/v2\/types\/page"}],"author":[{"embeddable":true,"href":"https:\/\/edubeliso.eu\/sk\/wp-json\/wp\/v2\/users\/2"}],"replies":[{"embeddable":true,"href":"https:\/\/edubeliso.eu\/sk\/wp-json\/wp\/v2\/comments?post=1171"}],"version-history":[{"count":25,"href":"https:\/\/edubeliso.eu\/sk\/wp-json\/wp\/v2\/pages\/1171\/revisions"}],"predecessor-version":[{"id":2857,"href":"https:\/\/edubeliso.eu\/sk\/wp-json\/wp\/v2\/pages\/1171\/revisions\/2857"}],"wp:attachment":[{"href":"https:\/\/edubeliso.eu\/sk\/wp-json\/wp\/v2\/media?parent=1171"}],"curies":[{"name":"wp","href":"https:\/\/api.w.org\/{rel}","templated":true}]}}