{"id":1181,"date":"2020-06-29T23:40:32","date_gmt":"2020-06-29T21:40:32","guid":{"rendered":"https:\/\/edubeliso.eu\/sk\/?page_id=1181"},"modified":"2023-10-28T15:59:36","modified_gmt":"2023-10-28T13:59:36","slug":"outlook-level-1","status":"publish","type":"page","link":"https:\/\/edubeliso.eu\/sk\/office\/outlook\/outlook-level-1\/","title":{"rendered":"Outlook level 1 &#8211; za\u010diato\u010dn\u00edk"},"content":{"rendered":"\n<p>Tento kurz je sa venuje z\u00e1kladom pou\u017e\u00edvania po\u0161tov\u00e9ho klienta MS Outlook. Je vhodn\u00fd najm\u00e4 pre \u013eud\u00ed, ktor\u00ed nemaj\u00fa sk\u00fasenosti s pr\u00e1cou s&nbsp;emailmi. Na kurze sa za\u010d\u00edna od absol\u00fatnych z\u00e1kladov a&nbsp;to vysvetlenie \u010do s\u00fa emaily, ako ich posiela\u0165 a&nbsp;prij\u00edma\u0165. Kurz prebieha pomal\u0161\u00edm tempom, ktor\u00e9 je prisp\u00f4soben\u00e9 pre za\u010diato\u010dn\u00edkov. Na absolvovanie kurzu by mal \u00fa\u010dastn\u00edk ovl\u00e1da\u0165 najm\u00e4 be\u017en\u00fa pr\u00e1cu s&nbsp;po\u010d\u00edta\u010dom. Predo\u0161l\u00e9 sk\u00fasenosti s in\u00fdm po\u0161tov\u00fdm klientom s\u00fa v\u00edtan\u00e9 ale nie s\u00fa potrebn\u00e9. Podobne sk\u00fasenosti s programami MS Office s\u00fa v\u00fdhodou.<\/p>\n\n\n\n<h2 class=\"wp-block-heading\">Osnovy<\/h2>\n\n\n\n<h3 class=\"hlavny-bod-osnova\">MS Outlook a jeho postavenie v MS Office<\/h3>\n<ul><li>Alternat\u00edvne bal\u00edky a po\u0161tov\u00e9 klienty<\/li>\n<li>V\u00fdznam \u010fal\u0161\u00edch aplik\u00e1ci\u00ed MS Office<\/li>\n<li>Porovnanie verzi\u00ed a licenci\u00ed MS Office<\/li><\/ul>\n\n\n\n<h3 class=\"hlavny-bod-osnova\">Po\u0161ta<\/h3>\n<ul><li>Vysvetlenie pojmu emailov\u00e1 schr\u00e1nka<\/li>\n<li>Prie\u010dinky v schr\u00e1nke<\/li>\n<li>Prij\u00edmanie a odosielanie po\u0161ty<\/li>\n<li>Odstra\u0148ovanie po\u0161ty<\/li>\n<li>Prie\u010dinok k\u00f4\u0161 &#8211; odstr\u00e1nen\u00e9 polo\u017eky<\/li>\n<li>Pres\u00favanie po\u0161ty v prie\u010dinkoch, pou\u017e\u00edvanie arch\u00edvneho prie\u010dinku<\/li>\n<li><span class=\"su-tooltip\" data-close=\"no\" data-behavior=\"hover\" data-my=\"bottom center\" data-at=\"top center\" data-classes=\"su-qtip qtip-bootstrap su-qtip-size-default qtip-rounded\" data-title=\"\" title=\"Ide o druh spr\u00e1v, ktor\u00e9 s\u00fa pre pou\u017e\u00edvate\u013ea ne\u017eiadan\u00e9. Napr.: reklamn\u00e9 spr\u00e1vy, podvodn\u00e9 spr\u00e1vy a pod.\">Spamov\u00e1 po\u0161ta \ud83d\udec8<\/span><\/li>\n<li>Vyh\u013ead\u00e1vanie po\u0161ty &#8211; pod\u013ea prij\u00edmate\u013ea, odosielate\u013ea a pod\u013ea k\u013e\u00fa\u010dov\u00fdch slov<\/li>\n<\/ul>\n\n\n\n<h3 class=\"hlavny-bod-osnova\">Nov\u00fd email &#8211; odosielanie po\u0161ty<\/h3>\n<ul><li>Z\u00e1kladn\u00e9 polia: Od, Komu, K\u00f3pia, Predmet<\/li>\n<li>Telo spr\u00e1vy<\/li>\n<li>Odosielanie viacer\u00fdm adres\u00e1tom<\/li>\n<li>Prikladanie pr\u00edlohy (dokumentov, obr\u00e1zkov a pod.)<\/li>\n<li>Odosielanie viacer\u00fdm adres\u00e1tom<\/li>\n<li>Z\u00e1kladn\u00e9 form\u00e1tovanie textu<\/li>\n<li>Ulo\u017eenie ako koncept (rozp\u00edsan\u00e1 spr\u00e1va)<\/li>\n<\/ul>\n\n\n\n<h3 class=\"hlavny-bod-osnova\">Doru\u010den\u00e1 po\u0161ta &#8211; prij\u00edmanie po\u0161ty<\/h3>\n<ul><li>\u010c\u00edtanie spr\u00e1vy<\/li>\n<li>Otv\u00e1ranie pr\u00edlohy<\/li>\n<li>Odpoveda\u0165 na spr\u00e1vu, preposla\u0165 po\u0161tu<\/li>\n<li>Ozna\u010denie ako pre\u010d\u00edtan\u00e9\/nepre\u010d\u00edtan\u00e9<\/li>\n<li>R\u00f4zne sp\u00f4soby zobrazenia zoznamu spr\u00e1v a otvorenej spr\u00e1vy<\/li>\n<\/ul>\n\n\n\n<h3 class=\"hlavny-bod-osnova\">Kontakty<\/h3>\n<ul><li>Prid\u00e1vanie kontaktov<\/li>\n<li>H\u013eadanie kontaktu<\/li>\n<li>Posielanie po\u0161ty kontaktu<\/li>\n<li>\u00daprava \u00fadajov kontaktu<\/li>\n<li>Odstr\u00e1nenie kontaktu<\/li>\n<li>Tvorba distribu\u010dn\u00fdch zoznamov &#8211; skup\u00edn<\/li>\n<\/ul>\n\n\n\n<h3 class=\"hlavny-bod-osnova\">\u010eal\u0161ie mo\u017enosti programu MS Outlook<\/h3>\n<ul><li>Podpisovanie spr\u00e1v &#8211; automatick\u00fd podpis<\/li>\n<li>Pou\u017e\u00edvanie kalend\u00e1ra: Vytvorenie jednorazovej a opakovanej pl\u00e1novanej \u010dinnosti, zmena zobrazenia kalend\u00e1ra<\/li>\n<li>Pou\u017e\u00edvanie pozn\u00e1mok<\/li>\n<li>Preh\u013ead Outlook dnes<\/li>\n<\/ul>\n\n\n\n<span id=\"course-info\"><\/span>\n\n\n<div class=\"su-tabs su-tabs-style-default su-tabs-mobile-stack tab-info text-blok\" data-active=\"1\" data-scroll-offset=\"0\" data-anchor-in-url=\"no\"><div class=\"su-tabs-nav\"><span class=\"\" data-anchor=\"informacie-o-skoleni\" data-url=\"\" data-target=\"self\" tabindex=\"0\" role=\"button\"><strong>Inform\u00e1cie o \u0161kolen\u00ed<\/strong><\/span><span class=\"\" data-anchor=\"vstupne-vedomosti\" data-url=\"#course-info\" data-target=\"self\" tabindex=\"0\" role=\"button\"><strong>Podporovan\u00e9 verzie programu<\/strong><\/span><span class=\"\" data-anchor=\"preberane-funkcie\" data-url=\"#course-info\" data-target=\"self\" tabindex=\"0\" role=\"button\"><strong>Odpor\u00fa\u010dan\u00e9 kurzy<\/strong><\/span><span class=\"\" data-anchor=\"vseobecne-informacie\" data-url=\"#course-info\" data-target=\"self\" tabindex=\"0\" role=\"button\"><strong>V\u0161eobecn\u00e9 inform\u00e1cie<\/strong><\/span><\/div><div class=\"su-tabs-panes\"><div class=\"su-tabs-pane su-u-clearfix su-u-trim\" data-title=\"&lt;strong&gt;Inform\u00e1cie o \u0161kolen\u00ed&lt;\/strong&gt;\">\n<strong>Cena:<\/strong> 80,00 \u20ac<br \/>\n<strong>D\u013a\u017eka trvania kurzu:<\/strong> 1 de\u0148<br \/>\n<strong>Celkov\u00fd po\u010det hod\u00edn:<\/strong> 5 hod\u00edn<br \/>\n<strong>Odpor\u00fa\u010dan\u00e9 minim\u00e1lne vstupn\u00e9 vedomosti:<\/strong> Z\u00e1kladn\u00e9 ovl\u00e1danie po\u010d\u00edta\u010da, pr\u00e1ca s prie\u010dinkami a s\u00fabormi.<br \/>\n<\/div>\n<div class=\"su-tabs-pane su-u-clearfix su-u-trim\" data-title=\"&lt;strong&gt;Podporovan\u00e9 verzie programu&lt;\/strong&gt;\">\nOutlook level 1 bude prezentovan\u00fd na verzii Microsoft 365. Vhodn\u00e9 verzie s\u00fa aj Office 365, MS Office 2019, MS Office 2016, MS Office 2013. Vo verzi\u00e1ch MS Office 2007 a 2010 sa pri pr\u00e1ci m\u00f4\u017eu vyskytova\u0165 zna\u010dn\u00e9 rozdiely v porovnan\u00ed s aktu\u00e1lnej\u0161\u00edmi verziami.<br \/>\n<a href=\"https:\/\/edubeliso.eu\/sk\/difference-betwen-microsoft-365-and-office-2019\/\" target=\"_blank\" rel=\"noopener noreferrer\">Rozdiel medzi Microsoft 365 a Office 2019<\/a><br \/>\n<\/div>\n<div class=\"su-tabs-pane su-u-clearfix su-u-trim\" data-title=\"&lt;strong&gt;Odpor\u00fa\u010dan\u00e9 kurzy&lt;\/strong&gt;\">\n<strong>Po kurze:<\/strong><br \/>\nOutlook level 2 &#8211; pokro\u010dil\u00fd<br \/>\n<\/div>\n<div class=\"su-tabs-pane su-u-clearfix su-u-trim\" data-title=\"&lt;strong&gt;V\u0161eobecn\u00e9 inform\u00e1cie&lt;\/strong&gt;\">\n<div data-post-id='2426' class='insert-page insert-page-2426 '>\n<p>Pred samotn\u00fdm kurzom odpor\u00fa\u010dame prezrie\u0165 nasleduj\u00face \u010dl\u00e1nky:<br><a href=\"https:\/\/edubeliso.eu\/sk\/how-does-an-online-course-look-like\/\" target=\"_blank\" aria-label=\"undefined (otv\u00e1ra sa na novej karte)\" rel=\"noreferrer noopener\">Ako vyzer\u00e1 online kurz?<\/a><br><a href=\"https:\/\/edubeliso.eu\/sk\/how-to-join-an-online-course\/\" target=\"_blank\" aria-label=\"undefined (otv\u00e1ra sa na novej karte)\" rel=\"noreferrer noopener\">Ako sa pripoji\u0165 na online kurz?<\/a><\/p>\n<\/div>\n<\/div><\/div><\/div>\n\n\n\n<div class=\"wp-block-buttons is-layout-flex wp-block-buttons-is-layout-flex\">\n<div class=\"wp-block-button pdf-down-butt no-dis\"><a class=\"wp-block-button__link wp-element-button\">Inform\u00e1cie o kurze na stiahnutie v PDF<\/a><\/div>\n<\/div>\n\n\n\n<p><\/p>\n","protected":false},"excerpt":{"rendered":"<p>Tento kurz je sa venuje z\u00e1kladom pou\u017e\u00edvania po\u0161tov\u00e9ho klienta MS Outlook. Je vhodn\u00fd najm\u00e4 pre \u013eud\u00ed, ktor\u00ed nemaj\u00fa sk\u00fasenosti s &hellip; <\/p>\n","protected":false},"author":2,"featured_media":0,"parent":813,"menu_order":0,"comment_status":"closed","ping_status":"closed","template":"","meta":{"_glsr_average":0,"_glsr_ranking":0,"_glsr_reviews":0,"footnotes":""},"class_list":["post-1181","page","type-page","status-publish","hentry"],"yoast_head":"<!-- This site is optimized with the Yoast SEO plugin v15.4 - https:\/\/yoast.com\/wordpress\/plugins\/seo\/ -->\n<title>EduBeliso - Kurz Outlook level 1 - za\u010diato\u010dn\u00edk<\/title>\n<meta name=\"description\" content=\"Je vhodn\u00fd najm\u00e4 pre \u013eud\u00ed, ktor\u00ed nemaj\u00fa sk\u00fasenosti s pr\u00e1cou s emailmi. Za\u010d\u00edna sa od absol\u00fatnych z\u00e1kladov a to vysvetlenie ako posiela\u0165 a prij\u00edma\u0165 email.\" \/>\n<meta name=\"robots\" content=\"index, follow, max-snippet:-1, max-image-preview:large, max-video-preview:-1\" \/>\n<link rel=\"canonical\" href=\"https:\/\/edubeliso.eu\/sk\/office\/outlook\/outlook-level-1\/\" \/>\n<meta property=\"og:locale\" content=\"sk_SK\" \/>\n<meta property=\"og:type\" content=\"article\" \/>\n<meta property=\"og:title\" content=\"EduBeliso - Kurz Outlook level 1 - za\u010diato\u010dn\u00edk\" \/>\n<meta property=\"og:description\" content=\"Je vhodn\u00fd najm\u00e4 pre \u013eud\u00ed, ktor\u00ed nemaj\u00fa sk\u00fasenosti s pr\u00e1cou s emailmi. Za\u010d\u00edna sa od absol\u00fatnych z\u00e1kladov a to vysvetlenie ako posiela\u0165 a prij\u00edma\u0165 email.\" \/>\n<meta property=\"og:url\" content=\"https:\/\/edubeliso.eu\/sk\/office\/outlook\/outlook-level-1\/\" \/>\n<meta property=\"og:site_name\" content=\"EduBeliso\" \/>\n<meta property=\"article:modified_time\" content=\"2023-10-28T13:59:36+00:00\" \/>\n<meta name=\"twitter:card\" content=\"summary_large_image\" \/>\n<meta name=\"twitter:label1\" content=\"Autor:\">\n\t<meta name=\"twitter:data1\" content=\"Peter Beli\u010dka\">\n\t<meta name=\"twitter:label2\" content=\"Est. reading time\">\n\t<meta name=\"twitter:data2\" content=\"2 min\u00faty\">\n<script type=\"application\/ld+json\" class=\"yoast-schema-graph\">{\"@context\":\"https:\/\/schema.org\",\"@graph\":[{\"@type\":\"WebSite\",\"@id\":\"https:\/\/edubeliso.eu\/sk\/#website\",\"url\":\"https:\/\/edubeliso.eu\/sk\/\",\"name\":\"EduBeliso\",\"description\":\"\",\"potentialAction\":[{\"@type\":\"SearchAction\",\"target\":\"https:\/\/edubeliso.eu\/sk\/?s={search_term_string}\",\"query-input\":\"required name=search_term_string\"}],\"inLanguage\":\"sk-SK\"},{\"@type\":\"WebPage\",\"@id\":\"https:\/\/edubeliso.eu\/sk\/office\/outlook\/outlook-level-1\/#webpage\",\"url\":\"https:\/\/edubeliso.eu\/sk\/office\/outlook\/outlook-level-1\/\",\"name\":\"EduBeliso - Kurz Outlook level 1 - za\\u010diato\\u010dn\\u00edk\",\"isPartOf\":{\"@id\":\"https:\/\/edubeliso.eu\/sk\/#website\"},\"datePublished\":\"2020-06-29T21:40:32+00:00\",\"dateModified\":\"2023-10-28T13:59:36+00:00\",\"description\":\"Je vhodn\\u00fd najm\\u00e4 pre \\u013eud\\u00ed, ktor\\u00ed nemaj\\u00fa sk\\u00fasenosti s pr\\u00e1cou s emailmi. Za\\u010d\\u00edna sa od absol\\u00fatnych z\\u00e1kladov a to vysvetlenie ako posiela\\u0165 a prij\\u00edma\\u0165 email.\",\"inLanguage\":\"sk-SK\",\"potentialAction\":[{\"@type\":\"ReadAction\",\"target\":[\"https:\/\/edubeliso.eu\/sk\/office\/outlook\/outlook-level-1\/\"]}]}]}<\/script>\n<!-- \/ Yoast SEO plugin. -->","_links":{"self":[{"href":"https:\/\/edubeliso.eu\/sk\/wp-json\/wp\/v2\/pages\/1181","targetHints":{"allow":["GET"]}}],"collection":[{"href":"https:\/\/edubeliso.eu\/sk\/wp-json\/wp\/v2\/pages"}],"about":[{"href":"https:\/\/edubeliso.eu\/sk\/wp-json\/wp\/v2\/types\/page"}],"author":[{"embeddable":true,"href":"https:\/\/edubeliso.eu\/sk\/wp-json\/wp\/v2\/users\/2"}],"replies":[{"embeddable":true,"href":"https:\/\/edubeliso.eu\/sk\/wp-json\/wp\/v2\/comments?post=1181"}],"version-history":[{"count":16,"href":"https:\/\/edubeliso.eu\/sk\/wp-json\/wp\/v2\/pages\/1181\/revisions"}],"predecessor-version":[{"id":3004,"href":"https:\/\/edubeliso.eu\/sk\/wp-json\/wp\/v2\/pages\/1181\/revisions\/3004"}],"up":[{"embeddable":true,"href":"https:\/\/edubeliso.eu\/sk\/wp-json\/wp\/v2\/pages\/813"}],"wp:attachment":[{"href":"https:\/\/edubeliso.eu\/sk\/wp-json\/wp\/v2\/media?parent=1181"}],"curies":[{"name":"wp","href":"https:\/\/api.w.org\/{rel}","templated":true}]}}