{"id":1195,"date":"2020-06-30T00:18:10","date_gmt":"2020-06-29T22:18:10","guid":{"rendered":"https:\/\/edubeliso.eu\/sk\/?page_id=1195"},"modified":"2023-03-20T11:48:09","modified_gmt":"2023-03-20T10:48:09","slug":"about-us","status":"publish","type":"page","link":"https:\/\/edubeliso.eu\/sk\/about-us\/","title":{"rendered":"O n\u00e1s"},"content":{"rendered":"\n<div class=\"wp-block-columns is-layout-flex wp-container-core-columns-is-layout-9d6595d7 wp-block-columns-is-layout-flex\">\n<div class=\"wp-block-column is-layout-flow wp-block-column-is-layout-flow\" style=\"flex-basis:33.33%\">\n<div class=\"wp-block-cover aligncenter\" style=\"min-height:280px;aspect-ratio:unset;\"><span aria-hidden=\"true\" class=\"wp-block-cover__background has-background-dim-0 has-background-dim has-background-gradient has-luminous-dusk-gradient-background\"><\/span><img loading=\"lazy\" decoding=\"async\" width=\"960\" height=\"640\" class=\"wp-block-cover__image-background wp-image-1831\" src=\"https:\/\/edubeliso.eu\/wp-content\/uploads\/2020\/07\/blog-office-1.jpg\" style=\"object-position:22% 47%\" data-object-fit=\"cover\" data-object-position=\"22% 47%\" srcset=\"https:\/\/edubeliso.eu\/wp-content\/uploads\/2020\/07\/blog-office-1.jpg 960w, https:\/\/edubeliso.eu\/wp-content\/uploads\/2020\/07\/blog-office-1-300x200.jpg 300w, https:\/\/edubeliso.eu\/wp-content\/uploads\/2020\/07\/blog-office-1-768x512.jpg 768w, https:\/\/edubeliso.eu\/wp-content\/uploads\/2020\/07\/blog-office-1-610x407.jpg 610w, https:\/\/edubeliso.eu\/wp-content\/uploads\/2020\/07\/blog-office-1-370x247.jpg 370w, https:\/\/edubeliso.eu\/wp-content\/uploads\/2020\/07\/blog-office-1-600x400.jpg 600w\" sizes=\"auto, (max-width: 960px) 100vw, 960px\" \/><div class=\"wp-block-cover__inner-container is-layout-flow wp-block-cover-is-layout-flow\">\n<p class=\"has-text-align-center has-large-font-size\"><\/p>\n<\/div><\/div>\n<\/div>\n\n\n\n<div class=\"wp-block-column is-layout-flow wp-block-column-is-layout-flow\" style=\"flex-basis:66.66%\">\n<p align=\"justify\">EduBeliso predstavuje certifikovan\u00fd t\u00edm IT lektorov, ktor\u00ed s\u00fa odhodlan\u00ed V\u00e1s presved\u010di\u0165 o&nbsp;svojej bezkonkuren\u010dnej kvalite. Jedno \u0161kolenie u&nbsp;n\u00e1s V\u00e1m zaru\u010d\u00ed jedine\u010dn\u00fd z\u00e1\u017eitok s&nbsp;individu\u00e1lnym \u013eudsk\u00fdm pr\u00edstupom a&nbsp;v&nbsp;neposlednom rade s nad\u0161tandardnou odbornos\u0165ou, s&nbsp;ktorou sa u\u017e v&nbsp;dne\u0161nom pres\u00fdtenom svete pri be\u017en\u00fdch IT kurzoch zaru\u010dene nestretnete. Sme jedny z&nbsp;m\u00e1la (ak nie u\u017e jedin\u00ed), u&nbsp;koho nevyhr\u00e1va kvantita, ale kvalita a&nbsp;preto sme presved\u010den\u00ed, \u017ee pokia\u013e h\u013ead\u00e1te nad\u0161tandard a&nbsp;neuspokoj\u00edte sa s oby\u010dajn\u00fdm&nbsp;priemerom, je EduBeliso pre V\u00e1s to spr\u00e1vne rozhodnutie.<\/p>\n<\/div>\n<\/div>\n\n\n\n<blockquote class=\"wp-block-quote has-text-align-center is-style-default is-layout-flow wp-block-quote-is-layout-flow\">\n<p>Ve\u013emi si v\u00e1\u017eime ka\u017ed\u00e9ho jedn\u00e9ho \u00fa\u010dastn\u00edka na\u0161ich kurzov a&nbsp;preto je ka\u017ed\u00e9mu venovan\u00e1 osobitn\u00e1 pozornos\u0165.<\/p>\n<cite>EduBeliso<\/cite><\/blockquote>\n\n\n\n<div class=\"wp-block-columns is-layout-flex wp-container-core-columns-is-layout-9d6595d7 wp-block-columns-is-layout-flex\">\n<div class=\"wp-block-column is-layout-flow wp-block-column-is-layout-flow\" style=\"flex-basis:66.66%\">\n<p align=\"justify\">Organizujeme online \u0161kolenia pre kohoko\u013evek s&nbsp;akouko\u013evek \u00farov\u0148ou, na z\u00e1klade ktorej prisp\u00f4sob\u00edme osobitn\u00fd pr\u00edstup ku ka\u017ed\u00e9mu z&nbsp;V\u00e1s. Ve\u013emi si v\u00e1\u017eime ka\u017ed\u00e9ho jedn\u00e9ho \u00fa\u010dastn\u00edka na\u0161ich kurzov a&nbsp;preto je ka\u017ed\u00e9mu venovan\u00e1 osobitn\u00e1 pozornos\u0165, \u010do zaru\u010duje, \u017ee na konci kurzu budete vy\u0161kolen\u00ed na takej \u00farovni, ak\u00fa inde nen\u00e1jdete. Taktie\u017e ve\u013emi radi vy\u0161kol\u00edme aj zamestnancov r\u00f4znych firiem a&nbsp;pr\u00eddeme prispie\u0165 preh\u013abeniu ich kvalifik\u00e1cie priamo vo firme.<\/p>\n<\/div>\n\n\n\n<div class=\"wp-block-column is-layout-flow wp-block-column-is-layout-flow\" style=\"flex-basis:33.34%\">\n<div class=\"wp-block-cover is-light\" style=\"min-height:280px;aspect-ratio:unset;\"><span aria-hidden=\"true\" class=\"wp-block-cover__background has-background-dim-0 has-background-dim\"><\/span><img loading=\"lazy\" decoding=\"async\" width=\"960\" height=\"640\" class=\"wp-block-cover__image-background wp-image-1836\" src=\"https:\/\/edubeliso.eu\/wp-content\/uploads\/2020\/07\/blog-course-1.jpg\" style=\"object-position:0% 52%\" data-object-fit=\"cover\" data-object-position=\"0% 52%\" srcset=\"https:\/\/edubeliso.eu\/wp-content\/uploads\/2020\/07\/blog-course-1.jpg 960w, https:\/\/edubeliso.eu\/wp-content\/uploads\/2020\/07\/blog-course-1-300x200.jpg 300w, https:\/\/edubeliso.eu\/wp-content\/uploads\/2020\/07\/blog-course-1-768x512.jpg 768w, https:\/\/edubeliso.eu\/wp-content\/uploads\/2020\/07\/blog-course-1-610x407.jpg 610w, https:\/\/edubeliso.eu\/wp-content\/uploads\/2020\/07\/blog-course-1-370x247.jpg 370w, https:\/\/edubeliso.eu\/wp-content\/uploads\/2020\/07\/blog-course-1-600x400.jpg 600w\" sizes=\"auto, (max-width: 960px) 100vw, 960px\" \/><div class=\"wp-block-cover__inner-container is-layout-flow wp-block-cover-is-layout-flow\">\n<p class=\"has-text-align-center has-large-font-size\"><\/p>\n<\/div><\/div>\n<\/div>\n<\/div>\n\n\n\n<p align=\"justify\">Budeme radi, ak n\u00e1s budete kedyko\u013evek kontaktova\u0165 na telef\u00f3nnom \u010d\u00edsle <a href=\"tel:+421904042919\">+421&nbsp;904&nbsp;042&nbsp;919<\/a> alebo prostredn\u00edctvom emailu <a href=\"mailto:edubeliso@edubeliso.eu\">edubeliso@edubeliso.eu<\/a>, a&nbsp;v\u0161etko spolu dohodneme.<\/p>\n\n\n\n<p>Te\u0161\u00edme sa na stretnutie!<\/p>\n\n\n\n<p>T\u00edm EduBeliso<\/p>\n","protected":false},"excerpt":{"rendered":"<p>EduBeliso predstavuje certifikovan\u00fd t\u00edm IT lektorov, ktor\u00ed s\u00fa odhodlan\u00ed V\u00e1s presved\u010di\u0165 o&nbsp;svojej bezkonkuren\u010dnej kvalite. Jedno \u0161kolenie u&nbsp;n\u00e1s V\u00e1m zaru\u010d\u00ed jedine\u010dn\u00fd &hellip; <\/p>\n","protected":false},"author":2,"featured_media":0,"parent":0,"menu_order":0,"comment_status":"closed","ping_status":"closed","template":"","meta":{"_glsr_average":0,"_glsr_ranking":0,"_glsr_reviews":0,"footnotes":""},"class_list":["post-1195","page","type-page","status-publish","hentry"],"yoast_head":"<!-- This site is optimized with the Yoast SEO plugin v15.4 - https:\/\/yoast.com\/wordpress\/plugins\/seo\/ -->\n<title>EduBeliso - O n\u00e1s<\/title>\n<meta name=\"robots\" content=\"index, follow, max-snippet:-1, max-image-preview:large, max-video-preview:-1\" \/>\n<link rel=\"canonical\" href=\"https:\/\/edubeliso.eu\/sk\/about-us\/\" \/>\n<meta property=\"og:locale\" content=\"sk_SK\" \/>\n<meta property=\"og:type\" content=\"article\" \/>\n<meta property=\"og:title\" content=\"O n\u00e1s\" \/>\n<meta property=\"og:description\" content=\"EduBeliso predstavuje certifikovan\u00fd t\u00edm IT lektorov, ktor\u00ed s\u00fa odhodlan\u00ed V\u00e1s presved\u010di\u0165 o&nbsp;svojej bezkonkuren\u010dnej kvalite. Jedno \u0161kolenie u&nbsp;n\u00e1s V\u00e1m zaru\u010d\u00ed jedine\u010dn\u00fd &hellip;\" \/>\n<meta property=\"og:url\" content=\"https:\/\/edubeliso.eu\/sk\/about-us\/\" \/>\n<meta property=\"og:site_name\" content=\"EduBeliso\" \/>\n<meta property=\"article:modified_time\" content=\"2023-03-20T10:48:09+00:00\" \/>\n<meta property=\"og:image\" content=\"https:\/\/edubeliso.eu\/wp-content\/uploads\/2020\/07\/blog-office-1.jpg\" \/>\n<meta name=\"twitter:card\" content=\"summary_large_image\" \/>\n<meta name=\"twitter:label1\" content=\"Autor:\">\n\t<meta name=\"twitter:data1\" content=\"Peter Beli\u010dka\">\n\t<meta name=\"twitter:label2\" content=\"Est. reading time\">\n\t<meta name=\"twitter:data2\" content=\"1 min\u00fata\">\n<script type=\"application\/ld+json\" class=\"yoast-schema-graph\">{\"@context\":\"https:\/\/schema.org\",\"@graph\":[{\"@type\":\"WebSite\",\"@id\":\"https:\/\/edubeliso.eu\/sk\/#website\",\"url\":\"https:\/\/edubeliso.eu\/sk\/\",\"name\":\"EduBeliso\",\"description\":\"\",\"potentialAction\":[{\"@type\":\"SearchAction\",\"target\":\"https:\/\/edubeliso.eu\/sk\/?s={search_term_string}\",\"query-input\":\"required name=search_term_string\"}],\"inLanguage\":\"sk-SK\"},{\"@type\":\"ImageObject\",\"@id\":\"https:\/\/edubeliso.eu\/sk\/about-us\/#primaryimage\",\"inLanguage\":\"sk-SK\",\"url\":\"https:\/\/edubeliso.eu\/wp-content\/uploads\/2020\/07\/blog-office-1.jpg\",\"width\":960,\"height\":640},{\"@type\":\"WebPage\",\"@id\":\"https:\/\/edubeliso.eu\/sk\/about-us\/#webpage\",\"url\":\"https:\/\/edubeliso.eu\/sk\/about-us\/\",\"name\":\"EduBeliso - [:sk]O n\\u00e1s[:]\",\"isPartOf\":{\"@id\":\"https:\/\/edubeliso.eu\/sk\/#website\"},\"primaryImageOfPage\":{\"@id\":\"https:\/\/edubeliso.eu\/sk\/about-us\/#primaryimage\"},\"datePublished\":\"2020-06-29T22:18:10+00:00\",\"dateModified\":\"2023-03-20T10:48:09+00:00\",\"inLanguage\":\"sk-SK\",\"potentialAction\":[{\"@type\":\"ReadAction\",\"target\":[\"https:\/\/edubeliso.eu\/sk\/about-us\/\"]}]}]}<\/script>\n<!-- \/ Yoast SEO plugin. -->","_links":{"self":[{"href":"https:\/\/edubeliso.eu\/sk\/wp-json\/wp\/v2\/pages\/1195","targetHints":{"allow":["GET"]}}],"collection":[{"href":"https:\/\/edubeliso.eu\/sk\/wp-json\/wp\/v2\/pages"}],"about":[{"href":"https:\/\/edubeliso.eu\/sk\/wp-json\/wp\/v2\/types\/page"}],"author":[{"embeddable":true,"href":"https:\/\/edubeliso.eu\/sk\/wp-json\/wp\/v2\/users\/2"}],"replies":[{"embeddable":true,"href":"https:\/\/edubeliso.eu\/sk\/wp-json\/wp\/v2\/comments?post=1195"}],"version-history":[{"count":27,"href":"https:\/\/edubeliso.eu\/sk\/wp-json\/wp\/v2\/pages\/1195\/revisions"}],"predecessor-version":[{"id":2843,"href":"https:\/\/edubeliso.eu\/sk\/wp-json\/wp\/v2\/pages\/1195\/revisions\/2843"}],"wp:attachment":[{"href":"https:\/\/edubeliso.eu\/sk\/wp-json\/wp\/v2\/media?parent=1195"}],"curies":[{"name":"wp","href":"https:\/\/api.w.org\/{rel}","templated":true}]}}