{"id":1272,"date":"2020-07-03T09:13:05","date_gmt":"2020-07-03T07:13:05","guid":{"rendered":"https:\/\/edubeliso.eu\/sk\/?page_id=1272"},"modified":"2023-10-28T15:59:27","modified_gmt":"2023-10-28T13:59:27","slug":"outlook-level-2","status":"publish","type":"page","link":"https:\/\/edubeliso.eu\/sk\/office\/outlook\/outlook-level-2\/","title":{"rendered":"Outlook level 2 &#8211; pokro\u010dil\u00fd"},"content":{"rendered":"\n<p>Tento kurz je priamym pokra\u010dovan\u00edm kurzu Outlook level 1 &#8211; za\u010diato\u010dn\u00edk. Obsahom kurzu je preberanie pokro\u010dil\u00fdch n\u00e1strojov programu MS Outlook, ako s\u00fa napr\u00edklad pravidl\u00e1 pre emaily, zdie\u013eanie kalend\u00e1rov a&nbsp;mnoh\u00e9 in\u00e9. Je v\u00fdbornou pr\u00edpravou na pr\u00e1cu v&nbsp;kolekt\u00edve v\u010faka preberan\u00fdm n\u00e1strojom zdie\u013eania r\u00f4zneho obsahu. K&nbsp;jeho absolvovaniu nie je v\u00fdhradne nutn\u00e9 pozna\u0165 MS Outlook, ale je potrebn\u00e9 ma\u0165 predo\u0161l\u00e9 sk\u00fasenosti s po\u0161tov\u00fdm klientom. Sk\u00fasenosti s&nbsp;MS Outlook s\u00fa v\u00fdhoda.<\/p>\n\n\n\n<h2 class=\"wp-block-heading\">Osnovy<\/h2>\n\n\n\n<h3 class=\"hlavny-bod-osnova\">Po\u0161ta<\/h3>\n<ul><li>Navig\u00e1cia v schr\u00e1nke<\/li>\n<li>Odpoveda\u0165, odpoveda\u0165 v\u0161etk\u00fdm a preposla\u0165<\/li>\n<li>Archiv\u00e1cia po\u0161ty a nastavenie automatickej archiv\u00e1cie<\/li>\n<li>Kategoriz\u00e1cia po\u0161ty<\/li>\n<li>Pravidl\u00e1 po\u0161ty a nastavenie upozornen\u00ed<\/li>\n<li>H\u013eadanie a filtrovanie po\u0161ty<\/li>\n<li>Pr\u00e1ca s adres\u00e1rom<\/li>\n<li>Nastavenia zobrazenia<\/li>\n<li>Podmienen\u00e9 form\u00e1tovanie emailov<\/li>\n<li>Nastavenie automatickej odpovede (stav mimo kancel\u00e1rie)<\/li><\/ul>\n\n\n\n<h3 class=\"hlavny-bod-osnova\">Mo\u017enosti nov\u00fdch emailov<\/h3>\n<ul><li>Skryt\u00e1 k\u00f3pia<\/li>\n<li>Nastavenia podpisu<\/li>\n<li>Prikladanie pr\u00edlohy alebo polo\u017eky (vizitka kontaktu, in\u00fd email a pod.)<\/li>\n<li>Priorita po\u0161ty<\/li>\n<li>\u0160abl\u00f3ny emailov<\/li>\n<li>Pou\u017eitie hlasovac\u00edch tla\u010didiel<\/li>\n<li>Zdr\u017eanie doru\u010denia<\/li><\/ul>\n\n\n\n<h3 class=\"hlavny-bod-osnova\">Kontakty<\/h3>\n<ul><li>Vytv\u00e1ranie, \u00faprava a odstra\u0148ovanie kontaktu<\/li>\n<li>Navig\u00e1cia v zozname kontaktov<\/li>\n<li>Tvorba skup\u00edn kontaktov &#8211; posielanie skupinov\u00fdch spr\u00e1v<\/li>\n<li>Posielanie vizitky kontaktu<\/li>\n<li>Zdie\u013eanie kontaktov<\/li><\/ul>\n\n\n\n<h3 class=\"hlavny-bod-osnova\">Kalend\u00e1r<\/h3>\n<ul><li>Prid\u00e1vanie, \u00faprava a odstra\u0148ovanie udalost\u00ed<\/li>\n<li>Tvorba opakovan\u00fdch udalost\u00ed<\/li>\n<li>Prid\u00e1vanie sch\u00f4dzky &#8211; poz\u00fdvanie na udalos\u0165<\/li>\n<li>Mo\u017enosti zobrazenia kalend\u00e1ra<\/li>\n<li>Prid\u00e1vanie nov\u00fdch kalend\u00e1rov<\/li>\n<li>Zdie\u013eanie kalend\u00e1rov (spolo\u010dn\u00e9 kalend\u00e1re)<\/li>\n<li>Z\u00e1kladn\u00e9 nastavenia pr\u00edstupu do zdie\u013ean\u00e9ho kalend\u00e1ra<\/li><\/ul>\n\n\n\n<h3 class=\"hlavny-bod-osnova\">\u00dalohy<\/h3>\n<ul><li>Prid\u00e1vanie, \u00faprava a odstra\u0148ovanie \u00faloh<\/li>\n<li>Pride\u013eovanie a plnenie pridelen\u00fdch \u00faloh<\/li>\n<li>Nastavenia term\u00ednov dokon\u010denia, prior\u00edt a kateg\u00f3ri\u00ed \u00faloh<\/li><\/ul>\n\n\n\n<h3 class=\"hlavny-bod-osnova\">Ostatn\u00e9 mo\u017enosti MS Outlook<\/h3>\n<ul><li>Pou\u017e\u00edvanie pozn\u00e1mok<\/li>\n<li>Zobrazenie prie\u010dinkov<\/li>\n<li>Funkcia Outlook dnes<\/li><\/ul>\n\n\n\n<span id=\"course-info\"><\/span>\n\n\n<div class=\"su-tabs su-tabs-style-default su-tabs-mobile-stack tab-info text-blok\" data-active=\"1\" data-scroll-offset=\"0\" data-anchor-in-url=\"no\"><div class=\"su-tabs-nav\"><span class=\"\" data-anchor=\"informacie-o-skoleni\" data-url=\"\" data-target=\"self\" tabindex=\"0\" role=\"button\"><strong>Inform\u00e1cie o \u0161kolen\u00ed<\/strong><\/span><span class=\"\" data-anchor=\"vstupne-vedomosti\" data-url=\"#course-info\" data-target=\"self\" tabindex=\"0\" role=\"button\"><strong>Podporovan\u00e9 verzie programu<\/strong><\/span><span class=\"\" data-anchor=\"preberane-funkcie\" data-url=\"#course-info\" data-target=\"self\" tabindex=\"0\" role=\"button\"><strong>Odpor\u00fa\u010dan\u00e9 kurzy<\/strong><\/span><span class=\"\" data-anchor=\"vseobecne-informacie\" data-url=\"#course-info\" data-target=\"self\" tabindex=\"0\" role=\"button\"><strong>V\u0161eobecn\u00e9 inform\u00e1cie<\/strong><\/span><\/div><div class=\"su-tabs-panes\"><div class=\"su-tabs-pane su-u-clearfix su-u-trim\" data-title=\"&lt;strong&gt;Inform\u00e1cie o \u0161kolen\u00ed&lt;\/strong&gt;\">\n<strong>Cena:<\/strong> 95,00 \u20ac<br \/>\n<strong>D\u013a\u017eka trvania kurzu:<\/strong> 1 de\u0148<br \/>\n<strong>Celkov\u00fd po\u010det hod\u00edn:<\/strong> 5 hod\u00edn<br \/>\n<strong>Odpor\u00fa\u010dan\u00e9 minim\u00e1lne vstupn\u00e9 vedomosti:<\/strong> Z\u00e1kladn\u00e9 ovl\u00e1danie po\u010d\u00edta\u010da, pr\u00e1ca s prie\u010dinkami a s\u00fabormi. Pr\u00e1ca s emailmi, posielanie a prij\u00edmanie po\u0161ty, predo\u0161l\u00e9 sk\u00fasenosti s po\u0161tov\u00fdm klientom.<br \/>\n<\/div>\n<div class=\"su-tabs-pane su-u-clearfix su-u-trim\" data-title=\"&lt;strong&gt;Podporovan\u00e9 verzie programu&lt;\/strong&gt;\">\nOutlook level 2 bude prezentovan\u00fd na verzii Microsoft 365. Vhodn\u00e9 verzie s\u00fa aj Office 365, MS Office 2019, MS Office 2016, MS Office 2013. Vo verzi\u00e1ch MS Office 2007 a 2010 sa pri pr\u00e1ci m\u00f4\u017eu vyskytova\u0165 zna\u010dn\u00e9 rozdiely v porovnan\u00ed s aktu\u00e1lnej\u0161\u00edmi verziami.<br \/>\n<a href=\"https:\/\/edubeliso.eu\/sk\/difference-betwen-microsoft-365-and-office-2019\/\" target=\"_blank\" rel=\"noopener noreferrer\">Rozdiel medzi Microsoft 365 a Office 2019<\/a><br \/>\n<\/div>\n<div class=\"su-tabs-pane su-u-clearfix su-u-trim\" data-title=\"&lt;strong&gt;Odpor\u00fa\u010dan\u00e9 kurzy&lt;\/strong&gt;\">\n<strong>Pred kurzom:<\/strong><br \/>\nOutlook level 1 &#8211; za\u010diato\u010dn\u00edk<br \/>\n<\/div>\n<div class=\"su-tabs-pane su-u-clearfix su-u-trim\" data-title=\"&lt;strong&gt;V\u0161eobecn\u00e9 inform\u00e1cie&lt;\/strong&gt;\">\n<div data-post-id='2426' class='insert-page insert-page-2426 '>\n<p>Pred samotn\u00fdm kurzom odpor\u00fa\u010dame prezrie\u0165 nasleduj\u00face \u010dl\u00e1nky:<br><a href=\"https:\/\/edubeliso.eu\/sk\/how-does-an-online-course-look-like\/\" target=\"_blank\" aria-label=\"undefined (otv\u00e1ra sa na novej karte)\" rel=\"noreferrer noopener\">Ako vyzer\u00e1 online kurz?<\/a><br><a href=\"https:\/\/edubeliso.eu\/sk\/how-to-join-an-online-course\/\" target=\"_blank\" aria-label=\"undefined (otv\u00e1ra sa na novej karte)\" rel=\"noreferrer noopener\">Ako sa pripoji\u0165 na online kurz?<\/a><\/p>\n<\/div>\n<\/div><\/div><\/div>\n\n\n\n<div class=\"wp-block-buttons is-layout-flex wp-block-buttons-is-layout-flex\">\n<div class=\"wp-block-button pdf-down-butt no-dis\"><a class=\"wp-block-button__link wp-element-button\">Inform\u00e1cie o kurze na stiahnutie v PDF<\/a><\/div>\n<\/div>\n\n\n\n<h2 class=\"wp-block-heading\">Recenzie<\/h2>\n\n\n<div class=\"glsr glsr-default\" id=\"glsr_b002e34d\" data-from='block' data-shortcode='site_reviews' data-assigned_posts='1272' data-display='50' data-hide='[&quot;title&quot;]'><div class=\"glsr-reviews-wrap\">\n    <div class=\"glsr-reviews\">\n        <div class=\"glsr-review\" data-type=\"local\" id=\"review-2491\" data-assigned='{\"assigned_posts\":[1272],\"assigned_terms\":[43]}'>\n    \n    <div class=\"glsr-review-rating\"><div class=\"glsr-star-rating glsr-stars\" data-rating=\"5\" data-reviews=\"0\">\n    <span class=\"screen-reader-text\">Rated <strong>5<\/strong> out of 5<\/span>\n    <span class=\"glsr-star glsr-star-full\" aria-hidden=\"true\"><\/span><span class=\"glsr-star glsr-star-full\" aria-hidden=\"true\"><\/span><span class=\"glsr-star glsr-star-full\" aria-hidden=\"true\"><\/span><span class=\"glsr-star glsr-star-full\" aria-hidden=\"true\"><\/span><span class=\"glsr-star glsr-star-full\" aria-hidden=\"true\"><\/span>\n<\/div><\/div> <div class=\"glsr-review-date\"><span class=\"glsr-tag-value\">14. augusta 2020<\/span><\/div>\n    <div class=\"glsr-review-assigned_links\"><span class=\"glsr-tag-value\">Review of <a href=\"https:\/\/edubeliso.eu\/sk\/office\/outlook\/outlook-level-2\/\">Outlook level 2 &#8211; pokro\u010dil\u00fd<\/a><\/span><\/div>\n    <div class=\"glsr-review-content\"><div class=\"glsr-tag-value\" data-expanded='false'><p>Ve\u013emi u\u017eito\u010dn\u00e9 a z\u00e1\u017eivn\u00e9<\/p><\/div><\/div>\n     <div class=\"glsr-review-author\"><span class=\"glsr-tag-value\">Advok\u00e1tska kancel\u00e1ria Ivan Syrov\u00fd, s.r.o. JUDr. Zuzana Husov\u00e1<\/span><\/div> \n    \n<\/div>\n<div class=\"glsr-review\" data-type=\"local\" id=\"review-2483\" data-assigned='{\"assigned_posts\":[1272],\"assigned_terms\":[43]}'>\n    \n    <div class=\"glsr-review-rating\"><div class=\"glsr-star-rating glsr-stars\" data-rating=\"5\" data-reviews=\"0\">\n    <span class=\"screen-reader-text\">Rated <strong>5<\/strong> out of 5<\/span>\n    <span class=\"glsr-star glsr-star-full\" aria-hidden=\"true\"><\/span><span class=\"glsr-star glsr-star-full\" aria-hidden=\"true\"><\/span><span class=\"glsr-star glsr-star-full\" aria-hidden=\"true\"><\/span><span class=\"glsr-star glsr-star-full\" aria-hidden=\"true\"><\/span><span class=\"glsr-star glsr-star-full\" aria-hidden=\"true\"><\/span>\n<\/div><\/div> <div class=\"glsr-review-date\"><span class=\"glsr-tag-value\">14. augusta 2020<\/span><\/div>\n    <div class=\"glsr-review-assigned_links\"><span class=\"glsr-tag-value\">Review of <a href=\"https:\/\/edubeliso.eu\/sk\/office\/outlook\/outlook-level-2\/\">Outlook level 2 &#8211; pokro\u010dil\u00fd<\/a><\/span><\/div>\n    <div class=\"glsr-review-content\"><div class=\"glsr-tag-value\" data-expanded='false'><p>V\u010faka kurzu Outlook level 2 som spoznala funkcie Outlooku, o ktor\u00fdch som ani netu\u0161ila, \u017ee existuj\u00fa. V\u010faka r\u00f4znym zdielan\u00fdm funkci\u00e1m a \u201emene\u017eovaniu \u00faloh\u201c, ktor\u00e9 n\u00e1m na \u0161kolen\u00ed lektor vysvetlil sa n\u00e1m podstatne zefekt\u00edvni a zr\u00fdchli pr\u00e1ca v na\u0161ej advok\u00e1tskej kancel\u00e1rii.<\/p><\/div><\/div>\n     <div class=\"glsr-review-author\"><span class=\"glsr-tag-value\">Mgr. Alexandra Mi\u0161inov\u00e1, LL.M., Advok\u00e1tska kancel\u00e1ria Ivan Syrov\u00fd, s.r.o.<\/span><\/div> \n    \n<\/div>\n    <\/div>\n    \n<\/div><\/div>","protected":false},"excerpt":{"rendered":"<p>Tento kurz je priamym pokra\u010dovan\u00edm kurzu Outlook level 1 &#8211; za\u010diato\u010dn\u00edk. Obsahom kurzu je preberanie pokro\u010dil\u00fdch n\u00e1strojov programu MS Outlook, &hellip; <\/p>\n","protected":false},"author":2,"featured_media":0,"parent":813,"menu_order":0,"comment_status":"closed","ping_status":"closed","template":"","meta":{"_glsr_average":5,"_glsr_ranking":3.75,"_glsr_reviews":2,"footnotes":""},"class_list":["post-1272","page","type-page","status-publish","hentry"],"yoast_head":"<!-- This site is optimized with the Yoast SEO plugin v15.4 - https:\/\/yoast.com\/wordpress\/plugins\/seo\/ -->\n<title>EduBeliso - Kurz Outlook level 2 - pokro\u010dil\u00fd<\/title>\n<meta name=\"description\" content=\"Obsahom kurzu je preberanie pokro\u010dil\u00fdch n\u00e1strojov programu MS Outlook, ako s\u00fa napr\u00edklad pravidl\u00e1 pre maily, zdie\u013eanie kalend\u00e1rov a mnoh\u00e9 in\u00e9.\" \/>\n<meta name=\"robots\" content=\"index, follow, max-snippet:-1, max-image-preview:large, max-video-preview:-1\" \/>\n<link rel=\"canonical\" href=\"https:\/\/edubeliso.eu\/sk\/office\/outlook\/outlook-level-2\/\" \/>\n<meta property=\"og:locale\" content=\"sk_SK\" \/>\n<meta property=\"og:type\" content=\"article\" \/>\n<meta property=\"og:title\" content=\"EduBeliso - Kurz Outlook level 2 - pokro\u010dil\u00fd\" \/>\n<meta property=\"og:description\" content=\"Obsahom kurzu je preberanie pokro\u010dil\u00fdch n\u00e1strojov programu MS Outlook, ako s\u00fa napr\u00edklad pravidl\u00e1 pre maily, zdie\u013eanie kalend\u00e1rov a mnoh\u00e9 in\u00e9.\" \/>\n<meta property=\"og:url\" content=\"https:\/\/edubeliso.eu\/sk\/office\/outlook\/outlook-level-2\/\" \/>\n<meta property=\"og:site_name\" content=\"EduBeliso\" \/>\n<meta property=\"article:modified_time\" content=\"2023-10-28T13:59:27+00:00\" \/>\n<meta name=\"twitter:card\" content=\"summary_large_image\" \/>\n<meta name=\"twitter:label1\" content=\"Autor:\">\n\t<meta name=\"twitter:data1\" content=\"Peter Beli\u010dka\">\n\t<meta name=\"twitter:label2\" content=\"Est. reading time\">\n\t<meta name=\"twitter:data2\" content=\"2 min\u00faty\">\n<script type=\"application\/ld+json\" class=\"yoast-schema-graph\">{\"@context\":\"https:\/\/schema.org\",\"@graph\":[{\"@type\":\"WebSite\",\"@id\":\"https:\/\/edubeliso.eu\/sk\/#website\",\"url\":\"https:\/\/edubeliso.eu\/sk\/\",\"name\":\"EduBeliso\",\"description\":\"\",\"potentialAction\":[{\"@type\":\"SearchAction\",\"target\":\"https:\/\/edubeliso.eu\/sk\/?s={search_term_string}\",\"query-input\":\"required name=search_term_string\"}],\"inLanguage\":\"sk-SK\"},{\"@type\":\"WebPage\",\"@id\":\"https:\/\/edubeliso.eu\/sk\/office\/outlook\/outlook-level-2\/#webpage\",\"url\":\"https:\/\/edubeliso.eu\/sk\/office\/outlook\/outlook-level-2\/\",\"name\":\"EduBeliso - Kurz Outlook level 2 - pokro\\u010dil\\u00fd\",\"isPartOf\":{\"@id\":\"https:\/\/edubeliso.eu\/sk\/#website\"},\"datePublished\":\"2020-07-03T07:13:05+00:00\",\"dateModified\":\"2023-10-28T13:59:27+00:00\",\"description\":\"Obsahom kurzu je preberanie pokro\\u010dil\\u00fdch n\\u00e1strojov programu MS Outlook, ako s\\u00fa napr\\u00edklad pravidl\\u00e1 pre maily, zdie\\u013eanie kalend\\u00e1rov a mnoh\\u00e9 in\\u00e9.\",\"inLanguage\":\"sk-SK\",\"potentialAction\":[{\"@type\":\"ReadAction\",\"target\":[\"https:\/\/edubeliso.eu\/sk\/office\/outlook\/outlook-level-2\/\"]}]}]}<\/script>\n<!-- \/ Yoast SEO plugin. -->","_links":{"self":[{"href":"https:\/\/edubeliso.eu\/sk\/wp-json\/wp\/v2\/pages\/1272","targetHints":{"allow":["GET"]}}],"collection":[{"href":"https:\/\/edubeliso.eu\/sk\/wp-json\/wp\/v2\/pages"}],"about":[{"href":"https:\/\/edubeliso.eu\/sk\/wp-json\/wp\/v2\/types\/page"}],"author":[{"embeddable":true,"href":"https:\/\/edubeliso.eu\/sk\/wp-json\/wp\/v2\/users\/2"}],"replies":[{"embeddable":true,"href":"https:\/\/edubeliso.eu\/sk\/wp-json\/wp\/v2\/comments?post=1272"}],"version-history":[{"count":18,"href":"https:\/\/edubeliso.eu\/sk\/wp-json\/wp\/v2\/pages\/1272\/revisions"}],"predecessor-version":[{"id":3006,"href":"https:\/\/edubeliso.eu\/sk\/wp-json\/wp\/v2\/pages\/1272\/revisions\/3006"}],"up":[{"embeddable":true,"href":"https:\/\/edubeliso.eu\/sk\/wp-json\/wp\/v2\/pages\/813"}],"wp:attachment":[{"href":"https:\/\/edubeliso.eu\/sk\/wp-json\/wp\/v2\/media?parent=1272"}],"curies":[{"name":"wp","href":"https:\/\/api.w.org\/{rel}","templated":true}]}}