{"id":1312,"date":"2020-07-12T00:05:35","date_gmt":"2020-07-11T22:05:35","guid":{"rendered":"https:\/\/edubeliso.eu\/sk\/?page_id=1312"},"modified":"2023-03-20T11:28:55","modified_gmt":"2023-03-20T10:28:55","slug":"lecturer","status":"publish","type":"page","link":"https:\/\/edubeliso.eu\/sk\/about-us\/lecturer\/","title":{"rendered":"Lektor"},"content":{"rendered":"\n<div class=\"wp-block-columns is-layout-flex wp-container-core-columns-is-layout-9d6595d7 wp-block-columns-is-layout-flex\">\n<div class=\"wp-block-column is-layout-flow wp-block-column-is-layout-flow\" style=\"flex-basis:70%\">\n<h3 class=\"wp-block-heading\">Peter Beli\u010dka<\/h3>\n\n\n\n<p align=\"justify\">Pr\u00e1ca s \u013eu\u010fmi a po\u010d\u00edta\u010de s\u00fa moja dom\u00e9na. Potrp\u00edm si na kvalitu a dochv\u00ed\u013enos\u0165. Moje \u0161kolenia s\u00fa v\u017edy prakticky nastaven\u00e9 a \u013eudsky orientovan\u00e9.\n\u0160tudoval som na Ekonomickej univerzite v Bratislave a svoje sk\u00fasenosti s Microsoft Office som naberal u\u017e po\u010das \u0161t\u00fadia v r\u00f4znych pr\u00e1cach a tieto sk\u00fasenosti teraz odovzd\u00e1vam \u010falej.<\/p>\n\n\n\n<p><strong>LinkedIn<\/strong>: <a aria-label=\"undefined (otv\u00e1ra sa na novej karte)\" href=\"https:\/\/www.linkedin.com\/in\/peter-beli\u010dka\" target=\"_blank\" rel=\"noreferrer noopener\">Peter Beli\u010dka<\/a><\/p>\n<\/div>\n\n\n\n<div class=\"wp-block-column is-layout-flow wp-block-column-is-layout-flow\" style=\"flex-basis:33.33%\">\n<figure class=\"wp-block-image size-large is-style-rounded\"><img loading=\"lazy\" decoding=\"async\" width=\"646\" height=\"969\" src=\"https:\/\/edubeliso.eu\/wp-content\/uploads\/2020\/07\/Peter-Beli\u010dka.jpg\" alt=\"\" class=\"wp-image-1333\" srcset=\"https:\/\/edubeliso.eu\/wp-content\/uploads\/2020\/07\/Peter-Beli\u010dka.jpg 646w, https:\/\/edubeliso.eu\/wp-content\/uploads\/2020\/07\/Peter-Beli\u010dka-200x300.jpg 200w, https:\/\/edubeliso.eu\/wp-content\/uploads\/2020\/07\/Peter-Beli\u010dka-610x915.jpg 610w, https:\/\/edubeliso.eu\/wp-content\/uploads\/2020\/07\/Peter-Beli\u010dka-600x900.jpg 600w\" sizes=\"auto, (max-width: 646px) 100vw, 646px\" \/><\/figure>\n\n\n\n<p><\/p>\n<\/div>\n<\/div>\n\n\n\n<div class=\"wp-block-columns is-layout-flex wp-container-core-columns-is-layout-9d6595d7 wp-block-columns-is-layout-flex\">\n<div class=\"wp-block-column is-layout-flow wp-block-column-is-layout-flow\">\n<div data-iframe-width=\"150\" data-iframe-height=\"270\" data-share-badge-id=\"21e70d14-2ebb-4760-b0c8-04f5b51a7a96\" data-share-badge-host=\"https:\/\/www.youracclaim.com\"><\/div><script type=\"text\/javascript\" async=\"\" src=\"\/\/cdn.youracclaim.com\/assets\/utilities\/embed.js\"><\/script>\n\n\n\n<p><\/p>\n<\/div>\n\n\n\n<div class=\"wp-block-column is-layout-flow wp-block-column-is-layout-flow\">\n<div data-iframe-width=\"150\" data-iframe-height=\"270\" data-share-badge-id=\"e7618542-3d6f-425f-9075-ebea8bd26ba2\" data-share-badge-host=\"https:\/\/www.youracclaim.com\"><\/div><script type=\"text\/javascript\" async=\"\" src=\"\/\/cdn.youracclaim.com\/assets\/utilities\/embed.js\"><\/script>\n\n\n\n<p><\/p>\n<\/div>\n\n\n\n<div class=\"wp-block-column is-layout-flow wp-block-column-is-layout-flow\">\n<div data-iframe-width=\"150\" data-iframe-height=\"270\" data-share-badge-id=\"c6c3837b-3a46-41e7-8f4a-35318dda6a18\" data-share-badge-host=\"https:\/\/www.youracclaim.com\"><\/div><script type=\"text\/javascript\" async=\"\" src=\"\/\/cdn.youracclaim.com\/assets\/utilities\/embed.js\"><\/script>\n\n\n\n<p><\/p>\n<\/div>\n<\/div>\n","protected":false},"excerpt":{"rendered":"<p>Peter Beli\u010dka Pr\u00e1ca s \u013eu\u010fmi a po\u010d\u00edta\u010de s\u00fa moja dom\u00e9na. Potrp\u00edm si na kvalitu a dochv\u00ed\u013enos\u0165. Moje \u0161kolenia s\u00fa v\u017edy &hellip; <\/p>\n","protected":false},"author":2,"featured_media":0,"parent":1195,"menu_order":0,"comment_status":"closed","ping_status":"closed","template":"","meta":{"_glsr_average":0,"_glsr_ranking":0,"_glsr_reviews":0,"footnotes":""},"class_list":["post-1312","page","type-page","status-publish","hentry"],"yoast_head":"<!-- This site is optimized with the Yoast SEO plugin v15.4 - https:\/\/yoast.com\/wordpress\/plugins\/seo\/ -->\n<title>EduBeliso - Lektor<\/title>\n<meta name=\"description\" content=\"Pr\u00e1ca s \u013eu\u010fmi a po\u010d\u00edta\u010de s\u00fa moja dom\u00e9na. Potrp\u00edm si na kvalitu a dochv\u00ed\u013enos\u0165. Moje \u0161kolenia s\u00fa v\u017edy prakticky nastaven\u00e9 a \u013eudsky orientovan\u00e9.\" \/>\n<meta name=\"robots\" content=\"index, follow, max-snippet:-1, max-image-preview:large, max-video-preview:-1\" \/>\n<link rel=\"canonical\" href=\"https:\/\/edubeliso.eu\/sk\/about-us\/lecturer\/\" \/>\n<meta property=\"og:locale\" content=\"sk_SK\" \/>\n<meta property=\"og:type\" content=\"article\" \/>\n<meta property=\"og:title\" content=\"EduBeliso - Lektor\" \/>\n<meta property=\"og:description\" content=\"Pr\u00e1ca s \u013eu\u010fmi a po\u010d\u00edta\u010de s\u00fa moja dom\u00e9na. Potrp\u00edm si na kvalitu a dochv\u00ed\u013enos\u0165. Moje \u0161kolenia s\u00fa v\u017edy prakticky nastaven\u00e9 a \u013eudsky orientovan\u00e9.\" \/>\n<meta property=\"og:url\" content=\"https:\/\/edubeliso.eu\/sk\/about-us\/lecturer\/\" \/>\n<meta property=\"og:site_name\" content=\"EduBeliso\" \/>\n<meta property=\"article:modified_time\" content=\"2023-03-20T10:28:55+00:00\" \/>\n<meta property=\"og:image\" content=\"https:\/\/edubeliso.eu\/wp-content\/uploads\/2020\/07\/Peter-Beli\u010dka.jpg\" \/>\n<meta name=\"twitter:card\" content=\"summary_large_image\" \/>\n<meta name=\"twitter:label1\" content=\"Autor:\">\n\t<meta name=\"twitter:data1\" content=\"Peter Beli\u010dka\">\n\t<meta name=\"twitter:label2\" content=\"Est. reading time\">\n\t<meta name=\"twitter:data2\" content=\"1 min\u00fata\">\n<script type=\"application\/ld+json\" class=\"yoast-schema-graph\">{\"@context\":\"https:\/\/schema.org\",\"@graph\":[{\"@type\":\"WebSite\",\"@id\":\"https:\/\/edubeliso.eu\/sk\/#website\",\"url\":\"https:\/\/edubeliso.eu\/sk\/\",\"name\":\"EduBeliso\",\"description\":\"\",\"potentialAction\":[{\"@type\":\"SearchAction\",\"target\":\"https:\/\/edubeliso.eu\/sk\/?s={search_term_string}\",\"query-input\":\"required name=search_term_string\"}],\"inLanguage\":\"sk-SK\"},{\"@type\":\"ImageObject\",\"@id\":\"https:\/\/edubeliso.eu\/sk\/about-us\/lecturer\/#primaryimage\",\"inLanguage\":\"sk-SK\",\"url\":\"https:\/\/edubeliso.eu\/wp-content\/uploads\/2020\/07\/Peter-Beli\\u010dka.jpg\",\"width\":646,\"height\":969},{\"@type\":\"WebPage\",\"@id\":\"https:\/\/edubeliso.eu\/sk\/about-us\/lecturer\/#webpage\",\"url\":\"https:\/\/edubeliso.eu\/sk\/about-us\/lecturer\/\",\"name\":\"EduBeliso - Lektor\",\"isPartOf\":{\"@id\":\"https:\/\/edubeliso.eu\/sk\/#website\"},\"primaryImageOfPage\":{\"@id\":\"https:\/\/edubeliso.eu\/sk\/about-us\/lecturer\/#primaryimage\"},\"datePublished\":\"2020-07-11T22:05:35+00:00\",\"dateModified\":\"2023-03-20T10:28:55+00:00\",\"description\":\"Pr\\u00e1ca s \\u013eu\\u010fmi a po\\u010d\\u00edta\\u010de s\\u00fa moja dom\\u00e9na. Potrp\\u00edm si na kvalitu a dochv\\u00ed\\u013enos\\u0165. Moje \\u0161kolenia s\\u00fa v\\u017edy prakticky nastaven\\u00e9 a \\u013eudsky orientovan\\u00e9.\",\"inLanguage\":\"sk-SK\",\"potentialAction\":[{\"@type\":\"ReadAction\",\"target\":[\"https:\/\/edubeliso.eu\/sk\/about-us\/lecturer\/\"]}]}]}<\/script>\n<!-- \/ Yoast SEO plugin. -->","_links":{"self":[{"href":"https:\/\/edubeliso.eu\/sk\/wp-json\/wp\/v2\/pages\/1312","targetHints":{"allow":["GET"]}}],"collection":[{"href":"https:\/\/edubeliso.eu\/sk\/wp-json\/wp\/v2\/pages"}],"about":[{"href":"https:\/\/edubeliso.eu\/sk\/wp-json\/wp\/v2\/types\/page"}],"author":[{"embeddable":true,"href":"https:\/\/edubeliso.eu\/sk\/wp-json\/wp\/v2\/users\/2"}],"replies":[{"embeddable":true,"href":"https:\/\/edubeliso.eu\/sk\/wp-json\/wp\/v2\/comments?post=1312"}],"version-history":[{"count":16,"href":"https:\/\/edubeliso.eu\/sk\/wp-json\/wp\/v2\/pages\/1312\/revisions"}],"predecessor-version":[{"id":2842,"href":"https:\/\/edubeliso.eu\/sk\/wp-json\/wp\/v2\/pages\/1312\/revisions\/2842"}],"up":[{"embeddable":true,"href":"https:\/\/edubeliso.eu\/sk\/wp-json\/wp\/v2\/pages\/1195"}],"wp:attachment":[{"href":"https:\/\/edubeliso.eu\/sk\/wp-json\/wp\/v2\/media?parent=1312"}],"curies":[{"name":"wp","href":"https:\/\/api.w.org\/{rel}","templated":true}]}}