{"id":1570,"date":"2020-07-17T10:50:32","date_gmt":"2020-07-17T08:50:32","guid":{"rendered":"https:\/\/edubeliso.eu\/sk\/?page_id=1570"},"modified":"2020-12-22T23:56:28","modified_gmt":"2020-12-22T22:56:28","slug":"sharepoint","status":"publish","type":"page","link":"https:\/\/edubeliso.eu\/sk\/office\/sharepoint\/","title":{"rendered":"Kurzy SharePoint"},"content":{"rendered":"\n<div class=\"wp-block-buttons is-layout-flex wp-block-buttons-is-layout-flex\">\n<div class=\"wp-block-button tlacidlo-kat it-tlacidlo-kat it-tlacidlo-kat-sharepoint dlhsi-nazov\"><a class=\"wp-block-button__link\" href=\"https:\/\/edubeliso.eu\/sk\/office\/sharepoint\/sharepoint-user\/\">SharePoint u\u017e\u00edvate\u013e<\/a><\/div>\n<\/div>\n\n\n\n<h2 class=\"wp-block-heading\">\u010co je SharePoint?<\/h2>\n\n\n\n<p class=\"text-blok\">Spolo\u010dnosti pou\u017e\u00edvaj\u00fa SharePoint ako spolo\u010dn\u00e9, cloudov\u00e9 \u00falo\u017eisko, na ktorom m\u00f4\u017eete odklada\u0165 spolo\u010dn\u00e9 s\u00fabory (OneDrive) tak aby ka\u017ed\u00fd z pracovn\u00edkov k nim mal pr\u00edstup na ktoromko\u013evek po\u010d\u00edta\u010di. Okrem toho SharePoint poskytuje ve\u013ea mo\u017enost\u00ed na tvorbu spolo\u010dn\u00e9ho firemn\u00e9ho obsahu ako s\u00fa napr\u00edklad kalend\u00e1re, str\u00e1nky, pozn\u00e1mky a r\u00f4zne in\u00e9.<\/p>\n\n\n\n<p>Viac inform\u00e1ci\u00ed o SharePoint a OneDrive <a href=\"https:\/\/edubeliso.eu\/sk\/sharepoint-and-onedrive\/\">n\u00e1jdete tu<\/a>.<\/p>\n\n\n\n<h2 class=\"wp-block-heading\">Najbli\u017e\u0161ie term\u00edny<\/h2>\n\n\n\n\n\n<p>Ak ste nena\u0161li term\u00edn, ktor\u00fd v\u00e1m vyhovuje, nev\u00e1hajte n\u00e1s kontaktova\u0165. Viac inform\u00e1ci\u00ed\u00a0<a href=\"https:\/\/edubeliso.eu\/sk\/we-adjust-to-your-need\/\">n\u00e1jdete tu<\/a>.<\/p>\n\n\n\n<h2 class=\"wp-block-heading\">Recenzie<\/h2>\n\n\n<div class=\"glsr glsr-default\" id=\"glsr_45c81d4b\" data-from='block' data-shortcode='site_reviews' data-assigned_terms='31' data-display='50' data-hide='[&quot;title&quot;]'><div class=\"glsr-reviews-wrap\">\n    <div class=\"glsr-reviews\">\n        <div class=\"glsr-review\" data-type=\"local\" id=\"review-3015\" data-assigned='{\"assigned_posts\":[1576],\"assigned_terms\":[31]}'>\n    \n    <div class=\"glsr-review-rating\"><div class=\"glsr-star-rating glsr-stars\" data-rating=\"5\" data-reviews=\"0\">\n    <span class=\"screen-reader-text\">Rated <strong>5<\/strong> out of 5<\/span>\n    <span class=\"glsr-star glsr-star-full\" aria-hidden=\"true\"><\/span><span class=\"glsr-star glsr-star-full\" aria-hidden=\"true\"><\/span><span class=\"glsr-star glsr-star-full\" aria-hidden=\"true\"><\/span><span class=\"glsr-star glsr-star-full\" aria-hidden=\"true\"><\/span><span class=\"glsr-star glsr-star-full\" aria-hidden=\"true\"><\/span>\n<\/div><\/div> <div class=\"glsr-review-date\"><span class=\"glsr-tag-value\">6. febru\u00e1ra 2024<\/span><\/div>\n    <div class=\"glsr-review-assigned_links\"><span class=\"glsr-tag-value\">Review of <a href=\"https:\/\/edubeliso.eu\/sk\/office\/sharepoint\/sharepoint-user\/\">SharePoint u\u017e\u00edvate\u013e<\/a><\/span><\/div>\n    <div class=\"glsr-review-content\"><div class=\"glsr-tag-value\" data-expanded='false'><p>\u0161kolenie roz\u0161\u00edrilo obzory z\u00e1kladn\u00e9mu za\u010d\u00ednaj\u00facemu u\u017e\u00edvate\u013eovi v SharePointe, zrozumite\u013en\u00e9, \u0161kolite\u013e dobre vysvet\u013eoval, v\u0161etko sme si rovno aj sk\u00fa\u0161ali na svojich notebookoch<\/p><\/div><\/div>\n     <div class=\"glsr-review-author\"><span class=\"glsr-tag-value\">Marianna<\/span><\/div> \n    \n<\/div>\n<div class=\"glsr-review\" data-type=\"local\" id=\"review-3014\" data-assigned='{\"assigned_posts\":[1576],\"assigned_terms\":[31]}'>\n    \n    <div class=\"glsr-review-rating\"><div class=\"glsr-star-rating glsr-stars\" data-rating=\"5\" data-reviews=\"0\">\n    <span class=\"screen-reader-text\">Rated <strong>5<\/strong> out of 5<\/span>\n    <span class=\"glsr-star glsr-star-full\" aria-hidden=\"true\"><\/span><span class=\"glsr-star glsr-star-full\" aria-hidden=\"true\"><\/span><span class=\"glsr-star glsr-star-full\" aria-hidden=\"true\"><\/span><span class=\"glsr-star glsr-star-full\" aria-hidden=\"true\"><\/span><span class=\"glsr-star glsr-star-full\" aria-hidden=\"true\"><\/span>\n<\/div><\/div> <div class=\"glsr-review-date\"><span class=\"glsr-tag-value\">6. febru\u00e1ra 2024<\/span><\/div>\n    <div class=\"glsr-review-assigned_links\"><span class=\"glsr-tag-value\">Review of <a href=\"https:\/\/edubeliso.eu\/sk\/office\/sharepoint\/sharepoint-user\/\">SharePoint u\u017e\u00edvate\u013e<\/a><\/span><\/div>\n    <div class=\"glsr-review-content\"><div class=\"glsr-tag-value\" data-expanded='false'><p>\u0160kolenie bolo ve\u013emi dobre obsahovo postaven\u00e9 a riaden\u00e9, s flexibilnou sp\u00e4tnou v\u00e4zbou na podnety a ot\u00e1zky publika. Ve\u013emi oce\u0148ujem testovanie priamo na \u0161kolen\u00ed, osobne mi to ve\u013emi pom\u00e1ha v zapam\u00e4tan\u00ed si postupov. \u010eakujem!<\/p><\/div><\/div>\n     <div class=\"glsr-review-author\"><span class=\"glsr-tag-value\">Monika<\/span><\/div> \n    \n<\/div>\n<div class=\"glsr-review\" data-type=\"local\" id=\"review-3013\" data-assigned='{\"assigned_posts\":[1576],\"assigned_terms\":[31]}'>\n    \n    <div class=\"glsr-review-rating\"><div class=\"glsr-star-rating glsr-stars\" data-rating=\"5\" data-reviews=\"0\">\n    <span class=\"screen-reader-text\">Rated <strong>5<\/strong> out of 5<\/span>\n    <span class=\"glsr-star glsr-star-full\" aria-hidden=\"true\"><\/span><span class=\"glsr-star glsr-star-full\" aria-hidden=\"true\"><\/span><span class=\"glsr-star glsr-star-full\" aria-hidden=\"true\"><\/span><span class=\"glsr-star glsr-star-full\" aria-hidden=\"true\"><\/span><span class=\"glsr-star glsr-star-full\" aria-hidden=\"true\"><\/span>\n<\/div><\/div> <div class=\"glsr-review-date\"><span class=\"glsr-tag-value\">6. febru\u00e1ra 2024<\/span><\/div>\n    <div class=\"glsr-review-assigned_links\"><span class=\"glsr-tag-value\">Review of <a href=\"https:\/\/edubeliso.eu\/sk\/office\/sharepoint\/sharepoint-user\/\">SharePoint u\u017e\u00edvate\u013e<\/a><\/span><\/div>\n    <div class=\"glsr-review-content\"><div class=\"glsr-tag-value\" data-expanded='false'><p>Ve\u013emi oce\u0148ujem \u0161trukt\u00farovanos\u0165 kurzu, prebrali sme postupne mo\u017enosti, sk\u00fasili aplikova\u0165 v praxi. Pr\u00edjemn\u00fd osobn\u00fd pr\u00edstup lektora vytvoril pozit\u00edvnu atmosf\u00e9ru v r\u00e1mci n\u00e1\u0161ho \u0161kolenia.<\/p><\/div><\/div>\n     <div class=\"glsr-review-author\"><span class=\"glsr-tag-value\">Ivana<\/span><\/div> \n    \n<\/div>\n<div class=\"glsr-review\" data-type=\"local\" id=\"review-3012\" data-assigned='{\"assigned_posts\":[1576],\"assigned_terms\":[31]}'>\n    \n    <div class=\"glsr-review-rating\"><div class=\"glsr-star-rating glsr-stars\" data-rating=\"4\" data-reviews=\"0\">\n    <span class=\"screen-reader-text\">Rated <strong>4<\/strong> out of 5<\/span>\n    <span class=\"glsr-star glsr-star-full\" aria-hidden=\"true\"><\/span><span class=\"glsr-star glsr-star-full\" aria-hidden=\"true\"><\/span><span class=\"glsr-star glsr-star-full\" aria-hidden=\"true\"><\/span><span class=\"glsr-star glsr-star-full\" aria-hidden=\"true\"><\/span><span class=\"glsr-star glsr-star-empty\" aria-hidden=\"true\"><\/span>\n<\/div><\/div> <div class=\"glsr-review-date\"><span class=\"glsr-tag-value\">6. febru\u00e1ra 2024<\/span><\/div>\n    <div class=\"glsr-review-assigned_links\"><span class=\"glsr-tag-value\">Review of <a href=\"https:\/\/edubeliso.eu\/sk\/office\/sharepoint\/sharepoint-user\/\">SharePoint u\u017e\u00edvate\u013e<\/a><\/span><\/div>\n    <div class=\"glsr-review-content\"><div class=\"glsr-tag-value\" data-expanded='false'><p>Skvel\u00fd topic, ve\u013emi dobr\u00fd predn\u00e1\u0161aj\u00faci, ale ak\u00e9ko\u013evek \u0161kolenie a t\u00e9ma, v skupine 10 a viac \u013eud\u00ed a pri viac ako dvoch hodin\u00e1ch, proste produktivita \u00fa\u010dastn\u00edkov ve\u013emi kles\u00e1. Ale inak som ve\u013emi v\u010fa\u010dn\u00e1 a ve\u013emi mi to pomohlo.<\/p><\/div><\/div>\n     <div class=\"glsr-review-author\"><span class=\"glsr-tag-value\">Lenka<\/span><\/div> \n    \n<\/div>\n<div class=\"glsr-review\" data-type=\"local\" id=\"review-3011\" data-assigned='{\"assigned_posts\":[1576],\"assigned_terms\":[31]}'>\n    \n    <div class=\"glsr-review-rating\"><div class=\"glsr-star-rating glsr-stars\" data-rating=\"5\" data-reviews=\"0\">\n    <span class=\"screen-reader-text\">Rated <strong>5<\/strong> out of 5<\/span>\n    <span class=\"glsr-star glsr-star-full\" aria-hidden=\"true\"><\/span><span class=\"glsr-star glsr-star-full\" aria-hidden=\"true\"><\/span><span class=\"glsr-star glsr-star-full\" aria-hidden=\"true\"><\/span><span class=\"glsr-star glsr-star-full\" aria-hidden=\"true\"><\/span><span class=\"glsr-star glsr-star-full\" aria-hidden=\"true\"><\/span>\n<\/div><\/div> <div class=\"glsr-review-date\"><span class=\"glsr-tag-value\">6. febru\u00e1ra 2024<\/span><\/div>\n    <div class=\"glsr-review-assigned_links\"><span class=\"glsr-tag-value\">Review of <a href=\"https:\/\/edubeliso.eu\/sk\/office\/sharepoint\/sharepoint-user\/\">SharePoint u\u017e\u00edvate\u013e<\/a><\/span><\/div>\n    <div class=\"glsr-review-content\"><div class=\"glsr-tag-value\" data-expanded='false'><p>Kurz vas zrozumitelnou a prehladnou formou prevedie zakladmi SharePointu a jeho najpouzivanejsimi aplikaciami. Je vhodny pre uplnych zaciatocnikov, aj mierne pokrocilych uzivatelov niektorych jeho sucasti (MS Teams, Excel,..). Kurz aj skolitela hodnotim pozitivne, nasiel som tam odpovede na svoje otazky.<\/p><\/div><\/div>\n     <div class=\"glsr-review-author\"><span class=\"glsr-tag-value\">Patrik<\/span><\/div> \n    \n<\/div>\n<div class=\"glsr-review\" data-type=\"local\" id=\"review-3010\" data-assigned='{\"assigned_posts\":[1576],\"assigned_terms\":[31]}'>\n    \n    <div class=\"glsr-review-rating\"><div class=\"glsr-star-rating glsr-stars\" data-rating=\"5\" data-reviews=\"0\">\n    <span class=\"screen-reader-text\">Rated <strong>5<\/strong> out of 5<\/span>\n    <span class=\"glsr-star glsr-star-full\" aria-hidden=\"true\"><\/span><span class=\"glsr-star glsr-star-full\" aria-hidden=\"true\"><\/span><span class=\"glsr-star glsr-star-full\" aria-hidden=\"true\"><\/span><span class=\"glsr-star glsr-star-full\" aria-hidden=\"true\"><\/span><span class=\"glsr-star glsr-star-full\" aria-hidden=\"true\"><\/span>\n<\/div><\/div> <div class=\"glsr-review-date\"><span class=\"glsr-tag-value\">6. febru\u00e1ra 2024<\/span><\/div>\n    <div class=\"glsr-review-assigned_links\"><span class=\"glsr-tag-value\">Review of <a href=\"https:\/\/edubeliso.eu\/sk\/office\/sharepoint\/sharepoint-user\/\">SharePoint u\u017e\u00edvate\u013e<\/a><\/span><\/div>\n    <div class=\"glsr-review-content\"><div class=\"glsr-tag-value\" data-expanded='false'><p>spokojnos\u0165 s veden\u00edm kurzu, s t\u00e9mami aj s diskusiou nad r\u00e1mec kurzu.<\/p><\/div><\/div>\n     <div class=\"glsr-review-author\"><span class=\"glsr-tag-value\">Rasto<\/span><\/div> \n    \n<\/div>\n<div class=\"glsr-review\" data-type=\"local\" id=\"review-2494\" data-assigned='{\"assigned_posts\":[1576],\"assigned_terms\":[31]}'>\n    \n    <div class=\"glsr-review-rating\"><div class=\"glsr-star-rating glsr-stars\" data-rating=\"5\" data-reviews=\"0\">\n    <span class=\"screen-reader-text\">Rated <strong>5<\/strong> out of 5<\/span>\n    <span class=\"glsr-star glsr-star-full\" aria-hidden=\"true\"><\/span><span class=\"glsr-star glsr-star-full\" aria-hidden=\"true\"><\/span><span class=\"glsr-star glsr-star-full\" aria-hidden=\"true\"><\/span><span class=\"glsr-star glsr-star-full\" aria-hidden=\"true\"><\/span><span class=\"glsr-star glsr-star-full\" aria-hidden=\"true\"><\/span>\n<\/div><\/div> <div class=\"glsr-review-date\"><span class=\"glsr-tag-value\">14. augusta 2020<\/span><\/div>\n    <div class=\"glsr-review-assigned_links\"><span class=\"glsr-tag-value\">Review of <a href=\"https:\/\/edubeliso.eu\/sk\/office\/sharepoint\/sharepoint-user\/\">SharePoint u\u017e\u00edvate\u013e<\/a><\/span><\/div>\n    <div class=\"glsr-review-content\"><div class=\"glsr-tag-value\" data-expanded='false'><p>Profesion\u00e1lne za\u0161kolenie v oblasti pou\u017e\u00edvania SharePointu sprostredkovan\u00e9 sk\u00fasen\u00fdm lektorom. Rozhodne odpor\u00fa\u010dam v pr\u00edpade, ak ste predt\u00fdm nemali \u017eiadne sk\u00fasenosti s pou\u017e\u00edvan\u00edm SharePointu, ale aj v pr\u00edpade, ak si potrebujete zlep\u0161i\u0165 svoje znalosti.<\/p><\/div><\/div>\n     <div class=\"glsr-review-author\"><span class=\"glsr-tag-value\">Vladim\u00edr Danil\u00e1k, Advok\u00e1tska kancel\u00e1ria Ivan Syrov\u00fd, s.r.o.<\/span><\/div> \n    \n<\/div>\n<div class=\"glsr-review\" data-type=\"local\" id=\"review-2493\" data-assigned='{\"assigned_posts\":[1576],\"assigned_terms\":[31]}'>\n    \n    <div class=\"glsr-review-rating\"><div class=\"glsr-star-rating glsr-stars\" data-rating=\"5\" data-reviews=\"0\">\n    <span class=\"screen-reader-text\">Rated <strong>5<\/strong> out of 5<\/span>\n    <span class=\"glsr-star glsr-star-full\" aria-hidden=\"true\"><\/span><span class=\"glsr-star glsr-star-full\" aria-hidden=\"true\"><\/span><span class=\"glsr-star glsr-star-full\" aria-hidden=\"true\"><\/span><span class=\"glsr-star glsr-star-full\" aria-hidden=\"true\"><\/span><span class=\"glsr-star glsr-star-full\" aria-hidden=\"true\"><\/span>\n<\/div><\/div> <div class=\"glsr-review-date\"><span class=\"glsr-tag-value\">14. augusta 2020<\/span><\/div>\n    <div class=\"glsr-review-assigned_links\"><span class=\"glsr-tag-value\">Review of <a href=\"https:\/\/edubeliso.eu\/sk\/office\/sharepoint\/sharepoint-user\/\">SharePoint u\u017e\u00edvate\u013e<\/a><\/span><\/div>\n    <div class=\"glsr-review-content\"><div class=\"glsr-tag-value\" data-expanded='false'><p>Jasne, zrozumite\u013en\u00e9 \u0161kolenie, dobr\u00e1 pr\u00edprava predn\u00e1\u0161aj\u00faceho<\/p><\/div><\/div>\n     <div class=\"glsr-review-author\"><span class=\"glsr-tag-value\">Advok\u00e1tska kancel\u00e1ria Ivan Syrov\u00fd, s.r.o.<\/span><\/div> \n    \n<\/div>\n<div class=\"glsr-review\" data-type=\"local\" id=\"review-2490\" data-assigned='{\"assigned_posts\":[1576],\"assigned_terms\":[31]}'>\n    \n    <div class=\"glsr-review-rating\"><div class=\"glsr-star-rating glsr-stars\" data-rating=\"5\" data-reviews=\"0\">\n    <span class=\"screen-reader-text\">Rated <strong>5<\/strong> out of 5<\/span>\n    <span class=\"glsr-star glsr-star-full\" aria-hidden=\"true\"><\/span><span class=\"glsr-star glsr-star-full\" aria-hidden=\"true\"><\/span><span class=\"glsr-star glsr-star-full\" aria-hidden=\"true\"><\/span><span class=\"glsr-star glsr-star-full\" aria-hidden=\"true\"><\/span><span class=\"glsr-star glsr-star-full\" aria-hidden=\"true\"><\/span>\n<\/div><\/div> <div class=\"glsr-review-date\"><span class=\"glsr-tag-value\">14. augusta 2020<\/span><\/div>\n    <div class=\"glsr-review-assigned_links\"><span class=\"glsr-tag-value\">Review of <a href=\"https:\/\/edubeliso.eu\/sk\/office\/sharepoint\/sharepoint-user\/\">SharePoint u\u017e\u00edvate\u013e<\/a><\/span><\/div>\n    <div class=\"glsr-review-content\"><div class=\"glsr-tag-value\" data-expanded='false'><p>Zrozumite\u013en\u00e9 a pr\u00edjemn\u00e9, \u010fakujem<\/p><\/div><\/div>\n     <div class=\"glsr-review-author\"><span class=\"glsr-tag-value\">Advok\u00e1tska kancel\u00e1ria Ivan Syrov\u00fd, s.r.o., JUDr. Zuzana Husov\u00e1<\/span><\/div> \n    \n<\/div>\n<div class=\"glsr-review\" data-type=\"local\" id=\"review-2482\" data-assigned='{\"assigned_posts\":[1576],\"assigned_terms\":[31]}'>\n    \n    <div class=\"glsr-review-rating\"><div class=\"glsr-star-rating glsr-stars\" data-rating=\"5\" data-reviews=\"0\">\n    <span class=\"screen-reader-text\">Rated <strong>5<\/strong> out of 5<\/span>\n    <span class=\"glsr-star glsr-star-full\" aria-hidden=\"true\"><\/span><span class=\"glsr-star glsr-star-full\" aria-hidden=\"true\"><\/span><span class=\"glsr-star glsr-star-full\" aria-hidden=\"true\"><\/span><span class=\"glsr-star glsr-star-full\" aria-hidden=\"true\"><\/span><span class=\"glsr-star glsr-star-full\" aria-hidden=\"true\"><\/span>\n<\/div><\/div> <div class=\"glsr-review-date\"><span class=\"glsr-tag-value\">14. augusta 2020<\/span><\/div>\n    <div class=\"glsr-review-assigned_links\"><span class=\"glsr-tag-value\">Review of <a href=\"https:\/\/edubeliso.eu\/sk\/office\/sharepoint\/sharepoint-user\/\">SharePoint u\u017e\u00edvate\u013e<\/a><\/span><\/div>\n    <div class=\"glsr-review-content\"><div class=\"glsr-tag-value\" data-expanded='false'><p>Oce\u0148ujem trpezlivos\u0165 a nadmieru \u013eudsk\u00fd pr\u00edstup lektora, v\u010faka ktor\u00e9mu Sharepointu pochop\u00ed aj u\u017e\u00edvate\u013e, ktor\u00fd nie je \u00faplne zbehl\u00fd.<\/p><\/div><\/div>\n     <div class=\"glsr-review-author\"><span class=\"glsr-tag-value\">Mgr. Alexandra Mi\u0161inov\u00e1, LL.M., Advok\u00e1tska kancel\u00e1ria Ivan Syrov\u00fd, s.r.o.<\/span><\/div> \n    \n<\/div>\n    <\/div>\n    \n<\/div><\/div>","protected":false},"excerpt":{"rendered":"<p>\u010co je SharePoint? Spolo\u010dnosti pou\u017e\u00edvaj\u00fa SharePoint ako spolo\u010dn\u00e9, cloudov\u00e9 \u00falo\u017eisko, na ktorom m\u00f4\u017eete odklada\u0165 spolo\u010dn\u00e9 s\u00fabory (OneDrive) tak aby ka\u017ed\u00fd &hellip; <\/p>\n","protected":false},"author":2,"featured_media":0,"parent":581,"menu_order":0,"comment_status":"closed","ping_status":"closed","template":"","meta":{"_glsr_average":0,"_glsr_ranking":0,"_glsr_reviews":0,"footnotes":""},"class_list":["post-1570","page","type-page","status-publish","hentry"],"yoast_head":"<!-- This site is optimized with the Yoast SEO plugin v15.4 - https:\/\/yoast.com\/wordpress\/plugins\/seo\/ -->\n<title>EduBeliso - Kurzy SharePoint<\/title>\n<meta name=\"description\" content=\"Kurzy SharePoint pre zamestnancov. Online s lektorom alebo osobne, v\u00fdber je na v\u00e1s.\" \/>\n<meta name=\"robots\" content=\"index, follow, max-snippet:-1, max-image-preview:large, max-video-preview:-1\" \/>\n<link rel=\"canonical\" href=\"https:\/\/edubeliso.eu\/sk\/office\/sharepoint\/\" \/>\n<meta property=\"og:locale\" content=\"sk_SK\" \/>\n<meta property=\"og:type\" content=\"article\" \/>\n<meta property=\"og:title\" content=\"EduBeliso - Kurzy SharePoint\" \/>\n<meta property=\"og:description\" content=\"Kurzy SharePoint pre zamestnancov. Online s lektorom alebo osobne, v\u00fdber je na v\u00e1s.\" \/>\n<meta property=\"og:url\" content=\"https:\/\/edubeliso.eu\/sk\/office\/sharepoint\/\" \/>\n<meta property=\"og:site_name\" content=\"EduBeliso\" \/>\n<meta property=\"article:modified_time\" content=\"2020-12-22T22:56:28+00:00\" \/>\n<meta name=\"twitter:card\" content=\"summary_large_image\" \/>\n<meta name=\"twitter:label1\" content=\"Autor:\">\n\t<meta name=\"twitter:data1\" content=\"Peter Beli\u010dka\">\n\t<meta name=\"twitter:label2\" content=\"Est. reading time\">\n\t<meta name=\"twitter:data2\" content=\"0 min\u00fat\">\n<script type=\"application\/ld+json\" class=\"yoast-schema-graph\">{\"@context\":\"https:\/\/schema.org\",\"@graph\":[{\"@type\":\"WebSite\",\"@id\":\"https:\/\/edubeliso.eu\/sk\/#website\",\"url\":\"https:\/\/edubeliso.eu\/sk\/\",\"name\":\"EduBeliso\",\"description\":\"\",\"potentialAction\":[{\"@type\":\"SearchAction\",\"target\":\"https:\/\/edubeliso.eu\/sk\/?s={search_term_string}\",\"query-input\":\"required name=search_term_string\"}],\"inLanguage\":\"sk-SK\"},{\"@type\":\"WebPage\",\"@id\":\"https:\/\/edubeliso.eu\/sk\/office\/sharepoint\/#webpage\",\"url\":\"https:\/\/edubeliso.eu\/sk\/office\/sharepoint\/\",\"name\":\"EduBeliso - Kurzy SharePoint\",\"isPartOf\":{\"@id\":\"https:\/\/edubeliso.eu\/sk\/#website\"},\"datePublished\":\"2020-07-17T08:50:32+00:00\",\"dateModified\":\"2020-12-22T22:56:28+00:00\",\"description\":\"Kurzy SharePoint pre zamestnancov. Online s lektorom alebo osobne, v\\u00fdber je na v\\u00e1s.\",\"inLanguage\":\"sk-SK\",\"potentialAction\":[{\"@type\":\"ReadAction\",\"target\":[\"https:\/\/edubeliso.eu\/sk\/office\/sharepoint\/\"]}]}]}<\/script>\n<!-- \/ Yoast SEO plugin. -->","_links":{"self":[{"href":"https:\/\/edubeliso.eu\/sk\/wp-json\/wp\/v2\/pages\/1570","targetHints":{"allow":["GET"]}}],"collection":[{"href":"https:\/\/edubeliso.eu\/sk\/wp-json\/wp\/v2\/pages"}],"about":[{"href":"https:\/\/edubeliso.eu\/sk\/wp-json\/wp\/v2\/types\/page"}],"author":[{"embeddable":true,"href":"https:\/\/edubeliso.eu\/sk\/wp-json\/wp\/v2\/users\/2"}],"replies":[{"embeddable":true,"href":"https:\/\/edubeliso.eu\/sk\/wp-json\/wp\/v2\/comments?post=1570"}],"version-history":[{"count":15,"href":"https:\/\/edubeliso.eu\/sk\/wp-json\/wp\/v2\/pages\/1570\/revisions"}],"predecessor-version":[{"id":2587,"href":"https:\/\/edubeliso.eu\/sk\/wp-json\/wp\/v2\/pages\/1570\/revisions\/2587"}],"up":[{"embeddable":true,"href":"https:\/\/edubeliso.eu\/sk\/wp-json\/wp\/v2\/pages\/581"}],"wp:attachment":[{"href":"https:\/\/edubeliso.eu\/sk\/wp-json\/wp\/v2\/media?parent=1570"}],"curies":[{"name":"wp","href":"https:\/\/api.w.org\/{rel}","templated":true}]}}