{"id":2511,"date":"2020-10-30T12:34:57","date_gmt":"2020-10-30T11:34:57","guid":{"rendered":"https:\/\/edubeliso.eu\/sk\/?page_id=2511"},"modified":"2020-12-22T23:56:52","modified_gmt":"2020-12-22T22:56:52","slug":"teams","status":"publish","type":"page","link":"https:\/\/edubeliso.eu\/sk\/office\/teams\/","title":{"rendered":"Kurzy Teams"},"content":{"rendered":"\n<div class=\"wp-block-buttons is-layout-flex wp-block-buttons-is-layout-flex\">\n<div class=\"wp-block-button tlacidlo-kat it-tlacidlo-kat it-tlacidlo-kat-teams\"><a class=\"wp-block-button__link\" href=\"https:\/\/edubeliso.eu\/sk\/office\/teams\/teams-user\/\">Teams u\u017e\u00edvate\u013e<\/a><\/div>\n<\/div>\n\n\n\n<h2 class=\"wp-block-heading\">\u010co je Teams?<\/h2>\n\n\n\n<p class=\"text-blok\">Teams je komunika\u010dn\u00e1 platforma vyv\u00edjan\u00e1 spolo\u010dnos\u0165ou Microsoft a je s\u00fa\u010das\u0165 skupiny Microsoft 365. Tento program prim\u00e1rne poskytuje mo\u017enosti vytv\u00e1rania video konferen\u010dn\u00fdch hovorov, ktor\u00e9 je mo\u017en\u00e9 organizova\u0165 pomocou implementovan\u00e9ho kalend\u00e1ra. Je v\u00fdborn\u00fd n\u00e1stroj a pomocn\u00edk do ka\u017ed\u00e9ho pracovn\u00e9ho t\u00edmu.<\/p>\n\n\n\n<h2 class=\"wp-block-heading\">Najbli\u017e\u0161ie term\u00edny<\/h2>\n\n\n\n\n\n<p class=\"text-blok\">Ak ste nena\u0161li term\u00edn, ktor\u00fd v\u00e1m vyhovuje, nev\u00e1hajte n\u00e1s kontaktova\u0165. Viac inform\u00e1ci\u00ed&nbsp;<a href=\"https:\/\/edubeliso.eu\/sk\/we-adjust-to-your-need\/\">n\u00e1jdete tu<\/a>.<\/p>\n\n\n\n<h2 class=\"wp-block-heading\">Recenzie<\/h2>\n\n\n<div class=\"glsr glsr-default\" id=\"glsr_5802c236\" data-from='block' data-shortcode='site_reviews' data-assigned_terms='44' data-hide='[&quot;title&quot;]'><div class=\"glsr-reviews-wrap\">\n    <div class=\"glsr-reviews\">\n        <div class=\"glsr-review\" data-type=\"local\" id=\"review-2600\" data-assigned='{\"assigned_posts\":[2522],\"assigned_terms\":[44]}'>\n    \n    <div class=\"glsr-review-rating\"><div class=\"glsr-star-rating glsr-stars\" data-rating=\"5\" data-reviews=\"0\">\n    <span class=\"screen-reader-text\">Rated <strong>5<\/strong> out of 5<\/span>\n    <span class=\"glsr-star glsr-star-full\" aria-hidden=\"true\"><\/span><span class=\"glsr-star glsr-star-full\" aria-hidden=\"true\"><\/span><span class=\"glsr-star glsr-star-full\" aria-hidden=\"true\"><\/span><span class=\"glsr-star glsr-star-full\" aria-hidden=\"true\"><\/span><span class=\"glsr-star glsr-star-full\" aria-hidden=\"true\"><\/span>\n<\/div><\/div> <div class=\"glsr-review-date\"><span class=\"glsr-tag-value\">20. janu\u00e1ra 2021<\/span><\/div>\n    <div class=\"glsr-review-assigned_links\"><span class=\"glsr-tag-value\">Review of <a href=\"https:\/\/edubeliso.eu\/sk\/office\/teams\/teams-user\/\">Teams u\u017e\u00edvate\u013e<\/a><\/span><\/div>\n    <div class=\"glsr-review-content\"><div class=\"glsr-tag-value\" data-expanded='false'><p>super \u0161kolenie, odpor\u00fa\u010dam<\/p><\/div><\/div>\n     <div class=\"glsr-review-author\"><span class=\"glsr-tag-value\">Smurfit Kappa \u0160t\u00farovo<\/span><\/div> \n    \n<\/div>\n<div class=\"glsr-review\" data-type=\"local\" id=\"review-2599\" data-assigned='{\"assigned_posts\":[2522],\"assigned_terms\":[44]}'>\n    \n    <div class=\"glsr-review-rating\"><div class=\"glsr-star-rating glsr-stars\" data-rating=\"5\" data-reviews=\"0\">\n    <span class=\"screen-reader-text\">Rated <strong>5<\/strong> out of 5<\/span>\n    <span class=\"glsr-star glsr-star-full\" aria-hidden=\"true\"><\/span><span class=\"glsr-star glsr-star-full\" aria-hidden=\"true\"><\/span><span class=\"glsr-star glsr-star-full\" aria-hidden=\"true\"><\/span><span class=\"glsr-star glsr-star-full\" aria-hidden=\"true\"><\/span><span class=\"glsr-star glsr-star-full\" aria-hidden=\"true\"><\/span>\n<\/div><\/div> <div class=\"glsr-review-date\"><span class=\"glsr-tag-value\">20. janu\u00e1ra 2021<\/span><\/div>\n    <div class=\"glsr-review-assigned_links\"><span class=\"glsr-tag-value\">Review of <a href=\"https:\/\/edubeliso.eu\/sk\/office\/teams\/teams-user\/\">Teams u\u017e\u00edvate\u013e<\/a><\/span><\/div>\n    <div class=\"glsr-review-content\"><div class=\"glsr-tag-value\" data-expanded='false'><p>\u0160kolenie zrozumiteln\u00e9, u\u017eito\u010dn\u00e9\u2026<\/p><\/div><\/div>\n     <div class=\"glsr-review-author\"><span class=\"glsr-tag-value\">Ladislav P\u00e1sztor<\/span><\/div> \n    \n<\/div>\n<div class=\"glsr-review\" data-type=\"local\" id=\"review-2598\" data-assigned='{\"assigned_posts\":[2522],\"assigned_terms\":[44]}'>\n    \n    <div class=\"glsr-review-rating\"><div class=\"glsr-star-rating glsr-stars\" data-rating=\"5\" data-reviews=\"0\">\n    <span class=\"screen-reader-text\">Rated <strong>5<\/strong> out of 5<\/span>\n    <span class=\"glsr-star glsr-star-full\" aria-hidden=\"true\"><\/span><span class=\"glsr-star glsr-star-full\" aria-hidden=\"true\"><\/span><span class=\"glsr-star glsr-star-full\" aria-hidden=\"true\"><\/span><span class=\"glsr-star glsr-star-full\" aria-hidden=\"true\"><\/span><span class=\"glsr-star glsr-star-full\" aria-hidden=\"true\"><\/span>\n<\/div><\/div> <div class=\"glsr-review-date\"><span class=\"glsr-tag-value\">20. janu\u00e1ra 2021<\/span><\/div>\n    <div class=\"glsr-review-assigned_links\"><span class=\"glsr-tag-value\">Review of <a href=\"https:\/\/edubeliso.eu\/sk\/office\/teams\/teams-user\/\">Teams u\u017e\u00edvate\u013e<\/a><\/span><\/div>\n    <div class=\"glsr-review-content\"><div class=\"glsr-tag-value\" data-expanded='false'><p>Fakticke a prakticke skolenie. Ocenujem riesenie specifickej poziadavky \u2013 hlasenie zmien po editovani suboru cez SharePoint.<\/p><\/div><\/div>\n     <div class=\"glsr-review-author\"><span class=\"glsr-tag-value\">Jaroslav Dodecky<\/span><\/div> \n    \n<\/div>\n<div class=\"glsr-review\" data-type=\"local\" id=\"review-2597\" data-assigned='{\"assigned_posts\":[2522],\"assigned_terms\":[44]}'>\n    \n    <div class=\"glsr-review-rating\"><div class=\"glsr-star-rating glsr-stars\" data-rating=\"5\" data-reviews=\"0\">\n    <span class=\"screen-reader-text\">Rated <strong>5<\/strong> out of 5<\/span>\n    <span class=\"glsr-star glsr-star-full\" aria-hidden=\"true\"><\/span><span class=\"glsr-star glsr-star-full\" aria-hidden=\"true\"><\/span><span class=\"glsr-star glsr-star-full\" aria-hidden=\"true\"><\/span><span class=\"glsr-star glsr-star-full\" aria-hidden=\"true\"><\/span><span class=\"glsr-star glsr-star-full\" aria-hidden=\"true\"><\/span>\n<\/div><\/div> <div class=\"glsr-review-date\"><span class=\"glsr-tag-value\">20. janu\u00e1ra 2021<\/span><\/div>\n    <div class=\"glsr-review-assigned_links\"><span class=\"glsr-tag-value\">Review of <a href=\"https:\/\/edubeliso.eu\/sk\/office\/teams\/teams-user\/\">Teams u\u017e\u00edvate\u013e<\/a><\/span><\/div>\n    <div class=\"glsr-review-content\"><div class=\"glsr-tag-value\" data-expanded='false'><p>Velmi prijemny skolitel, zodpovedal vsetky otazky, vzdy sme mali priestor pytat sa. Zrozumitelny, vecny vyklad.<\/p><\/div><\/div>\n     <div class=\"glsr-review-author\"><span class=\"glsr-tag-value\">nora slabakova<\/span><\/div> \n    \n<\/div>\n<div class=\"glsr-review\" data-type=\"local\" id=\"review-2596\" data-assigned='{\"assigned_posts\":[2522],\"assigned_terms\":[44]}'>\n    \n    <div class=\"glsr-review-rating\"><div class=\"glsr-star-rating glsr-stars\" data-rating=\"5\" data-reviews=\"0\">\n    <span class=\"screen-reader-text\">Rated <strong>5<\/strong> out of 5<\/span>\n    <span class=\"glsr-star glsr-star-full\" aria-hidden=\"true\"><\/span><span class=\"glsr-star glsr-star-full\" aria-hidden=\"true\"><\/span><span class=\"glsr-star glsr-star-full\" aria-hidden=\"true\"><\/span><span class=\"glsr-star glsr-star-full\" aria-hidden=\"true\"><\/span><span class=\"glsr-star glsr-star-full\" aria-hidden=\"true\"><\/span>\n<\/div><\/div> <div class=\"glsr-review-date\"><span class=\"glsr-tag-value\">20. janu\u00e1ra 2021<\/span><\/div>\n    <div class=\"glsr-review-assigned_links\"><span class=\"glsr-tag-value\">Review of <a href=\"https:\/\/edubeliso.eu\/sk\/office\/teams\/teams-user\/\">Teams u\u017e\u00edvate\u013e<\/a><\/span><\/div>\n    <div class=\"glsr-review-content\"><div class=\"glsr-tag-value\" data-expanded='false'><p>\u0160kolenie bolo presne zameran\u00e9, \u0161trukturovan\u00e9 a obsahovo bohat\u00e9.<\/p>\n<p>Z m\u00f4jho poh\u013eadu splnilo o\u010dak\u00e1vania, dozvedel som sa viacero nov\u00fdch , u\u017eito\u010dn\u00fdch inform\u00e1ci\u00ed a funkcional\u00edt.<\/p><\/div><\/div>\n     <div class=\"glsr-review-author\"><span class=\"glsr-tag-value\">Milan Pako\u0161<\/span><\/div> \n    \n<\/div>\n    <\/div>\n    \n<\/div><\/div>","protected":false},"excerpt":{"rendered":"<p>\u010co je Teams? Teams je komunika\u010dn\u00e1 platforma vyv\u00edjan\u00e1 spolo\u010dnos\u0165ou Microsoft a je s\u00fa\u010das\u0165 skupiny Microsoft 365. Tento program prim\u00e1rne poskytuje &hellip; <\/p>\n","protected":false},"author":2,"featured_media":0,"parent":581,"menu_order":0,"comment_status":"closed","ping_status":"closed","template":"","meta":{"_glsr_average":0,"_glsr_ranking":0,"_glsr_reviews":0,"footnotes":""},"class_list":["post-2511","page","type-page","status-publish","hentry"],"yoast_head":"<!-- This site is optimized with the Yoast SEO plugin v15.4 - https:\/\/yoast.com\/wordpress\/plugins\/seo\/ -->\n<title>EduBeliso - Kurzy Teams<\/title>\n<meta name=\"description\" content=\"Kurzy Teams pre zamestnancov. Online s lektorom alebo osobne, v\u00fdber je na v\u00e1s.\" \/>\n<meta name=\"robots\" content=\"index, follow, max-snippet:-1, max-image-preview:large, max-video-preview:-1\" \/>\n<link rel=\"canonical\" href=\"https:\/\/edubeliso.eu\/sk\/office\/teams\/\" \/>\n<meta property=\"og:locale\" content=\"sk_SK\" \/>\n<meta property=\"og:type\" content=\"article\" \/>\n<meta property=\"og:title\" content=\"EduBeliso - Kurzy Teams\" \/>\n<meta property=\"og:description\" content=\"Kurzy Teams pre zamestnancov. Online s lektorom alebo osobne, v\u00fdber je na v\u00e1s.\" \/>\n<meta property=\"og:url\" content=\"https:\/\/edubeliso.eu\/sk\/office\/teams\/\" \/>\n<meta property=\"og:site_name\" content=\"EduBeliso\" \/>\n<meta property=\"article:modified_time\" content=\"2020-12-22T22:56:52+00:00\" \/>\n<meta name=\"twitter:card\" content=\"summary_large_image\" \/>\n<meta name=\"twitter:label1\" content=\"Autor:\">\n\t<meta name=\"twitter:data1\" content=\"Peter Beli\u010dka\">\n\t<meta name=\"twitter:label2\" content=\"Est. reading time\">\n\t<meta name=\"twitter:data2\" content=\"0 min\u00fat\">\n<script type=\"application\/ld+json\" class=\"yoast-schema-graph\">{\"@context\":\"https:\/\/schema.org\",\"@graph\":[{\"@type\":\"WebSite\",\"@id\":\"https:\/\/edubeliso.eu\/sk\/#website\",\"url\":\"https:\/\/edubeliso.eu\/sk\/\",\"name\":\"EduBeliso\",\"description\":\"\",\"potentialAction\":[{\"@type\":\"SearchAction\",\"target\":\"https:\/\/edubeliso.eu\/sk\/?s={search_term_string}\",\"query-input\":\"required name=search_term_string\"}],\"inLanguage\":\"sk-SK\"},{\"@type\":\"WebPage\",\"@id\":\"https:\/\/edubeliso.eu\/sk\/office\/teams\/#webpage\",\"url\":\"https:\/\/edubeliso.eu\/sk\/office\/teams\/\",\"name\":\"EduBeliso - Kurzy Teams\",\"isPartOf\":{\"@id\":\"https:\/\/edubeliso.eu\/sk\/#website\"},\"datePublished\":\"2020-10-30T11:34:57+00:00\",\"dateModified\":\"2020-12-22T22:56:52+00:00\",\"description\":\"Kurzy Teams pre zamestnancov. Online s lektorom alebo osobne, v\\u00fdber je na v\\u00e1s.\",\"inLanguage\":\"sk-SK\",\"potentialAction\":[{\"@type\":\"ReadAction\",\"target\":[\"https:\/\/edubeliso.eu\/sk\/office\/teams\/\"]}]}]}<\/script>\n<!-- \/ Yoast SEO plugin. -->","_links":{"self":[{"href":"https:\/\/edubeliso.eu\/sk\/wp-json\/wp\/v2\/pages\/2511","targetHints":{"allow":["GET"]}}],"collection":[{"href":"https:\/\/edubeliso.eu\/sk\/wp-json\/wp\/v2\/pages"}],"about":[{"href":"https:\/\/edubeliso.eu\/sk\/wp-json\/wp\/v2\/types\/page"}],"author":[{"embeddable":true,"href":"https:\/\/edubeliso.eu\/sk\/wp-json\/wp\/v2\/users\/2"}],"replies":[{"embeddable":true,"href":"https:\/\/edubeliso.eu\/sk\/wp-json\/wp\/v2\/comments?post=2511"}],"version-history":[{"count":8,"href":"https:\/\/edubeliso.eu\/sk\/wp-json\/wp\/v2\/pages\/2511\/revisions"}],"predecessor-version":[{"id":2589,"href":"https:\/\/edubeliso.eu\/sk\/wp-json\/wp\/v2\/pages\/2511\/revisions\/2589"}],"up":[{"embeddable":true,"href":"https:\/\/edubeliso.eu\/sk\/wp-json\/wp\/v2\/pages\/581"}],"wp:attachment":[{"href":"https:\/\/edubeliso.eu\/sk\/wp-json\/wp\/v2\/media?parent=2511"}],"curies":[{"name":"wp","href":"https:\/\/api.w.org\/{rel}","templated":true}]}}