{"id":2522,"date":"2020-10-30T13:28:50","date_gmt":"2020-10-30T12:28:50","guid":{"rendered":"https:\/\/edubeliso.eu\/sk\/?page_id=2522"},"modified":"2020-10-30T15:42:20","modified_gmt":"2020-10-30T14:42:20","slug":"teams-user","status":"publish","type":"page","link":"https:\/\/edubeliso.eu\/sk\/office\/teams\/teams-user\/","title":{"rendered":"Teams u\u017e\u00edvate\u013e"},"content":{"rendered":"\n<p>Kurz je orientovan\u00fd na pou\u017e\u00edvate\u013eov programu Teams. H\u013abkovo sa venuje tvorbe online sch\u00f4dz\u00ed, tvorbe t\u00edmov a organiz\u00e1ci\u00ed kalend\u00e1ra. Na praktick\u00fdch pr\u00edkladoch s\u00fa uveden\u00e9 r\u00f4zne situ\u00e1cie, ktor\u00e9 nast\u00e1vaj\u00fa na be\u017en\u00fdch online sch\u00f4dzkach ako je napr\u00edklad zdie\u013eanie obsahu, zdie\u013eanie obrazovky, vy\u017e\u00edvanie tabule a r\u00f4zne in\u00e9. Na absolvovanie kurzu je vhodn\u00e9 aby \u00fa\u010dastn\u00edk mal predo\u0161l\u00e9 sk\u00fasenosti s Microsoft Office na z\u00e1kladnej pou\u017e\u00edvate\u013eskej \u00farovni.<\/p>\n\n\n\n<h2 class=\"wp-block-heading\">Term\u00edny<\/h2>\n\n\n\n\n\n<p>Ak ste nena\u0161li term\u00edn, ktor\u00fd v\u00e1m vyhovuje, nev\u00e1hajte n\u00e1s kontaktova\u0165. Viac inform\u00e1ci\u00ed&nbsp;<a href=\"https:\/\/edubeliso.eu\/sk\/we-adjust-to-your-need\/\">n\u00e1jdete tu<\/a>.<\/p>\n\n\n\n<h2 class=\"wp-block-heading\">Osnovy<\/h2>\n\n\n\n<h3 style=\"margin-bottom: 0px;\">\u00davod do programu MS Teams<\/h3>\n<ul><li>Vysvetlenie postavenia programu MS Teams v Microsoft Office 365<\/li>\n<li>Prihlasovanie do programu MS Teams pomocou aplik\u00e1cie a pomocou prehliada\u010da<\/li>\n<li>Prostredie programu MS Teams a jeho z\u00e1kladn\u00e9 nastavenia<\/li><\/ul>\n\n\n\n<h3 style=\"margin-bottom: 0px;\">Sch\u00f4dza<\/h3>\n<ul><li>Stlmenie mikrof\u00f3nu a vypnutie\/zapnutie kamery<\/li>\n<li>Chat a pozn\u00e1mky<\/li>\n<li>Zdie\u013eanie obsahu ako s\u00fa s\u00fabory<\/li>\n<li>Zdie\u013eanie obrazovky, okna a tabu\u013ea<\/li>\n<li>Nastavenie sch\u00f4dze: \u010dakacia miestnos\u0165, nastavenie prezentuj\u00faceho, nastavenie \u00fa\u010dastn\u00edka<\/li><\/ul>\n\n\n\n<h3 style=\"margin-bottom: 0px;\">T\u00edm<\/h3>\n<ul><li>Vytvorenie a spr\u00e1va t\u00edmu<\/li>\n<li>Prid\u00e1vanie a odstra\u0148ovanie \u010dlenov do t\u00edmu<\/li>\n<li>Prid\u00e1vanie kan\u00e1lov do t\u00edmu<\/li>\n<li>Povolenia pre jednotliv\u00fdch \u010dlenov<\/li>\n<li>Vytv\u00e1ranie t\u00edmovej sch\u00f4dze<\/li>\n<li>Prira\u010fovanie \u00faloh a plnenie \u00faloh<\/li><\/ul>\n\n\n\n<h3 style=\"margin-bottom: 0px;\">Kalend\u00e1r<\/h3>\n<ul><li>Navig\u00e1cia v kalend\u00e1ri<\/li>\n<li>Vytv\u00e1ranie udalost\u00ed a sch\u00f4dz\u00ed<\/li>\n<li>Pl\u00e1novanie sch\u00f4dz\u00ed<\/li>\n<li>Vytv\u00e1ranie opakuj\u00facej udalosti<\/li><\/ul>\n\n\n\n<h3 style=\"margin-bottom: 0px;\">\u010eal\u0161ie mo\u017enosti aplik\u00e1cie MS Teams<\/h3>\n<ul><li>Kontakty a hovory<\/li>\n<li>Komunik\u00e1cia s pridan\u00fdm kontaktom<\/li>\n<li>Telefon\u00e1t s kontaktom<\/li>\n<li>Prid\u00e1vanie r\u00f4znych aplik\u00e1ci\u00ed ako s\u00fa napr. MS Forms a r\u00f4zne in\u00e9<\/li><\/ul>\n\n\n\n<span id=\"course-info\"><\/span>\n\n\n<div class=\"su-tabs su-tabs-style-default su-tabs-mobile-stack tab-info text-blok\" data-active=\"1\" data-scroll-offset=\"0\" data-anchor-in-url=\"no\"><div class=\"su-tabs-nav\"><span class=\"\" data-anchor=\"informacie-o-skoleni\" data-url=\"\" data-target=\"self\" tabindex=\"0\" role=\"button\"><strong>Inform\u00e1cie o \u0161kolen\u00ed<\/strong><\/span><span class=\"\" data-anchor=\"vstupne-vedomosti\" data-url=\"#course-info\" data-target=\"self\" tabindex=\"0\" role=\"button\"><strong>Podporovan\u00e9 verzie programu<\/strong><\/span><span class=\"\" data-anchor=\"preberane-funkcie\" data-url=\"#course-info\" data-target=\"self\" tabindex=\"0\" role=\"button\"><strong>Odpor\u00fa\u010dan\u00e9 kurzy<\/strong><\/span><span class=\"\" data-anchor=\"vseobecne-informacie\" data-url=\"#course-info\" data-target=\"self\" tabindex=\"0\" role=\"button\"><strong>V\u0161eobecn\u00e9 inform\u00e1cie<\/strong><\/span><\/div><div class=\"su-tabs-panes\"><div class=\"su-tabs-pane su-u-clearfix su-u-trim\" data-title=\"&lt;strong&gt;Inform\u00e1cie o \u0161kolen\u00ed&lt;\/strong&gt;\">\n<strong>Cena kurzu:<\/strong> 40 \u20ac<br \/>\n<strong>D\u013a\u017eka trvania kurzu:<\/strong> 1 dni<br \/>\n<strong>Celkov\u00fd po\u010det hod\u00edn:<\/strong> 3 hodiny<br \/>\n<strong>Odpor\u00fa\u010dan\u00e9 minim\u00e1lne vstupn\u00e9 vedomosti:<\/strong> Z\u00e1kladn\u00e9 ovl\u00e1danie po\u010d\u00edta\u010da, pr\u00e1ca s prie\u010dinkami a s\u00fabormi. Z\u00e1kladn\u00e1 znalos\u0165 aplik\u00e1ci\u00ed Microsoft Office. Pou\u017e\u00edvanie internetov\u00e9ho prehliada\u010da.<br \/>\n<\/div>\n<div class=\"su-tabs-pane su-u-clearfix su-u-trim\" data-title=\"&lt;strong&gt;Podporovan\u00e9 verzie programu&lt;\/strong&gt;\">\nTeams u\u017e\u00edvate\u013e bude prezentovan\u00fd na verzii Microsoft 365. Na dobu \u0161kolenia poskytujeme licenciu Microsoft 365 (po\u010das \u0161kolenia teda nemus\u00edte vlastni\u0165 licenciu Microsoft 365). Po dohode je mo\u017en\u00e9 absolvova\u0165 kurz aj na va\u0161ich firemn\u00fdch licenci\u00e1ch.<br \/>\n<a href=\"https:\/\/edubeliso.eu\/sk\/difference-betwen-microsoft-365-and-office-2019\/\" target=\"_blank\" rel=\"noopener noreferrer\">Rozdiel medzi Microsoft 365 a Office 2019<\/a><br \/>\n<\/div>\n<div class=\"su-tabs-pane su-u-clearfix su-u-trim\" data-title=\"&lt;strong&gt;Odpor\u00fa\u010dan\u00e9 kurzy&lt;\/strong&gt;\">\n<strong>Pred kurzom:<\/strong><br \/>\n\u017diadne<br \/>\n<\/div>\n<div class=\"su-tabs-pane su-u-clearfix su-u-trim\" data-title=\"&lt;strong&gt;V\u0161eobecn\u00e9 inform\u00e1cie&lt;\/strong&gt;\">\n<div data-post-id='2426' class='insert-page insert-page-2426 '>\n<p>Pred samotn\u00fdm kurzom odpor\u00fa\u010dame prezrie\u0165 nasleduj\u00face \u010dl\u00e1nky:<br><a href=\"https:\/\/edubeliso.eu\/sk\/how-does-an-online-course-look-like\/\" target=\"_blank\" aria-label=\"undefined (otv\u00e1ra sa na novej karte)\" rel=\"noreferrer noopener\">Ako vyzer\u00e1 online kurz?<\/a><br><a href=\"https:\/\/edubeliso.eu\/sk\/how-to-join-an-online-course\/\" target=\"_blank\" aria-label=\"undefined (otv\u00e1ra sa na novej karte)\" rel=\"noreferrer noopener\">Ako sa pripoji\u0165 na online kurz?<\/a><\/p>\n<\/div>\n<\/div><\/div><\/div>\n\n\n\n<h2 class=\"wp-block-heading\">Recenzie<\/h2>\n\n\n<div class=\"glsr glsr-default\" id=\"glsr_b002e34d\" data-from='block' data-shortcode='site_reviews' data-assigned_posts='2522' data-display='50' data-hide='[&quot;title&quot;]'><div class=\"glsr-reviews-wrap\">\n    <div class=\"glsr-reviews\">\n        <div class=\"glsr-review\" data-type=\"local\" id=\"review-2600\" data-assigned='{\"assigned_posts\":[2522],\"assigned_terms\":[44]}'>\n    \n    <div class=\"glsr-review-rating\"><div class=\"glsr-star-rating glsr-stars\" data-rating=\"5\" data-reviews=\"0\">\n    <span class=\"screen-reader-text\">Rated <strong>5<\/strong> out of 5<\/span>\n    <span class=\"glsr-star glsr-star-full\" aria-hidden=\"true\"><\/span><span class=\"glsr-star glsr-star-full\" aria-hidden=\"true\"><\/span><span class=\"glsr-star glsr-star-full\" aria-hidden=\"true\"><\/span><span class=\"glsr-star glsr-star-full\" aria-hidden=\"true\"><\/span><span class=\"glsr-star glsr-star-full\" aria-hidden=\"true\"><\/span>\n<\/div><\/div> <div class=\"glsr-review-date\"><span class=\"glsr-tag-value\">20. janu\u00e1ra 2021<\/span><\/div>\n    <div class=\"glsr-review-assigned_links\"><span class=\"glsr-tag-value\">Review of <a href=\"https:\/\/edubeliso.eu\/sk\/office\/teams\/teams-user\/\">Teams u\u017e\u00edvate\u013e<\/a><\/span><\/div>\n    <div class=\"glsr-review-content\"><div class=\"glsr-tag-value\" data-expanded='false'><p>super \u0161kolenie, odpor\u00fa\u010dam<\/p><\/div><\/div>\n     <div class=\"glsr-review-author\"><span class=\"glsr-tag-value\">Smurfit Kappa \u0160t\u00farovo<\/span><\/div> \n    \n<\/div>\n<div class=\"glsr-review\" data-type=\"local\" id=\"review-2599\" data-assigned='{\"assigned_posts\":[2522],\"assigned_terms\":[44]}'>\n    \n    <div class=\"glsr-review-rating\"><div class=\"glsr-star-rating glsr-stars\" data-rating=\"5\" data-reviews=\"0\">\n    <span class=\"screen-reader-text\">Rated <strong>5<\/strong> out of 5<\/span>\n    <span class=\"glsr-star glsr-star-full\" aria-hidden=\"true\"><\/span><span class=\"glsr-star glsr-star-full\" aria-hidden=\"true\"><\/span><span class=\"glsr-star glsr-star-full\" aria-hidden=\"true\"><\/span><span class=\"glsr-star glsr-star-full\" aria-hidden=\"true\"><\/span><span class=\"glsr-star glsr-star-full\" aria-hidden=\"true\"><\/span>\n<\/div><\/div> <div class=\"glsr-review-date\"><span class=\"glsr-tag-value\">20. janu\u00e1ra 2021<\/span><\/div>\n    <div class=\"glsr-review-assigned_links\"><span class=\"glsr-tag-value\">Review of <a href=\"https:\/\/edubeliso.eu\/sk\/office\/teams\/teams-user\/\">Teams u\u017e\u00edvate\u013e<\/a><\/span><\/div>\n    <div class=\"glsr-review-content\"><div class=\"glsr-tag-value\" data-expanded='false'><p>\u0160kolenie zrozumiteln\u00e9, u\u017eito\u010dn\u00e9\u2026<\/p><\/div><\/div>\n     <div class=\"glsr-review-author\"><span class=\"glsr-tag-value\">Ladislav P\u00e1sztor<\/span><\/div> \n    \n<\/div>\n<div class=\"glsr-review\" data-type=\"local\" id=\"review-2598\" data-assigned='{\"assigned_posts\":[2522],\"assigned_terms\":[44]}'>\n    \n    <div class=\"glsr-review-rating\"><div class=\"glsr-star-rating glsr-stars\" data-rating=\"5\" data-reviews=\"0\">\n    <span class=\"screen-reader-text\">Rated <strong>5<\/strong> out of 5<\/span>\n    <span class=\"glsr-star glsr-star-full\" aria-hidden=\"true\"><\/span><span class=\"glsr-star glsr-star-full\" aria-hidden=\"true\"><\/span><span class=\"glsr-star glsr-star-full\" aria-hidden=\"true\"><\/span><span class=\"glsr-star glsr-star-full\" aria-hidden=\"true\"><\/span><span class=\"glsr-star glsr-star-full\" aria-hidden=\"true\"><\/span>\n<\/div><\/div> <div class=\"glsr-review-date\"><span class=\"glsr-tag-value\">20. janu\u00e1ra 2021<\/span><\/div>\n    <div class=\"glsr-review-assigned_links\"><span class=\"glsr-tag-value\">Review of <a href=\"https:\/\/edubeliso.eu\/sk\/office\/teams\/teams-user\/\">Teams u\u017e\u00edvate\u013e<\/a><\/span><\/div>\n    <div class=\"glsr-review-content\"><div class=\"glsr-tag-value\" data-expanded='false'><p>Fakticke a prakticke skolenie. Ocenujem riesenie specifickej poziadavky \u2013 hlasenie zmien po editovani suboru cez SharePoint.<\/p><\/div><\/div>\n     <div class=\"glsr-review-author\"><span class=\"glsr-tag-value\">Jaroslav Dodecky<\/span><\/div> \n    \n<\/div>\n<div class=\"glsr-review\" data-type=\"local\" id=\"review-2597\" data-assigned='{\"assigned_posts\":[2522],\"assigned_terms\":[44]}'>\n    \n    <div class=\"glsr-review-rating\"><div class=\"glsr-star-rating glsr-stars\" data-rating=\"5\" data-reviews=\"0\">\n    <span class=\"screen-reader-text\">Rated <strong>5<\/strong> out of 5<\/span>\n    <span class=\"glsr-star glsr-star-full\" aria-hidden=\"true\"><\/span><span class=\"glsr-star glsr-star-full\" aria-hidden=\"true\"><\/span><span class=\"glsr-star glsr-star-full\" aria-hidden=\"true\"><\/span><span class=\"glsr-star glsr-star-full\" aria-hidden=\"true\"><\/span><span class=\"glsr-star glsr-star-full\" aria-hidden=\"true\"><\/span>\n<\/div><\/div> <div class=\"glsr-review-date\"><span class=\"glsr-tag-value\">20. janu\u00e1ra 2021<\/span><\/div>\n    <div class=\"glsr-review-assigned_links\"><span class=\"glsr-tag-value\">Review of <a href=\"https:\/\/edubeliso.eu\/sk\/office\/teams\/teams-user\/\">Teams u\u017e\u00edvate\u013e<\/a><\/span><\/div>\n    <div class=\"glsr-review-content\"><div class=\"glsr-tag-value\" data-expanded='false'><p>Velmi prijemny skolitel, zodpovedal vsetky otazky, vzdy sme mali priestor pytat sa. Zrozumitelny, vecny vyklad.<\/p><\/div><\/div>\n     <div class=\"glsr-review-author\"><span class=\"glsr-tag-value\">nora slabakova<\/span><\/div> \n    \n<\/div>\n<div class=\"glsr-review\" data-type=\"local\" id=\"review-2596\" data-assigned='{\"assigned_posts\":[2522],\"assigned_terms\":[44]}'>\n    \n    <div class=\"glsr-review-rating\"><div class=\"glsr-star-rating glsr-stars\" data-rating=\"5\" data-reviews=\"0\">\n    <span class=\"screen-reader-text\">Rated <strong>5<\/strong> out of 5<\/span>\n    <span class=\"glsr-star glsr-star-full\" aria-hidden=\"true\"><\/span><span class=\"glsr-star glsr-star-full\" aria-hidden=\"true\"><\/span><span class=\"glsr-star glsr-star-full\" aria-hidden=\"true\"><\/span><span class=\"glsr-star glsr-star-full\" aria-hidden=\"true\"><\/span><span class=\"glsr-star glsr-star-full\" aria-hidden=\"true\"><\/span>\n<\/div><\/div> <div class=\"glsr-review-date\"><span class=\"glsr-tag-value\">20. janu\u00e1ra 2021<\/span><\/div>\n    <div class=\"glsr-review-assigned_links\"><span class=\"glsr-tag-value\">Review of <a href=\"https:\/\/edubeliso.eu\/sk\/office\/teams\/teams-user\/\">Teams u\u017e\u00edvate\u013e<\/a><\/span><\/div>\n    <div class=\"glsr-review-content\"><div class=\"glsr-tag-value\" data-expanded='false'><p>\u0160kolenie bolo presne zameran\u00e9, \u0161trukturovan\u00e9 a obsahovo bohat\u00e9.<\/p>\n<p>Z m\u00f4jho poh\u013eadu splnilo o\u010dak\u00e1vania, dozvedel som sa viacero nov\u00fdch , u\u017eito\u010dn\u00fdch inform\u00e1ci\u00ed a funkcional\u00edt.<\/p><\/div><\/div>\n     <div class=\"glsr-review-author\"><span class=\"glsr-tag-value\">Milan Pako\u0161<\/span><\/div> \n    \n<\/div>\n<div class=\"glsr-review\" data-type=\"local\" id=\"review-2595\" data-assigned='{\"assigned_posts\":[2522],\"assigned_terms\":[44]}'>\n    \n    <div class=\"glsr-review-rating\"><div class=\"glsr-star-rating glsr-stars\" data-rating=\"4\" data-reviews=\"0\">\n    <span class=\"screen-reader-text\">Rated <strong>4<\/strong> out of 5<\/span>\n    <span class=\"glsr-star glsr-star-full\" aria-hidden=\"true\"><\/span><span class=\"glsr-star glsr-star-full\" aria-hidden=\"true\"><\/span><span class=\"glsr-star glsr-star-full\" aria-hidden=\"true\"><\/span><span class=\"glsr-star glsr-star-full\" aria-hidden=\"true\"><\/span><span class=\"glsr-star glsr-star-empty\" aria-hidden=\"true\"><\/span>\n<\/div><\/div> <div class=\"glsr-review-date\"><span class=\"glsr-tag-value\">20. janu\u00e1ra 2021<\/span><\/div>\n    <div class=\"glsr-review-assigned_links\"><span class=\"glsr-tag-value\">Review of <a href=\"https:\/\/edubeliso.eu\/sk\/office\/teams\/teams-user\/\">Teams u\u017e\u00edvate\u013e<\/a><\/span><\/div>\n    <div class=\"glsr-review-content\"><div class=\"glsr-tag-value\" data-expanded='false'><p>Vcelku vydaren\u00e9 \u0161kolenie. Napriek tomu, \u017ee som u\u017e Teams pou\u017e\u00edval som sa dozvedel nieko\u013eko vec\u00ed, ktor\u00e9 som intuit\u00edvne nezistil.<\/p>\n<p>M\u00e1m e\u0161te t\u00e9my na rozhovor, ale mus\u00edm si cih usporiaa\u0165 a potom sa ozvem.<\/p>\n<p>\u0160kolite\u013e postupoval ve\u013emi jasne a komfortn\u00fdm sp\u00f4sobom. Pr\u00edjmne a \u010das prebehol ve\u013emi r\u00fdchlo.<\/p><\/div><\/div>\n     <div class=\"glsr-review-author\"><span class=\"glsr-tag-value\">Jozef &#8211; SK Obaly<\/span><\/div> \n    \n<\/div>\n<div class=\"glsr-review\" data-type=\"local\" id=\"review-2582\" data-assigned='{\"assigned_posts\":[2522],\"assigned_terms\":[44]}'>\n    \n    <div class=\"glsr-review-rating\"><div class=\"glsr-star-rating glsr-stars\" data-rating=\"5\" data-reviews=\"0\">\n    <span class=\"screen-reader-text\">Rated <strong>5<\/strong> out of 5<\/span>\n    <span class=\"glsr-star glsr-star-full\" aria-hidden=\"true\"><\/span><span class=\"glsr-star glsr-star-full\" aria-hidden=\"true\"><\/span><span class=\"glsr-star glsr-star-full\" aria-hidden=\"true\"><\/span><span class=\"glsr-star glsr-star-full\" aria-hidden=\"true\"><\/span><span class=\"glsr-star glsr-star-full\" aria-hidden=\"true\"><\/span>\n<\/div><\/div> <div class=\"glsr-review-date\"><span class=\"glsr-tag-value\">22. decembra 2020<\/span><\/div>\n    <div class=\"glsr-review-assigned_links\"><span class=\"glsr-tag-value\">Review of <a href=\"https:\/\/edubeliso.eu\/sk\/office\/teams\/teams-user\/\">Teams u\u017e\u00edvate\u013e<\/a><\/span><\/div>\n    <div class=\"glsr-review-content\"><div class=\"glsr-tag-value\" data-expanded='false'><p>\u0160kolenie bolo primerane n\u00e1ro\u010dn\u00e9 a obsa\u017en\u00e9. Nastavenie obtia\u017enosti bolo vhodn\u00e9 pre denn\u00e9ho u\u017e\u00edvate\u013ea, prinieslo nov\u00e9 poznatky aj do u\u017e zn\u00e1mych oblast\u00ed. Som rada, \u017ee som ho absolvovala.<\/p><\/div><\/div>\n     <div class=\"glsr-review-author\"><span class=\"glsr-tag-value\">So\u0148a, Smurfit Kappa<\/span><\/div> \n    \n<\/div>\n<div class=\"glsr-review\" data-type=\"local\" id=\"review-2581\" data-assigned='{\"assigned_posts\":[2522],\"assigned_terms\":[44]}'>\n    \n    <div class=\"glsr-review-rating\"><div class=\"glsr-star-rating glsr-stars\" data-rating=\"5\" data-reviews=\"0\">\n    <span class=\"screen-reader-text\">Rated <strong>5<\/strong> out of 5<\/span>\n    <span class=\"glsr-star glsr-star-full\" aria-hidden=\"true\"><\/span><span class=\"glsr-star glsr-star-full\" aria-hidden=\"true\"><\/span><span class=\"glsr-star glsr-star-full\" aria-hidden=\"true\"><\/span><span class=\"glsr-star glsr-star-full\" aria-hidden=\"true\"><\/span><span class=\"glsr-star glsr-star-full\" aria-hidden=\"true\"><\/span>\n<\/div><\/div> <div class=\"glsr-review-date\"><span class=\"glsr-tag-value\">22. decembra 2020<\/span><\/div>\n    <div class=\"glsr-review-assigned_links\"><span class=\"glsr-tag-value\">Review of <a href=\"https:\/\/edubeliso.eu\/sk\/office\/teams\/teams-user\/\">Teams u\u017e\u00edvate\u013e<\/a><\/span><\/div>\n    <div class=\"glsr-review-content\"><div class=\"glsr-tag-value\" data-expanded='false'><p>Bolo to pr\u00edjemn\u00e9 \u0161kolenie. Ve\u013ea nov\u00fdch mo\u017enost\u00ed, ktor\u00e9 sme e\u0161te nepoznali. Predn\u00e1\u0161ate\u013e bol vynikaj\u00faci.<\/p><\/div><\/div>\n     <div class=\"glsr-review-author\"><span class=\"glsr-tag-value\">Smurfit Kappa Obaly<\/span><\/div> \n    \n<\/div>\n<div class=\"glsr-review\" data-type=\"local\" id=\"review-2565\" data-assigned='{\"assigned_posts\":[2522],\"assigned_terms\":[44]}'>\n    \n    <div class=\"glsr-review-rating\"><div class=\"glsr-star-rating glsr-stars\" data-rating=\"5\" data-reviews=\"0\">\n    <span class=\"screen-reader-text\">Rated <strong>5<\/strong> out of 5<\/span>\n    <span class=\"glsr-star glsr-star-full\" aria-hidden=\"true\"><\/span><span class=\"glsr-star glsr-star-full\" aria-hidden=\"true\"><\/span><span class=\"glsr-star glsr-star-full\" aria-hidden=\"true\"><\/span><span class=\"glsr-star glsr-star-full\" aria-hidden=\"true\"><\/span><span class=\"glsr-star glsr-star-full\" aria-hidden=\"true\"><\/span>\n<\/div><\/div> <div class=\"glsr-review-date\"><span class=\"glsr-tag-value\">9. novembra 2020<\/span><\/div>\n    <div class=\"glsr-review-assigned_links\"><span class=\"glsr-tag-value\">Review of <a href=\"https:\/\/edubeliso.eu\/sk\/office\/teams\/teams-user\/\">Teams u\u017e\u00edvate\u013e<\/a><\/span><\/div>\n    <div class=\"glsr-review-content\"><div class=\"glsr-tag-value\" data-expanded='false'><p>So vzdel\u00e1van\u00edm som bola ve\u013emi spokojn\u00e1. Oce\u0148ujem promptnos\u0165, \u00fastretovos\u0165, trpezlivos\u0165 a ochotu pom\u00e1ha\u0165, usmer\u0148ova\u0165. Vzdel\u00e1vanie bolo ve\u013emi n\u00e1u\u010dn\u00e9 a ihne\u010f vyu\u017eite\u013en\u00e9 v praxi. Z mojej strany maxim\u00e1lna spokojnos\u0165 a vrelo odpor\u00fa\u010dam.<\/p><\/div><\/div>\n     <div class=\"glsr-review-author\"><span class=\"glsr-tag-value\">Lucia<\/span><\/div> \n    \n<\/div>\n<div class=\"glsr-review\" data-type=\"local\" id=\"review-2564\" data-assigned='{\"assigned_posts\":[2522],\"assigned_terms\":[44]}'>\n    \n    <div class=\"glsr-review-rating\"><div class=\"glsr-star-rating glsr-stars\" data-rating=\"5\" data-reviews=\"0\">\n    <span class=\"screen-reader-text\">Rated <strong>5<\/strong> out of 5<\/span>\n    <span class=\"glsr-star glsr-star-full\" aria-hidden=\"true\"><\/span><span class=\"glsr-star glsr-star-full\" aria-hidden=\"true\"><\/span><span class=\"glsr-star glsr-star-full\" aria-hidden=\"true\"><\/span><span class=\"glsr-star glsr-star-full\" aria-hidden=\"true\"><\/span><span class=\"glsr-star glsr-star-full\" aria-hidden=\"true\"><\/span>\n<\/div><\/div> <div class=\"glsr-review-date\"><span class=\"glsr-tag-value\">4. novembra 2020<\/span><\/div>\n    <div class=\"glsr-review-assigned_links\"><span class=\"glsr-tag-value\">Review of <a href=\"https:\/\/edubeliso.eu\/sk\/office\/teams\/teams-user\/\">Teams u\u017e\u00edvate\u013e<\/a><\/span><\/div>\n    <div class=\"glsr-review-content\"><div class=\"glsr-tag-value\" data-expanded='false'><p>Velmi dobre a prec\u00edzne vysvetlen\u00e9. V\u0161etko prebehlo super.<\/p><\/div><\/div>\n     <div class=\"glsr-review-author\"><span class=\"glsr-tag-value\">Alexandra Kme\u0165ov\u00e1<\/span><\/div> \n    \n<\/div>\n    <\/div>\n    \n<\/div><\/div>","protected":false},"excerpt":{"rendered":"<p>Kurz je orientovan\u00fd na pou\u017e\u00edvate\u013eov programu Teams. H\u013abkovo sa venuje tvorbe online sch\u00f4dz\u00ed, tvorbe t\u00edmov a organiz\u00e1ci\u00ed kalend\u00e1ra. Na praktick\u00fdch &hellip; <\/p>\n","protected":false},"author":2,"featured_media":0,"parent":2511,"menu_order":0,"comment_status":"closed","ping_status":"closed","template":"","meta":{"_glsr_average":4.9,"_glsr_ranking":4.2,"_glsr_reviews":10,"footnotes":""},"class_list":["post-2522","page","type-page","status-publish","hentry"],"yoast_head":"<!-- This site is optimized with the Yoast SEO plugin v15.4 - https:\/\/yoast.com\/wordpress\/plugins\/seo\/ -->\n<title>EduBeliso - Kurz Teams u\u017e\u00edvate\u013e<\/title>\n<meta name=\"description\" content=\"Kurz sa h\u013abkovo venuje pou\u017e\u00edvaniu programu MS Teams\" \/>\n<meta name=\"robots\" content=\"index, follow, max-snippet:-1, max-image-preview:large, max-video-preview:-1\" \/>\n<link rel=\"canonical\" href=\"https:\/\/edubeliso.eu\/sk\/office\/teams\/teams-user\/\" \/>\n<meta property=\"og:locale\" content=\"sk_SK\" \/>\n<meta property=\"og:type\" content=\"article\" \/>\n<meta property=\"og:title\" content=\"EduBeliso - Kurz Teams u\u017e\u00edvate\u013e\" \/>\n<meta property=\"og:description\" content=\"Kurz sa h\u013abkovo venuje pou\u017e\u00edvaniu programu MS Teams\" \/>\n<meta property=\"og:url\" content=\"https:\/\/edubeliso.eu\/sk\/office\/teams\/teams-user\/\" \/>\n<meta property=\"og:site_name\" content=\"EduBeliso\" \/>\n<meta property=\"article:modified_time\" content=\"2020-10-30T14:42:20+00:00\" \/>\n<meta name=\"twitter:card\" content=\"summary_large_image\" \/>\n<meta name=\"twitter:label1\" content=\"Autor:\">\n\t<meta name=\"twitter:data1\" content=\"Peter Beli\u010dka\">\n\t<meta name=\"twitter:label2\" content=\"Est. reading time\">\n\t<meta name=\"twitter:data2\" content=\"2 min\u00faty\">\n<script type=\"application\/ld+json\" class=\"yoast-schema-graph\">{\"@context\":\"https:\/\/schema.org\",\"@graph\":[{\"@type\":\"WebSite\",\"@id\":\"https:\/\/edubeliso.eu\/sk\/#website\",\"url\":\"https:\/\/edubeliso.eu\/sk\/\",\"name\":\"EduBeliso\",\"description\":\"\",\"potentialAction\":[{\"@type\":\"SearchAction\",\"target\":\"https:\/\/edubeliso.eu\/sk\/?s={search_term_string}\",\"query-input\":\"required name=search_term_string\"}],\"inLanguage\":\"sk-SK\"},{\"@type\":\"WebPage\",\"@id\":\"https:\/\/edubeliso.eu\/sk\/office\/teams\/teams-user\/#webpage\",\"url\":\"https:\/\/edubeliso.eu\/sk\/office\/teams\/teams-user\/\",\"name\":\"EduBeliso - Kurz Teams u\\u017e\\u00edvate\\u013e\",\"isPartOf\":{\"@id\":\"https:\/\/edubeliso.eu\/sk\/#website\"},\"datePublished\":\"2020-10-30T12:28:50+00:00\",\"dateModified\":\"2020-10-30T14:42:20+00:00\",\"description\":\"Kurz sa h\\u013abkovo venuje pou\\u017e\\u00edvaniu programu MS Teams\",\"inLanguage\":\"sk-SK\",\"potentialAction\":[{\"@type\":\"ReadAction\",\"target\":[\"https:\/\/edubeliso.eu\/sk\/office\/teams\/teams-user\/\"]}]}]}<\/script>\n<!-- \/ Yoast SEO plugin. -->","_links":{"self":[{"href":"https:\/\/edubeliso.eu\/sk\/wp-json\/wp\/v2\/pages\/2522","targetHints":{"allow":["GET"]}}],"collection":[{"href":"https:\/\/edubeliso.eu\/sk\/wp-json\/wp\/v2\/pages"}],"about":[{"href":"https:\/\/edubeliso.eu\/sk\/wp-json\/wp\/v2\/types\/page"}],"author":[{"embeddable":true,"href":"https:\/\/edubeliso.eu\/sk\/wp-json\/wp\/v2\/users\/2"}],"replies":[{"embeddable":true,"href":"https:\/\/edubeliso.eu\/sk\/wp-json\/wp\/v2\/comments?post=2522"}],"version-history":[{"count":3,"href":"https:\/\/edubeliso.eu\/sk\/wp-json\/wp\/v2\/pages\/2522\/revisions"}],"predecessor-version":[{"id":2536,"href":"https:\/\/edubeliso.eu\/sk\/wp-json\/wp\/v2\/pages\/2522\/revisions\/2536"}],"up":[{"embeddable":true,"href":"https:\/\/edubeliso.eu\/sk\/wp-json\/wp\/v2\/pages\/2511"}],"wp:attachment":[{"href":"https:\/\/edubeliso.eu\/sk\/wp-json\/wp\/v2\/media?parent=2522"}],"curies":[{"name":"wp","href":"https:\/\/api.w.org\/{rel}","templated":true}]}}