{"id":2647,"date":"2022-03-29T10:22:49","date_gmt":"2022-03-29T08:22:49","guid":{"rendered":"https:\/\/edubeliso.eu\/sk\/?page_id=2647"},"modified":"2023-03-23T16:55:36","modified_gmt":"2023-03-23T15:55:36","slug":"power-bi","status":"publish","type":"page","link":"https:\/\/edubeliso.eu\/sk\/office\/power-bi\/","title":{"rendered":"Kurzy Power BI"},"content":{"rendered":"\n<div class=\"wp-block-buttons is-layout-flex wp-block-buttons-is-layout-flex\">\n<div class=\"wp-block-button tlacidlo-kat it-tlacidlo-kat it-tlacidlo-kurz-excel-PQ\"><a class=\"wp-block-button__link wp-element-button\" href=\"https:\/\/edubeliso.eu\/sk\/office\/excel\/power-query\">Power Query<\/a><\/div>\n\n\n\n<div class=\"wp-block-button tlacidlo-kat it-tlacidlo-kat it-tlacidlo-kat-powerbi dlhsi-nazov\"><a class=\"wp-block-button__link wp-element-button\" href=\"https:\/\/edubeliso.eu\/sk\/office\/power-bi\/power-bi-uzivatel\/\">Power BI &#8211; u\u017e\u00edvate\u013e<\/a><\/div>\n<\/div>\n\n\n\n<h2 class=\"wp-block-heading\">\u010co je Power BI?<\/h2>\n\n\n\n<p class=\"text-blok\">Power BI je program prim\u00e1rne ur\u010den\u00fd na z\u00edskavanie, modelovanie, analyzovanie a&nbsp;n\u00e1sledn\u00e9 vizualizovanie d\u00e1t. Je to program od spolo\u010dnosti Microsoft av\u0161ak nie je s\u00fa\u010das\u0165ou z\u00e1kladn\u00e9ho bal\u00edka Office. V&nbsp;programe sa daj\u00fa vytv\u00e1ra\u0165 r\u00f4zne reporty vo ve\u013emi \u201euser-friendly\u201c prostred\u00ed. Na samotn\u00e9 modelovanie d\u00e1t sa v&nbsp;programe pou\u017e\u00edva jazyk DAX, ktor\u00fd m\u00e1 svoje korene v&nbsp;programe PowerPivot. Tento jazyk sa syntaxou podob\u00e1 na Excelov\u00fd jazyk, ktor\u00fd pou\u017e\u00edvame na zad\u00e1vanie funkci\u00ed.<\/p>\n\n\n\n<h2 class=\"wp-block-heading\">Najbli\u017e\u0161ie term\u00edny<\/h2>\n\n\n\n\n\n<p>Ak ste nena\u0161li term\u00edn, ktor\u00fd v\u00e1m vyhovuje, nev\u00e1hajte n\u00e1s kontaktova\u0165. Viac inform\u00e1ci\u00ed&nbsp;<a href=\"https:\/\/edubeliso.eu\/sk\/we-adjust-to-your-need\/\">n\u00e1jdete tu<\/a>.<\/p>\n","protected":false},"excerpt":{"rendered":"<p>\u010co je Power BI? Power BI je program prim\u00e1rne ur\u010den\u00fd na z\u00edskavanie, modelovanie, analyzovanie a&nbsp;n\u00e1sledn\u00e9 vizualizovanie d\u00e1t. Je to program &hellip; <\/p>\n","protected":false},"author":2,"featured_media":0,"parent":581,"menu_order":0,"comment_status":"closed","ping_status":"closed","template":"","meta":{"_glsr_average":0,"_glsr_ranking":0,"_glsr_reviews":0,"footnotes":""},"class_list":["post-2647","page","type-page","status-publish","hentry"],"yoast_head":"<!-- This site is optimized with the Yoast SEO plugin v15.4 - https:\/\/yoast.com\/wordpress\/plugins\/seo\/ -->\n<title>EduBeliso - Kurzy Excel<\/title>\n<meta name=\"description\" content=\"Kurzy MS Excel pre v\u0161etky \u00farovne na jednom mieste. Online s lektorom alebo osobne, v\u00fdber je na v\u00e1s.\" \/>\n<meta name=\"robots\" content=\"index, follow, max-snippet:-1, max-image-preview:large, max-video-preview:-1\" \/>\n<link rel=\"canonical\" href=\"https:\/\/edubeliso.eu\/sk\/office\/power-bi\/\" \/>\n<meta property=\"og:locale\" content=\"sk_SK\" \/>\n<meta property=\"og:type\" content=\"article\" \/>\n<meta property=\"og:title\" content=\"EduBeliso - Kurzy Excel\" \/>\n<meta property=\"og:description\" content=\"Kurzy MS Excel pre v\u0161etky \u00farovne na jednom mieste. Online s lektorom alebo osobne, v\u00fdber je na v\u00e1s.\" \/>\n<meta property=\"og:url\" content=\"https:\/\/edubeliso.eu\/sk\/office\/power-bi\/\" \/>\n<meta property=\"og:site_name\" content=\"EduBeliso\" \/>\n<meta property=\"article:modified_time\" content=\"2023-03-23T15:55:36+00:00\" \/>\n<meta name=\"twitter:card\" content=\"summary_large_image\" \/>\n<meta name=\"twitter:label1\" content=\"Autor:\">\n\t<meta name=\"twitter:data1\" content=\"Peter Beli\u010dka\">\n\t<meta name=\"twitter:label2\" content=\"Est. reading time\">\n\t<meta name=\"twitter:data2\" content=\"1 min\u00fata\">\n<script type=\"application\/ld+json\" class=\"yoast-schema-graph\">{\"@context\":\"https:\/\/schema.org\",\"@graph\":[{\"@type\":\"WebSite\",\"@id\":\"https:\/\/edubeliso.eu\/sk\/#website\",\"url\":\"https:\/\/edubeliso.eu\/sk\/\",\"name\":\"EduBeliso\",\"description\":\"\",\"potentialAction\":[{\"@type\":\"SearchAction\",\"target\":\"https:\/\/edubeliso.eu\/sk\/?s={search_term_string}\",\"query-input\":\"required name=search_term_string\"}],\"inLanguage\":\"sk-SK\"},{\"@type\":\"WebPage\",\"@id\":\"https:\/\/edubeliso.eu\/sk\/office\/power-bi\/#webpage\",\"url\":\"https:\/\/edubeliso.eu\/sk\/office\/power-bi\/\",\"name\":\"EduBeliso - Kurzy Excel\",\"isPartOf\":{\"@id\":\"https:\/\/edubeliso.eu\/sk\/#website\"},\"datePublished\":\"2022-03-29T08:22:49+00:00\",\"dateModified\":\"2023-03-23T15:55:36+00:00\",\"description\":\"Kurzy MS Excel pre v\\u0161etky \\u00farovne na jednom mieste. Online s lektorom alebo osobne, v\\u00fdber je na v\\u00e1s.\",\"inLanguage\":\"sk-SK\",\"potentialAction\":[{\"@type\":\"ReadAction\",\"target\":[\"https:\/\/edubeliso.eu\/sk\/office\/power-bi\/\"]}]}]}<\/script>\n<!-- \/ Yoast SEO plugin. -->","_links":{"self":[{"href":"https:\/\/edubeliso.eu\/sk\/wp-json\/wp\/v2\/pages\/2647","targetHints":{"allow":["GET"]}}],"collection":[{"href":"https:\/\/edubeliso.eu\/sk\/wp-json\/wp\/v2\/pages"}],"about":[{"href":"https:\/\/edubeliso.eu\/sk\/wp-json\/wp\/v2\/types\/page"}],"author":[{"embeddable":true,"href":"https:\/\/edubeliso.eu\/sk\/wp-json\/wp\/v2\/users\/2"}],"replies":[{"embeddable":true,"href":"https:\/\/edubeliso.eu\/sk\/wp-json\/wp\/v2\/comments?post=2647"}],"version-history":[{"count":12,"href":"https:\/\/edubeliso.eu\/sk\/wp-json\/wp\/v2\/pages\/2647\/revisions"}],"predecessor-version":[{"id":2925,"href":"https:\/\/edubeliso.eu\/sk\/wp-json\/wp\/v2\/pages\/2647\/revisions\/2925"}],"up":[{"embeddable":true,"href":"https:\/\/edubeliso.eu\/sk\/wp-json\/wp\/v2\/pages\/581"}],"wp:attachment":[{"href":"https:\/\/edubeliso.eu\/sk\/wp-json\/wp\/v2\/media?parent=2647"}],"curies":[{"name":"wp","href":"https:\/\/api.w.org\/{rel}","templated":true}]}}