{"id":2814,"date":"2023-03-20T10:44:55","date_gmt":"2023-03-20T09:44:55","guid":{"rendered":"https:\/\/edubeliso.eu\/sk\/?page_id=2814"},"modified":"2023-03-20T11:27:36","modified_gmt":"2023-03-20T10:27:36","slug":"your-company","status":"publish","type":"page","link":"https:\/\/edubeliso.eu\/sk\/your-company\/","title":{"rendered":"Pre firmy"},"content":{"rendered":"\n<p>Pre firmy pon\u00fakame skupinov\u00e9 \u0161kolenia online alebo priamo vo va\u0161ej firme, pr\u00edpadne vieme zorganizova\u0165 aj \u0161kolenie v&nbsp;r\u00f4znych konferen\u010dn\u00fdch priestoroch pod\u013ea va\u0161ich predst\u00e1v. V&nbsp;pr\u00edpade v\u00e1\u0161ho z\u00e1ujmu o&nbsp;tak\u00e9to \u0161kolenie je postup nasledovn\u00fd:<\/p>\n\n\n\n<p>V&nbsp;prvom rade n\u00e1s kontaktujte a&nbsp;my v\u00e1m vyhotov\u00edme cenov\u00fa ponuku. Vo va\u0161om kontaktnom emaily treba uvies\u0165 najm\u00e4:<\/p>\n\n\n\n<ul class=\"wp-block-list\">\n<li>O&nbsp;ak\u00e9 \u0161kolenie ide (program, \u00farove\u0148 \u00fa\u010dastn\u00edkov)<\/li>\n\n\n\n<li>Ko\u013eko bude \u00fa\u010dastn\u00edkov a&nbsp;pr\u00edpadne, ako bud\u00fa rozdelen\u00ed do skup\u00edn<\/li>\n\n\n\n<li>D\u00e1tum a miesto konania kurzu<\/li>\n\n\n\n<li>Ak\u00e1 je va\u0161a predstava d\u013a\u017eky konania kurzu<\/li>\n<\/ul>\n\n\n\n<hr class=\"wp-block-separator has-alpha-channel-opacity\"\/>\n\n\n\n<p><strong>Kam vieme pr\u00eds\u0165?<\/strong><\/p>\n\n\n\n<p>Prakticky kamko\u013evek, samozrejme vzdialenos\u0165 je potom faktor, ktor\u00fd sa prejav\u00ed v&nbsp;cenovej ponuke.<\/p>\n\n\n\n<hr class=\"wp-block-separator has-alpha-channel-opacity\"\/>\n\n\n\n<p><strong>Ak\u00e9 je maximum \u00fa\u010dastn\u00edkov na jednom kurze?<\/strong><\/p>\n\n\n\n<p>Po\u010det je prakticky neobmedzen\u00fd, ale pre dosiahnutie najlep\u0161\u00edch v\u00fdsledkov plat\u00ed, \u017ee skupiny do 6 \u013eud\u00ed pova\u017eujeme za ide\u00e1lny po\u010det.<\/p>\n\n\n\n<hr class=\"wp-block-separator has-alpha-channel-opacity\"\/>\n\n\n\n<p><strong>\u010co ak maj\u00fa na\u0161i zamestnanci r\u00f4zne \u00farovne ovl\u00e1dania programu.<\/strong><\/p>\n\n\n\n<p>To je samozrejme be\u017en\u00e9. Odpor\u00fa\u010dame n\u00e1s v&nbsp;takom pr\u00edpade kontaktova\u0165 a&nbsp;my v\u00e1m pom\u00f4\u017eeme pripravi\u0165 najlep\u0161iu alternat\u00edvu \u0161kolenia. S\u00fa prakticky dve mo\u017enosti, rozdeli\u0165 zamestnancov do skup\u00edn (s t\u00fdm v\u00e1m vieme pom\u00f4c\u0165) alebo n\u00e1js\u0165 prienik t\u00e9m, ktor\u00e9 bud\u00fa vyhovova\u0165 v\u0161etk\u00fdm \u00fa\u010dastn\u00edkom.<\/p>\n\n\n\n<hr class=\"wp-block-separator has-alpha-channel-opacity\"\/>\n\n\n\n<p><strong>Do firmy alebo online?<\/strong><\/p>\n\n\n\n<p>Ak sa neviete rozhodn\u00fa\u0165, \u010di absolvova\u0165 \u0161kolenie online alebo vo firme, je d\u00f4le\u017eit\u00e9 zv\u00e1\u017ei\u0165 faktory, ktor\u00e9 s\u00fa pre v\u00e1s d\u00f4le\u017eit\u00e9. Na\u0161e sk\u00fasenosti s\u00fa tak\u00e9, \u017ee online \u0161kolenia prin\u00e1\u0161aj\u00fa rovnako dobr\u00e9 v\u00fdsledky ako tie absolvovan\u00e9 osobne. Na strane druhej, ak preferujete osobn\u00e9 stretnutie je to pochopite\u013en\u00e9. My sa prisp\u00f4sob\u00edme. Pr\u00edpadne m\u00f4\u017eete po\u017eiada\u0165 o&nbsp;pripravenie cenovej ponuky aj online aj do firmy.<\/p>\n\n\n\n<p>V pr\u00edpade ak\u00fdchko\u013evek ot\u00e1zok n\u00e1s nev\u00e1hajte <a href=\"https:\/\/edubeliso.eu\/sk\/contact\/\">kontaktova\u0165<\/a>.<\/p>\n","protected":false},"excerpt":{"rendered":"<p>Pre firmy pon\u00fakame skupinov\u00e9 \u0161kolenia online alebo priamo vo va\u0161ej firme, pr\u00edpadne vieme zorganizova\u0165 aj \u0161kolenie v&nbsp;r\u00f4znych konferen\u010dn\u00fdch priestoroch pod\u013ea &hellip; <\/p>\n","protected":false},"author":2,"featured_media":1537,"parent":0,"menu_order":0,"comment_status":"closed","ping_status":"closed","template":"","meta":{"_glsr_average":0,"_glsr_ranking":0,"_glsr_reviews":0,"footnotes":""},"class_list":["post-2814","page","type-page","status-publish","has-post-thumbnail","hentry"],"yoast_head":"<!-- This site is optimized with the Yoast SEO plugin v15.4 - https:\/\/yoast.com\/wordpress\/plugins\/seo\/ -->\n<title>EduBeliso - Pre firmy<\/title>\n<meta name=\"description\" content=\"Pre firmy pon\u00fakame skupinov\u00e9 \u0161kolenia online alebo priamo vo va\u0161ej firme, pr\u00edpadne vieme zorganizova\u0165 aj \u0161kolenie v r\u00f4znych konferen\u010dn\u00fdch priestoroch.\" \/>\n<meta name=\"robots\" content=\"index, follow, max-snippet:-1, max-image-preview:large, max-video-preview:-1\" \/>\n<link rel=\"canonical\" href=\"https:\/\/edubeliso.eu\/sk\/your-company\/\" \/>\n<meta property=\"og:locale\" content=\"sk_SK\" \/>\n<meta property=\"og:type\" content=\"article\" \/>\n<meta property=\"og:title\" content=\"Pre firmy\" \/>\n<meta property=\"og:description\" content=\"Pre firmy pon\u00fakame skupinov\u00e9 \u0161kolenia online alebo priamo vo va\u0161ej firme, pr\u00edpadne vieme zorganizova\u0165 aj \u0161kolenie v r\u00f4znych konferen\u010dn\u00fdch priestoroch.\" \/>\n<meta property=\"og:url\" content=\"https:\/\/edubeliso.eu\/sk\/your-company\/\" \/>\n<meta property=\"og:site_name\" content=\"EduBeliso\" \/>\n<meta property=\"article:modified_time\" content=\"2023-03-20T10:27:36+00:00\" \/>\n<meta property=\"og:image\" content=\"https:\/\/edubeliso.eu\/wp-content\/uploads\/2020\/07\/handshake.jpg\" \/>\n\t<meta property=\"og:image:width\" content=\"1125\" \/>\n\t<meta property=\"og:image:height\" content=\"599\" \/>\n<meta name=\"twitter:card\" content=\"summary_large_image\" \/>\n<meta name=\"twitter:label1\" content=\"Autor:\">\n\t<meta name=\"twitter:data1\" content=\"Peter Beli\u010dka\">\n\t<meta name=\"twitter:label2\" content=\"Est. reading time\">\n\t<meta name=\"twitter:data2\" content=\"1 min\u00fata\">\n<script type=\"application\/ld+json\" class=\"yoast-schema-graph\">{\"@context\":\"https:\/\/schema.org\",\"@graph\":[{\"@type\":\"WebSite\",\"@id\":\"https:\/\/edubeliso.eu\/sk\/#website\",\"url\":\"https:\/\/edubeliso.eu\/sk\/\",\"name\":\"EduBeliso\",\"description\":\"\",\"potentialAction\":[{\"@type\":\"SearchAction\",\"target\":\"https:\/\/edubeliso.eu\/sk\/?s={search_term_string}\",\"query-input\":\"required name=search_term_string\"}],\"inLanguage\":\"sk-SK\"},{\"@type\":\"ImageObject\",\"@id\":\"https:\/\/edubeliso.eu\/sk\/your-company\/#primaryimage\",\"inLanguage\":\"sk-SK\",\"url\":\"https:\/\/edubeliso.eu\/wp-content\/uploads\/2020\/07\/handshake.jpg\",\"width\":1125,\"height\":599},{\"@type\":\"WebPage\",\"@id\":\"https:\/\/edubeliso.eu\/sk\/your-company\/#webpage\",\"url\":\"https:\/\/edubeliso.eu\/sk\/your-company\/\",\"name\":\"EduBeliso - [:sk]Pre firmy[:]\",\"isPartOf\":{\"@id\":\"https:\/\/edubeliso.eu\/sk\/#website\"},\"primaryImageOfPage\":{\"@id\":\"https:\/\/edubeliso.eu\/sk\/your-company\/#primaryimage\"},\"datePublished\":\"2023-03-20T09:44:55+00:00\",\"dateModified\":\"2023-03-20T10:27:36+00:00\",\"description\":\"Pre firmy pon\\u00fakame skupinov\\u00e9 \\u0161kolenia online alebo priamo vo va\\u0161ej firme, pr\\u00edpadne vieme zorganizova\\u0165 aj \\u0161kolenie v r\\u00f4znych konferen\\u010dn\\u00fdch priestoroch.\",\"inLanguage\":\"sk-SK\",\"potentialAction\":[{\"@type\":\"ReadAction\",\"target\":[\"https:\/\/edubeliso.eu\/sk\/your-company\/\"]}]}]}<\/script>\n<!-- \/ Yoast SEO plugin. -->","_links":{"self":[{"href":"https:\/\/edubeliso.eu\/sk\/wp-json\/wp\/v2\/pages\/2814","targetHints":{"allow":["GET"]}}],"collection":[{"href":"https:\/\/edubeliso.eu\/sk\/wp-json\/wp\/v2\/pages"}],"about":[{"href":"https:\/\/edubeliso.eu\/sk\/wp-json\/wp\/v2\/types\/page"}],"author":[{"embeddable":true,"href":"https:\/\/edubeliso.eu\/sk\/wp-json\/wp\/v2\/users\/2"}],"replies":[{"embeddable":true,"href":"https:\/\/edubeliso.eu\/sk\/wp-json\/wp\/v2\/comments?post=2814"}],"version-history":[{"count":3,"href":"https:\/\/edubeliso.eu\/sk\/wp-json\/wp\/v2\/pages\/2814\/revisions"}],"predecessor-version":[{"id":2833,"href":"https:\/\/edubeliso.eu\/sk\/wp-json\/wp\/v2\/pages\/2814\/revisions\/2833"}],"wp:featuredmedia":[{"embeddable":true,"href":"https:\/\/edubeliso.eu\/sk\/wp-json\/wp\/v2\/media\/1537"}],"wp:attachment":[{"href":"https:\/\/edubeliso.eu\/sk\/wp-json\/wp\/v2\/media?parent=2814"}],"curies":[{"name":"wp","href":"https:\/\/api.w.org\/{rel}","templated":true}]}}