{"id":2819,"date":"2023-03-20T10:55:02","date_gmt":"2023-03-20T09:55:02","guid":{"rendered":"https:\/\/edubeliso.eu\/sk\/?page_id=2819"},"modified":"2023-03-23T17:30:31","modified_gmt":"2023-03-23T16:30:31","slug":"how-does-an-online-course-look-like","status":"publish","type":"page","link":"https:\/\/edubeliso.eu\/sk\/how-does-an-online-course-look-like\/","title":{"rendered":"Ako vyzer\u00e1 online \u0161kolenie?"},"content":{"rendered":"\n<p>\u0160kolenie je \u0161tandardne veden\u00e9 online s lektorom na\u017eivo. Lektor vysvet\u013euje a vy spolu s n\u00edm rie\u0161ite praktick\u00e9 \u00falohy, ktor\u00e9 lektor zad\u00e1va. Tieto \u00falohy v\u00e1m pr\u00eddu na mail pred za\u010dat\u00edm \u0161kolenia, v podobe s\u00faborov a na konci \u0161kolenia V\u00e1m samozrejme ost\u00e1vaj\u00fa, na mo\u017en\u00e9 opakovanie. Lektor tie\u017e po\u010das doby \u0161kolenia pou\u017e\u00edva pozn\u00e1mky v programe MS Teams, ktor\u00e9 s\u00fa cel\u00fa dobu, aj po skon\u010den\u00ed \u0161kolenia pr\u00edstupn\u00e9.<\/p>\n\n\n\n<p>Takto si m\u00f4\u017eete usporiada\u0165 va\u0161u obrazovku a s\u00fabe\u017ene sledova\u0165 lektora a pracova\u0165 na zadaniach, rovnako ako keby ste boli fyzicky spolu na \u0161kolen\u00ed. <\/p>\n\n\n\n<figure class=\"wp-block-image size-large\"><img loading=\"lazy\" decoding=\"async\" width=\"1024\" height=\"576\" src=\"https:\/\/edubeliso.eu\/wp-content\/uploads\/2020\/07\/ukazka-skolenia-1024x576.jpg\" alt=\"\" class=\"wp-image-2318\" srcset=\"https:\/\/edubeliso.eu\/wp-content\/uploads\/2020\/07\/ukazka-skolenia-1024x576.jpg 1024w, https:\/\/edubeliso.eu\/wp-content\/uploads\/2020\/07\/ukazka-skolenia-300x169.jpg 300w, https:\/\/edubeliso.eu\/wp-content\/uploads\/2020\/07\/ukazka-skolenia-768x432.jpg 768w, https:\/\/edubeliso.eu\/wp-content\/uploads\/2020\/07\/ukazka-skolenia-1536x864.jpg 1536w, https:\/\/edubeliso.eu\/wp-content\/uploads\/2020\/07\/ukazka-skolenia-610x343.jpg 610w, https:\/\/edubeliso.eu\/wp-content\/uploads\/2020\/07\/ukazka-skolenia-600x338.jpg 600w, https:\/\/edubeliso.eu\/wp-content\/uploads\/2020\/07\/ukazka-skolenia.jpg 1920w\" sizes=\"auto, (max-width: 1024px) 100vw, 1024px\" \/><figcaption class=\"wp-element-caption\">Obr\u00e1zok mo\u017en\u00e9ho usporiadania okien: v\u013eavo &#8211; obrazovka lektora v programe Teams, vpravo &#8211; obrazovka Excel s pr\u00edkladom<\/figcaption><\/figure>\n\n\n\n<p>Lektor m\u00e1 tie\u017e mo\u017enos\u0165 v\u00e1s kontrolova\u0165, pomocou zdie\u013eania obrazovky, \u010do zabezpe\u010duje, \u017ee to \u010do budete vidie\u0165 si m\u00f4\u017eete aj stopercentne vysk\u00fa\u0161a\u0165.<\/p>\n\n\n\n<h2 class=\"wp-block-heading\" id=\"length\">Ak\u00e9 dlh\u00e9 je \u0161kolenie?<\/h2>\n\n\n\n<p>\u0160tandardne s\u00fa \u0161kolenia jeden alebo dva dni dlh\u00e9, to ak\u00fd je dlh\u00fd sa dozviete v popise samotn\u00e9ho \u0161kolenia v dolnej sekci\u00ed &#8222;Inform\u00e1cie o kurze&#8220;.<\/p>\n\n\n\n<p>Denn\u00e9 aj v\u00edkendov\u00e9 \u0161kolenia maj\u00fa nasledovn\u00fd priebeh, ak je viacd\u0148ov\u00fd tak sa oba dni \u010dasov\u00fd harmonogram opakuje:<\/p>\n\n\n\n<p>Lektor m\u00e1 tie\u017e mo\u017enos\u0165 v\u00e1s kontrolova\u0165, pomocou zdie\u013eania obrazovky, \u010do zabezpe\u010duje, \u017ee to \u010do budete vidie\u0165 si m\u00f4\u017eete aj stopercentne vysk\u00fa\u0161a\u0165.<\/p>\n\n\n\n<p>Denn\u00e9 aj v\u00edkendov\u00e9 \u0161kolenia maj\u00fa nasledovn\u00fd priebeh, ak je viacd\u0148ov\u00fd tak sa oba dni \u010dasov\u00fd harmonogram opakuje:<\/p>\n\n\n\n<figure class=\"wp-block-table\"><table><tbody><tr><td>8:30<\/td><td>Prip\u00e1janie<\/td><\/tr><tr><td>9:00<\/td><td>Za\u010diatok \u0161kolenia<\/td><\/tr><tr><td>12:00<\/td><td>Obedov\u00e1 prest\u00e1vka<\/td><\/tr><tr><td>13:00<\/td><td>Pokra\u010dovanie \u0161kolenia<\/td><\/tr><tr><td>15:00<\/td><td>Z\u00e1ver a diskusia<\/td><\/tr><\/tbody><\/table><\/figure>\n\n\n\n<p>Celkovo teda jednod\u0148ov\u00e9 \u0161kolenia trvaj\u00fa 5 hod\u00edn a dvojd\u0148ov\u00e9 10 hod\u00edn. Samozrejme po\u010das toho si dohodneme aj kr\u00e1tke pauzy na r\u00fdchle ob\u010derstvenie a toaletu.<\/p>\n\n\n\n<p>V pr\u00edpade ak\u00fdchko\u013evek ot\u00e1zok n\u00e1s nev\u00e1hajte <a href=\"https:\/\/edubeliso.eu\/sk\/contact\/\" target=\"_blank\" rel=\"noreferrer noopener\">kontaktova\u0165<\/a>.<\/p>\n","protected":false},"excerpt":{"rendered":"<p>\u0160kolenie je \u0161tandardne veden\u00e9 online s lektorom na\u017eivo. Lektor vysvet\u013euje a vy spolu s n\u00edm rie\u0161ite praktick\u00e9 \u00falohy, ktor\u00e9 lektor &hellip; <\/p>\n","protected":false},"author":2,"featured_media":0,"parent":0,"menu_order":0,"comment_status":"closed","ping_status":"closed","template":"","meta":{"_glsr_average":0,"_glsr_ranking":0,"_glsr_reviews":0,"footnotes":""},"class_list":["post-2819","page","type-page","status-publish","hentry"],"yoast_head":"<!-- This site is optimized with the Yoast SEO plugin v15.4 - https:\/\/yoast.com\/wordpress\/plugins\/seo\/ -->\n<title>EduBeliso - Ako vyzer\u00e1 online \u0161kolenie?<\/title>\n<meta name=\"robots\" content=\"index, follow, max-snippet:-1, max-image-preview:large, max-video-preview:-1\" \/>\n<link rel=\"canonical\" href=\"https:\/\/edubeliso.eu\/sk\/how-does-an-online-course-look-like\/\" \/>\n<meta property=\"og:locale\" content=\"sk_SK\" \/>\n<meta property=\"og:type\" content=\"article\" \/>\n<meta property=\"og:title\" content=\"Ako vyzer\u00e1 online \u0161kolenie?\" \/>\n<meta property=\"og:description\" content=\"\u0160kolenie je \u0161tandardne veden\u00e9 online s lektorom na\u017eivo. Lektor vysvet\u013euje a vy spolu s n\u00edm rie\u0161ite praktick\u00e9 \u00falohy, ktor\u00e9 lektor &hellip;\" \/>\n<meta property=\"og:url\" content=\"https:\/\/edubeliso.eu\/sk\/how-does-an-online-course-look-like\/\" \/>\n<meta property=\"og:site_name\" content=\"EduBeliso\" \/>\n<meta property=\"article:modified_time\" content=\"2023-03-23T16:30:31+00:00\" \/>\n<meta property=\"og:image\" content=\"https:\/\/edubeliso.eu\/wp-content\/uploads\/2020\/07\/ukazka-skolenia-1024x576.jpg\" \/>\n<meta name=\"twitter:card\" content=\"summary_large_image\" \/>\n<meta name=\"twitter:label1\" content=\"Autor:\">\n\t<meta name=\"twitter:data1\" content=\"Peter Beli\u010dka\">\n\t<meta name=\"twitter:label2\" content=\"Est. reading time\">\n\t<meta name=\"twitter:data2\" content=\"1 min\u00fata\">\n<script type=\"application\/ld+json\" class=\"yoast-schema-graph\">{\"@context\":\"https:\/\/schema.org\",\"@graph\":[{\"@type\":\"WebSite\",\"@id\":\"https:\/\/edubeliso.eu\/sk\/#website\",\"url\":\"https:\/\/edubeliso.eu\/sk\/\",\"name\":\"EduBeliso\",\"description\":\"\",\"potentialAction\":[{\"@type\":\"SearchAction\",\"target\":\"https:\/\/edubeliso.eu\/sk\/?s={search_term_string}\",\"query-input\":\"required name=search_term_string\"}],\"inLanguage\":\"sk-SK\"},{\"@type\":\"ImageObject\",\"@id\":\"https:\/\/edubeliso.eu\/sk\/how-does-an-online-course-look-like\/#primaryimage\",\"inLanguage\":\"sk-SK\",\"url\":\"https:\/\/edubeliso.eu\/wp-content\/uploads\/2020\/07\/ukazka-skolenia.jpg\",\"width\":1920,\"height\":1080},{\"@type\":\"WebPage\",\"@id\":\"https:\/\/edubeliso.eu\/sk\/how-does-an-online-course-look-like\/#webpage\",\"url\":\"https:\/\/edubeliso.eu\/sk\/how-does-an-online-course-look-like\/\",\"name\":\"EduBeliso - [:sk]Ako vyzer\\u00e1 online \\u0161kolenie?[:]\",\"isPartOf\":{\"@id\":\"https:\/\/edubeliso.eu\/sk\/#website\"},\"primaryImageOfPage\":{\"@id\":\"https:\/\/edubeliso.eu\/sk\/how-does-an-online-course-look-like\/#primaryimage\"},\"datePublished\":\"2023-03-20T09:55:02+00:00\",\"dateModified\":\"2023-03-23T16:30:31+00:00\",\"inLanguage\":\"sk-SK\",\"potentialAction\":[{\"@type\":\"ReadAction\",\"target\":[\"https:\/\/edubeliso.eu\/sk\/how-does-an-online-course-look-like\/\"]}]}]}<\/script>\n<!-- \/ Yoast SEO plugin. -->","_links":{"self":[{"href":"https:\/\/edubeliso.eu\/sk\/wp-json\/wp\/v2\/pages\/2819","targetHints":{"allow":["GET"]}}],"collection":[{"href":"https:\/\/edubeliso.eu\/sk\/wp-json\/wp\/v2\/pages"}],"about":[{"href":"https:\/\/edubeliso.eu\/sk\/wp-json\/wp\/v2\/types\/page"}],"author":[{"embeddable":true,"href":"https:\/\/edubeliso.eu\/sk\/wp-json\/wp\/v2\/users\/2"}],"replies":[{"embeddable":true,"href":"https:\/\/edubeliso.eu\/sk\/wp-json\/wp\/v2\/comments?post=2819"}],"version-history":[{"count":3,"href":"https:\/\/edubeliso.eu\/sk\/wp-json\/wp\/v2\/pages\/2819\/revisions"}],"predecessor-version":[{"id":2951,"href":"https:\/\/edubeliso.eu\/sk\/wp-json\/wp\/v2\/pages\/2819\/revisions\/2951"}],"wp:attachment":[{"href":"https:\/\/edubeliso.eu\/sk\/wp-json\/wp\/v2\/media?parent=2819"}],"curies":[{"name":"wp","href":"https:\/\/api.w.org\/{rel}","templated":true}]}}