{"id":2826,"date":"2023-03-20T11:09:10","date_gmt":"2023-03-20T10:09:10","guid":{"rendered":"https:\/\/edubeliso.eu\/sk\/?page_id=2826"},"modified":"2023-03-23T17:31:36","modified_gmt":"2023-03-23T16:31:36","slug":"how-to-join-an-online-course","status":"publish","type":"page","link":"https:\/\/edubeliso.eu\/sk\/how-to-join-an-online-course\/","title":{"rendered":"Ako sa pripoji\u0165 na online kurz?"},"content":{"rendered":"\n<p>Prip\u00e1janie na kurz je jednoduch\u00e9, spolo\u010dne to ur\u010dite zvl\u00e1dneme a keby nastali ak\u00e9ko\u013evek technick\u00e9 probl\u00e9my, my v\u00e1m ich radi pom\u00f4\u017eeme prekona\u0165.<\/p>\n\n\n\n<p>Ke\u010f si objedn\u00e1te online kurz, v prvom rade V\u00e1m pr\u00edde potvrdzovac\u00ed email. <strong>De\u0148 pred kurzom v\u00e1m pr\u00edde email<\/strong>, ktor\u00fd V\u00e1m pripomenie konanie kurzu a tie\u017e <strong>bude obsahova\u0165 prip\u00e1jaciu linku<\/strong>, ktor\u00e1 vyzer\u00e1 nasledovne:<\/p>\n\n\n\n<figure class=\"wp-block-image size-full\"><img loading=\"lazy\" decoding=\"async\" width=\"1024\" height=\"768\" src=\"https:\/\/edubeliso.eu\/wp-content\/uploads\/2020\/07\/email-linka-1.jpg\" alt=\"\" class=\"wp-image-2309\" srcset=\"https:\/\/edubeliso.eu\/wp-content\/uploads\/2020\/07\/email-linka-1.jpg 1024w, https:\/\/edubeliso.eu\/wp-content\/uploads\/2020\/07\/email-linka-1-300x225.jpg 300w, https:\/\/edubeliso.eu\/wp-content\/uploads\/2020\/07\/email-linka-1-768x576.jpg 768w, https:\/\/edubeliso.eu\/wp-content\/uploads\/2020\/07\/email-linka-1-610x458.jpg 610w, https:\/\/edubeliso.eu\/wp-content\/uploads\/2020\/07\/email-linka-1-600x450.jpg 600w\" sizes=\"auto, (max-width: 1024px) 100vw, 1024px\" \/><figcaption class=\"wp-element-caption\">Email &#8211; linka<\/figcaption><\/figure>\n\n\n\n<p>k si chcete vysk\u00fa\u0161a\u0165 pripojenie pred za\u010dat\u00edm kurzu, napr\u00edklad de\u0148 alebo t\u00fd\u017ede\u0148 dopredu, kontaktujte n\u00e1s a spolo\u010dne m\u00f4\u017eeme otestova\u0165 pripojenie.<\/p>\n\n\n\n<p>Na absolvovanie kurzu nepotrebujete program MS Teams, ak ho v\u0161ak m\u00e1te je to v\u00fdhoda. Po kliknut\u00ed na linku sa V\u00e1m otvor\u00ed internetov\u00fd prehliada\u010d, ktor\u00fd v\u00e1s vyzve ku pripojeniu nami vytvorenej sch\u00f4dzky. Pon\u00fakne V\u00e1m tri mo\u017enosti:<\/p>\n\n\n\n<ol class=\"wp-block-list\">\n<li>Stiahnu\u0165 aplik\u00e1ciu pre Windows<\/li>\n\n\n\n<li><a href=\"#browser\">Pokra\u010dova\u0165 v tomto prehliada\u010di<\/a><\/li>\n\n\n\n<li><a href=\"#application\">Otvori\u0165 aplik\u00e1ciu Teams<\/a><\/li>\n<\/ol>\n\n\n\n<p>V tomto momente sa m\u00f4\u017eete rozhodn\u00fa\u0165 ako sa chcete pripoji\u0165.<\/p>\n\n\n\n<figure class=\"wp-block-image size-full\"><img loading=\"lazy\" decoding=\"async\" width=\"1024\" height=\"768\" src=\"https:\/\/edubeliso.eu\/wp-content\/uploads\/2020\/07\/moznsoti-pripojenia.jpg\" alt=\"\" class=\"wp-image-2307\" srcset=\"https:\/\/edubeliso.eu\/wp-content\/uploads\/2020\/07\/moznsoti-pripojenia.jpg 1024w, https:\/\/edubeliso.eu\/wp-content\/uploads\/2020\/07\/moznsoti-pripojenia-300x225.jpg 300w, https:\/\/edubeliso.eu\/wp-content\/uploads\/2020\/07\/moznsoti-pripojenia-768x576.jpg 768w, https:\/\/edubeliso.eu\/wp-content\/uploads\/2020\/07\/moznsoti-pripojenia-610x458.jpg 610w, https:\/\/edubeliso.eu\/wp-content\/uploads\/2020\/07\/moznsoti-pripojenia-600x450.jpg 600w\" sizes=\"auto, (max-width: 1024px) 100vw, 1024px\" \/><figcaption class=\"wp-element-caption\">V\u00fdber pripojenia<\/figcaption><\/figure>\n\n\n\n<h2 class=\"wp-block-heading\" id=\"browser\">Pripojenie v prehliada\u010di (bez aplik\u00e1cie)<\/h2>\n\n\n\n<p>Vybrat\u00edm mo\u017enosti <strong>&#8222;Pokra\u010dova\u0165 v tomto prehliada\u010di&#8220;<\/strong>, sa pripoj\u00edte ku sch\u00f4dzke priamo v prehliada\u010di. V z\u00e1vislosti od nastavenia V\u00e1\u0161ho po\u010d\u00edta\u010da, V\u00e1s vyzve ku povoleniu mikrof\u00f3nu, to povol\u00edme, inak by sme v\u00e1s nepo\u010duli:<\/p>\n\n\n\n<figure class=\"wp-block-image size-full\"><img loading=\"lazy\" decoding=\"async\" width=\"1024\" height=\"768\" src=\"https:\/\/edubeliso.eu\/wp-content\/uploads\/2020\/07\/povoli\u0165-mikrof\u00f3n.jpg\" alt=\"\" class=\"wp-image-2303\" srcset=\"https:\/\/edubeliso.eu\/wp-content\/uploads\/2020\/07\/povoli\u0165-mikrof\u00f3n.jpg 1024w, https:\/\/edubeliso.eu\/wp-content\/uploads\/2020\/07\/povoli\u0165-mikrof\u00f3n-300x225.jpg 300w, https:\/\/edubeliso.eu\/wp-content\/uploads\/2020\/07\/povoli\u0165-mikrof\u00f3n-768x576.jpg 768w, https:\/\/edubeliso.eu\/wp-content\/uploads\/2020\/07\/povoli\u0165-mikrof\u00f3n-610x458.jpg 610w, https:\/\/edubeliso.eu\/wp-content\/uploads\/2020\/07\/povoli\u0165-mikrof\u00f3n-600x450.jpg 600w\" sizes=\"auto, (max-width: 1024px) 100vw, 1024px\" \/><figcaption class=\"wp-element-caption\">Povolenie mikrof\u00f3nu<\/figcaption><\/figure>\n\n\n\n<p>\u010eal\u0161ia obrazovka n\u00e1s vyzve k zadaniu mena, to je \u013eubovo\u013en\u00e9. N\u00e1sledne, <strong>klikom na &#8222;Pripoji\u0165 sa teraz&#8220; sa pripoj\u00edte do miestnosti<\/strong>. Ak je va\u0161e meno po pripojen\u00ed vyplnen\u00e9 znamen\u00e1 to iba to\u013eko, \u017ee m\u00e1te svoje Microsoft konto prihl\u00e1sen\u00e9 v prehliada\u010di, to nie je probl\u00e9m. Sta\u010d\u00ed pokra\u010dova\u0165.<\/p>\n\n\n\n<figure class=\"wp-block-image size-full\"><img loading=\"lazy\" decoding=\"async\" width=\"1024\" height=\"768\" src=\"https:\/\/edubeliso.eu\/wp-content\/uploads\/2020\/07\/zadajte-meno.jpg\" alt=\"\" class=\"wp-image-2304\" srcset=\"https:\/\/edubeliso.eu\/wp-content\/uploads\/2020\/07\/zadajte-meno.jpg 1024w, https:\/\/edubeliso.eu\/wp-content\/uploads\/2020\/07\/zadajte-meno-300x225.jpg 300w, https:\/\/edubeliso.eu\/wp-content\/uploads\/2020\/07\/zadajte-meno-768x576.jpg 768w, https:\/\/edubeliso.eu\/wp-content\/uploads\/2020\/07\/zadajte-meno-610x458.jpg 610w, https:\/\/edubeliso.eu\/wp-content\/uploads\/2020\/07\/zadajte-meno-600x450.jpg 600w\" sizes=\"auto, (max-width: 1024px) 100vw, 1024px\" \/><figcaption class=\"wp-element-caption\">Zad\u00e1vanie mena<\/figcaption><\/figure>\n\n\n\n<h2 id=\"application\">Pripojenie aplik\u00e1ciou MS Teams<\/h2>\n\n\n\n<p>Ak m\u00e1te aplik\u00e1ciu MS Teams nain\u0161talovan\u00fa m\u00f4\u017eete si zvoli\u0165 mo\u017enos\u0165 <strong>&#8222;Pripojenie aplik\u00e1ciou MS Teams&#8220;<\/strong>. To V\u00e1m otvor\u00ed aplik\u00e1ciu MS Teams a n\u00e1sledne sta\u010d\u00ed klikn\u00fa\u0165 na <strong>&#8222;Pripoji\u0165 sa teraz&#8220;<\/strong>. Nato aby ste mohli aplik\u00e1ciu MS Teams pou\u017ei\u0165 na prihl\u00e1senie mus\u00edte v nej by\u0165 prihl\u00e1sen\u00fd kontom Microsoft.<\/p>\n\n\n\n<figure class=\"wp-block-image size-full\"><img loading=\"lazy\" decoding=\"async\" width=\"1024\" height=\"768\" src=\"https:\/\/edubeliso.eu\/wp-content\/uploads\/2020\/07\/pripojenie-v-aplikacii.jpg\" alt=\"\" class=\"wp-image-2308\" srcset=\"https:\/\/edubeliso.eu\/wp-content\/uploads\/2020\/07\/pripojenie-v-aplikacii.jpg 1024w, https:\/\/edubeliso.eu\/wp-content\/uploads\/2020\/07\/pripojenie-v-aplikacii-300x225.jpg 300w, https:\/\/edubeliso.eu\/wp-content\/uploads\/2020\/07\/pripojenie-v-aplikacii-768x576.jpg 768w, https:\/\/edubeliso.eu\/wp-content\/uploads\/2020\/07\/pripojenie-v-aplikacii-610x458.jpg 610w, https:\/\/edubeliso.eu\/wp-content\/uploads\/2020\/07\/pripojenie-v-aplikacii-600x450.jpg 600w\" sizes=\"auto, (max-width: 1024px) 100vw, 1024px\" \/><figcaption class=\"wp-element-caption\">Aplik\u00e1cia MS Teams<\/figcaption><\/figure>\n\n\n\n<p>Keby ste mali ak\u00e9ko\u013evek ot\u00e1zky nev\u00e1hajte n\u00e1s <a href=\"https:\/\/edubeliso.eu\/sk\/contact\/\">kontaktova\u0165<\/a>.<\/p>\n","protected":false},"excerpt":{"rendered":"<p>Prip\u00e1janie na kurz je jednoduch\u00e9, spolo\u010dne to ur\u010dite zvl\u00e1dneme a keby nastali ak\u00e9ko\u013evek technick\u00e9 probl\u00e9my, my v\u00e1m ich radi pom\u00f4\u017eeme &hellip; <\/p>\n","protected":false},"author":2,"featured_media":0,"parent":0,"menu_order":0,"comment_status":"closed","ping_status":"closed","template":"","meta":{"_glsr_average":0,"_glsr_ranking":0,"_glsr_reviews":0,"footnotes":""},"class_list":["post-2826","page","type-page","status-publish","hentry"],"yoast_head":"<!-- This site is optimized with the Yoast SEO plugin v15.4 - https:\/\/yoast.com\/wordpress\/plugins\/seo\/ -->\n<title>EduBeliso - Ako sa pripoji\u0165 na online kurz?<\/title>\n<meta name=\"robots\" content=\"index, follow, max-snippet:-1, max-image-preview:large, max-video-preview:-1\" \/>\n<link rel=\"canonical\" href=\"https:\/\/edubeliso.eu\/sk\/how-to-join-an-online-course\/\" \/>\n<meta property=\"og:locale\" content=\"sk_SK\" \/>\n<meta property=\"og:type\" content=\"article\" \/>\n<meta property=\"og:title\" content=\"Ako sa pripoji\u0165 na online kurz?\" \/>\n<meta property=\"og:description\" content=\"Prip\u00e1janie na kurz je jednoduch\u00e9, spolo\u010dne to ur\u010dite zvl\u00e1dneme a keby nastali ak\u00e9ko\u013evek technick\u00e9 probl\u00e9my, my v\u00e1m ich radi pom\u00f4\u017eeme &hellip;\" \/>\n<meta property=\"og:url\" content=\"https:\/\/edubeliso.eu\/sk\/how-to-join-an-online-course\/\" \/>\n<meta property=\"og:site_name\" content=\"EduBeliso\" \/>\n<meta property=\"article:modified_time\" content=\"2023-03-23T16:31:36+00:00\" \/>\n<meta property=\"og:image\" content=\"https:\/\/edubeliso.eu\/wp-content\/uploads\/2020\/07\/email-linka-1.jpg\" \/>\n<meta name=\"twitter:card\" content=\"summary_large_image\" \/>\n<meta name=\"twitter:label1\" content=\"Autor:\">\n\t<meta name=\"twitter:data1\" content=\"Peter Beli\u010dka\">\n\t<meta name=\"twitter:label2\" content=\"Est. reading time\">\n\t<meta name=\"twitter:data2\" content=\"1 min\u00fata\">\n<script type=\"application\/ld+json\" class=\"yoast-schema-graph\">{\"@context\":\"https:\/\/schema.org\",\"@graph\":[{\"@type\":\"WebSite\",\"@id\":\"https:\/\/edubeliso.eu\/sk\/#website\",\"url\":\"https:\/\/edubeliso.eu\/sk\/\",\"name\":\"EduBeliso\",\"description\":\"\",\"potentialAction\":[{\"@type\":\"SearchAction\",\"target\":\"https:\/\/edubeliso.eu\/sk\/?s={search_term_string}\",\"query-input\":\"required name=search_term_string\"}],\"inLanguage\":\"sk-SK\"},{\"@type\":\"ImageObject\",\"@id\":\"https:\/\/edubeliso.eu\/sk\/how-to-join-an-online-course\/#primaryimage\",\"inLanguage\":\"sk-SK\",\"url\":\"https:\/\/edubeliso.eu\/wp-content\/uploads\/2020\/07\/email-linka-1.jpg\",\"width\":1024,\"height\":768},{\"@type\":\"WebPage\",\"@id\":\"https:\/\/edubeliso.eu\/sk\/how-to-join-an-online-course\/#webpage\",\"url\":\"https:\/\/edubeliso.eu\/sk\/how-to-join-an-online-course\/\",\"name\":\"EduBeliso - [:sk]Ako sa pripoji\\u0165 na online kurz?[:]\",\"isPartOf\":{\"@id\":\"https:\/\/edubeliso.eu\/sk\/#website\"},\"primaryImageOfPage\":{\"@id\":\"https:\/\/edubeliso.eu\/sk\/how-to-join-an-online-course\/#primaryimage\"},\"datePublished\":\"2023-03-20T10:09:10+00:00\",\"dateModified\":\"2023-03-23T16:31:36+00:00\",\"inLanguage\":\"sk-SK\",\"potentialAction\":[{\"@type\":\"ReadAction\",\"target\":[\"https:\/\/edubeliso.eu\/sk\/how-to-join-an-online-course\/\"]}]}]}<\/script>\n<!-- \/ Yoast SEO plugin. -->","_links":{"self":[{"href":"https:\/\/edubeliso.eu\/sk\/wp-json\/wp\/v2\/pages\/2826","targetHints":{"allow":["GET"]}}],"collection":[{"href":"https:\/\/edubeliso.eu\/sk\/wp-json\/wp\/v2\/pages"}],"about":[{"href":"https:\/\/edubeliso.eu\/sk\/wp-json\/wp\/v2\/types\/page"}],"author":[{"embeddable":true,"href":"https:\/\/edubeliso.eu\/sk\/wp-json\/wp\/v2\/users\/2"}],"replies":[{"embeddable":true,"href":"https:\/\/edubeliso.eu\/sk\/wp-json\/wp\/v2\/comments?post=2826"}],"version-history":[{"count":3,"href":"https:\/\/edubeliso.eu\/sk\/wp-json\/wp\/v2\/pages\/2826\/revisions"}],"predecessor-version":[{"id":2844,"href":"https:\/\/edubeliso.eu\/sk\/wp-json\/wp\/v2\/pages\/2826\/revisions\/2844"}],"wp:attachment":[{"href":"https:\/\/edubeliso.eu\/sk\/wp-json\/wp\/v2\/media?parent=2826"}],"curies":[{"name":"wp","href":"https:\/\/api.w.org\/{rel}","templated":true}]}}