{"id":2954,"date":"2023-03-28T10:44:36","date_gmt":"2023-03-28T08:44:36","guid":{"rendered":"https:\/\/edubeliso.eu\/sk\/?page_id=2954"},"modified":"2023-03-28T10:52:12","modified_gmt":"2023-03-28T08:52:12","slug":"ukazky-prace-v-power-bi","status":"publish","type":"page","link":"https:\/\/edubeliso.eu\/sk\/office\/power-bi\/power-bi-uzivatel\/ukazky-prace-v-power-bi\/","title":{"rendered":"Uk\u00e1\u017eky pr\u00e1ce v Power BI"},"content":{"rendered":"<div class=\"su-custom-gallery su-custom-gallery-title-hover\"><div class=\"su-custom-gallery-slide\"><a href=\"https:\/\/edubeliso.eu\/wp-content\/uploads\/2023\/03\/Power-BI-ukazka-01.jpg\" title=\"Power BI &#8211; uk\u00e1\u017eka 01\"><img loading=\"lazy\" decoding=\"async\" src=\"https:\/\/edubeliso.eu\/wp-content\/uploads\/2023\/03\/Power-BI-ukazka-01-1920x1080.jpg\" alt=\"Power BI &#8211; uk\u00e1\u017eka 01\" width=\"1920\" height=\"1080\" \/><span class=\"su-custom-gallery-title\">Power BI &#8211; uk\u00e1\u017eka 01<\/span><\/a><\/div><div class=\"su-custom-gallery-slide\"><a href=\"https:\/\/edubeliso.eu\/wp-content\/uploads\/2023\/03\/Power-BI-ukazka-02.jpg\" title=\"Power BI &#8211; uk\u00e1\u017eka 02\"><img loading=\"lazy\" decoding=\"async\" src=\"https:\/\/edubeliso.eu\/wp-content\/uploads\/2023\/03\/Power-BI-ukazka-02-1920x1080.jpg\" alt=\"Power BI &#8211; uk\u00e1\u017eka 02\" width=\"1920\" height=\"1080\" \/><span class=\"su-custom-gallery-title\">Power BI &#8211; uk\u00e1\u017eka 02<\/span><\/a><\/div><div class=\"su-custom-gallery-slide\"><a href=\"https:\/\/edubeliso.eu\/wp-content\/uploads\/2023\/03\/Power-BI-ukazka-03.jpg\" title=\"Power BI &#8211; uk\u00e1\u017eka 03\"><img loading=\"lazy\" decoding=\"async\" src=\"https:\/\/edubeliso.eu\/wp-content\/uploads\/2023\/03\/Power-BI-ukazka-03-1920x1080.jpg\" alt=\"Power BI &#8211; uk\u00e1\u017eka 03\" width=\"1920\" height=\"1080\" \/><span class=\"su-custom-gallery-title\">Power BI &#8211; uk\u00e1\u017eka 03<\/span><\/a><\/div><div class=\"su-custom-gallery-slide\"><a href=\"https:\/\/edubeliso.eu\/wp-content\/uploads\/2023\/03\/Power-BI-ukazka-04.jpg\" title=\"Power BI &#8211; uk\u00e1\u017eka 04\"><img loading=\"lazy\" decoding=\"async\" src=\"https:\/\/edubeliso.eu\/wp-content\/uploads\/2023\/03\/Power-BI-ukazka-04-1920x1080.jpg\" alt=\"Power BI &#8211; uk\u00e1\u017eka 04\" width=\"1920\" height=\"1080\" \/><span class=\"su-custom-gallery-title\">Power BI &#8211; uk\u00e1\u017eka 04<\/span><\/a><\/div><div class=\"su-custom-gallery-slide\"><a href=\"https:\/\/edubeliso.eu\/wp-content\/uploads\/2023\/03\/Power-BI-ukazka-05.jpg\" title=\"Power BI &#8211; uk\u00e1\u017eka 05\"><img loading=\"lazy\" decoding=\"async\" src=\"https:\/\/edubeliso.eu\/wp-content\/uploads\/2023\/03\/Power-BI-ukazka-05-1920x1080.jpg\" alt=\"Power BI &#8211; uk\u00e1\u017eka 05\" width=\"1920\" height=\"1080\" \/><span class=\"su-custom-gallery-title\">Power BI &#8211; uk\u00e1\u017eka 05<\/span><\/a><\/div><div class=\"su-custom-gallery-slide\"><a href=\"https:\/\/edubeliso.eu\/wp-content\/uploads\/2023\/03\/Power-BI-ukazka-06.jpg\" title=\"Power BI &#8211; uk\u00e1\u017eka 06\"><img loading=\"lazy\" decoding=\"async\" src=\"https:\/\/edubeliso.eu\/wp-content\/uploads\/2023\/03\/Power-BI-ukazka-06-1920x1080.jpg\" alt=\"Power BI &#8211; uk\u00e1\u017eka 06\" width=\"1920\" height=\"1080\" \/><span class=\"su-custom-gallery-title\">Power BI &#8211; uk\u00e1\u017eka 06<\/span><\/a><\/div><div class=\"su-custom-gallery-slide\"><a href=\"https:\/\/edubeliso.eu\/wp-content\/uploads\/2023\/03\/Power-BI-ukazka-07.jpg\" title=\"Power BI &#8211; uk\u00e1\u017eka 07\"><img loading=\"lazy\" decoding=\"async\" src=\"https:\/\/edubeliso.eu\/wp-content\/uploads\/2023\/03\/Power-BI-ukazka-07-1920x1080.jpg\" alt=\"Power BI &#8211; uk\u00e1\u017eka 07\" width=\"1920\" height=\"1080\" \/><span class=\"su-custom-gallery-title\">Power BI &#8211; uk\u00e1\u017eka 07<\/span><\/a><\/div><div class=\"su-custom-gallery-slide\"><a href=\"https:\/\/edubeliso.eu\/wp-content\/uploads\/2023\/03\/Power-BI-ukazka-08.jpg\" title=\"Power BI &#8211; uk\u00e1\u017eka 08\"><img loading=\"lazy\" decoding=\"async\" src=\"https:\/\/edubeliso.eu\/wp-content\/uploads\/2023\/03\/Power-BI-ukazka-08-1920x1080.jpg\" alt=\"Power BI &#8211; uk\u00e1\u017eka 08\" width=\"1920\" height=\"1080\" \/><span class=\"su-custom-gallery-title\">Power BI &#8211; uk\u00e1\u017eka 08<\/span><\/a><\/div><div class=\"su-custom-gallery-slide\"><a href=\"https:\/\/edubeliso.eu\/wp-content\/uploads\/2023\/03\/Power-BI-ukazka-09.jpg\" title=\"Power BI &#8211; uk\u00e1\u017eka 09\"><img loading=\"lazy\" decoding=\"async\" src=\"https:\/\/edubeliso.eu\/wp-content\/uploads\/2023\/03\/Power-BI-ukazka-09-1920x1080.jpg\" alt=\"Power BI &#8211; uk\u00e1\u017eka 09\" width=\"1920\" height=\"1080\" \/><span class=\"su-custom-gallery-title\">Power BI &#8211; uk\u00e1\u017eka 09<\/span><\/a><\/div><div class=\"su-custom-gallery-slide\"><a href=\"https:\/\/edubeliso.eu\/wp-content\/uploads\/2023\/03\/Power-BI-ukazka-10.jpg\" title=\"Power BI &#8211; uk\u00e1\u017eka 10\"><img loading=\"lazy\" decoding=\"async\" src=\"https:\/\/edubeliso.eu\/wp-content\/uploads\/2023\/03\/Power-BI-ukazka-10-1920x1080.jpg\" alt=\"Power BI &#8211; uk\u00e1\u017eka 10\" width=\"1920\" height=\"1080\" \/><span class=\"su-custom-gallery-title\">Power BI &#8211; uk\u00e1\u017eka 10<\/span><\/a><\/div><div class=\"su-custom-gallery-slide\"><a href=\"https:\/\/edubeliso.eu\/wp-content\/uploads\/2023\/03\/Power-BI-ukazka-12.jpg\" title=\"Power BI &#8211; uk\u00e1\u017eka 12\"><img loading=\"lazy\" decoding=\"async\" src=\"https:\/\/edubeliso.eu\/wp-content\/uploads\/2023\/03\/Power-BI-ukazka-12-1920x1080.jpg\" alt=\"Power BI &#8211; uk\u00e1\u017eka 12\" width=\"1920\" height=\"1080\" \/><span class=\"su-custom-gallery-title\">Power BI &#8211; uk\u00e1\u017eka 12<\/span><\/a><\/div><div class=\"su-custom-gallery-slide\"><a href=\"https:\/\/edubeliso.eu\/wp-content\/uploads\/2023\/03\/Power-BI-ukazka-11.jpg\" title=\"Power BI &#8211; uk\u00e1\u017eka 11\"><img loading=\"lazy\" decoding=\"async\" src=\"https:\/\/edubeliso.eu\/wp-content\/uploads\/2023\/03\/Power-BI-ukazka-11-1920x1080.jpg\" alt=\"Power BI &#8211; uk\u00e1\u017eka 11\" width=\"1920\" height=\"1080\" \/><span class=\"su-custom-gallery-title\">Power BI &#8211; uk\u00e1\u017eka 11<\/span><\/a><\/div><div class=\"su-clear\"><\/div><\/div>\n\n\n\n<div class=\"wp-block-buttons is-layout-flex wp-block-buttons-is-layout-flex\">\n<div class=\"wp-block-button is-style-fill\"><a class=\"wp-block-button__link has-white-color has-text-color has-background wp-element-button\" href=\"https:\/\/edubeliso.eu\/sk\/office\/power-bi\/power-bi-uzivatel\/\" style=\"border-radius:15px;background-color:#6f13c6\">Sp\u00e4\u0165 na kurz Power BI<\/a><\/div>\n<\/div>\n","protected":false},"excerpt":{"rendered":"","protected":false},"author":2,"featured_media":0,"parent":2645,"menu_order":0,"comment_status":"closed","ping_status":"closed","template":"","meta":{"_glsr_average":0,"_glsr_ranking":0,"_glsr_reviews":0,"footnotes":""},"class_list":["post-2954","page","type-page","status-publish","hentry"],"yoast_head":"<!-- This site is optimized with the Yoast SEO plugin v15.4 - https:\/\/yoast.com\/wordpress\/plugins\/seo\/ -->\n<title>EduBeliso - Uk\u00e1\u017eky pr\u00e1ce v Power BI<\/title>\n<meta name=\"robots\" content=\"index, follow, max-snippet:-1, max-image-preview:large, max-video-preview:-1\" \/>\n<link rel=\"canonical\" href=\"https:\/\/edubeliso.eu\/sk\/office\/power-bi\/power-bi-uzivatel\/ukazky-prace-v-power-bi\/\" \/>\n<meta property=\"og:locale\" content=\"sk_SK\" \/>\n<meta property=\"og:type\" content=\"article\" \/>\n<meta property=\"og:title\" content=\"Uk\u00e1\u017eky pr\u00e1ce v Power BI\" \/>\n<meta property=\"og:url\" content=\"https:\/\/edubeliso.eu\/sk\/office\/power-bi\/power-bi-uzivatel\/ukazky-prace-v-power-bi\/\" \/>\n<meta property=\"og:site_name\" content=\"EduBeliso\" \/>\n<meta property=\"article:modified_time\" content=\"2023-03-28T08:52:12+00:00\" \/>\n<meta name=\"twitter:card\" content=\"summary_large_image\" \/>\n<meta name=\"twitter:label1\" content=\"Autor:\">\n\t<meta name=\"twitter:data1\" content=\"Peter Beli\u010dka\">\n\t<meta name=\"twitter:label2\" content=\"Est. reading time\">\n\t<meta name=\"twitter:data2\" content=\"0 min\u00fat\">\n<script type=\"application\/ld+json\" class=\"yoast-schema-graph\">{\"@context\":\"https:\/\/schema.org\",\"@graph\":[{\"@type\":\"WebSite\",\"@id\":\"https:\/\/edubeliso.eu\/sk\/#website\",\"url\":\"https:\/\/edubeliso.eu\/sk\/\",\"name\":\"EduBeliso\",\"description\":\"\",\"potentialAction\":[{\"@type\":\"SearchAction\",\"target\":\"https:\/\/edubeliso.eu\/sk\/?s={search_term_string}\",\"query-input\":\"required name=search_term_string\"}],\"inLanguage\":\"sk-SK\"},{\"@type\":\"WebPage\",\"@id\":\"https:\/\/edubeliso.eu\/sk\/office\/power-bi\/power-bi-uzivatel\/ukazky-prace-v-power-bi\/#webpage\",\"url\":\"https:\/\/edubeliso.eu\/sk\/office\/power-bi\/power-bi-uzivatel\/ukazky-prace-v-power-bi\/\",\"name\":\"EduBeliso - [:sk]Uk\\u00e1\\u017eky pr\\u00e1ce v Power BI[:]\",\"isPartOf\":{\"@id\":\"https:\/\/edubeliso.eu\/sk\/#website\"},\"datePublished\":\"2023-03-28T08:44:36+00:00\",\"dateModified\":\"2023-03-28T08:52:12+00:00\",\"inLanguage\":\"sk-SK\",\"potentialAction\":[{\"@type\":\"ReadAction\",\"target\":[\"https:\/\/edubeliso.eu\/sk\/office\/power-bi\/power-bi-uzivatel\/ukazky-prace-v-power-bi\/\"]}]}]}<\/script>\n<!-- \/ Yoast SEO plugin. -->","_links":{"self":[{"href":"https:\/\/edubeliso.eu\/sk\/wp-json\/wp\/v2\/pages\/2954","targetHints":{"allow":["GET"]}}],"collection":[{"href":"https:\/\/edubeliso.eu\/sk\/wp-json\/wp\/v2\/pages"}],"about":[{"href":"https:\/\/edubeliso.eu\/sk\/wp-json\/wp\/v2\/types\/page"}],"author":[{"embeddable":true,"href":"https:\/\/edubeliso.eu\/sk\/wp-json\/wp\/v2\/users\/2"}],"replies":[{"embeddable":true,"href":"https:\/\/edubeliso.eu\/sk\/wp-json\/wp\/v2\/comments?post=2954"}],"version-history":[{"count":7,"href":"https:\/\/edubeliso.eu\/sk\/wp-json\/wp\/v2\/pages\/2954\/revisions"}],"predecessor-version":[{"id":2966,"href":"https:\/\/edubeliso.eu\/sk\/wp-json\/wp\/v2\/pages\/2954\/revisions\/2966"}],"up":[{"embeddable":true,"href":"https:\/\/edubeliso.eu\/sk\/wp-json\/wp\/v2\/pages\/2645"}],"wp:attachment":[{"href":"https:\/\/edubeliso.eu\/sk\/wp-json\/wp\/v2\/media?parent=2954"}],"curies":[{"name":"wp","href":"https:\/\/api.w.org\/{rel}","templated":true}]}}