{"id":570,"date":"2020-05-13T21:30:00","date_gmt":"2020-05-13T19:30:00","guid":{"rendered":"https:\/\/edubeliso.eu\/sk\/?page_id=570"},"modified":"2022-04-28T09:08:24","modified_gmt":"2022-04-28T07:08:24","slug":"excel-level-2","status":"publish","type":"page","link":"https:\/\/edubeliso.eu\/sk\/office\/excel\/excel-level-2\/","title":{"rendered":"Excel level 2 &#8211; mierne pokro\u010dil\u00fd"},"content":{"rendered":"\n<p>Tento kurz je priamym nasledovn\u00edkom kurzu Excel level 1 \u2013 za\u010diato\u010dn\u00edk a je vhodn\u00fd pre \u00fa\u010dastn\u00edkov so z\u00e1kladn\u00fdmi sk\u00fasenos\u0165ami v&nbsp;programe MS Excel. Oproti predo\u0161lej \u00farovni obsahuje najm\u00e4 pr\u00e1cu s&nbsp;relat\u00edvnymi a&nbsp;absol\u00fatnymi odkazmi v&nbsp;bunk\u00e1ch, funkciu IF, podmienen\u00e9 form\u00e1tovanie, z\u00e1klady pr\u00e1ce s kontingen\u010dnou tabu\u013ekou a \u010fal\u0161ie t\u00e9my. Obsahom s\u00fa praktick\u00e9 pr\u00edklady, ktor\u00e9 pripravuj\u00fa na ka\u017edodenn\u00fa pr\u00e1cu s&nbsp;programom Excel. Pre absolvovanie tohto kurzu je odpor\u00fa\u010dan\u00e9 ovl\u00e1da\u0165 z\u00e1kladn\u00e9 funkcie ako je automatick\u00fd s\u00fa\u010det a&nbsp;z\u00e1kladn\u00e1 orient\u00e1cia v&nbsp;programe MS Excel.<\/p>\n\n\n\n<h2 class=\"wp-block-heading\">Term\u00edny<\/h2>\n\n\n\n\n\n<p>Ak ste nena\u0161li term\u00edn, ktor\u00fd v\u00e1m vyhovuje, nev\u00e1hajte n\u00e1s kontaktova\u0165. Viac inform\u00e1ci\u00ed <a href=\"https:\/\/edubeliso.eu\/sk\/we-adjust-to-your-need\/\">n\u00e1jdete tu<\/a>.<\/p>\n\n\n\n<h2 class=\"wp-block-heading\">Osnovy<\/h2>\n\n\n\n<h3 style=\"margin-bottom: 0px;\">Opakovanie z\u00e1kladn\u00fdch techn\u00edk<\/h3>\n<ul><li>Form\u00e1tovanie bunky: farba a typ textu, farba v\u00fdplne (pozadia), zarovnanie, or\u00e1movanie, zlu\u010dovanie buniek a zalomenie textu<\/li>\n<li>Form\u00e1tovanie \u010d\u00edsel: mena, \u00fa\u010dtovn\u00edcke, d\u00e1tum, percento<\/li>\n<li>Jednoduch\u00fd vlastn\u00fd form\u00e1t \u010d\u00edsla<\/li>\n<li>Automatick\u00e9 form\u00e1tovanie tabu\u013eky: mo\u017enosti tabu\u013eky, \u0161t\u00fdly tabu\u013eky<\/li>\n<li>Automatick\u00e9 rady a kop\u00edrovanie<\/li>\n<\/ul>\n\n\n\n<h3 style=\"margin-bottom: 0px;\">Vzorce a funkcie<\/h3>\n<ul><li>Tvorba z\u00e1kladn\u00fdch vzorcov<\/li>\n<li>Syntax vzorcov a \u010dast\u00e9 chyby pri tvorbe vzorcov<\/li>\n<li>Funkcie: SUM, AVERAGE, MIN, MAX, COUNT<\/li>\n<li>Relat\u00edvne a absol\u00fatne odkazy<\/li>\n<li>Kop\u00edrovanie vzorcov<\/li>\n<li>V\u00fdpo\u010dty medzi h\u00e1rkami<\/li>\n<li>Syntax funkcie<\/li>\n<li>Okno &#8222;Vlo\u017eenie funkcie&#8220;<\/li>\n<li>Zoznam v\u0161etk\u00fdch fuknci\u00ed, kateg\u00f3rie funkci\u00ed<\/li>\n<li>Z\u00e1kladn\u00e9 podmienky pomocou fuknci\u00ed: IF, AND, OR<\/li>\n<li>Funkcie: COUNTA, COUNTBLANK<\/li>\n<li>V\u00fdpo\u010dty na z\u00e1klade podmienky pomocou funkci\u00ed: COUNTIF, SUMIF, AVERAGEIF<\/li><\/ul>\n\n\n\n<h3 style=\"margin-bottom: 0px;\">N\u00e1stroje pre pr\u00e1cu s tabu\u013ekami<\/h3>\n<ul><li>Z\u00e1sady a tipy pri tvorbe tabu\u013eky<\/li>\n<li>Kl\u00e1vesov\u00e9 skratky na pr\u00e1cu s rozsiahlymi tabu\u013ekami<\/li>\n<li>Zora\u010fovanie, viac\u00farov\u0148ov\u00e9 zora\u010fovanie, zora\u010fovanie na z\u00e1klade vlastn\u00e9ho zoznamu<\/li>\n<li>Automatick\u00fd filter: filtrovanie na z\u00e1klade podmienok, vyh\u013ead\u00e1vanie v rozsiahlom zozname polo\u017eiek st\u013apca<\/li>\n<li>Dynamick\u00e9 dop\u013a\u0148anie<\/li>\n<li>Medzis\u00fa\u010dty<\/li>\n<li>Podmienen\u00e9 form\u00e1tovanie: vytv\u00e1ranie jednoduch\u00fdch pravidiel podmienen\u00e9ho form\u00e1tovania, v\u00fdber predvolen\u00e9ho form\u00e1tu a tvorba vlastn\u00e9ho form\u00e1tu buniek sp\u013a\u0148aj\u00facich podmienku, mazanie existuj\u00faceho podmienen\u00e9ho form\u00e1tovania<\/li><\/ul>\n\n\n\n<h3 style=\"margin-bottom: 0px;\">Tla\u010d tabuliek<\/h3>\n<ul><li>Uk\u00e1\u017eka pred tla\u010dou<\/li>\n<li>Hlavi\u010dka a p\u00e4ta dokumentu<\/li>\n<li>Z\u00e1kladn\u00e9 nastavenia tla\u010de: v\u00fdber tla\u010diarne, po\u010dtu k\u00f3pi\u00ed tla\u010de, rozsah tla\u010de, nastavenie strany, nastavenie okrajov a mierky<\/li>\n<li>Prisp\u00f4sobenie tabu\u013eky na tla\u010d<\/li><\/ul>\n\n\n\n<h3 style=\"margin-bottom: 0px;\">Nastavenie zobrazenia<\/h3>\n<ul><li>Ukotvenie prie\u010dok (ukotvenie prv\u00e9ho riadka)<\/li>\n<li>Rozdelenie pracovn\u00e9ho priestoru (vodorovne a zvislo)<\/li>\n<li>Lupa a sp\u00f4soby zobrazenia h\u00e1rku<\/li>\n<li>Vytvorenie nov\u00e9ho okna a usporiadanie (zobrazenie dvoch h\u00e1rkov jedn\u00e9ho zo\u0161ita naraz)<\/li><\/ul>\n\n\n\n<h3 style=\"margin-bottom: 0px;\">Kontingen\u010dn\u00e9 tabu\u013eky<\/h3>\n<ul><li>\u00davod do kontingen\u010dn\u00fdch tabuliek<\/li>\n<li>Pr\u00e1ca s poliami kontinge\u010dnej tabu\u013eky<\/li>\n<li>V\u00fdber funkcie na sumariz\u00e1ciu \u00fadajov vybran\u00e9ho po\u013ea<\/li>\n<li>Filtrovanie a zora\u010fovanie \u00fadajov<\/li>\n<li>Nastavenie \u010d\u00edseln\u00e9ho form\u00e1tu<\/li><\/ul>\n\n\n\n<h3 style=\"margin-bottom: 0px;\"> Vizualiz\u00e1cia \u00fadajov (grafy)<\/h3>\n<ul><li>Z\u00e1sady pri tvorbe grafu<\/li>\n<li>Vysvetlenie typov a podtypov grafov<\/li>\n<li>V\u00fdber typu grafu v z\u00e1vislosti od charakteru \u00fadajov<\/li>\n<li>Tvorba a \u00faprava grafu (form\u00e1tovanie grafu)<\/li>\n<li>Nastavenie \u0161t\u00fdlu grafu a \u00faprava prvkov grafu<\/li><\/ul>\n\n\n<div class=\"su-spoiler su-spoiler-style-fancy su-spoiler-icon-chevron roz-pole-kurz no-dis su-spoiler-closed\" data-anchor=\"ukazka-tvorby\" data-scroll-offset=\"0\" data-anchor-in-url=\"no\"><div class=\"su-spoiler-title\" tabindex=\"0\" role=\"button\"><span class=\"su-spoiler-icon\"><\/span>Uk\u00e1\u017eka tvorby na \u0161kolen\u00ed<\/div><div class=\"su-spoiler-content su-u-clearfix su-u-trim\">\nBla, bla, bla<br \/>\n<\/div><\/div>\n\n\n\n<span id=\"course-info\"><\/span>\n\n\n<div class=\"su-tabs su-tabs-style-default su-tabs-mobile-stack tab-info text-blok\" data-active=\"1\" data-scroll-offset=\"0\" data-anchor-in-url=\"no\"><div class=\"su-tabs-nav\"><span class=\"\" data-anchor=\"informacie-o-skoleni\" data-url=\"\" data-target=\"self\" tabindex=\"0\" role=\"button\"><strong>Inform\u00e1cie o \u0161kolen\u00ed<\/strong><\/span><span class=\"\" data-anchor=\"vstupne-vedomosti\" data-url=\"#course-info\" data-target=\"self\" tabindex=\"0\" role=\"button\"><strong>Podporovan\u00e9 verzie programu<\/strong><\/span><span class=\"\" data-anchor=\"preberane-funkcie\" data-url=\"#course-info\" data-target=\"self\" tabindex=\"0\" role=\"button\"><strong>Zoznam v\u0161etk\u00fdch preberan\u00fdch funkci\u00ed<\/strong><\/span><span class=\"\" data-anchor=\"preberane-funkcie\" data-url=\"#course-info\" data-target=\"self\" tabindex=\"0\" role=\"button\"><strong>Odpor\u00fa\u010dan\u00e9 kurzy<\/strong><\/span><span class=\"\" data-anchor=\"vseobecne-informacie\" data-url=\"#course-info\" data-target=\"self\" tabindex=\"0\" role=\"button\"><strong>V\u0161eobecn\u00e9 inform\u00e1cie<\/strong><\/span><\/div><div class=\"su-tabs-panes\"><div class=\"su-tabs-pane su-u-clearfix su-u-trim\" data-title=\"&lt;strong&gt;Inform\u00e1cie o \u0161kolen\u00ed&lt;\/strong&gt;\">\n<strong>Cena kurzu:<\/strong> 120,00 \u20ac<br \/>\n<strong>D\u013a\u017eka trvania kurzu:<\/strong> 2 dni<br \/>\n<strong>Celkov\u00fd po\u010det hod\u00edn:<\/strong> 10 hod (5 hod. prv\u00fd de\u0148 a 5 hod. druh\u00fd de\u0148)<br \/>\n<strong>Odpor\u00fa\u010dan\u00e9 minim\u00e1lne vstupn\u00e9 vedomosti:<\/strong> Z\u00e1kladn\u00e9 ovl\u00e1danie po\u010d\u00edta\u010da, pr\u00e1ca s prie\u010dinkami a s\u00fabormi.<br \/>\n<\/div>\n<div class=\"su-tabs-pane su-u-clearfix su-u-trim\" data-title=\"&lt;strong&gt;Podporovan\u00e9 verzie programu&lt;\/strong&gt;\">\nExcel level 1 bude prezentovan\u00fd na verzii Microsoft 365. Vhodn\u00e9 verzie s\u00fa aj Office 365, MS Office 2019, MS Office 2016, MS Office 2013. Vo verzi\u00e1ch MS Office 2007 a 2010 sa pri pr\u00e1ci s grafmi m\u00f4\u017eu vyskytova\u0165 zna\u010dn\u00e9 rozdiely v porovnan\u00ed s aktu\u00e1lnej\u0161\u00edmi verziami. V ostatn\u00fdch t\u00e9mach nie s\u00fa v\u00fdrazn\u00e9 rozdiely naprie\u010d verziami.<br \/>\n<a href=\"https:\/\/edubeliso.eu\/sk\/difference-betwen-microsoft-365-and-office-2019\/\" target=\"_blank\" rel=\"noopener noreferrer\">Rozdiel medzi Microsoft 365 a Office 2019<\/a><br \/>\n<\/div>\n<div class=\"su-tabs-pane su-u-clearfix su-u-trim\" data-title=\"&lt;strong&gt;Zoznam v\u0161etk\u00fdch preberan\u00fdch funkci\u00ed&lt;\/strong&gt;\">\n<strong>Z\u00e1kladn\u00e9 funkcie:<\/strong> SUM, AVERAGE, COUNT, MAX, MIN<br \/>\n<strong>Logick\u00e9 funkcie:<\/strong> IF, AND, OR<br \/>\n<strong>\u0160tatistick\u00e9 funkcie:<\/strong> COUNTA, COUNTBLANK, COUNTIF, AVERAGEIF<br \/>\n<strong>Matematick\u00e9 funkcie:<\/strong> SUMIF<br \/>\n<\/div>\n<div class=\"su-tabs-pane su-u-clearfix su-u-trim\" data-title=\"&lt;strong&gt;Odpor\u00fa\u010dan\u00e9 kurzy&lt;\/strong&gt;\">\n<strong>Pred kurzom:<\/strong><br \/>\n\u017diadne<br \/>\n<strong>Po kurze:<\/strong><br \/>\nExcel level 2<br \/>\n<\/div>\n<div class=\"su-tabs-pane su-u-clearfix su-u-trim\" data-title=\"&lt;strong&gt;V\u0161eobecn\u00e9 inform\u00e1cie&lt;\/strong&gt;\">\n<div data-post-id='2426' class='insert-page insert-page-2426 '>\n<p>Pred samotn\u00fdm kurzom odpor\u00fa\u010dame prezrie\u0165 nasleduj\u00face \u010dl\u00e1nky:<br><a href=\"https:\/\/edubeliso.eu\/sk\/how-does-an-online-course-look-like\/\" target=\"_blank\" aria-label=\"undefined (otv\u00e1ra sa na novej karte)\" rel=\"noreferrer noopener\">Ako vyzer\u00e1 online kurz?<\/a><br><a href=\"https:\/\/edubeliso.eu\/sk\/how-to-join-an-online-course\/\" target=\"_blank\" aria-label=\"undefined (otv\u00e1ra sa na novej karte)\" rel=\"noreferrer noopener\">Ako sa pripoji\u0165 na online kurz?<\/a><\/p>\n<\/div>\n<\/div><\/div><\/div>\n\n\n\n<div class=\"wp-block-buttons is-layout-flex wp-block-buttons-is-layout-flex\">\n<div class=\"wp-block-button pdf-down-butt no-dis\"><a class=\"wp-block-button__link\">Inform\u00e1cie o kurze na stiahnutie v PDF<\/a><\/div>\n<\/div>\n\n\n\n<h2 class=\"wp-block-heading\">Hodnotenie<\/h2>\n\n\n<div class=\"glsr glsr-default\" id=\"glsr_a897b05d\" data-from='block' data-shortcode='site_reviews' data-assigned_posts='570' data-display='50' data-hide='[&quot;title&quot;]'><div class=\"glsr-reviews-wrap\">\n    <div class=\"glsr-reviews\">\n        <div class=\"glsr-review\" data-type=\"local\" id=\"review-2992\" data-assigned='{\"assigned_posts\":[570],\"assigned_terms\":[47]}'>\n    \n    <div class=\"glsr-review-rating\"><div class=\"glsr-star-rating glsr-stars\" data-rating=\"5\" data-reviews=\"0\">\n    <span class=\"screen-reader-text\">Rated <strong>5<\/strong> out of 5<\/span>\n    <span class=\"glsr-star glsr-star-full\" aria-hidden=\"true\"><\/span><span class=\"glsr-star glsr-star-full\" aria-hidden=\"true\"><\/span><span class=\"glsr-star glsr-star-full\" aria-hidden=\"true\"><\/span><span class=\"glsr-star glsr-star-full\" aria-hidden=\"true\"><\/span><span class=\"glsr-star glsr-star-full\" aria-hidden=\"true\"><\/span>\n<\/div><\/div> <div class=\"glsr-review-date\"><span class=\"glsr-tag-value\">29. m\u00e1ja 2023<\/span><\/div>\n    <div class=\"glsr-review-assigned_links\"><span class=\"glsr-tag-value\">Review of <a href=\"https:\/\/edubeliso.eu\/sk\/office\/excel\/excel-level-2\/\">Excel level 2 &#8211; mierne pokro\u010dil\u00fd<\/a><\/span><\/div>\n    <div class=\"glsr-review-content\"><div class=\"glsr-tag-value\" data-expanded='false'><p>Super kurz. Pohodov\u00e9 tempo , dobre vysvetlenie . Odpor\u00fa\u010dam ka\u017ed\u00e9mu kto chce za\u010da\u0165 s excelom.<\/p><\/div><\/div>\n     <div class=\"glsr-review-author\"><span class=\"glsr-tag-value\">Juraj<\/span><\/div> \n    \n<\/div>\n<div class=\"glsr-review\" data-type=\"local\" id=\"review-2629\" data-assigned='{\"assigned_posts\":[570],\"assigned_terms\":[47]}'>\n    \n    <div class=\"glsr-review-rating\"><div class=\"glsr-star-rating glsr-stars\" data-rating=\"5\" data-reviews=\"0\">\n    <span class=\"screen-reader-text\">Rated <strong>5<\/strong> out of 5<\/span>\n    <span class=\"glsr-star glsr-star-full\" aria-hidden=\"true\"><\/span><span class=\"glsr-star glsr-star-full\" aria-hidden=\"true\"><\/span><span class=\"glsr-star glsr-star-full\" aria-hidden=\"true\"><\/span><span class=\"glsr-star glsr-star-full\" aria-hidden=\"true\"><\/span><span class=\"glsr-star glsr-star-full\" aria-hidden=\"true\"><\/span>\n<\/div><\/div> <div class=\"glsr-review-date\"><span class=\"glsr-tag-value\">28. apr\u00edla 2021<\/span><\/div>\n    <div class=\"glsr-review-assigned_links\"><span class=\"glsr-tag-value\">Review of <a href=\"https:\/\/edubeliso.eu\/sk\/office\/excel\/excel-level-2\/\">Excel level 2 &#8211; mierne pokro\u010dil\u00fd<\/a><\/span><\/div>\n    <div class=\"glsr-review-content\"><div class=\"glsr-tag-value\" data-expanded='false'><p>\u0160kolenie sa mi ve\u013emi p\u00e1\u010dilo. Vysvetlenia boli jasn\u00e9, zrete\u013en\u00e9, zadanie \u00faloh si vy\u017eadovalo aj prem\u00fd\u0161\u013eanie, neboli zalo\u017een\u00e9 na jednoduchom opakovan\u00ed, tak\u017ee sme si museli premyslie\u0165 postup a t\u00fdm sa n\u00e1m poznatky lep\u0161ie ulo\u017eili. \u0160kolite\u013e vysvet\u013euje zrete\u013ene, pr\u00edjemne.<\/p><\/div><\/div>\n     <div class=\"glsr-review-author\"><span class=\"glsr-tag-value\">L\u00edvia Karak\u00e1n Kosztol\u00e1nyi<\/span><\/div> \n    \n<\/div>\n<div class=\"glsr-review\" data-type=\"local\" id=\"review-2626\" data-assigned='{\"assigned_posts\":[570],\"assigned_terms\":[47]}'>\n    \n    <div class=\"glsr-review-rating\"><div class=\"glsr-star-rating glsr-stars\" data-rating=\"5\" data-reviews=\"0\">\n    <span class=\"screen-reader-text\">Rated <strong>5<\/strong> out of 5<\/span>\n    <span class=\"glsr-star glsr-star-full\" aria-hidden=\"true\"><\/span><span class=\"glsr-star glsr-star-full\" aria-hidden=\"true\"><\/span><span class=\"glsr-star glsr-star-full\" aria-hidden=\"true\"><\/span><span class=\"glsr-star glsr-star-full\" aria-hidden=\"true\"><\/span><span class=\"glsr-star glsr-star-full\" aria-hidden=\"true\"><\/span>\n<\/div><\/div> <div class=\"glsr-review-date\"><span class=\"glsr-tag-value\">23. apr\u00edla 2021<\/span><\/div>\n    <div class=\"glsr-review-assigned_links\"><span class=\"glsr-tag-value\">Review of <a href=\"https:\/\/edubeliso.eu\/sk\/office\/excel\/excel-level-2\/\">Excel level 2 &#8211; mierne pokro\u010dil\u00fd<\/a><\/span><\/div>\n    <div class=\"glsr-review-content\"><div class=\"glsr-tag-value\" data-expanded='false'><p>Super \u0161kolenie. Jasn\u00e9 a stru\u010dn\u00e9 vysvetlenia. \u0160koli\u0165 bol v\u017edy n\u00e1pomocn\u00fd.<\/p><\/div><\/div>\n     <div class=\"glsr-review-author\"><span class=\"glsr-tag-value\">Smurfit Kappa Obaly \u0160t\u00farovo<\/span><\/div> \n    \n<\/div>\n<div class=\"glsr-review\" data-type=\"local\" id=\"review-2617\" data-assigned='{\"assigned_posts\":[570],\"assigned_terms\":[47]}'>\n    \n    <div class=\"glsr-review-rating\"><div class=\"glsr-star-rating glsr-stars\" data-rating=\"5\" data-reviews=\"0\">\n    <span class=\"screen-reader-text\">Rated <strong>5<\/strong> out of 5<\/span>\n    <span class=\"glsr-star glsr-star-full\" aria-hidden=\"true\"><\/span><span class=\"glsr-star glsr-star-full\" aria-hidden=\"true\"><\/span><span class=\"glsr-star glsr-star-full\" aria-hidden=\"true\"><\/span><span class=\"glsr-star glsr-star-full\" aria-hidden=\"true\"><\/span><span class=\"glsr-star glsr-star-full\" aria-hidden=\"true\"><\/span>\n<\/div><\/div> <div class=\"glsr-review-date\"><span class=\"glsr-tag-value\">22. apr\u00edla 2021<\/span><\/div>\n    <div class=\"glsr-review-assigned_links\"><span class=\"glsr-tag-value\">Review of <a href=\"https:\/\/edubeliso.eu\/sk\/office\/excel\/excel-level-2\/\">Excel level 2 &#8211; mierne pokro\u010dil\u00fd<\/a><\/span><\/div>\n    <div class=\"glsr-review-content\"><div class=\"glsr-tag-value\" data-expanded='false'><p>Velmi prijemny a pohodovy prejav skolitela. Obsah skolenia, bol zrozumitelne podany, bolo dost priestoru na otazky, ktore boli vzdy zodpovedane. Velmi vhodne zvolene temy skolenia, v ramci skupiny mierne pokrocilych z Excell-u.<\/p><\/div><\/div>\n     <div class=\"glsr-review-author\"><span class=\"glsr-tag-value\">Nora Slab\u00e1kov\u00e1<\/span><\/div> \n    \n<\/div>\n<div class=\"glsr-review\" data-type=\"local\" id=\"review-2618\" data-assigned='{\"assigned_posts\":[570],\"assigned_terms\":[47]}'>\n    \n    <div class=\"glsr-review-rating\"><div class=\"glsr-star-rating glsr-stars\" data-rating=\"5\" data-reviews=\"0\">\n    <span class=\"screen-reader-text\">Rated <strong>5<\/strong> out of 5<\/span>\n    <span class=\"glsr-star glsr-star-full\" aria-hidden=\"true\"><\/span><span class=\"glsr-star glsr-star-full\" aria-hidden=\"true\"><\/span><span class=\"glsr-star glsr-star-full\" aria-hidden=\"true\"><\/span><span class=\"glsr-star glsr-star-full\" aria-hidden=\"true\"><\/span><span class=\"glsr-star glsr-star-full\" aria-hidden=\"true\"><\/span>\n<\/div><\/div> <div class=\"glsr-review-date\"><span class=\"glsr-tag-value\">22. apr\u00edla 2021<\/span><\/div>\n    <div class=\"glsr-review-assigned_links\"><span class=\"glsr-tag-value\">Review of <a href=\"https:\/\/edubeliso.eu\/sk\/office\/excel\/excel-level-2\/\">Excel level 2 &#8211; mierne pokro\u010dil\u00fd<\/a><\/span><\/div>\n    <div class=\"glsr-review-content\"><div class=\"glsr-tag-value\" data-expanded='false'><p>Skvely pristup skoliaceho. Tempo skolenia prebiehalo poziadavkam skupine. Osobny pristup skoliaceho k jednotlivcom bolo velmi zhovievave. Individualne riesenia s jednotlivcami i pocas prestavky skolenia bolo uzitocne, Povazujem i za klucove z pohladu skolenie . Velmi zrozumitelne vysvetlovanie na vysokej urovni.<\/p>\n<p class=\"glsr-hidden-text\" data-show-less='Show less' data-show-more='Show more' data-trigger='expand'>Velkou ctou bolo pre mna zucastnit sa skolenia. Dakujem za trpezlivost. Len nabrate vedomosti treba precvicovat i<span class=\"glsr-hidden\"> mimo skolenia. Luto je mi, ze sme nemali videozaznam.<\/span><\/p><\/div><\/div>\n     <div class=\"glsr-review-author\"><span class=\"glsr-tag-value\">Daniel<\/span><\/div> \n    \n<\/div>\n    <\/div>\n    \n<\/div><\/div>","protected":false},"excerpt":{"rendered":"<p>Tento kurz je priamym nasledovn\u00edkom kurzu Excel level 1 \u2013 za\u010diato\u010dn\u00edk a je vhodn\u00fd pre \u00fa\u010dastn\u00edkov so z\u00e1kladn\u00fdmi sk\u00fasenos\u0165ami v&nbsp;programe &hellip; <\/p>\n","protected":false},"author":1,"featured_media":0,"parent":397,"menu_order":0,"comment_status":"closed","ping_status":"closed","template":"","meta":{"_glsr_average":5,"_glsr_ranking":4,"_glsr_reviews":5,"footnotes":""},"class_list":["post-570","page","type-page","status-publish","hentry"],"yoast_head":"<!-- This site is optimized with the Yoast SEO plugin v15.4 - https:\/\/yoast.com\/wordpress\/plugins\/seo\/ -->\n<title>EduBeliso - Kurz Excel level 2 - mierne pokro\u010dil\u00fd<\/title>\n<meta name=\"description\" content=\"Pr\u00e1cu s relat\u00edvnymi a absol\u00fatnymi odkazmi v bunk\u00e1ch, funkciu IF, podmienen\u00e9 form\u00e1tovanie, z\u00e1klady pr\u00e1ce s kontingen\u010dnou tabu\u013ekou a \u010fal\u0161ie t\u00e9my.\" \/>\n<meta name=\"robots\" content=\"index, follow, max-snippet:-1, max-image-preview:large, max-video-preview:-1\" \/>\n<link rel=\"canonical\" href=\"https:\/\/edubeliso.eu\/sk\/office\/excel\/excel-level-2\/\" \/>\n<meta property=\"og:locale\" content=\"sk_SK\" \/>\n<meta property=\"og:type\" content=\"article\" \/>\n<meta property=\"og:title\" content=\"EduBeliso - Kurz Excel level 2 - mierne pokro\u010dil\u00fd\" \/>\n<meta property=\"og:description\" content=\"Pr\u00e1cu s relat\u00edvnymi a absol\u00fatnymi odkazmi v bunk\u00e1ch, funkciu IF, podmienen\u00e9 form\u00e1tovanie, z\u00e1klady pr\u00e1ce s kontingen\u010dnou tabu\u013ekou a \u010fal\u0161ie t\u00e9my.\" \/>\n<meta property=\"og:url\" content=\"https:\/\/edubeliso.eu\/sk\/office\/excel\/excel-level-2\/\" \/>\n<meta property=\"og:site_name\" content=\"EduBeliso\" \/>\n<meta property=\"article:modified_time\" content=\"2022-04-28T07:08:24+00:00\" \/>\n<meta property=\"og:image\" content=\"https:\/\/edubeliso.eu\/wp-content\/uploads\/2020\/08\/Excel-level-2-1.8.2020.jpg\" \/>\n\t<meta property=\"og:image:width\" content=\"1200\" \/>\n\t<meta property=\"og:image:height\" content=\"628\" \/>\n<meta name=\"twitter:card\" content=\"summary_large_image\" \/>\n<meta name=\"twitter:label1\" content=\"Autor:\">\n\t<meta name=\"twitter:data1\" content=\"mirko\">\n\t<meta name=\"twitter:label2\" content=\"Est. reading time\">\n\t<meta name=\"twitter:data2\" content=\"3 min\u00faty\">\n<script type=\"application\/ld+json\" class=\"yoast-schema-graph\">{\"@context\":\"https:\/\/schema.org\",\"@graph\":[{\"@type\":\"WebSite\",\"@id\":\"https:\/\/edubeliso.eu\/sk\/#website\",\"url\":\"https:\/\/edubeliso.eu\/sk\/\",\"name\":\"EduBeliso\",\"description\":\"\",\"potentialAction\":[{\"@type\":\"SearchAction\",\"target\":\"https:\/\/edubeliso.eu\/sk\/?s={search_term_string}\",\"query-input\":\"required name=search_term_string\"}],\"inLanguage\":\"sk-SK\"},{\"@type\":\"WebPage\",\"@id\":\"https:\/\/edubeliso.eu\/sk\/office\/excel\/excel-level-2\/#webpage\",\"url\":\"https:\/\/edubeliso.eu\/sk\/office\/excel\/excel-level-2\/\",\"name\":\"EduBeliso - Kurz Excel level 2 - mierne pokro\\u010dil\\u00fd\",\"isPartOf\":{\"@id\":\"https:\/\/edubeliso.eu\/sk\/#website\"},\"datePublished\":\"2020-05-13T19:30:00+00:00\",\"dateModified\":\"2022-04-28T07:08:24+00:00\",\"description\":\"Pr\\u00e1cu s relat\\u00edvnymi a absol\\u00fatnymi odkazmi v bunk\\u00e1ch, funkciu IF, podmienen\\u00e9 form\\u00e1tovanie, z\\u00e1klady pr\\u00e1ce s kontingen\\u010dnou tabu\\u013ekou a \\u010fal\\u0161ie t\\u00e9my.\",\"inLanguage\":\"sk-SK\",\"potentialAction\":[{\"@type\":\"ReadAction\",\"target\":[\"https:\/\/edubeliso.eu\/sk\/office\/excel\/excel-level-2\/\"]}]}]}<\/script>\n<!-- \/ Yoast SEO plugin. -->","_links":{"self":[{"href":"https:\/\/edubeliso.eu\/sk\/wp-json\/wp\/v2\/pages\/570","targetHints":{"allow":["GET"]}}],"collection":[{"href":"https:\/\/edubeliso.eu\/sk\/wp-json\/wp\/v2\/pages"}],"about":[{"href":"https:\/\/edubeliso.eu\/sk\/wp-json\/wp\/v2\/types\/page"}],"author":[{"embeddable":true,"href":"https:\/\/edubeliso.eu\/sk\/wp-json\/wp\/v2\/users\/1"}],"replies":[{"embeddable":true,"href":"https:\/\/edubeliso.eu\/sk\/wp-json\/wp\/v2\/comments?post=570"}],"version-history":[{"count":38,"href":"https:\/\/edubeliso.eu\/sk\/wp-json\/wp\/v2\/pages\/570\/revisions"}],"predecessor-version":[{"id":2777,"href":"https:\/\/edubeliso.eu\/sk\/wp-json\/wp\/v2\/pages\/570\/revisions\/2777"}],"up":[{"embeddable":true,"href":"https:\/\/edubeliso.eu\/sk\/wp-json\/wp\/v2\/pages\/397"}],"wp:attachment":[{"href":"https:\/\/edubeliso.eu\/sk\/wp-json\/wp\/v2\/media?parent=570"}],"curies":[{"name":"wp","href":"https:\/\/api.w.org\/{rel}","templated":true}]}}