{"id":6,"date":"2020-05-06T21:39:46","date_gmt":"2020-05-06T19:39:46","guid":{"rendered":"https:\/\/edubeliso.eu\/home\/"},"modified":"2023-05-01T12:24:53","modified_gmt":"2023-05-01T10:24:53","slug":"home","status":"publish","type":"page","link":"https:\/\/edubeliso.eu\/sk\/","title":{"rendered":"Domov"},"content":{"rendered":"","protected":false},"excerpt":{"rendered":"","protected":false},"author":1,"featured_media":0,"parent":0,"menu_order":0,"comment_status":"closed","ping_status":"closed","template":"","meta":{"_glsr_average":0,"_glsr_ranking":0,"_glsr_reviews":0,"footnotes":""},"class_list":["post-6","page","type-page","status-publish","hentry"],"yoast_head":"<!-- This site is optimized with the Yoast SEO plugin v15.4 - https:\/\/yoast.com\/wordpress\/plugins\/seo\/ -->\n<title>EduBeliso - Vzde\u013e\u00e1vanie pre \u013eud\u00ed<\/title>\n<meta name=\"description\" content=\"EduBeliso je vzde\u013e\u00e1vacie stredisko zameriavaj\u00face sa na vzde\u013e\u00e1vanie v Microsoft Office a najm\u00e4 Excel a Power BI n\u00e1stroje.\" \/>\n<meta name=\"robots\" content=\"index, follow, max-snippet:-1, max-image-preview:large, max-video-preview:-1\" \/>\n<link rel=\"canonical\" href=\"https:\/\/edubeliso.eu\/sk\/\" \/>\n<meta property=\"og:locale\" content=\"sk_SK\" \/>\n<meta property=\"og:type\" content=\"article\" \/>\n<meta property=\"og:title\" content=\"EduBeliso - Vzde\u013e\u00e1vanie pre \u013eud\u00ed\" \/>\n<meta property=\"og:description\" content=\"EduBeliso je vzde\u013e\u00e1vacie stredisko zameriavaj\u00face sa na vzde\u013e\u00e1vanie v Microsoft Office a najm\u00e4 Excel a Power BI n\u00e1stroje.\" \/>\n<meta property=\"og:url\" content=\"https:\/\/edubeliso.eu\/sk\/\" \/>\n<meta property=\"og:site_name\" content=\"EduBeliso\" \/>\n<meta property=\"article:modified_time\" content=\"2023-05-01T10:24:53+00:00\" \/>\n<meta name=\"twitter:card\" content=\"summary_large_image\" \/>\n<meta name=\"twitter:label1\" content=\"Autor:\">\n\t<meta name=\"twitter:data1\" content=\"mirko\">\n<script type=\"application\/ld+json\" class=\"yoast-schema-graph\">{\"@context\":\"https:\/\/schema.org\",\"@graph\":[{\"@type\":\"WebSite\",\"@id\":\"https:\/\/edubeliso.eu\/sk\/#website\",\"url\":\"https:\/\/edubeliso.eu\/sk\/\",\"name\":\"EduBeliso\",\"description\":\"\",\"potentialAction\":[{\"@type\":\"SearchAction\",\"target\":\"https:\/\/edubeliso.eu\/sk\/?s={search_term_string}\",\"query-input\":\"required name=search_term_string\"}],\"inLanguage\":\"sk-SK\"},{\"@type\":\"WebPage\",\"@id\":\"https:\/\/edubeliso.eu\/sk\/#webpage\",\"url\":\"https:\/\/edubeliso.eu\/sk\/\",\"name\":\"EduBeliso - Vzde\\u013e\\u00e1vanie pre \\u013eud\\u00ed\",\"isPartOf\":{\"@id\":\"https:\/\/edubeliso.eu\/sk\/#website\"},\"datePublished\":\"2020-05-06T19:39:46+00:00\",\"dateModified\":\"2023-05-01T10:24:53+00:00\",\"description\":\"EduBeliso je vzde\\u013e\\u00e1vacie stredisko zameriavaj\\u00face sa na vzde\\u013e\\u00e1vanie v Microsoft Office a najm\\u00e4 Excel a Power BI n\\u00e1stroje.\",\"inLanguage\":\"sk-SK\",\"potentialAction\":[{\"@type\":\"ReadAction\",\"target\":[\"https:\/\/edubeliso.eu\/sk\/\"]}]}]}<\/script>\n<!-- \/ Yoast SEO plugin. -->","_links":{"self":[{"href":"https:\/\/edubeliso.eu\/sk\/wp-json\/wp\/v2\/pages\/6","targetHints":{"allow":["GET"]}}],"collection":[{"href":"https:\/\/edubeliso.eu\/sk\/wp-json\/wp\/v2\/pages"}],"about":[{"href":"https:\/\/edubeliso.eu\/sk\/wp-json\/wp\/v2\/types\/page"}],"author":[{"embeddable":true,"href":"https:\/\/edubeliso.eu\/sk\/wp-json\/wp\/v2\/users\/1"}],"replies":[{"embeddable":true,"href":"https:\/\/edubeliso.eu\/sk\/wp-json\/wp\/v2\/comments?post=6"}],"version-history":[{"count":2,"href":"https:\/\/edubeliso.eu\/sk\/wp-json\/wp\/v2\/pages\/6\/revisions"}],"predecessor-version":[{"id":1400,"href":"https:\/\/edubeliso.eu\/sk\/wp-json\/wp\/v2\/pages\/6\/revisions\/1400"}],"wp:attachment":[{"href":"https:\/\/edubeliso.eu\/sk\/wp-json\/wp\/v2\/media?parent=6"}],"curies":[{"name":"wp","href":"https:\/\/api.w.org\/{rel}","templated":true}]}}