{"id":619,"date":"2020-05-13T18:16:01","date_gmt":"2020-05-13T16:16:01","guid":{"rendered":"https:\/\/edubeliso.eu\/sk\/?page_id=619"},"modified":"2020-12-22T23:58:08","modified_gmt":"2020-12-22T22:58:08","slug":"word","status":"publish","type":"page","link":"https:\/\/edubeliso.eu\/sk\/office\/word\/","title":{"rendered":"Kurzy Word"},"content":{"rendered":"\n<div class=\"wp-block-buttons alignleft is-layout-flex wp-block-buttons-is-layout-flex\">\n<div class=\"wp-block-button tlacidlo-kat it-tlacidlo-kat it-tlacidlo-kurz-word-lvl1\"><a class=\"wp-block-button__link\" href=\"https:\/\/edubeliso.eu\/sk\/office\/word\/word-level-1\" rel=\"\">Word level 1<\/a><\/div>\n\n\n\n<div class=\"wp-block-button tlacidlo-kat it-tlacidlo-kat it-tlacidlo-kurz-word-lvl2\"><a class=\"wp-block-button__link\" href=\"https:\/\/edubeliso.eu\/sk\/office\/word\/word-level-2\">Word level 2<\/a><\/div>\n\n\n\n<div class=\"wp-block-button tlacidlo-kat it-tlacidlo-kat it-tlacidlo-kurz-word-lvl3\"><a class=\"wp-block-button__link\" href=\"https:\/\/edubeliso.eu\/sk\/office\/word\/word-level-3\">Word level 3<\/a><\/div>\n\n\n\n<div class=\"wp-block-button no-dis tlacidlo-kat it-tlacidlo-kat it-tlacidlo-kat-word\"><a class=\"wp-block-button__link\">Word tvorba dlh\u00fdch dokumentov<\/a><\/div>\n<\/div>\n\n\n\n<h2 class=\"wp-block-heading\">\u010co je Word?<\/h2>\n\n\n\n<p class=\"text-blok\">MS Word je grafick\u00fd editor textov\u00fdch dokumentov vytvoren\u00fd spolo\u010dnos\u0165ou Microsoft. Jeho \u00fa\u010delom je poskytn\u00fa\u0165 svojim u\u017e\u00edvate\u013eom mo\u017enos\u0165 vytv\u00e1ra\u0165 a&nbsp;uklada\u0165 textov\u00e9 dokumenty. V&nbsp;s\u00fa\u010dasnosti je jeden z&nbsp;najpou\u017e\u00edvanej\u0161\u00edch programov na edit\u00e1ciu textov. Svoju popularitu z\u00edskal najm\u00e4 pre jeho v\u00fdborn\u00e9 vybavenie n\u00e1strojmi na pr\u00e1cu s&nbsp;textom. Medzi tieto n\u00e1stroje patria napr\u00edklad aj \u0161t\u00fdly, \u0161abl\u00f3ny, formul\u00e1rov\u00e9 prvky a mnoh\u00e9 in\u00e9.<\/p>\n\n\n\n<h2 class=\"wp-block-heading\">Najbli\u017e\u0161ie term\u00edny<\/h2>\n\n\n\n\n\n<p>Ak ste nena\u0161li term\u00edn, ktor\u00fd v\u00e1m vyhovuje, nev\u00e1hajte n\u00e1s kontaktova\u0165. Viac inform\u00e1ci\u00ed\u00a0<a href=\"https:\/\/edubeliso.eu\/sk\/we-adjust-to-your-need\/\">n\u00e1jdete tu<\/a>.<\/p>\n\n\n\n<h2 class=\"wp-block-heading\">Recenzie<\/h2>\n\n\n<div class=\"glsr glsr-default\" id=\"glsr_9c773464\" data-from='block' data-shortcode='site_reviews' data-assigned_terms='30' data-display='20' data-hide='[&quot;title&quot;]'><div class=\"glsr-reviews-wrap\">\n    <div class=\"glsr-reviews\">\n        <div class=\"glsr-review\" data-type=\"local\" id=\"review-3036\" data-assigned='{\"assigned_posts\":[1036],\"assigned_terms\":[30]}'>\n    \n    <div class=\"glsr-review-rating\"><div class=\"glsr-star-rating glsr-stars\" data-rating=\"5\" data-reviews=\"0\">\n    <span class=\"screen-reader-text\">Rated <strong>5<\/strong> out of 5<\/span>\n    <span class=\"glsr-star glsr-star-full\" aria-hidden=\"true\"><\/span><span class=\"glsr-star glsr-star-full\" aria-hidden=\"true\"><\/span><span class=\"glsr-star glsr-star-full\" aria-hidden=\"true\"><\/span><span class=\"glsr-star glsr-star-full\" aria-hidden=\"true\"><\/span><span class=\"glsr-star glsr-star-full\" aria-hidden=\"true\"><\/span>\n<\/div><\/div> <div class=\"glsr-review-date\"><span class=\"glsr-tag-value\">11. apr\u00edla 2025<\/span><\/div>\n    <div class=\"glsr-review-assigned_links\"><span class=\"glsr-tag-value\">Review of <a href=\"https:\/\/edubeliso.eu\/sk\/office\/word\/word-level-2\/\">Word level 2 &#8211; mierne pokro\u010dil\u00fd<\/a><\/span><\/div>\n    <div class=\"glsr-review-content\"><div class=\"glsr-tag-value\" data-expanded='false'><p class=\"glsr-hidden-text\" data-show-less='Show less' data-show-more='Show more' data-trigger='expand'>\u0160kolenie bolo veden\u00e9 ve\u013emi odborne, no napriek tomu \u013eudsky. V\u00fdklad bol zrozumite\u013en\u00fd a mali sme dostatok priestoru si v\u0161etky nau\u010den\u00e9 veci aj priamo vysk\u00fa\u0161a\u0165. \u0160kolenie prebiehalo v malej skupinke \u013eud\u00ed, tak\u017ee bol dostato\u010dn\u00fd priestor na ot\u00e1zky bez zdr\u017eovania samotn\u00e9ho v\u00fdkladu. \u0160kolenie mi uk\u00e1zalo ako \u010dastokr\u00e1t komplikovane pou\u017e\u00edvame programy, ktor\u00e9 by n\u00e1m mali pr\u00e1cu naopak u\u013eah\u010dova\u0165<span class=\"glsr-hidden\">. Ur\u010dite odpor\u00fa\u010dam ka\u017ed\u00e9mu kto pri pr\u00e1ci pou\u017e\u00edva Word, alebo si chce roz\u0161\u00edri\u0165 vedomosti o \u0148om.<\/span><\/p><\/div><\/div>\n     <div class=\"glsr-review-author\"><span class=\"glsr-tag-value\">Dana<\/span><\/div> \n    \n<\/div>\n<div class=\"glsr-review\" data-type=\"local\" id=\"review-3037\" data-assigned='{\"assigned_posts\":[1036],\"assigned_terms\":[30]}'>\n    \n    <div class=\"glsr-review-rating\"><div class=\"glsr-star-rating glsr-stars\" data-rating=\"5\" data-reviews=\"0\">\n    <span class=\"screen-reader-text\">Rated <strong>5<\/strong> out of 5<\/span>\n    <span class=\"glsr-star glsr-star-full\" aria-hidden=\"true\"><\/span><span class=\"glsr-star glsr-star-full\" aria-hidden=\"true\"><\/span><span class=\"glsr-star glsr-star-full\" aria-hidden=\"true\"><\/span><span class=\"glsr-star glsr-star-full\" aria-hidden=\"true\"><\/span><span class=\"glsr-star glsr-star-full\" aria-hidden=\"true\"><\/span>\n<\/div><\/div> <div class=\"glsr-review-date\"><span class=\"glsr-tag-value\">11. apr\u00edla 2025<\/span><\/div>\n    <div class=\"glsr-review-assigned_links\"><span class=\"glsr-tag-value\">Review of <a href=\"https:\/\/edubeliso.eu\/sk\/office\/word\/word-level-2\/\">Word level 2 &#8211; mierne pokro\u010dil\u00fd<\/a><\/span><\/div>\n    <div class=\"glsr-review-content\"><div class=\"glsr-tag-value\" data-expanded='false'><p class=\"glsr-hidden-text\" data-show-less='Show less' data-show-more='Show more' data-trigger='expand'>Absolvovala som \u0161kolenie na MS Word, ktor\u00e9 dopadlo nad moje o\u010dak\u00e1vania. Pr\u00edstup lektora bol ve\u013emi \u013eudsk\u00fd, v\u00fdklad bol odborn\u00fd a z\u00e1rove\u0148 zrozumite\u013en\u00fd, dostali sme priestor si v\u0161etky veci aj priamo vysk\u00fa\u0161a\u0165. Ka\u017ed\u00e1 ot\u00e1zka, ktor\u00e1 na \u0161kolen\u00ed odznela bola zodpovedan\u00e1 a priamo aj uk\u00e1zan\u00e1. Dostali sme aj p\u00e1r tipov a r\u00e1d navy\u0161e. Po skon\u010den\u00ed \u0161kolenia n\u00e1m<span class=\"glsr-hidden\"> bola zaslan\u00e1 pr\u00edru\u010dka, ktor\u00e1 je ve\u013emi dobre a pochopite\u013ene spracovan\u00e1. Je vidno, \u017ee p\u00e1n \u0161kolite\u013e rob\u00ed svoju pr\u00e1cu r\u00e1d a bav\u00ed ho to. M\u00f4\u017eem len odpor\u00fa\u010da\u0165 :).<\/span><\/p><\/div><\/div>\n     <div class=\"glsr-review-author\"><span class=\"glsr-tag-value\">Edit<\/span><\/div> \n    \n<\/div>\n<div class=\"glsr-review\" data-type=\"local\" id=\"review-3034\" data-assigned='{\"assigned_posts\":[1036],\"assigned_terms\":[30]}'>\n    \n    <div class=\"glsr-review-rating\"><div class=\"glsr-star-rating glsr-stars\" data-rating=\"5\" data-reviews=\"0\">\n    <span class=\"screen-reader-text\">Rated <strong>5<\/strong> out of 5<\/span>\n    <span class=\"glsr-star glsr-star-full\" aria-hidden=\"true\"><\/span><span class=\"glsr-star glsr-star-full\" aria-hidden=\"true\"><\/span><span class=\"glsr-star glsr-star-full\" aria-hidden=\"true\"><\/span><span class=\"glsr-star glsr-star-full\" aria-hidden=\"true\"><\/span><span class=\"glsr-star glsr-star-full\" aria-hidden=\"true\"><\/span>\n<\/div><\/div> <div class=\"glsr-review-date\"><span class=\"glsr-tag-value\">30. novembra 2024<\/span><\/div>\n    <div class=\"glsr-review-assigned_links\"><span class=\"glsr-tag-value\">Review of <a href=\"https:\/\/edubeliso.eu\/sk\/office\/word\/word-level-2\/\">Word level 2 &#8211; mierne pokro\u010dil\u00fd<\/a><\/span><\/div>\n    <div class=\"glsr-review-content\"><div class=\"glsr-tag-value\" data-expanded='false'><p class=\"glsr-hidden-text\" data-show-less='Show less' data-show-more='Show more' data-trigger='expand'>Absolvovala som u p. Beli\u010dku \u0161kolenie Efekt\u00edvna pr\u00e1ca v MS Word vo firme SEPS. Mus\u00edm oceni\u0165 jeho ve\u013emi ochotn\u00fd a trpezliv\u00fd pr\u00edstup k n\u00e1m ku klientom. Mus\u00edm poveda\u0165, \u017ee patr\u00ed medzi \u0161kolite\u013eov, ktor\u00ed svoju pr\u00e1cu vykon\u00e1vaj\u00fa radi a zodpovedne, \u010do sa odzrkadlilo aj na \u0161kolen\u00ed. Z toho vypl\u00fdva aj to, \u017ee i pr\u00edru\u010dku, ktor\u00fa n\u00e1sledne<span class=\"glsr-hidden\"> po \u0161kolen\u00ed zaslal je vyhotoven\u00e1 na 1*.<\/span><\/p>\n<p class=\"glsr-hidden\">Ve\u013ea som sa toho dozvedela, \u010do ur\u010dite vyu\u017eijem vo svojej pr\u00e1ci.<\/p>\n<p class=\"glsr-hidden\">\u010eakujem ve\u013emi pekne a prajem n\u00e1m klientom, aby bolo tak\u00fdchto \u0161kolite\u013eov \u010do najviac s tak\u00fdmto pr\u00edstupom k pr\u00e1ci. \ud83d\ude0a<\/p><\/div><\/div>\n     <div class=\"glsr-review-author\"><span class=\"glsr-tag-value\">Dana<\/span><\/div> \n    \n<\/div>\n<div class=\"glsr-review\" data-type=\"local\" id=\"review-1877\" data-assigned='{\"assigned_posts\":[1036],\"assigned_terms\":[30]}'>\n    \n    <div class=\"glsr-review-rating\"><div class=\"glsr-star-rating glsr-stars\" data-rating=\"5\" data-reviews=\"0\">\n    <span class=\"screen-reader-text\">Rated <strong>5<\/strong> out of 5<\/span>\n    <span class=\"glsr-star glsr-star-full\" aria-hidden=\"true\"><\/span><span class=\"glsr-star glsr-star-full\" aria-hidden=\"true\"><\/span><span class=\"glsr-star glsr-star-full\" aria-hidden=\"true\"><\/span><span class=\"glsr-star glsr-star-full\" aria-hidden=\"true\"><\/span><span class=\"glsr-star glsr-star-full\" aria-hidden=\"true\"><\/span>\n<\/div><\/div> <div class=\"glsr-review-date\"><span class=\"glsr-tag-value\">20. j\u00fala 2020<\/span><\/div>\n    <div class=\"glsr-review-assigned_links\"><span class=\"glsr-tag-value\">Review of <a href=\"https:\/\/edubeliso.eu\/sk\/office\/word\/word-level-2\/\">Word level 2 &#8211; mierne pokro\u010dil\u00fd<\/a><\/span><\/div>\n    <div class=\"glsr-review-content\"><div class=\"glsr-tag-value\" data-expanded='false'><p>Naozaj pou\u010dn\u00e9 \u0161kolenie, ani som netu\u0161il ko\u013eko funkci\u00ed ma MS word.<\/p><\/div><\/div>\n     <div class=\"glsr-review-author\"><span class=\"glsr-tag-value\">Franti\u0161ek Podivinsk\u00fd<\/span><\/div> \n    \n<\/div>\n<div class=\"glsr-review\" data-type=\"local\" id=\"review-1876\" data-assigned='{\"assigned_posts\":[1036],\"assigned_terms\":[30]}'>\n    \n    <div class=\"glsr-review-rating\"><div class=\"glsr-star-rating glsr-stars\" data-rating=\"5\" data-reviews=\"0\">\n    <span class=\"screen-reader-text\">Rated <strong>5<\/strong> out of 5<\/span>\n    <span class=\"glsr-star glsr-star-full\" aria-hidden=\"true\"><\/span><span class=\"glsr-star glsr-star-full\" aria-hidden=\"true\"><\/span><span class=\"glsr-star glsr-star-full\" aria-hidden=\"true\"><\/span><span class=\"glsr-star glsr-star-full\" aria-hidden=\"true\"><\/span><span class=\"glsr-star glsr-star-full\" aria-hidden=\"true\"><\/span>\n<\/div><\/div> <div class=\"glsr-review-date\"><span class=\"glsr-tag-value\">20. j\u00fala 2020<\/span><\/div>\n    <div class=\"glsr-review-assigned_links\"><span class=\"glsr-tag-value\">Review of <a href=\"https:\/\/edubeliso.eu\/sk\/office\/word\/word-level-2\/\">Word level 2 &#8211; mierne pokro\u010dil\u00fd<\/a><\/span><\/div>\n    <div class=\"glsr-review-content\"><div class=\"glsr-tag-value\" data-expanded='false'><p>\u0160kolenie bolo praktick\u00e9 a interakt\u00edvne<\/p><\/div><\/div>\n     <div class=\"glsr-review-author\"><span class=\"glsr-tag-value\">Marcela Kulcsarova<\/span><\/div> \n    \n<\/div>\n<div class=\"glsr-review\" data-type=\"local\" id=\"review-1765\" data-assigned='{\"assigned_posts\":[1036],\"assigned_terms\":[30]}'>\n    \n    <div class=\"glsr-review-rating\"><div class=\"glsr-star-rating glsr-stars\" data-rating=\"5\" data-reviews=\"0\">\n    <span class=\"screen-reader-text\">Rated <strong>5<\/strong> out of 5<\/span>\n    <span class=\"glsr-star glsr-star-full\" aria-hidden=\"true\"><\/span><span class=\"glsr-star glsr-star-full\" aria-hidden=\"true\"><\/span><span class=\"glsr-star glsr-star-full\" aria-hidden=\"true\"><\/span><span class=\"glsr-star glsr-star-full\" aria-hidden=\"true\"><\/span><span class=\"glsr-star glsr-star-full\" aria-hidden=\"true\"><\/span>\n<\/div><\/div> <div class=\"glsr-review-date\"><span class=\"glsr-tag-value\">17. j\u00fala 2020<\/span><\/div>\n    <div class=\"glsr-review-assigned_links\"><span class=\"glsr-tag-value\">Review of <a href=\"https:\/\/edubeliso.eu\/sk\/office\/word\/word-level-2\/\">Word level 2 &#8211; mierne pokro\u010dil\u00fd<\/a><\/span><\/div>\n    <div class=\"glsr-review-content\"><div class=\"glsr-tag-value\" data-expanded='false'><p>Kurz bol veden\u00fd ve\u013emi odborne a zrozumite\u013ene. Aj napriek \u010dasu, \u017ee to bolo iba jeden de\u0148 som spokojn\u00e1.<\/p><\/div><\/div>\n     <div class=\"glsr-review-author\"><span class=\"glsr-tag-value\">Andrea P.<\/span><\/div> \n    \n<\/div>\n<div class=\"glsr-review\" data-type=\"local\" id=\"review-1764\" data-assigned='{\"assigned_posts\":[1036],\"assigned_terms\":[30]}'>\n    \n    <div class=\"glsr-review-rating\"><div class=\"glsr-star-rating glsr-stars\" data-rating=\"5\" data-reviews=\"0\">\n    <span class=\"screen-reader-text\">Rated <strong>5<\/strong> out of 5<\/span>\n    <span class=\"glsr-star glsr-star-full\" aria-hidden=\"true\"><\/span><span class=\"glsr-star glsr-star-full\" aria-hidden=\"true\"><\/span><span class=\"glsr-star glsr-star-full\" aria-hidden=\"true\"><\/span><span class=\"glsr-star glsr-star-full\" aria-hidden=\"true\"><\/span><span class=\"glsr-star glsr-star-full\" aria-hidden=\"true\"><\/span>\n<\/div><\/div> <div class=\"glsr-review-date\"><span class=\"glsr-tag-value\">17. j\u00fala 2020<\/span><\/div>\n    <div class=\"glsr-review-assigned_links\"><span class=\"glsr-tag-value\">Review of <a href=\"https:\/\/edubeliso.eu\/sk\/office\/word\/word-level-2\/\">Word level 2 &#8211; mierne pokro\u010dil\u00fd<\/a><\/span><\/div>\n    <div class=\"glsr-review-content\"><div class=\"glsr-tag-value\" data-expanded='false'><p>Pre m\u0148a osobne v\u00fdborn\u00e9 \u0161kolenie, po\u010das ktor\u00e9ho som sa nau\u010dil mnoho nov\u00fdch funkci\u00ed MS Word, ktor\u00e9 vyu\u017eijem nielen v pracovnom, ale aj v be\u017enom \u017eivote.<\/p><\/div><\/div>\n     <div class=\"glsr-review-author\"><span class=\"glsr-tag-value\">J\u00e1n Kalaba<\/span><\/div> \n    \n<\/div>\n    <\/div>\n    \n<\/div><\/div>","protected":false},"excerpt":{"rendered":"<p>\u010co je Word? MS Word je grafick\u00fd editor textov\u00fdch dokumentov vytvoren\u00fd spolo\u010dnos\u0165ou Microsoft. Jeho \u00fa\u010delom je poskytn\u00fa\u0165 svojim u\u017e\u00edvate\u013eom mo\u017enos\u0165 &hellip; <\/p>\n","protected":false},"author":1,"featured_media":0,"parent":581,"menu_order":0,"comment_status":"closed","ping_status":"closed","template":"","meta":{"_glsr_average":0,"_glsr_ranking":0,"_glsr_reviews":0,"footnotes":""},"class_list":["post-619","page","type-page","status-publish","hentry"],"yoast_head":"<!-- This site is optimized with the Yoast SEO plugin v15.4 - https:\/\/yoast.com\/wordpress\/plugins\/seo\/ -->\n<title>EduBeliso - Kurzy Word<\/title>\n<meta name=\"description\" content=\"Kurzy MS Word pre v\u0161etky \u00farovne na jednom mieste. Online s lektorom alebo osobne, v\u00fdber je na v\u00e1s.\" \/>\n<meta name=\"robots\" content=\"index, follow, max-snippet:-1, max-image-preview:large, max-video-preview:-1\" \/>\n<link rel=\"canonical\" href=\"https:\/\/edubeliso.eu\/sk\/office\/word\/\" \/>\n<meta property=\"og:locale\" content=\"sk_SK\" \/>\n<meta property=\"og:type\" content=\"article\" \/>\n<meta property=\"og:title\" content=\"Kurzy Word\" \/>\n<meta property=\"og:description\" content=\"Kurzy MS Word pre v\u0161etky \u00farovne na jednom mieste. Online s lektorom alebo osobne, v\u00fdber je na v\u00e1s.\" \/>\n<meta property=\"og:url\" content=\"https:\/\/edubeliso.eu\/sk\/office\/word\/\" \/>\n<meta property=\"og:site_name\" content=\"EduBeliso\" \/>\n<meta property=\"article:modified_time\" content=\"2020-12-22T22:58:08+00:00\" \/>\n<meta name=\"twitter:card\" content=\"summary_large_image\" \/>\n<meta name=\"twitter:label1\" content=\"Autor:\">\n\t<meta name=\"twitter:data1\" content=\"mirko\">\n\t<meta name=\"twitter:label2\" content=\"Est. reading time\">\n\t<meta name=\"twitter:data2\" content=\"1 min\u00fata\">\n<script type=\"application\/ld+json\" class=\"yoast-schema-graph\">{\"@context\":\"https:\/\/schema.org\",\"@graph\":[{\"@type\":\"WebSite\",\"@id\":\"https:\/\/edubeliso.eu\/sk\/#website\",\"url\":\"https:\/\/edubeliso.eu\/sk\/\",\"name\":\"EduBeliso\",\"description\":\"\",\"potentialAction\":[{\"@type\":\"SearchAction\",\"target\":\"https:\/\/edubeliso.eu\/sk\/?s={search_term_string}\",\"query-input\":\"required name=search_term_string\"}],\"inLanguage\":\"sk-SK\"},{\"@type\":\"WebPage\",\"@id\":\"https:\/\/edubeliso.eu\/sk\/office\/word\/#webpage\",\"url\":\"https:\/\/edubeliso.eu\/sk\/office\/word\/\",\"name\":\"EduBeliso - [:sk]Kurzy Word[:en]Word courses[:]\",\"isPartOf\":{\"@id\":\"https:\/\/edubeliso.eu\/sk\/#website\"},\"datePublished\":\"2020-05-13T16:16:01+00:00\",\"dateModified\":\"2020-12-22T22:58:08+00:00\",\"description\":\"Kurzy MS Word pre v\\u0161etky \\u00farovne na jednom mieste. Online s lektorom alebo osobne, v\\u00fdber je na v\\u00e1s.\",\"inLanguage\":\"sk-SK\",\"potentialAction\":[{\"@type\":\"ReadAction\",\"target\":[\"https:\/\/edubeliso.eu\/sk\/office\/word\/\"]}]}]}<\/script>\n<!-- \/ Yoast SEO plugin. -->","_links":{"self":[{"href":"https:\/\/edubeliso.eu\/sk\/wp-json\/wp\/v2\/pages\/619","targetHints":{"allow":["GET"]}}],"collection":[{"href":"https:\/\/edubeliso.eu\/sk\/wp-json\/wp\/v2\/pages"}],"about":[{"href":"https:\/\/edubeliso.eu\/sk\/wp-json\/wp\/v2\/types\/page"}],"author":[{"embeddable":true,"href":"https:\/\/edubeliso.eu\/sk\/wp-json\/wp\/v2\/users\/1"}],"replies":[{"embeddable":true,"href":"https:\/\/edubeliso.eu\/sk\/wp-json\/wp\/v2\/comments?post=619"}],"version-history":[{"count":38,"href":"https:\/\/edubeliso.eu\/sk\/wp-json\/wp\/v2\/pages\/619\/revisions"}],"predecessor-version":[{"id":2591,"href":"https:\/\/edubeliso.eu\/sk\/wp-json\/wp\/v2\/pages\/619\/revisions\/2591"}],"up":[{"embeddable":true,"href":"https:\/\/edubeliso.eu\/sk\/wp-json\/wp\/v2\/pages\/581"}],"wp:attachment":[{"href":"https:\/\/edubeliso.eu\/sk\/wp-json\/wp\/v2\/media?parent=619"}],"curies":[{"name":"wp","href":"https:\/\/api.w.org\/{rel}","templated":true}]}}