{"id":698,"date":"2020-05-14T16:25:57","date_gmt":"2020-05-14T14:25:57","guid":{"rendered":"https:\/\/edubeliso.eu\/sk\/?page_id=698"},"modified":"2023-02-20T12:44:42","modified_gmt":"2023-02-20T11:44:42","slug":"powerpoint","status":"publish","type":"page","link":"https:\/\/edubeliso.eu\/sk\/office\/powerpoint\/","title":{"rendered":"Kurzy PowerPoint"},"content":{"rendered":"\n<div class=\"wp-block-buttons is-layout-flex wp-block-buttons-is-layout-flex\">\n<div class=\"wp-block-button tlacidlo-kat it-tlacidlo-kat it-tlacidlo-kurz-powerpoint-lvl1 dlhsi-nazov\"><a class=\"wp-block-button__link\" href=\"https:\/\/edubeliso.eu\/sk\/office\/powerpoint\/powerpoint-level-1\/\">PowerPoint level 1<\/a><\/div>\n\n\n\n<div class=\"wp-block-button tlacidlo-kat it-tlacidlo-kat it-tlacidlo-kurz-powerpoint-lvl2 dlhsi-nazov\"><a class=\"wp-block-button__link\" href=\"https:\/\/edubeliso.eu\/sk\/office\/powerpoint\/powerpoint-level-2\/\">PowerPoint level 2<\/a><\/div>\n<\/div>\n\n\n\n<h2 class=\"wp-block-heading\">\u010co je PowerPoint?<\/h2>\n\n\n\n<p class=\"text-blok\">MS PowerPoint je program ur\u010den\u00fd na prezentovanie \u00fadajov. Je s\u00fa\u010das\u0165ou prakticky ka\u017edej kancel\u00e1rie. Za posledn\u00fdch p\u00e1r desiatok rokov sa stal ve\u013emi popul\u00e1rnym a&nbsp;v\u010faka svojej dostupnosti aj ve\u013emi vyu\u017e\u00edvan\u00fdm programom. PowerPoint pracuje na princ\u00edpe vytv\u00e1rania sn\u00edmok, ktor\u00e9 je mo\u017en\u00e9 dizajnovo a&nbsp;obsahovo prisp\u00f4sobova\u0165 a&nbsp;n\u00e1sledne prezentova\u0165 publiku.<\/p>\n\n\n\n<h2 class=\"wp-block-heading\">Najbli\u017e\u0161ie term\u00edny<\/h2>\n\n\n\n\n\n<p>Ak ste nena\u0161li term\u00edn, ktor\u00fd v\u00e1m vyhovuje, nev\u00e1hajte n\u00e1s kontaktova\u0165. Viac inform\u00e1ci\u00ed\u00a0<a href=\"https:\/\/edubeliso.eu\/sk\/we-adjust-to-your-need\/\">n\u00e1jdete tu<\/a>.<\/p>\n\n\n<div class=\"glsr glsr-default\" id=\"glsr_3c6719a0\" data-from='block' data-shortcode='site_reviews' data-assigned_terms='50' data-hide='[&quot;title&quot;]'><div class=\"glsr-reviews-wrap\">\n    <div class=\"glsr-reviews\">\n        <div class=\"glsr-review\" data-type=\"local\" id=\"review-2810\" data-assigned='{\"assigned_posts\":[1124],\"assigned_terms\":[50]}'>\n    \n    <div class=\"glsr-review-rating\"><div class=\"glsr-star-rating glsr-stars\" data-rating=\"4\" data-reviews=\"0\">\n    <span class=\"screen-reader-text\">Rated <strong>4<\/strong> out of 5<\/span>\n    <span class=\"glsr-star glsr-star-full\" aria-hidden=\"true\"><\/span><span class=\"glsr-star glsr-star-full\" aria-hidden=\"true\"><\/span><span class=\"glsr-star glsr-star-full\" aria-hidden=\"true\"><\/span><span class=\"glsr-star glsr-star-full\" aria-hidden=\"true\"><\/span><span class=\"glsr-star glsr-star-empty\" aria-hidden=\"true\"><\/span>\n<\/div><\/div> <div class=\"glsr-review-date\"><span class=\"glsr-tag-value\">12. marca 2023<\/span><\/div>\n    <div class=\"glsr-review-assigned_links\"><span class=\"glsr-tag-value\">Review of <a href=\"https:\/\/edubeliso.eu\/sk\/office\/powerpoint\/powerpoint-level-2\/\">PowerPoint level 2 &#8211; pokro\u010dil\u00fd<\/a><\/span><\/div>\n    <div class=\"glsr-review-content\"><div class=\"glsr-tag-value\" data-expanded='false'><p>skolenie prebehlo velmi dobre v prospech veci, na ktore sme sa zamerali v ramci tvorby power pointovych prezentacii<\/p><\/div><\/div>\n     <div class=\"glsr-review-author\"><span class=\"glsr-tag-value\">Viktor Bojsa<\/span><\/div> \n    \n<\/div>\n<div class=\"glsr-review\" data-type=\"local\" id=\"review-2802\" data-assigned='{\"assigned_posts\":[1124],\"assigned_terms\":[50]}'>\n    \n    <div class=\"glsr-review-rating\"><div class=\"glsr-star-rating glsr-stars\" data-rating=\"5\" data-reviews=\"0\">\n    <span class=\"screen-reader-text\">Rated <strong>5<\/strong> out of 5<\/span>\n    <span class=\"glsr-star glsr-star-full\" aria-hidden=\"true\"><\/span><span class=\"glsr-star glsr-star-full\" aria-hidden=\"true\"><\/span><span class=\"glsr-star glsr-star-full\" aria-hidden=\"true\"><\/span><span class=\"glsr-star glsr-star-full\" aria-hidden=\"true\"><\/span><span class=\"glsr-star glsr-star-full\" aria-hidden=\"true\"><\/span>\n<\/div><\/div> <div class=\"glsr-review-date\"><span class=\"glsr-tag-value\">20. febru\u00e1ra 2023<\/span><\/div>\n    <div class=\"glsr-review-assigned_links\"><span class=\"glsr-tag-value\">Review of <a href=\"https:\/\/edubeliso.eu\/sk\/office\/powerpoint\/powerpoint-level-2\/\">PowerPoint level 2 &#8211; pokro\u010dil\u00fd<\/a><\/span><\/div>\n    <div class=\"glsr-review-content\"><div class=\"glsr-tag-value\" data-expanded='false'><p>vyborny skoleitel, ktori vie zaujat a pomoct ako zefektivnit pracu s PPT<\/p><\/div><\/div>\n     <div class=\"glsr-review-author\"><span class=\"glsr-tag-value\">Ivana<\/span><\/div> \n    \n<\/div>\n<div class=\"glsr-review\" data-type=\"local\" id=\"review-2801\" data-assigned='{\"assigned_posts\":[1124],\"assigned_terms\":[50]}'>\n    \n    <div class=\"glsr-review-rating\"><div class=\"glsr-star-rating glsr-stars\" data-rating=\"5\" data-reviews=\"0\">\n    <span class=\"screen-reader-text\">Rated <strong>5<\/strong> out of 5<\/span>\n    <span class=\"glsr-star glsr-star-full\" aria-hidden=\"true\"><\/span><span class=\"glsr-star glsr-star-full\" aria-hidden=\"true\"><\/span><span class=\"glsr-star glsr-star-full\" aria-hidden=\"true\"><\/span><span class=\"glsr-star glsr-star-full\" aria-hidden=\"true\"><\/span><span class=\"glsr-star glsr-star-full\" aria-hidden=\"true\"><\/span>\n<\/div><\/div> <div class=\"glsr-review-date\"><span class=\"glsr-tag-value\">20. febru\u00e1ra 2023<\/span><\/div>\n    <div class=\"glsr-review-assigned_links\"><span class=\"glsr-tag-value\">Review of <a href=\"https:\/\/edubeliso.eu\/sk\/office\/powerpoint\/powerpoint-level-2\/\">PowerPoint level 2 &#8211; pokro\u010dil\u00fd<\/a><\/span><\/div>\n    <div class=\"glsr-review-content\"><div class=\"glsr-tag-value\" data-expanded='false'><p>\u0160kolenie od Pe\u0165a Beli\u010d\u00e1ka bolo ve\u013emi fajn. \u0160kolite\u013e pohodov\u00fd a \u00fastretov\u00fd. Rie\u0161il t\u00e9my, ktor\u00e9 sme potrebovali, \u0161kolenie \u0161it\u00e9 na mieru. Promptne reagoval aj na konkr\u00e9tne veci priamo na \u0161kolen\u00ed, pod\u013ea potrieb \u00fa\u010dastn\u00edkov. \u0160kolenie hodnot\u00edm ako ve\u013emi dobr\u00e9.<\/p><\/div><\/div>\n     <div class=\"glsr-review-author\"><span class=\"glsr-tag-value\">Gabi Hricov\u00e1<\/span><\/div> \n    \n<\/div>\n<div class=\"glsr-review\" data-type=\"local\" id=\"review-2800\" data-assigned='{\"assigned_posts\":[1124],\"assigned_terms\":[50]}'>\n    \n    <div class=\"glsr-review-rating\"><div class=\"glsr-star-rating glsr-stars\" data-rating=\"5\" data-reviews=\"0\">\n    <span class=\"screen-reader-text\">Rated <strong>5<\/strong> out of 5<\/span>\n    <span class=\"glsr-star glsr-star-full\" aria-hidden=\"true\"><\/span><span class=\"glsr-star glsr-star-full\" aria-hidden=\"true\"><\/span><span class=\"glsr-star glsr-star-full\" aria-hidden=\"true\"><\/span><span class=\"glsr-star glsr-star-full\" aria-hidden=\"true\"><\/span><span class=\"glsr-star glsr-star-full\" aria-hidden=\"true\"><\/span>\n<\/div><\/div> <div class=\"glsr-review-date\"><span class=\"glsr-tag-value\">20. febru\u00e1ra 2023<\/span><\/div>\n    <div class=\"glsr-review-assigned_links\"><span class=\"glsr-tag-value\">Review of <a href=\"https:\/\/edubeliso.eu\/sk\/office\/powerpoint\/powerpoint-level-2\/\">PowerPoint level 2 &#8211; pokro\u010dil\u00fd<\/a><\/span><\/div>\n    <div class=\"glsr-review-content\"><div class=\"glsr-tag-value\" data-expanded='false'><p>Skvele skolenie, s obrovsk\u00fdm pr\u00ednosom pre pracu s Powerpointom. Netu\u0161il som \u017ee powerpoint ma tolko funkcii,ktor\u00e9 doka\u017eu urobi\u0165 prezent\u00e1ciu atrakt\u00edvnou a profesionalnou. Osobitne odce\u0148ujem pr\u00edstup \u0161kolite\u013ea, ktor\u00fd prisp\u00f4sobil obsah \u0161kolenia potreb\u00e1m marketingov\u00e9ho teamu.<\/p><\/div><\/div>\n     <div class=\"glsr-review-author\"><span class=\"glsr-tag-value\">Milan Privara (Viatris Slovakia s.r.o.)<\/span><\/div> \n    \n<\/div>\n    <\/div>\n    \n<\/div><\/div>","protected":false},"excerpt":{"rendered":"<p>\u010co je PowerPoint? MS PowerPoint je program ur\u010den\u00fd na prezentovanie \u00fadajov. Je s\u00fa\u010das\u0165ou prakticky ka\u017edej kancel\u00e1rie. Za posledn\u00fdch p\u00e1r desiatok &hellip; <\/p>\n","protected":false},"author":2,"featured_media":0,"parent":581,"menu_order":0,"comment_status":"closed","ping_status":"closed","template":"","meta":{"_glsr_average":0,"_glsr_ranking":0,"_glsr_reviews":0,"footnotes":""},"class_list":["post-698","page","type-page","status-publish","hentry"],"yoast_head":"<!-- This site is optimized with the Yoast SEO plugin v15.4 - https:\/\/yoast.com\/wordpress\/plugins\/seo\/ -->\n<title>EduBeliso - Kurzy PowerPoint<\/title>\n<meta name=\"description\" content=\"Kurzy MS PowerPoint pre v\u0161etky \u00farovne na jednom mieste. Online s lektorom alebo osobne, v\u00fdber je na v\u00e1s.\" \/>\n<meta name=\"robots\" content=\"index, follow, max-snippet:-1, max-image-preview:large, max-video-preview:-1\" \/>\n<link rel=\"canonical\" href=\"https:\/\/edubeliso.eu\/sk\/office\/powerpoint\/\" \/>\n<meta property=\"og:locale\" content=\"sk_SK\" \/>\n<meta property=\"og:type\" content=\"article\" \/>\n<meta property=\"og:title\" content=\"EduBeliso - Kurzy PowerPoint\" \/>\n<meta property=\"og:description\" content=\"Kurzy MS PowerPoint pre v\u0161etky \u00farovne na jednom mieste. Online s lektorom alebo osobne, v\u00fdber je na v\u00e1s.\" \/>\n<meta property=\"og:url\" content=\"https:\/\/edubeliso.eu\/sk\/office\/powerpoint\/\" \/>\n<meta property=\"og:site_name\" content=\"EduBeliso\" \/>\n<meta property=\"article:modified_time\" content=\"2023-02-20T11:44:42+00:00\" \/>\n<meta name=\"twitter:card\" content=\"summary_large_image\" \/>\n<meta name=\"twitter:label1\" content=\"Autor:\">\n\t<meta name=\"twitter:data1\" content=\"Peter Beli\u010dka\">\n\t<meta name=\"twitter:label2\" content=\"Est. reading time\">\n\t<meta name=\"twitter:data2\" content=\"0 min\u00fat\">\n<script type=\"application\/ld+json\" class=\"yoast-schema-graph\">{\"@context\":\"https:\/\/schema.org\",\"@graph\":[{\"@type\":\"WebSite\",\"@id\":\"https:\/\/edubeliso.eu\/sk\/#website\",\"url\":\"https:\/\/edubeliso.eu\/sk\/\",\"name\":\"EduBeliso\",\"description\":\"\",\"potentialAction\":[{\"@type\":\"SearchAction\",\"target\":\"https:\/\/edubeliso.eu\/sk\/?s={search_term_string}\",\"query-input\":\"required name=search_term_string\"}],\"inLanguage\":\"sk-SK\"},{\"@type\":\"WebPage\",\"@id\":\"https:\/\/edubeliso.eu\/sk\/office\/powerpoint\/#webpage\",\"url\":\"https:\/\/edubeliso.eu\/sk\/office\/powerpoint\/\",\"name\":\"EduBeliso - Kurzy PowerPoint\",\"isPartOf\":{\"@id\":\"https:\/\/edubeliso.eu\/sk\/#website\"},\"datePublished\":\"2020-05-14T14:25:57+00:00\",\"dateModified\":\"2023-02-20T11:44:42+00:00\",\"description\":\"Kurzy MS PowerPoint pre v\\u0161etky \\u00farovne na jednom mieste. Online s lektorom alebo osobne, v\\u00fdber je na v\\u00e1s.\",\"inLanguage\":\"sk-SK\",\"potentialAction\":[{\"@type\":\"ReadAction\",\"target\":[\"https:\/\/edubeliso.eu\/sk\/office\/powerpoint\/\"]}]}]}<\/script>\n<!-- \/ Yoast SEO plugin. -->","_links":{"self":[{"href":"https:\/\/edubeliso.eu\/sk\/wp-json\/wp\/v2\/pages\/698","targetHints":{"allow":["GET"]}}],"collection":[{"href":"https:\/\/edubeliso.eu\/sk\/wp-json\/wp\/v2\/pages"}],"about":[{"href":"https:\/\/edubeliso.eu\/sk\/wp-json\/wp\/v2\/types\/page"}],"author":[{"embeddable":true,"href":"https:\/\/edubeliso.eu\/sk\/wp-json\/wp\/v2\/users\/2"}],"replies":[{"embeddable":true,"href":"https:\/\/edubeliso.eu\/sk\/wp-json\/wp\/v2\/comments?post=698"}],"version-history":[{"count":14,"href":"https:\/\/edubeliso.eu\/sk\/wp-json\/wp\/v2\/pages\/698\/revisions"}],"predecessor-version":[{"id":2809,"href":"https:\/\/edubeliso.eu\/sk\/wp-json\/wp\/v2\/pages\/698\/revisions\/2809"}],"up":[{"embeddable":true,"href":"https:\/\/edubeliso.eu\/sk\/wp-json\/wp\/v2\/pages\/581"}],"wp:attachment":[{"href":"https:\/\/edubeliso.eu\/sk\/wp-json\/wp\/v2\/media?parent=698"}],"curies":[{"name":"wp","href":"https:\/\/api.w.org\/{rel}","templated":true}]}}