{"id":813,"date":"2020-05-15T13:40:41","date_gmt":"2020-05-15T11:40:41","guid":{"rendered":"https:\/\/edubeliso.eu\/sk\/?page_id=813"},"modified":"2020-12-23T00:00:44","modified_gmt":"2020-12-22T23:00:44","slug":"outlook","status":"publish","type":"page","link":"https:\/\/edubeliso.eu\/sk\/office\/outlook\/","title":{"rendered":"Kurzy Outlook"},"content":{"rendered":"\n<div class=\"wp-block-buttons is-layout-flex wp-block-buttons-is-layout-flex\">\n<div class=\"wp-block-button tlacidlo-kat it-tlacidlo-kat it-tlacidlo-kurz-outlook-lvl1\"><a class=\"wp-block-button__link\" href=\"https:\/\/edubeliso.eu\/sk\/office\/outlook\/outlook-level-1\/\">Outlook level 1<\/a><\/div>\n\n\n\n<div class=\"wp-block-button tlacidlo-kat it-tlacidlo-kat it-tlacidlo-kurz-outlook-lvl2\"><a class=\"wp-block-button__link\" href=\"https:\/\/edubeliso.eu\/sk\/office\/outlook\/outlook-level-2\/\">Outlook level 2<\/a><\/div>\n<\/div>\n\n\n\n<h2 class=\"wp-block-heading\">\u010co je Outlook?<\/h2>\n\n\n\n<p class=\"text-blok\">MS Outlook je zn\u00e1my najm\u00e4 ako po\u0161tov\u00fd klient a&nbsp;spr\u00e1vca kontaktov. Posledn\u00e9 roky v\u0161ak prevzal na seba aj \u00falohu mana\u017eovania \u010dasu pomocou kalend\u00e1ru a&nbsp;\u00faloh. Je neoddelite\u013enou s\u00fa\u010das\u0165ou t\u00edmu, v\u010faka svoj\u00edm funkci\u00e1m zdie\u013eania kalend\u00e1rov, kontaktov, \u00faloh alebo napr\u00edklad aj pozn\u00e1mok. Aj pr\u00e1ve kv\u00f4li t\u00fdmto funkci\u00e1m sa stal ob\u013e\u00fabenou s\u00fa\u010das\u0165ou mnoh\u00fdch kancel\u00e1ri\u00ed.<\/p>\n\n\n\n<h2 class=\"wp-block-heading\">Najbli\u017e\u0161ie term\u00edny<\/h2>\n\n\n\n<p>Ak ste nena\u0161li term\u00edn, ktor\u00fd v\u00e1m vyhovuje, nev\u00e1hajte n\u00e1s kontaktova\u0165. Viac inform\u00e1ci\u00ed\u00a0<a href=\"https:\/\/edubeliso.eu\/sk\/we-adjust-to-your-need\/\">n\u00e1jdete tu<\/a>.<\/p>\n\n\n\n<h2 class=\"wp-block-heading\">Recenzie<\/h2>\n\n\n<div class=\"glsr glsr-default\" id=\"glsr_d61115f3\" data-from='block' data-shortcode='site_reviews' data-assigned_terms='43' data-display='50' data-hide='[&quot;title&quot;]'><div class=\"glsr-reviews-wrap\">\n    <div class=\"glsr-reviews\">\n        <div class=\"glsr-review\" data-type=\"local\" id=\"review-2491\" data-assigned='{\"assigned_posts\":[1272],\"assigned_terms\":[43]}'>\n    \n    <div class=\"glsr-review-rating\"><div class=\"glsr-star-rating glsr-stars\" data-rating=\"5\" data-reviews=\"0\">\n    <span class=\"screen-reader-text\">Rated <strong>5<\/strong> out of 5<\/span>\n    <span class=\"glsr-star glsr-star-full\" aria-hidden=\"true\"><\/span><span class=\"glsr-star glsr-star-full\" aria-hidden=\"true\"><\/span><span class=\"glsr-star glsr-star-full\" aria-hidden=\"true\"><\/span><span class=\"glsr-star glsr-star-full\" aria-hidden=\"true\"><\/span><span class=\"glsr-star glsr-star-full\" aria-hidden=\"true\"><\/span>\n<\/div><\/div> <div class=\"glsr-review-date\"><span class=\"glsr-tag-value\">14. augusta 2020<\/span><\/div>\n    <div class=\"glsr-review-assigned_links\"><span class=\"glsr-tag-value\">Review of <a href=\"https:\/\/edubeliso.eu\/sk\/office\/outlook\/outlook-level-2\/\">Outlook level 2 &#8211; pokro\u010dil\u00fd<\/a><\/span><\/div>\n    <div class=\"glsr-review-content\"><div class=\"glsr-tag-value\" data-expanded='false'><p>Ve\u013emi u\u017eito\u010dn\u00e9 a z\u00e1\u017eivn\u00e9<\/p><\/div><\/div>\n     <div class=\"glsr-review-author\"><span class=\"glsr-tag-value\">Advok\u00e1tska kancel\u00e1ria Ivan Syrov\u00fd, s.r.o. JUDr. Zuzana Husov\u00e1<\/span><\/div> \n    \n<\/div>\n<div class=\"glsr-review\" data-type=\"local\" id=\"review-2483\" data-assigned='{\"assigned_posts\":[1272],\"assigned_terms\":[43]}'>\n    \n    <div class=\"glsr-review-rating\"><div class=\"glsr-star-rating glsr-stars\" data-rating=\"5\" data-reviews=\"0\">\n    <span class=\"screen-reader-text\">Rated <strong>5<\/strong> out of 5<\/span>\n    <span class=\"glsr-star glsr-star-full\" aria-hidden=\"true\"><\/span><span class=\"glsr-star glsr-star-full\" aria-hidden=\"true\"><\/span><span class=\"glsr-star glsr-star-full\" aria-hidden=\"true\"><\/span><span class=\"glsr-star glsr-star-full\" aria-hidden=\"true\"><\/span><span class=\"glsr-star glsr-star-full\" aria-hidden=\"true\"><\/span>\n<\/div><\/div> <div class=\"glsr-review-date\"><span class=\"glsr-tag-value\">14. augusta 2020<\/span><\/div>\n    <div class=\"glsr-review-assigned_links\"><span class=\"glsr-tag-value\">Review of <a href=\"https:\/\/edubeliso.eu\/sk\/office\/outlook\/outlook-level-2\/\">Outlook level 2 &#8211; pokro\u010dil\u00fd<\/a><\/span><\/div>\n    <div class=\"glsr-review-content\"><div class=\"glsr-tag-value\" data-expanded='false'><p>V\u010faka kurzu Outlook level 2 som spoznala funkcie Outlooku, o ktor\u00fdch som ani netu\u0161ila, \u017ee existuj\u00fa. V\u010faka r\u00f4znym zdielan\u00fdm funkci\u00e1m a \u201emene\u017eovaniu \u00faloh\u201c, ktor\u00e9 n\u00e1m na \u0161kolen\u00ed lektor vysvetlil sa n\u00e1m podstatne zefekt\u00edvni a zr\u00fdchli pr\u00e1ca v na\u0161ej advok\u00e1tskej kancel\u00e1rii.<\/p><\/div><\/div>\n     <div class=\"glsr-review-author\"><span class=\"glsr-tag-value\">Mgr. Alexandra Mi\u0161inov\u00e1, LL.M., Advok\u00e1tska kancel\u00e1ria Ivan Syrov\u00fd, s.r.o.<\/span><\/div> \n    \n<\/div>\n    <\/div>\n    \n<\/div><\/div>","protected":false},"excerpt":{"rendered":"<p>\u010co je Outlook? MS Outlook je zn\u00e1my najm\u00e4 ako po\u0161tov\u00fd klient a&nbsp;spr\u00e1vca kontaktov. Posledn\u00e9 roky v\u0161ak prevzal na seba aj &hellip; <\/p>\n","protected":false},"author":2,"featured_media":0,"parent":581,"menu_order":0,"comment_status":"closed","ping_status":"closed","template":"","meta":{"_glsr_average":0,"_glsr_ranking":0,"_glsr_reviews":0,"footnotes":""},"class_list":["post-813","page","type-page","status-publish","hentry"],"yoast_head":"<!-- This site is optimized with the Yoast SEO plugin v15.4 - https:\/\/yoast.com\/wordpress\/plugins\/seo\/ -->\n<title>EduBeliso - Kurzy Outlook<\/title>\n<meta name=\"description\" content=\"Kurzy MS Outlook pre v\u0161etky \u00farovne na jednom mieste. Online s lektorom alebo osobne, v\u00fdber je na v\u00e1s.\" \/>\n<meta name=\"robots\" content=\"index, follow, max-snippet:-1, max-image-preview:large, max-video-preview:-1\" \/>\n<link rel=\"canonical\" href=\"https:\/\/edubeliso.eu\/sk\/office\/outlook\/\" \/>\n<meta property=\"og:locale\" content=\"sk_SK\" \/>\n<meta property=\"og:type\" content=\"article\" \/>\n<meta property=\"og:title\" content=\"EduBeliso - Kurzy Outlook\" \/>\n<meta property=\"og:description\" content=\"Kurzy MS Outlook pre v\u0161etky \u00farovne na jednom mieste. Online s lektorom alebo osobne, v\u00fdber je na v\u00e1s.\" \/>\n<meta property=\"og:url\" content=\"https:\/\/edubeliso.eu\/sk\/office\/outlook\/\" \/>\n<meta property=\"og:site_name\" content=\"EduBeliso\" \/>\n<meta property=\"article:modified_time\" content=\"2020-12-22T23:00:44+00:00\" \/>\n<meta name=\"twitter:card\" content=\"summary_large_image\" \/>\n<meta name=\"twitter:label1\" content=\"Autor:\">\n\t<meta name=\"twitter:data1\" content=\"Peter Beli\u010dka\">\n\t<meta name=\"twitter:label2\" content=\"Est. reading time\">\n\t<meta name=\"twitter:data2\" content=\"0 min\u00fat\">\n<script type=\"application\/ld+json\" class=\"yoast-schema-graph\">{\"@context\":\"https:\/\/schema.org\",\"@graph\":[{\"@type\":\"WebSite\",\"@id\":\"https:\/\/edubeliso.eu\/sk\/#website\",\"url\":\"https:\/\/edubeliso.eu\/sk\/\",\"name\":\"EduBeliso\",\"description\":\"\",\"potentialAction\":[{\"@type\":\"SearchAction\",\"target\":\"https:\/\/edubeliso.eu\/sk\/?s={search_term_string}\",\"query-input\":\"required name=search_term_string\"}],\"inLanguage\":\"sk-SK\"},{\"@type\":\"WebPage\",\"@id\":\"https:\/\/edubeliso.eu\/sk\/office\/outlook\/#webpage\",\"url\":\"https:\/\/edubeliso.eu\/sk\/office\/outlook\/\",\"name\":\"EduBeliso - Kurzy Outlook\",\"isPartOf\":{\"@id\":\"https:\/\/edubeliso.eu\/sk\/#website\"},\"datePublished\":\"2020-05-15T11:40:41+00:00\",\"dateModified\":\"2020-12-22T23:00:44+00:00\",\"description\":\"Kurzy MS Outlook pre v\\u0161etky \\u00farovne na jednom mieste. Online s lektorom alebo osobne, v\\u00fdber je na v\\u00e1s.\",\"inLanguage\":\"sk-SK\",\"potentialAction\":[{\"@type\":\"ReadAction\",\"target\":[\"https:\/\/edubeliso.eu\/sk\/office\/outlook\/\"]}]}]}<\/script>\n<!-- \/ Yoast SEO plugin. -->","_links":{"self":[{"href":"https:\/\/edubeliso.eu\/sk\/wp-json\/wp\/v2\/pages\/813","targetHints":{"allow":["GET"]}}],"collection":[{"href":"https:\/\/edubeliso.eu\/sk\/wp-json\/wp\/v2\/pages"}],"about":[{"href":"https:\/\/edubeliso.eu\/sk\/wp-json\/wp\/v2\/types\/page"}],"author":[{"embeddable":true,"href":"https:\/\/edubeliso.eu\/sk\/wp-json\/wp\/v2\/users\/2"}],"replies":[{"embeddable":true,"href":"https:\/\/edubeliso.eu\/sk\/wp-json\/wp\/v2\/comments?post=813"}],"version-history":[{"count":18,"href":"https:\/\/edubeliso.eu\/sk\/wp-json\/wp\/v2\/pages\/813\/revisions"}],"predecessor-version":[{"id":2593,"href":"https:\/\/edubeliso.eu\/sk\/wp-json\/wp\/v2\/pages\/813\/revisions\/2593"}],"up":[{"embeddable":true,"href":"https:\/\/edubeliso.eu\/sk\/wp-json\/wp\/v2\/pages\/581"}],"wp:attachment":[{"href":"https:\/\/edubeliso.eu\/sk\/wp-json\/wp\/v2\/media?parent=813"}],"curies":[{"name":"wp","href":"https:\/\/api.w.org\/{rel}","templated":true}]}}