{"id":900,"date":"2020-05-16T12:33:16","date_gmt":"2020-05-16T10:33:16","guid":{"rendered":"https:\/\/edubeliso.eu\/sk\/?page_id=900"},"modified":"2020-08-02T19:16:28","modified_gmt":"2020-08-02T17:16:28","slug":"word-level-1","status":"publish","type":"page","link":"https:\/\/edubeliso.eu\/sk\/office\/word\/word-level-1\/","title":{"rendered":"Word level 1 &#8211; za\u010diato\u010dn\u00edk"},"content":{"rendered":"\n<p>Tento kurz je venovan\u00fd z\u00e1ujemcom, ktor\u00ed chc\u00fa za\u010da\u0165 pou\u017e\u00edva\u0165 program MS Word a nemaj\u00fa s n\u00edm zatia\u013e sk\u00fasenosti. Priebeh \u0161kolenia m\u00e1 vo\u013enej\u0161ie tempo s mno\u017estvom priestoru na ot\u00e1zky. Za\u010diatok kurzu je venovan\u00fd spozn\u00e1vaniu prostredia programu MS Word a postupn\u00e9mu rie\u0161eniu praktick\u00fdch pr\u00edkladov v prostred\u00ed programu MS Word, ktor\u00e9 simuluj\u00fa re\u00e1lne potreby u\u017e\u00edvate\u013eov v dennodennej praxi ako s\u00fa napr\u00edklad zad\u00e1vanie a zarovn\u00e1vanie textov, vytv\u00e1ranie odsekov a&nbsp;mnoh\u00e9 in\u00e9.<\/p>\n\n\n\n<h2 class=\"wp-block-heading\">Term\u00edny<\/h2>\n\n\n\n\n\n<p>Ak ste nena\u0161li term\u00edn, ktor\u00fd v\u00e1m vyhovuje, nev\u00e1hajte n\u00e1s kontaktova\u0165. Viac inform\u00e1ci\u00ed <a href=\"https:\/\/edubeliso.eu\/sk\/we-adjust-to-your-need\/\">n\u00e1jdete tu<\/a>.<\/p>\n\n\n\n<h2 class=\"wp-block-heading\">Osnovy<\/h2>\n\n\n\n<h3 class=\"hlavny-bod-osnova\">MS Word a jeho postavenie v MS Office<\/h3>\n<ul><li>Alternat\u00edvne bal\u00edky a textov\u00e9 programy<\/li>\n<li>V\u00fdznam \u010fal\u0161\u00edch aplik\u00e1ci\u00ed MS Office<\/li>\n<li>Porovnanie verzi\u00ed a licenci\u00ed MS Office<\/li><\/ul>\n\n\n\n<h3 class=\"hlavny-bod-osnova\">Obozn\u00e1menie sa s prostred\u00edm MS Word<\/h3>\n<ul><li>Panel n\u00e1strojov (Ribbon) &#8211; predstavenie z\u00e1lo\u017eiek, rozdelenie pr\u00edkazov do skup\u00edn<\/li>\n<li>Pracovn\u00e1 oblas\u0165 a pr\u00e1ca s kl\u00e1vesov\u00fdm kurzorom<\/li>\n<li>Stavov\u00fd riadok<\/li>\n<li>Zobrazenie prav\u00edtka<\/li>\n<li>Strana, odsek, p\u00edsmo<\/li>\n<li>Ukladanie s\u00faboru a na\u010d\u00edtanie s\u00faboru<\/li><\/ul>\n\n\n\n<h3 class=\"hlavny-bod-osnova\">Text a jeho \u00faprava<\/h3>\n<ul><li>P\u00edsanie textu, kop\u00edrovanie textu a vkladanie textu<\/li>\n<li>Ozna\u010denie textu, vymazanie textu, presunutie textu<\/li>\n<li>Z\u00e1kladn\u00e9 kl\u00e1vesov\u00e9 skratky a vkladanie \u0161peci\u00e1lnych znakov (@ &#038; # a pod.)<\/li>\n<li>Form\u00e1tovanie textu: typy p\u00edsma, ve\u013ekos\u0165 p\u00edsma, tu\u010dn\u00e9 p\u00edsmo, kurz\u00edva, pod\u010diarknut\u00e9 p\u00edsmo, farba p\u00edsma<\/li>\n<li>Vymazanie form\u00e1tu p\u00edsma<\/li><\/ul>\n\n\n\n<h3 class=\"hlavny-bod-osnova\">Odseky a zarovnanie textu<\/h3>\n<ul><li>Odsek a porovnanie s riadkom<\/li>\n<li>Zarovnanie textu: Do\u013eava, centrova\u0165, doprava  do bloku (pod\u013ea okrajov)<\/li>\n<li>Riadkovanie, medzeri medzi odsekmi a zar\u00e1\u017eky textu<\/li>\n<li>Odr\u00e1\u017eky a \u010d\u00edslovanie<\/li>\n<\/ul>\n\n\n\n<h3 class=\"hlavny-bod-osnova\">Pr\u00e1ca s objektmi<\/h3>\n<ul><li>Vkladanie objektov: obr\u00e1zky, grafy a tabu\u013eky<\/li>\n<li>Form\u00e1tovanie objektov: ve\u013ekos\u0165, poz\u00edcia, obtekanie textu<\/li>\n<li>Z\u00e1kladn\u00e9 form\u00e1tovanie a \u00faprava tabu\u013eky<\/li>\n<li>Odstra\u0148ovanie objektov<\/li>\n<\/ul>\n\n\n\n<h3 class=\"hlavny-bod-osnova\">Tla\u010d a zobrazenie dokumentu<\/h3>\n<ul><li>Nastavenie okrajov dokumentu<\/li>\n<li>Mo\u017enosti zobrazenia dokumehtu (lupa, zobrazenie na \u010d\u00edtanie a pod.)<\/li>\n<li>N\u00e1h\u013ead pred tla\u010dou a samotn\u00e1 tla\u010d<\/li>\n<li>Mo\u017enosti tla\u010de: rozsah str\u00e1n tla\u010de, orient\u00e1cia papiera, zoradenie tla\u010de<\/li>\n<\/ul>\n\n\n<div class=\"su-spoiler su-spoiler-style-fancy su-spoiler-icon-chevron roz-pole-kurz no-dis su-spoiler-closed\" data-anchor=\"ukazka-tvorby\" data-scroll-offset=\"0\" data-anchor-in-url=\"no\"><div class=\"su-spoiler-title\" tabindex=\"0\" role=\"button\"><span class=\"su-spoiler-icon\"><\/span>Uk\u00e1\u017eka tvorby na \u0161kolen\u00ed<\/div><div class=\"su-spoiler-content su-u-clearfix su-u-trim\">\nBla, bla, bla<br \/>\n<\/div><\/div>\n\n\n\n<span id=\"course-info\"><\/span>\n\n\n<div class=\"su-tabs su-tabs-style-default su-tabs-mobile-stack tab-info text-blok\" data-active=\"1\" data-scroll-offset=\"0\" data-anchor-in-url=\"no\"><div class=\"su-tabs-nav\"><span class=\"\" data-anchor=\"informacie-o-skoleni\" data-url=\"\" data-target=\"self\" tabindex=\"0\" role=\"button\"><strong>Inform\u00e1cie o \u0161kolen\u00ed<\/strong><\/span><span class=\"\" data-anchor=\"vstupne-vedomosti\" data-url=\"#course-info\" data-target=\"self\" tabindex=\"0\" role=\"button\"><strong>Podporovan\u00e9 verzie programu<\/strong><\/span><span class=\"\" data-anchor=\"preberane-funkcie\" data-url=\"#course-info\" data-target=\"self\" tabindex=\"0\" role=\"button\"><strong>Odpor\u00fa\u010dan\u00e9 kurzy<\/strong><\/span><span class=\"\" data-anchor=\"vseobecne-informacie\" data-url=\"#course-info\" data-target=\"self\" tabindex=\"0\" role=\"button\"><strong>V\u0161eobecn\u00e9 inform\u00e1cie<\/strong><\/span><\/div><div class=\"su-tabs-panes\"><div class=\"su-tabs-pane su-u-clearfix su-u-trim\" data-title=\"&lt;strong&gt;Inform\u00e1cie o \u0161kolen\u00ed&lt;\/strong&gt;\">\n<strong>Cena:<\/strong> 80,00 \u20ac<br \/>\n<strong>D\u013a\u017eka trvania kurzu:<\/strong> 2 dni<br \/>\n<strong>Celkov\u00fd po\u010det hod\u00edn:<\/strong> 10 hod (5 hod. prv\u00fd de\u0148 a 5 hod. druh\u00fd de\u0148)<br \/>\n<strong>Odpor\u00fa\u010dan\u00e9 minim\u00e1lne vstupn\u00e9 vedomosti:<\/strong> Z\u00e1kladn\u00e9 ovl\u00e1danie po\u010d\u00edta\u010da, pr\u00e1ca s prie\u010dinkami a s\u00fabormi.<br \/>\n<\/div>\n<div class=\"su-tabs-pane su-u-clearfix su-u-trim\" data-title=\"&lt;strong&gt;Podporovan\u00e9 verzie programu&lt;\/strong&gt;\">\nWord level 1 bude prezentovan\u00fd na verzii Microsoft 365. Vhodn\u00e9 verzie s\u00fa aj Office 365, MS Office 2019, MS Office 2016, MS Office 2013. Vo verzi\u00e1ch MS Office 2007 a 2010 sa pri pr\u00e1ci m\u00f4\u017eu vyskytova\u0165 rozdiely v porovnan\u00ed s aktu\u00e1lnej\u0161\u00edmi verziami.<br \/>\n<a href=\"https:\/\/edubeliso.eu\/sk\/difference-betwen-microsoft-365-and-office-2019\/\" target=\"_blank\" rel=\"noopener noreferrer\">Rozdiel medzi Microsoft 365 a Office 2019<\/a><br \/>\n<\/div>\n<div class=\"su-tabs-pane su-u-clearfix su-u-trim\" data-title=\"&lt;strong&gt;Odpor\u00fa\u010dan\u00e9 kurzy&lt;\/strong&gt;\">\n<strong>Pred kurzom:<\/strong><br \/>\n\u017diadne<br \/>\n<strong>Po kurze:<\/strong><br \/>\nWord level 2 &#8211; mierne pokro\u010dil\u00fd<br \/>\n<\/div>\n<div class=\"su-tabs-pane su-u-clearfix su-u-trim\" data-title=\"&lt;strong&gt;V\u0161eobecn\u00e9 inform\u00e1cie&lt;\/strong&gt;\">\n<div data-post-id='2426' class='insert-page insert-page-2426 '>\n<p>Pred samotn\u00fdm kurzom odpor\u00fa\u010dame prezrie\u0165 nasleduj\u00face \u010dl\u00e1nky:<br><a href=\"https:\/\/edubeliso.eu\/sk\/how-does-an-online-course-look-like\/\" target=\"_blank\" aria-label=\"undefined (otv\u00e1ra sa na novej karte)\" rel=\"noreferrer noopener\">Ako vyzer\u00e1 online kurz?<\/a><br><a href=\"https:\/\/edubeliso.eu\/sk\/how-to-join-an-online-course\/\" target=\"_blank\" aria-label=\"undefined (otv\u00e1ra sa na novej karte)\" rel=\"noreferrer noopener\">Ako sa pripoji\u0165 na online kurz?<\/a><\/p>\n<\/div>\n<\/div><\/div><\/div>\n\n\n\n<div class=\"wp-block-buttons is-layout-flex wp-block-buttons-is-layout-flex\">\n<div class=\"wp-block-button pdf-down-butt no-dis\"><a class=\"wp-block-button__link\">Inform\u00e1cie o kurze na stiahnutie v PDF<\/a><\/div>\n<\/div>\n","protected":false},"excerpt":{"rendered":"<p>Tento kurz je venovan\u00fd z\u00e1ujemcom, ktor\u00ed chc\u00fa za\u010da\u0165 pou\u017e\u00edva\u0165 program MS Word a nemaj\u00fa s n\u00edm zatia\u013e sk\u00fasenosti. Priebeh \u0161kolenia &hellip; <\/p>\n","protected":false},"author":2,"featured_media":0,"parent":619,"menu_order":0,"comment_status":"closed","ping_status":"closed","template":"","meta":{"_glsr_average":0,"_glsr_ranking":0,"_glsr_reviews":0,"footnotes":""},"class_list":["post-900","page","type-page","status-publish","hentry"],"yoast_head":"<!-- This site is optimized with the Yoast SEO plugin v15.4 - https:\/\/yoast.com\/wordpress\/plugins\/seo\/ -->\n<title>EduBeliso - Kurz Word level 1 - za\u010diato\u010dn\u00edk<\/title>\n<meta name=\"description\" content=\"Kurzu je venovan\u00fd spozn\u00e1vaniu prostredia programu Word a postupn\u00e9mu rie\u0161eniu praktick\u00fdch pr\u00edkladov v prostred\u00ed programu Word.\" \/>\n<meta name=\"robots\" content=\"index, follow, max-snippet:-1, max-image-preview:large, max-video-preview:-1\" \/>\n<link rel=\"canonical\" href=\"https:\/\/edubeliso.eu\/sk\/office\/word\/word-level-1\/\" \/>\n<meta property=\"og:locale\" content=\"sk_SK\" \/>\n<meta property=\"og:type\" content=\"article\" \/>\n<meta property=\"og:title\" content=\"EduBeliso - Kurz Word level 1 - za\u010diato\u010dn\u00edk\" \/>\n<meta property=\"og:description\" content=\"Kurzu je venovan\u00fd spozn\u00e1vaniu prostredia programu Word a postupn\u00e9mu rie\u0161eniu praktick\u00fdch pr\u00edkladov v prostred\u00ed programu Word.\" \/>\n<meta property=\"og:url\" content=\"https:\/\/edubeliso.eu\/sk\/office\/word\/word-level-1\/\" \/>\n<meta property=\"og:site_name\" content=\"EduBeliso\" \/>\n<meta property=\"article:modified_time\" content=\"2020-08-02T17:16:28+00:00\" \/>\n<meta name=\"twitter:card\" content=\"summary_large_image\" \/>\n<meta name=\"twitter:label1\" content=\"Autor:\">\n\t<meta name=\"twitter:data1\" content=\"Peter Beli\u010dka\">\n\t<meta name=\"twitter:label2\" content=\"Est. reading time\">\n\t<meta name=\"twitter:data2\" content=\"2 min\u00faty\">\n<script type=\"application\/ld+json\" class=\"yoast-schema-graph\">{\"@context\":\"https:\/\/schema.org\",\"@graph\":[{\"@type\":\"WebSite\",\"@id\":\"https:\/\/edubeliso.eu\/sk\/#website\",\"url\":\"https:\/\/edubeliso.eu\/sk\/\",\"name\":\"EduBeliso\",\"description\":\"\",\"potentialAction\":[{\"@type\":\"SearchAction\",\"target\":\"https:\/\/edubeliso.eu\/sk\/?s={search_term_string}\",\"query-input\":\"required name=search_term_string\"}],\"inLanguage\":\"sk-SK\"},{\"@type\":\"WebPage\",\"@id\":\"https:\/\/edubeliso.eu\/sk\/office\/word\/word-level-1\/#webpage\",\"url\":\"https:\/\/edubeliso.eu\/sk\/office\/word\/word-level-1\/\",\"name\":\"EduBeliso - Kurz Word level 1 - za\\u010diato\\u010dn\\u00edk\",\"isPartOf\":{\"@id\":\"https:\/\/edubeliso.eu\/sk\/#website\"},\"datePublished\":\"2020-05-16T10:33:16+00:00\",\"dateModified\":\"2020-08-02T17:16:28+00:00\",\"description\":\"Kurzu je venovan\\u00fd spozn\\u00e1vaniu prostredia programu Word a postupn\\u00e9mu rie\\u0161eniu praktick\\u00fdch pr\\u00edkladov v prostred\\u00ed programu Word.\",\"inLanguage\":\"sk-SK\",\"potentialAction\":[{\"@type\":\"ReadAction\",\"target\":[\"https:\/\/edubeliso.eu\/sk\/office\/word\/word-level-1\/\"]}]}]}<\/script>\n<!-- \/ Yoast SEO plugin. -->","_links":{"self":[{"href":"https:\/\/edubeliso.eu\/sk\/wp-json\/wp\/v2\/pages\/900","targetHints":{"allow":["GET"]}}],"collection":[{"href":"https:\/\/edubeliso.eu\/sk\/wp-json\/wp\/v2\/pages"}],"about":[{"href":"https:\/\/edubeliso.eu\/sk\/wp-json\/wp\/v2\/types\/page"}],"author":[{"embeddable":true,"href":"https:\/\/edubeliso.eu\/sk\/wp-json\/wp\/v2\/users\/2"}],"replies":[{"embeddable":true,"href":"https:\/\/edubeliso.eu\/sk\/wp-json\/wp\/v2\/comments?post=900"}],"version-history":[{"count":33,"href":"https:\/\/edubeliso.eu\/sk\/wp-json\/wp\/v2\/pages\/900\/revisions"}],"predecessor-version":[{"id":2455,"href":"https:\/\/edubeliso.eu\/sk\/wp-json\/wp\/v2\/pages\/900\/revisions\/2455"}],"up":[{"embeddable":true,"href":"https:\/\/edubeliso.eu\/sk\/wp-json\/wp\/v2\/pages\/619"}],"wp:attachment":[{"href":"https:\/\/edubeliso.eu\/sk\/wp-json\/wp\/v2\/media?parent=900"}],"curies":[{"name":"wp","href":"https:\/\/api.w.org\/{rel}","templated":true}]}}