{"id":960,"date":"2020-05-18T16:59:26","date_gmt":"2020-05-18T14:59:26","guid":{"rendered":"https:\/\/edubeliso.eu\/sk\/?page_id=960"},"modified":"2020-08-02T19:09:40","modified_gmt":"2020-08-02T17:09:40","slug":"excel-charts","status":"publish","type":"page","link":"https:\/\/edubeliso.eu\/sk\/office\/excel\/excel-charts\/","title":{"rendered":"Excel grafy"},"content":{"rendered":"\n<p>Kurz Excel grafy je ur\u010den\u00fd pre z\u00e1ujemcov, ktor\u00ed vo svojej pr\u00e1ci vizualizuj\u00fa \u00fadaje vo forme r\u00f4znych grafov. \u0160kolenie je smerovan\u00e9 v&nbsp;dvoch rovin\u00e1ch, ako spr\u00e1vne technicky zvl\u00e1dnu\u0165 tvorbu grafov a ako grafy vytvori\u0165 vizu\u00e1lne pr\u00ed\u0165a\u017eliv\u00e9. V&nbsp;r\u00e1mci kurzu s\u00fa tie\u017e prezentovan\u00e9 rady, ak\u00fdm chyb\u00e1m sa pri tvorbe grafov vyh\u00fdba\u0165, ktor\u00e9 druhy grafov s\u00fa vhodn\u00e9 na r\u00f4zne druhy d\u00e1t, ako exportova\u0165 svoje grafy do r\u00f4znych programov a&nbsp;mnoh\u00e9 \u010fal\u0161ie.<\/p>\n\n\n\n<h2 class=\"wp-block-heading\">Term\u00edny<\/h2>\n\n\n\n\n\n<p>Ak ste nena\u0161li term\u00edn, ktor\u00fd v\u00e1m vyhovuje, nev\u00e1hajte n\u00e1s kontaktova\u0165. Viac inform\u00e1ci\u00ed <a href=\"https:\/\/edubeliso.eu\/sk\/we-adjust-to-your-need\/\">n\u00e1jdete tu<\/a>.<\/p>\n\n\n\n<h2 class=\"wp-block-heading\">Osnovy<\/h2>\n\n\n\n<h3 class=\"hlavny-bod-osnova\">Objekty v programe Excel<\/h3>\n<ul><li>Vkladanie a pr\u00e1ca s objektmi v programe Excel<\/li>\n<li>Zmeny nastaven\u00ed objektov<\/li>\n<li>Uk\u00e1\u017eky objektov v programe Excel (grafy, SmartArt, tvary a in\u00e9)<\/li><\/ul>\n\n\n\n<h3 class=\"hlavny-bod-osnova\">Teoretick\u00fd z\u00e1klad pri tvorbe grafu<\/h3>\n<ul><li>Z\u00e1sady pri tvorbe grafu<\/li>\n<li>\u010cast\u00e9 chyby pri tvorbe grafu<\/li>\n<li>Tvorba grafu s v\u00fdpovednou hodnotou<\/li><\/ul>\n\n\n\n<h3 class=\"hlavny-bod-osnova\">Tvorba grafov<\/h3>\n<ul><li>Vysvetlenie typov a podtypov grafov pod\u013ea vhodnosti pou\u017eitia<\/li>\n<li>Pr\u00edprava \u00fadajov na vytvorenie grafu, pr\u00e1ca so zdrojov\u00fdmi \u00fadajmi<\/li>\n<li>Vytv\u00e1ranie grafov (St\u013apcov\u00fd, \u010diarov\u00fd, kol\u00e1\u010dov\u00fd, pruhov\u00fd, plo\u0161n\u00fd, bodov\u00fd, mapa, burzov\u00fd, radarov\u00fd, l\u00fa\u010dov\u00fd, histogram, \u0161katu\u013eov\u00fd, vodop\u00e1dov\u00fd, lievikov\u00fd)<\/li>\n<li>Vytv\u00e1ranie kombinovan\u00fdch grafov (pou\u017eitie dvoch alebo viac typov grafov pre r\u00f4zne rady)<\/li>\n<li>Tvorba grafov z nes\u00favisl\u00fdch oblast\u00ed<\/li><\/ul>\n\n\n\n<h3 class=\"hlavny-bod-osnova\">Form\u00e1tovanie grafu (\u00faprava)<\/h3>\n<ul><li>V\u00fdber r\u00fdchleho rozlo\u017eenia grafu<\/li>\n<li>\u0160t\u00fdly grafov a tvorba vlastn\u00e9ho \u0161t\u00fdlu<\/li>\n<li>Prid\u00e1vanie a \u00faprava prvkov grafov (os, legenda, menovky \u00fadajov, trendov\u00e1 spojnica, mrie\u017eka a in\u00e9)<\/li>\n<li>Form\u00e1tovanie prvkov grafov (zmena farieb, ve\u013ekosti, pozadia a in\u00e9)<\/li>\n<li>V\u00fdber \u00fadajov v grafe (filtrovanie \u00fadajov)<\/li>\n<li>Premiest\u0148ovanie grafov<\/li>\n<li>Kontingen\u010dn\u00fd graf<\/li><\/ul>\n\n\n\n<h3 class=\"hlavny-bod-osnova\">\u0160abl\u00f3ny grafov a farebn\u00e9 mot\u00edvy<\/h3>\n<ul><li>Tvorba \u0161abl\u00f3ny<\/li>\n<li>Export a pou\u017eitie \u0161abl\u00f3ny<\/li>\n<li>Zmena mot\u00edvu grafu<\/li>\n<li>Tvorba vlastn\u00e9ho mot\u00edvu<\/li>\n<li>Vplyv mot\u00edvu na cel\u00fd dokument (zo\u0161it) MS Excel<\/li><\/ul>\n\n\n\n<h3 class=\"hlavny-bod-osnova\">Pou\u017eitie grafov<\/h3>\n<ul><li>Export do programu Word a PowerPoint<\/li>\n<li>Export ako obr\u00e1zok<\/li>\n<li>Prepojenie grafov<\/li>\n<li>Tla\u010d grafu<\/li><\/ul>\n\n\n<div class=\"su-spoiler su-spoiler-style-fancy su-spoiler-icon-chevron roz-pole-kurz no-dis su-spoiler-closed\" data-anchor=\"ukazka-tvorby\" data-scroll-offset=\"0\" data-anchor-in-url=\"no\"><div class=\"su-spoiler-title\" tabindex=\"0\" role=\"button\"><span class=\"su-spoiler-icon\"><\/span>Uk\u00e1\u017eka tvorby na \u0161kolen\u00ed<\/div><div class=\"su-spoiler-content su-u-clearfix su-u-trim\">\nNa obsahu pracujeme \ud83d\ude42<br \/>\n<\/div><\/div>\n\n\n\n<span id=\"course-info\"><\/span>\n\n\n<div class=\"su-tabs su-tabs-style-default su-tabs-mobile-stack tab-info text-blok\" data-active=\"1\" data-scroll-offset=\"0\" data-anchor-in-url=\"no\"><div class=\"su-tabs-nav\"><span class=\"\" data-anchor=\"informacie-o-skoleni\" data-url=\"\" data-target=\"self\" tabindex=\"0\" role=\"button\"><strong>Inform\u00e1cie o \u0161kolen\u00ed<\/strong><\/span><span class=\"\" data-anchor=\"vstupne-vedomosti\" data-url=\"#course-info\" data-target=\"self\" tabindex=\"0\" role=\"button\"><strong>Podporovan\u00e9 verzie programu<\/strong><\/span><span class=\"\" data-anchor=\"preberane-funkcie\" data-url=\"#course-info\" data-target=\"self\" tabindex=\"0\" role=\"button\"><strong>Zoznam v\u0161etk\u00fdch preberan\u00fdch funkci\u00ed<\/strong><\/span><span class=\"\" data-anchor=\"preberane-funkcie\" data-url=\"#course-info\" data-target=\"self\" tabindex=\"0\" role=\"button\"><strong>Odpor\u00fa\u010dan\u00e9 kurzy<\/strong><\/span><span class=\"\" data-anchor=\"vseobecne-informacie\" data-url=\"#course-info\" data-target=\"self\" tabindex=\"0\" role=\"button\"><strong>V\u0161eobecn\u00e9 inform\u00e1cie<\/strong><\/span><\/div><div class=\"su-tabs-panes\"><div class=\"su-tabs-pane su-u-clearfix su-u-trim\" data-title=\"&lt;strong&gt;Inform\u00e1cie o \u0161kolen\u00ed&lt;\/strong&gt;\">\n<strong>Cena:<\/strong> 60,00 \u20ac<br \/>\n<strong>D\u013a\u017eka trvania kurzu:<\/strong> 1 de\u0148<br \/>\n<strong>Celkov\u00fd po\u010det hod\u00edn:<\/strong> 5 hod\u00edn<br \/>\n<strong>Odpor\u00fa\u010dan\u00e9 minim\u00e1lne vstupn\u00e9 vedomosti:<\/strong> Z\u00e1kladn\u00e9 ovl\u00e1danie po\u010d\u00edta\u010da, pr\u00e1ca s prie\u010dinkami a s\u00fabormi. Odpor\u00fa\u010dan\u00e9 s\u00fa vedomosti na \u00farovni absolvovania kurzu Excel level 1 \u2013 za\u010diato\u010dn\u00edk.<br \/>\n<\/div>\n<div class=\"su-tabs-pane su-u-clearfix su-u-trim\" data-title=\"&lt;strong&gt;Podporovan\u00e9 verzie programu&lt;\/strong&gt;\">\nExcel grafy bude prezentovan\u00fd na verzii Microsoft 365. Vhodn\u00e9 verzie s\u00fa aj Office 365, MS Office 2019, MS Office 2016, MS Office 2013. Vo verziach MS Office 2007 a 2010 sa pri pr\u00e1ci s grafmi m\u00f4\u017eu vyskytova\u0165 zna\u010dn\u00e9 rozdiely v porovnan\u00ed s aktu\u00e1lnej\u0161\u00edmi verziami, ak m\u00e1te jednu z t\u00fdchto verzii a m\u00e1te z\u00e1ujem o tento kurz, pros\u00edm kontaktuje n\u00e1s telefonicky.<br \/>\n<a href=\"https:\/\/edubeliso.eu\/sk\/difference-betwen-microsoft-365-and-office-2019\/\" target=\"_blank\" rel=\"noopener noreferrer\">Rozdiel medzi Microsoft 365 a Office 2019<\/a><br \/>\n<\/div>\n<div class=\"su-tabs-pane su-u-clearfix su-u-trim\" data-title=\"&lt;strong&gt;Zoznam v\u0161etk\u00fdch preberan\u00fdch funkci\u00ed&lt;\/strong&gt;\">\nNa tomto kurze nie s\u00fa preberan\u00e9 funkcie.<br \/>\n<\/div>\n<div class=\"su-tabs-pane su-u-clearfix su-u-trim\" data-title=\"&lt;strong&gt;Odpor\u00fa\u010dan\u00e9 kurzy&lt;\/strong&gt;\">\n<strong>Pred kurzom:<\/strong><br \/>\nExcel level 1 &#8211; za\u010diato\u010dn\u00edk<br \/>\n<strong>Po kurze:<\/strong><br \/>\nExcel kontingen\u010dn\u00e9 tabu\u013eky, Excel vzorce a funkcie<br \/>\n<\/div>\n<div class=\"su-tabs-pane su-u-clearfix su-u-trim\" data-title=\"&lt;strong&gt;V\u0161eobecn\u00e9 inform\u00e1cie&lt;\/strong&gt;\">\n<div data-post-id='2426' class='insert-page insert-page-2426 '>\n<p>Pred samotn\u00fdm kurzom odpor\u00fa\u010dame prezrie\u0165 nasleduj\u00face \u010dl\u00e1nky:<br><a href=\"https:\/\/edubeliso.eu\/sk\/how-does-an-online-course-look-like\/\" target=\"_blank\" aria-label=\"undefined (otv\u00e1ra sa na novej karte)\" rel=\"noreferrer noopener\">Ako vyzer\u00e1 online kurz?<\/a><br><a href=\"https:\/\/edubeliso.eu\/sk\/how-to-join-an-online-course\/\" target=\"_blank\" aria-label=\"undefined (otv\u00e1ra sa na novej karte)\" rel=\"noreferrer noopener\">Ako sa pripoji\u0165 na online kurz?<\/a><\/p>\n<\/div>\n<\/div><\/div><\/div>\n\n\n\n<div class=\"wp-block-buttons is-layout-flex wp-block-buttons-is-layout-flex\">\n<div class=\"wp-block-button pdf-down-butt no-dis\"><a class=\"wp-block-button__link\">Inform\u00e1cie o kurze na stiahnutie v PDF<\/a><\/div>\n<\/div>\n\n\n\n<p><\/p>\n","protected":false},"excerpt":{"rendered":"<p>Kurz Excel grafy je ur\u010den\u00fd pre z\u00e1ujemcov, ktor\u00ed vo svojej pr\u00e1ci vizualizuj\u00fa \u00fadaje vo forme r\u00f4znych grafov. \u0160kolenie je smerovan\u00e9 &hellip; <\/p>\n","protected":false},"author":2,"featured_media":0,"parent":397,"menu_order":0,"comment_status":"closed","ping_status":"closed","template":"","meta":{"_glsr_average":0,"_glsr_ranking":0,"_glsr_reviews":0,"footnotes":""},"class_list":["post-960","page","type-page","status-publish","hentry"],"yoast_head":"<!-- This site is optimized with the Yoast SEO plugin v15.4 - https:\/\/yoast.com\/wordpress\/plugins\/seo\/ -->\n<title>EduBeliso - Kurz Excel grafy<\/title>\n<meta name=\"description\" content=\"\u0160kolenie je smerovan\u00e9 v dvoch rovin\u00e1ch, ako spr\u00e1vne technicky zvl\u00e1dnu\u0165 tvorbu grafov a ako grafy vytvori\u0165 vizu\u00e1lne pr\u00ed\u0165a\u017eliv\u00e9\" \/>\n<meta name=\"robots\" content=\"index, follow, max-snippet:-1, max-image-preview:large, max-video-preview:-1\" \/>\n<link rel=\"canonical\" href=\"https:\/\/edubeliso.eu\/sk\/office\/excel\/excel-charts\/\" \/>\n<meta property=\"og:locale\" content=\"sk_SK\" \/>\n<meta property=\"og:type\" content=\"article\" \/>\n<meta property=\"og:title\" content=\"EduBeliso - Kurz Excel grafy\" \/>\n<meta property=\"og:description\" content=\"\u0160kolenie je smerovan\u00e9 v dvoch rovin\u00e1ch, ako spr\u00e1vne technicky zvl\u00e1dnu\u0165 tvorbu grafov a ako grafy vytvori\u0165 vizu\u00e1lne pr\u00ed\u0165a\u017eliv\u00e9\" \/>\n<meta property=\"og:url\" content=\"https:\/\/edubeliso.eu\/sk\/office\/excel\/excel-charts\/\" \/>\n<meta property=\"og:site_name\" content=\"EduBeliso\" \/>\n<meta property=\"article:modified_time\" content=\"2020-08-02T17:09:40+00:00\" \/>\n<meta name=\"twitter:card\" content=\"summary_large_image\" \/>\n<meta name=\"twitter:label1\" content=\"Autor:\">\n\t<meta name=\"twitter:data1\" content=\"Peter Beli\u010dka\">\n\t<meta name=\"twitter:label2\" content=\"Est. reading time\">\n\t<meta name=\"twitter:data2\" content=\"3 min\u00faty\">\n<script type=\"application\/ld+json\" class=\"yoast-schema-graph\">{\"@context\":\"https:\/\/schema.org\",\"@graph\":[{\"@type\":\"WebSite\",\"@id\":\"https:\/\/edubeliso.eu\/sk\/#website\",\"url\":\"https:\/\/edubeliso.eu\/sk\/\",\"name\":\"EduBeliso\",\"description\":\"\",\"potentialAction\":[{\"@type\":\"SearchAction\",\"target\":\"https:\/\/edubeliso.eu\/sk\/?s={search_term_string}\",\"query-input\":\"required name=search_term_string\"}],\"inLanguage\":\"sk-SK\"},{\"@type\":\"WebPage\",\"@id\":\"https:\/\/edubeliso.eu\/sk\/office\/excel\/excel-charts\/#webpage\",\"url\":\"https:\/\/edubeliso.eu\/sk\/office\/excel\/excel-charts\/\",\"name\":\"EduBeliso - Kurz Excel grafy\",\"isPartOf\":{\"@id\":\"https:\/\/edubeliso.eu\/sk\/#website\"},\"datePublished\":\"2020-05-18T14:59:26+00:00\",\"dateModified\":\"2020-08-02T17:09:40+00:00\",\"description\":\"\\u0160kolenie je smerovan\\u00e9 v dvoch rovin\\u00e1ch, ako spr\\u00e1vne technicky zvl\\u00e1dnu\\u0165 tvorbu grafov a ako grafy vytvori\\u0165 vizu\\u00e1lne pr\\u00ed\\u0165a\\u017eliv\\u00e9\",\"inLanguage\":\"sk-SK\",\"potentialAction\":[{\"@type\":\"ReadAction\",\"target\":[\"https:\/\/edubeliso.eu\/sk\/office\/excel\/excel-charts\/\"]}]}]}<\/script>\n<!-- \/ Yoast SEO plugin. -->","_links":{"self":[{"href":"https:\/\/edubeliso.eu\/sk\/wp-json\/wp\/v2\/pages\/960","targetHints":{"allow":["GET"]}}],"collection":[{"href":"https:\/\/edubeliso.eu\/sk\/wp-json\/wp\/v2\/pages"}],"about":[{"href":"https:\/\/edubeliso.eu\/sk\/wp-json\/wp\/v2\/types\/page"}],"author":[{"embeddable":true,"href":"https:\/\/edubeliso.eu\/sk\/wp-json\/wp\/v2\/users\/2"}],"replies":[{"embeddable":true,"href":"https:\/\/edubeliso.eu\/sk\/wp-json\/wp\/v2\/comments?post=960"}],"version-history":[{"count":18,"href":"https:\/\/edubeliso.eu\/sk\/wp-json\/wp\/v2\/pages\/960\/revisions"}],"predecessor-version":[{"id":2430,"href":"https:\/\/edubeliso.eu\/sk\/wp-json\/wp\/v2\/pages\/960\/revisions\/2430"}],"up":[{"embeddable":true,"href":"https:\/\/edubeliso.eu\/sk\/wp-json\/wp\/v2\/pages\/397"}],"wp:attachment":[{"href":"https:\/\/edubeliso.eu\/sk\/wp-json\/wp\/v2\/media?parent=960"}],"curies":[{"name":"wp","href":"https:\/\/api.w.org\/{rel}","templated":true}]}}